{"id":1929,"date":"2017-11-18T20:19:21","date_gmt":"2017-11-18T20:19:21","guid":{"rendered":"http:\/\/biblian.is\/1981\/salmarnir-104-kafli\/"},"modified":"2021-06-06T11:06:07","modified_gmt":"2021-06-06T11:06:07","slug":"salmarnir-104-kafli","status":"publish","type":"page","link":"https:\/\/biblian.is\/1981\/salmarnir-104-kafli\/","title":{"rendered":"S\u00e1lmarnir 104. kafli"},"content":{"rendered":"<p><a name=\"1\"><span class=\"versanumer\">1<\/span><\/a>Lofa \u00fe\u00fa Drottin, s\u00e1la m\u00edn! Drottinn, Gu\u00f0 minn, \u00fe\u00fa ert harla mikill. \u00de\u00fa ert kl\u00e6ddur h\u00e1tign og vegsemd.<a name=\"2\"><span class=\"versanumer\">2<\/span><\/a>\u00de\u00fa hylur \u00feig lj\u00f3si eins og skikkju, \u00feenur himininn \u00fat eins og tjaldd\u00fak.<a name=\"3\"><span class=\"versanumer\">3<\/span><\/a>\u00de\u00fa hvelfir h\u00e1sal \u00feinn \u00ed v\u00f6tnunum, gj\u00f6rir sk\u00fd a\u00f0 vagni \u00fe\u00ednum, og fer\u00f0 um \u00e1 v\u00e6ngjum vindarins.<a name=\"4\"><span class=\"versanumer\">4<\/span><\/a>\u00de\u00fa gj\u00f6rir vindana a\u00f0 sendibo\u00f0um \u00fe\u00ednum, b\u00e1landi eld a\u00f0 \u00fej\u00f3num \u00fe\u00ednum.<a name=\"5\"><span class=\"versanumer\">5<\/span><\/a>\u00de\u00fa grundvallar j\u00f6r\u00f0ina \u00e1 undirst\u00f6\u00f0um hennar, svo a\u00f0 h\u00fan haggast eigi um aldur og \u00e6vi.<a name=\"6\"><span class=\"versanumer\">6<\/span><\/a>Haffl\u00f3\u00f0i\u00f0 huldi hana sem kl\u00e6\u00f0i, v\u00f6tnin n\u00e1\u00f0u upp yfir fj\u00f6llin,<a name=\"7\"><span class=\"versanumer\">7<\/span><\/a>en fyrir \u00feinni \u00f3gnun fl\u00fd\u00f0u \u00feau, fyrir \u00ferumur\u00f6dd \u00feinni h\u00f6rfu\u00f0u \u00feau undan me\u00f0 skelfingu.<a name=\"8\"><span class=\"versanumer\">8<\/span><\/a>\u00deau gengu yfir fj\u00f6llin, steyptust ni\u00f0ur \u00ed dalina, \u00feanga\u00f0 sem \u00fe\u00fa haf\u00f0ir b\u00fai\u00f0 \u00feeim sta\u00f0.<a name=\"9\"><span class=\"versanumer\">9<\/span><\/a>\u00de\u00fa settir takm\u00f6rk, sem \u00feau mega ekki fara yfir, \u00feau skulu ekki hylja j\u00f6r\u00f0ina framar.<a name=\"10\"><span class=\"versanumer\">10<\/span><\/a>\u00de\u00fa sendir lindir \u00ed dalina, \u00fe\u00e6r renna milli fjallanna,<a name=\"11\"><span class=\"versanumer\">11<\/span><\/a>\u00fe\u00e6r svala \u00f6llum d\u00fdrum merkurinnar, villiasnarnir sl\u00f6kkva \u00feorsta sinn.<a name=\"12\"><span class=\"versanumer\">12<\/span><\/a>Yfir \u00feeim byggja fuglar himins, l\u00e1ta kvak sitt heyrast milli greinanna.<a name=\"13\"><span class=\"versanumer\">13<\/span><\/a>\u00de\u00fa v\u00f6kvar fj\u00f6llin fr\u00e1 h\u00e1sal \u00fe\u00ednum, j\u00f6r\u00f0in mettast af \u00e1vexti verka \u00feinna.<a name=\"14\"><span class=\"versanumer\">14<\/span><\/a>\u00de\u00fa l\u00e6tur gras spretta handa f\u00e9na\u00f0inum og jurtir, sem ma\u00f0urinn r\u00e6ktar, til \u00feess a\u00f0 framlei\u00f0a brau\u00f0 af j\u00f6r\u00f0inni<a name=\"15\"><span class=\"versanumer\">15<\/span><\/a>og v\u00edn, sem gle\u00f0ur hjarta mannsins, ol\u00edu, sem gj\u00f6rir andliti\u00f0 glj\u00e1andi, og brau\u00f0, sem hressir hjarta mannsins.<a name=\"16\"><span class=\"versanumer\">16<\/span><\/a>Tr\u00e9 Drottins mettast, sedrustr\u00e9n \u00e1 L\u00edbanon, er hann hefir gr\u00f3\u00f0ursett<a name=\"17\"><span class=\"versanumer\">17<\/span><\/a>\u00fear sem fuglarnir byggja hrei\u00f0ur, storkarnir, er hafa k\u00fdprestr\u00e9n a\u00f0 h\u00fasi.<a name=\"18\"><span class=\"versanumer\">18<\/span><\/a>Hin h\u00e1u fj\u00f6ll eru handa steingeitunum, klettarnir eru h\u00e6li fyrir st\u00f6kkh\u00e9rana.<a name=\"19\"><span class=\"versanumer\">19<\/span><\/a>\u00de\u00fa gj\u00f6r\u00f0ir tungli\u00f0 til \u00feess a\u00f0 \u00e1kvar\u00f0a t\u00ed\u00f0irnar, s\u00f3lin veit, hvar h\u00fan \u00e1 a\u00f0 ganga til vi\u00f0ar.<a name=\"20\"><span class=\"versanumer\">20<\/span><\/a>\u00deegar \u00fe\u00fa gj\u00f6rir myrkur, ver\u00f0ur n\u00f3tt, og \u00fe\u00e1 fara \u00f6ll sk\u00f3gard\u00fdrin \u00e1 kreik.<a name=\"21\"><span class=\"versanumer\">21<\/span><\/a>Lj\u00f3nin \u00f6skra eftir br\u00e1\u00f0 og heimta \u00e6ti sitt af Gu\u00f0i.<a name=\"22\"><span class=\"versanumer\">22<\/span><\/a>\u00deegar s\u00f3l rennur upp, draga \u00feau sig \u00ed hl\u00e9 og leggjast fyrir \u00ed fylgsnum s\u00ednum,<a name=\"23\"><span class=\"versanumer\">23<\/span><\/a>en \u00fe\u00e1 fer ma\u00f0urinn \u00fat til starfa sinna, til vinnu sinnar fram \u00e1 kveld.<a name=\"24\"><span class=\"versanumer\">24<\/span><\/a>Hversu m\u00f6rg eru verk \u00fe\u00edn, Drottinn, \u00fe\u00fa gj\u00f6r\u00f0ir \u00feau \u00f6ll me\u00f0 speki, j\u00f6r\u00f0in er full af \u00fev\u00ed, er \u00fe\u00fa hefir skapa\u00f0.<a name=\"25\"><span class=\"versanumer\">25<\/span><\/a>\u00dear er hafi\u00f0, miki\u00f0 og v\u00edtt \u00e1 alla vegu, \u00fear er \u00f3teljandi gr\u00fai, sm\u00e1 d\u00fdr og st\u00f3r.<a name=\"26\"><span class=\"versanumer\">26<\/span><\/a>\u00dear fara skipin um og Levjatan, er \u00fe\u00fa hefir skapa\u00f0 til \u00feess a\u00f0 leika s\u00e9r \u00fear.<a name=\"27\"><span class=\"versanumer\">27<\/span><\/a>\u00d6ll vona \u00feau \u00e1 \u00feig, a\u00f0 \u00fe\u00fa gefir \u00feeim f\u00e6\u00f0u \u00feeirra \u00e1 r\u00e9ttum t\u00edma.<a name=\"28\"><span class=\"versanumer\">28<\/span><\/a>\u00de\u00fa gefur \u00feeim, og \u00feau t\u00edna, \u00fe\u00fa l\u00fdkur upp hendi \u00feinni, og \u00feau mettast g\u00e6\u00f0um.<a name=\"29\"><span class=\"versanumer\">29<\/span><\/a>\u00de\u00fa byrgir auglit \u00feitt, \u00fe\u00e1 skelfast \u00feau, \u00fe\u00fa tekur aftur anda \u00feeirra, \u00fe\u00e1 andast \u00feau og hverfa aftur til moldarinnar.<a name=\"30\"><span class=\"versanumer\">30<\/span><\/a>\u00de\u00fa sendir \u00fat anda \u00feinn, \u00fe\u00e1 ver\u00f0a \u00feau til, og \u00fe\u00fa endurn\u00fdjar \u00e1sj\u00f3nu jar\u00f0ar.<a name=\"31\"><span class=\"versanumer\">31<\/span><\/a>D\u00fdr\u00f0 Drottins vari a\u00f0 eil\u00edfu, Drottinn gle\u00f0jist yfir verkum s\u00ednum,<a name=\"32\"><span class=\"versanumer\">32<\/span><\/a>hann sem l\u00edtur til jar\u00f0ar, svo a\u00f0 h\u00fan n\u00f6trar, sem snertir vi\u00f0 fj\u00f6llunum, svo a\u00f0 \u00far \u00feeim r\u00fdkur.<a name=\"33\"><span class=\"versanumer\">33<\/span><\/a>\u00c9g vil lj\u00f3\u00f0a um Drottin me\u00f0an lifi, lofsyngja Gu\u00f0i m\u00ednum me\u00f0an \u00e9g er til.<a name=\"34\"><span class=\"versanumer\">34<\/span><\/a>\u00d3 a\u00f0 m\u00e1l mitt m\u00e6tti falla honum \u00ed ge\u00f0! \u00c9g gle\u00f0st yfir Drottni.<a name=\"35\"><span class=\"versanumer\">35<\/span><\/a>\u00d3 a\u00f0 syndarar m\u00e6ttu hverfa af j\u00f6r\u00f0unni og \u00f3gu\u00f0legir eigi vera til framar. Vegsama \u00fe\u00fa Drottin, s\u00e1la m\u00edn. Halel\u00faja.<\/p>\n<div class=\"footnote1981\"><b>104.1<\/b> Lofa \u00fe\u00fa Drottinn Slm 103.1+ &#8211; harla mikill Slm 95.3; 2Sam 7.22 \u2013 skr\u00fdddur h\u00e1tign Slm 93.1; 111.3; Job 40.10<br \/>\n<b>104.2<\/b> \u00deenur himininn Jes 40.22; 42.5; 44.24; 45.12; Jer 10.12; Sak 12.1; Job 9.8<br \/>\n<b>104.3<\/b> Sk\u00fdin, vagn Drottins Jes 19.1 \u2013 \u00e1 v\u00e6ngjum vindsins Slm 18.11<br \/>\n<b>104.4<\/b> Vindar og eldur Heb 1.7; sbr Slm 148.8; 1Kon 19.11,12<br \/>\n<b>104.5<\/b> Hann grundvallar j\u00f6r\u00f0ina Slm 24.2; 93.1; 119.90; Job 38.4; Okv 8.29<br \/>\n<b>104.7<\/b> \u00d3gnun Drottins Slm 18.14,16; 106.9; Jes 50.2; Nah 1.4<br \/>\n<b>104.9<\/b> Hafinu sett takm\u00f6rk Jer 5.22; Job 38.8-11; Okv 8.29 \u2013 ekki framar fl\u00f3\u00f0 sbr 1M\u00f3s 9.11<br \/>\n<b>104.10<\/b> Lindir Slm 74.15; 5M\u00f3s 8.7<br \/>\n<b>104.13<\/b> Drottinn v\u00f6kvar j\u00f6r\u00f0ina Slm 65.10; Jes 55.10; Jer 14.22; Post 14.17<br \/>\n<b>104.14<\/b> Handa f\u00e9na\u00f0inum Slm 147.9; 1M\u00f3s 1.30 \u2013 Brau\u00f0 mannsins 1M\u00f3s 1.29; Job 28.5<br \/>\n<b>104.15<\/b> V\u00edn, sem gle\u00f0ur Slm 4.8; D\u00f3m 9.13 \u2013 Brau\u00f0, sem veitir \u00fer\u00f3tt 1M\u00f3s 18.5; Matt 6.11<br \/>\n<b>104.17<\/b> Storkar Jer 8.7<br \/>\n<b>104.18<\/b> Steingeitur Job 39.1 \u2013 st\u00f6kkh\u00e9rar Okv 30.26<br \/>\n<b>104.19<\/b> Tungl og s\u00f3l 1M\u00f3s 1.14-18; S\u00edr 43.2-8; sbr 19.5-6<br \/>\n<b>104.21-22<\/b> Lj\u00f3nin Job 38.39-40 \u2013 \u00e6ti fr\u00e1 Gu\u00f0i Slm 145.15; Job 38.41<br \/>\n<b>104.23<\/b> Ma\u00f0urinn a\u00f0 starfi 1M\u00f3s 2.15; 2M\u00f3s 20.9; J\u00f3h 9.4<br \/>\n<b>104.24<\/b> M\u00f6rg verk Drottins Slm 40.6; Job 5.9 \u2013 speki Gu\u00f0s 1M\u00f3s 1.31; Jer 10.12; Job 28.23-28; Okv 3.19-20<br \/>\n<b>104.25<\/b> Hafi\u00f0 og \u00feess fj\u00f6ldi Slm 69.35; 1M\u00f3s 1.20; S\u00edr 43.25<br \/>\n<b>104.26<\/b> Skip og sj\u00f3menn Slm 107.23-30<br \/>\n<b>104.27<\/b> \u00d6ll vona \u00e1 \u00feig Slm 145.15<br \/>\n<b>104.28<\/b> L\u00fdkur upp Slm 145.16 \u2013 mettast g\u00e6\u00f0um Job 36.31; Matt 6.26<br \/>\n<b>104.29<\/b> Byrgir auglit \u00feitt Slm 30.8 \u2013 aftur til moldarinnar Slm 90.3; 146.4; 1M\u00f3s 3.19; Job 34.15; SSal 2.3<br \/>\n<b>104.30<\/b> Andi Gu\u00f0s l\u00edfgar Slm 33.6; 1M\u00f3s 2.7; Esk 37.10; Job 33.4; Post 17.25; sbr Jl 3.1-2<br \/>\n<b>104.31<\/b> Eil\u00edf d\u00fdr\u00f0 Drottins R\u00f3m 11.36 \u2013 Drottinn gle\u00f0st 1M\u00f3s 1.31<br \/>\n<b>104.32<\/b> J\u00f6r\u00f0in n\u00f6trar Slm 18.8; Am 9.5; S\u00edr 16.19 \u2013 r\u00fdkur \u00far fj\u00f6llunum Slm 144.5; 2M\u00f3s 19.18<br \/>\n<b>104.33<\/b> Me\u00f0an \u00e9g lifi Slm 63.5; 146.2 \u2013 lofsyngja Gu\u00f0i Slm 147.7+<br \/>\n<b>104.34<\/b> Falla Drottni \u00ed ge\u00f0 Slm 19.15 \u2013 \u00e9g gle\u00f0st yfir Drottni Slm 32.11; Jl 2.23<br \/>\n<b>104.35<\/b> Syndarar hverfa Slm 37.38; Jes 13.9; Opb 21.27 \u2013 hallel\u00faja Slm 105-106; 113; 115.-117; 135; 146-150; Opb 19.1-6<\/div>\n","protected":false},"excerpt":{"rendered":"<p>1Lofa \u00fe\u00fa Drottin, s\u00e1la m\u00edn! Drottinn, Gu\u00f0 minn, \u00fe\u00fa ert harla mikill. \u00de\u00fa ert kl\u00e6ddur h\u00e1tign og vegsemd.2\u00de\u00fa hylur \u00feig lj\u00f3si eins og skikkju, \u00feenur himininn \u00fat eins og tjaldd\u00fak.3\u00de\u00fa hvelfir h\u00e1sal \u00feinn \u00ed v\u00f6tnunum, gj\u00f6rir sk\u00fd a\u00f0 vagni \u00fe\u00ednum, og fer\u00f0 um \u00e1 v\u00e6ngjum vindarins.4\u00de\u00fa gj\u00f6rir vindana a\u00f0 sendibo\u00f0um \u00fe\u00ednum, b\u00e1landi eld a\u00f0 \u00fej\u00f3num \u00fe\u00ednum.5\u00de\u00fa grundvallar j\u00f6r\u00f0ina \u00e1 undirst\u00f6\u00f0um hennar, svo a\u00f0 h\u00fan haggast eigi um aldur og \u00e6vi.6Haffl\u00f3\u00f0i\u00f0 huldi hana sem kl\u00e6\u00f0i, v\u00f6tnin n\u00e1\u00f0u upp yfir fj\u00f6llin,7en fyrir \u00feinni \u00f3gnun fl\u00fd\u00f0u \u00feau, fyrir \u00ferumur\u00f6dd \u00feinni h\u00f6rfu\u00f0u \u00feau undan me\u00f0 skelfingu.8\u00deau gengu yfir fj\u00f6llin, steyptust ni\u00f0ur \u00ed dalina, \u00feanga\u00f0 <a href=\"https:\/\/biblian.is\/1981\/salmarnir-104-kafli\/\"> [&#8230;]<\/a><\/p>\n","protected":false},"author":1,"featured_media":0,"parent":0,"menu_order":0,"comment_status":"open","ping_status":"open","template":"bibliukaflar.php","meta":{"footnotes":""},"class_list":["post-1929","page","type-page","status-publish","hentry"],"_links":{"self":[{"href":"https:\/\/biblian.is\/1981\/wp-json\/wp\/v2\/pages\/1929","targetHints":{"allow":["GET"]}}],"collection":[{"href":"https:\/\/biblian.is\/1981\/wp-json\/wp\/v2\/pages"}],"about":[{"href":"https:\/\/biblian.is\/1981\/wp-json\/wp\/v2\/types\/page"}],"author":[{"embeddable":true,"href":"https:\/\/biblian.is\/1981\/wp-json\/wp\/v2\/users\/1"}],"replies":[{"embeddable":true,"href":"https:\/\/biblian.is\/1981\/wp-json\/wp\/v2\/comments?post=1929"}],"version-history":[{"count":0,"href":"https:\/\/biblian.is\/1981\/wp-json\/wp\/v2\/pages\/1929\/revisions"}],"wp:attachment":[{"href":"https:\/\/biblian.is\/1981\/wp-json\/wp\/v2\/media?parent=1929"}],"curies":[{"name":"wp","href":"https:\/\/api.w.org\/{rel}","templated":true}]}}