{"id":1928,"date":"2017-11-18T20:19:21","date_gmt":"2017-11-18T20:19:21","guid":{"rendered":"http:\/\/biblian.is\/1981\/salmarnir-103-kafli\/"},"modified":"2021-06-06T11:06:05","modified_gmt":"2021-06-06T11:06:05","slug":"salmarnir-103-kafli","status":"publish","type":"page","link":"https:\/\/biblian.is\/1981\/salmarnir-103-kafli\/","title":{"rendered":"S\u00e1lmarnir 103. kafli"},"content":{"rendered":"<p><a name=\"1\"><span class=\"versanumer\">1<\/span><\/a>Lofa \u00fe\u00fa Drottin, s\u00e1la m\u00edn, og allt sem \u00ed m\u00e9r er, hans heilaga nafn,<a name=\"2\"><span class=\"versanumer\">2<\/span><\/a>lofa \u00fe\u00fa Drottin, s\u00e1la m\u00edn, og gleym eigi neinum velgj\u00f6r\u00f0um hans.<a name=\"3\"><span class=\"versanumer\">3<\/span><\/a>Hann fyrirgefur allar misgj\u00f6r\u00f0ir \u00fe\u00ednar, l\u00e6knar \u00f6ll \u00fe\u00edn mein,<a name=\"4\"><span class=\"versanumer\">4<\/span><\/a>leysir l\u00edf \u00feitt fr\u00e1 gr\u00f6finni, kr\u00fdnir \u00feig n\u00e1\u00f0 og miskunn.<a name=\"5\"><span class=\"versanumer\">5<\/span><\/a>Hann mettar \u00feig g\u00e6\u00f0um, \u00fe\u00fa yngist upp sem \u00f6rninn.<a name=\"6\"><span class=\"versanumer\">6<\/span><\/a>Drottinn fremur r\u00e9ttl\u00e6ti og veitir r\u00e9tt \u00f6llum k\u00fagu\u00f0um.<a name=\"7\"><span class=\"versanumer\">7<\/span><\/a>Hann gj\u00f6r\u00f0i M\u00f3se vegu s\u00edna kunna og \u00cdsraelsb\u00f6rnum st\u00f3rvirki s\u00edn.<a name=\"8\"><span class=\"versanumer\">8<\/span><\/a>N\u00e1\u00f0ugur og miskunnsamur er Drottinn, \u00feolinm\u00f3\u00f0ur og mj\u00f6g g\u00e6skur\u00edkur.<a name=\"9\"><span class=\"versanumer\">9<\/span><\/a>Hann \u00fereytir eigi deilur um aldur og er eigi eil\u00edflega rei\u00f0ur.<a name=\"10\"><span class=\"versanumer\">10<\/span><\/a>Hann hefir eigi breytt vi\u00f0 oss eftir syndum vorum og eigi goldi\u00f0 oss eftir misgj\u00f6r\u00f0um vorum,<a name=\"11\"><span class=\"versanumer\">11<\/span><\/a>heldur svo h\u00e1r sem himinninn er yfir j\u00f6r\u00f0unni, svo voldug er miskunn hans vi\u00f0 \u00fe\u00e1 er \u00f3ttast hann.<a name=\"12\"><span class=\"versanumer\">12<\/span><\/a>Svo langt sem austri\u00f0 er fr\u00e1 vestrinu, svo langt hefir hann fjarl\u00e6gt afbrot vor fr\u00e1 oss.<a name=\"13\"><span class=\"versanumer\">13<\/span><\/a>Eins og fa\u00f0ir s\u00fdnir miskunn b\u00f6rnum s\u00ednum, eins hefir Drottinn s\u00fdnt miskunn \u00feeim er \u00f3ttast hann.<a name=\"14\"><span class=\"versanumer\">14<\/span><\/a>\u00dev\u00ed a\u00f0 hann \u00feekkir e\u00f0li vort, minnist \u00feess a\u00f0 v\u00e9r erum mold.<a name=\"15\"><span class=\"versanumer\">15<\/span><\/a>Dagar mannsins eru sem grasi\u00f0, hann bl\u00f3mgast sem bl\u00f3mi\u00f0 \u00e1 m\u00f6rkinni,<a name=\"16\"><span class=\"versanumer\">16<\/span><\/a>\u00feegar vindur bl\u00e6s \u00e1 hann er hann horfinn, og sta\u00f0ur hans \u00feekkir hann ekki framar.<a name=\"17\"><span class=\"versanumer\">17<\/span><\/a>En miskunn Drottins vi\u00f0 \u00fe\u00e1 er \u00f3ttast hann varir fr\u00e1 eil\u00edf\u00f0 til eil\u00edf\u00f0ar, og r\u00e9ttl\u00e6ti hans n\u00e6r til barnabarnanna,<a name=\"18\"><span class=\"versanumer\">18<\/span><\/a>\u00feeirra er var\u00f0veita s\u00e1ttm\u00e1la hans og muna a\u00f0 breyta eftir bo\u00f0um hans.<a name=\"19\"><span class=\"versanumer\">19<\/span><\/a>Drottinn hefir reist h\u00e1s\u00e6ti sitt \u00e1 himnum, og konungd\u00f3mur hans drottnar yfir alheimi.<a name=\"20\"><span class=\"versanumer\">20<\/span><\/a>Lofi\u00f0 Drottin, \u00fe\u00e9r englar hans, \u00fe\u00e9r voldugu hetjur, er framkv\u00e6mi\u00f0 bo\u00f0 hans, er \u00fe\u00e9r heyri\u00f0 hlj\u00f3minn af or\u00f0i hans.<a name=\"21\"><span class=\"versanumer\">21<\/span><\/a>Lofi\u00f0 Drottin, allar hersveitir hans, \u00fej\u00f3nar hans, er framkv\u00e6mi\u00f0 vilja hans.<a name=\"22\"><span class=\"versanumer\">22<\/span><\/a>Lofi\u00f0 Drottin, \u00f6ll verk hans, \u00e1 hverjum sta\u00f0 \u00ed r\u00edki hans. Lofa \u00fe\u00fa Drottin, s\u00e1la m\u00edn.<\/p>\n<div class=\"footnote1981\"><b>103.1<\/b> Lofa \u00fe\u00fa Drottinn, s\u00e1la m\u00edn Slm 103.22; 104.1,35 \u2013 allt sem \u00ed m\u00e9r er  Slm 145.21; sbr 5M\u00f3s 6.5 \u2013 hans heilaga nafn Slm 105.3; 106.47; L\u00fak 1.19<br \/>\n<b>103.2<\/b> Gleym eigi &#8230; 5M\u00f3s 6.12; 8.11<br \/>\n<b>103.3<\/b> Fyrirgefur Slm 130.8; 2M\u00f3s 34.9; Matt 9.6 \u2013 l\u00e6knar Slm 30.3; Jes 53.5; Jer 3.22<br \/>\n<b>103.4<\/b> Bjargar fr\u00e1 gr\u00f6finni Slm 107.20; Jes 38.17; J\u00f3n 2.7<br \/>\n<b>103.5<\/b> Yngist upp Slm 92.15 \u2013 sem \u00f6rninn Jes 40.31<br \/>\n<b>103.6<\/b> Veitir k\u00fagu\u00f0um r\u00e9tt Slm 146.7<br \/>\n<b>103.7<\/b> S\u00fdndi vegu s\u00edna 2M\u00f3s 33.13,17 \u2013 st\u00f3rvirki s\u00edn Slm 78.11; 111.6<br \/>\n<b>103.8<\/b> N\u00e1\u00f0ugur og miskunnsamur 2M\u00f3s 34.6+ ; Jak 5.11<br \/>\n<b>103.9<\/b> Deilir eigi um aldur Jes 57.16; Jer 3.12; M\u00edk 7.18<br \/>\n<b>103.10<\/b> Eigi goldi\u00f0 oss Esk 20.44; Job 33.27; Esr 9.13; R\u00f3m 5.8<br \/>\n<b>103.11<\/b> Voldug er miskunn hans Slm 36.6; 117.2; Jes 55.9 \u2013 \u00f3ttast hann Slm 15.4+<br \/>\n<b>103.12<\/b> Fjarl\u00e6gir afbrot vor Jes 38.17; 44.22; Jer 50.20; M\u00edk 7.19<br \/>\n<b>103.13<\/b> Eins og fa\u00f0ir Jes 49.15; Jer 31.20; Mal 3.17 \u2013 miskunn Drottins 5M\u00f3s 4.31<br \/>\n<b>103.14<\/b> \u00deekkir e\u00f0li vort Job 10.9 \u2013 mold Slm 78.39; 90.3; 104.29; 146.4; 1M\u00f3s 2.7; 3.19; 18.27<br \/>\n<b>103.15<\/b> Sem grasi\u00f0 Slm 90.5-6; 102.12; Jes 40.6-7<br \/>\n<b>103.16<\/b> \u00deekkir ekki framar Slm 37.10,36; Job 7.10; 8.18<br \/>\n<b>103.17<\/b> Eil\u00edf miskunn Slm 100.5; 106.1; 107.1; 119.90; 136; 2M\u00f3s 20.6; L\u00fak 1.50 \u2013 r\u00e9ttl\u00e6ti Gu\u00f0s Slm 99.4; R\u00f3m 3.21 \u2013 til barnabarnanna Jes 51.8<br \/>\n<b>103.18<\/b> Var\u00f0veita s\u00e1ttm\u00e1la hans 1M\u00f3s 17.9; 2M\u00f3s 19.5; 5M\u00f3s 33.9<br \/>\n<b>103.19<\/b> H\u00e1s\u00e6ti Drottins Slm 11.4+ &#8211; konungd\u00f3mur hans Slm 22.29+ ; 93.1+ ; Dan 3.33<br \/>\n<b>103.20<\/b> Englar hans Slm 148.2; VDan 3.37; L\u00fak 2.13; 2P\u00e9t 2.11; Opb 5.11 \u2013 er framkv\u00e6mi\u00f0 bo\u00f0 hans Slm 148.8; Bar 3.33-35<\/div>\n","protected":false},"excerpt":{"rendered":"<p>1Lofa \u00fe\u00fa Drottin, s\u00e1la m\u00edn, og allt sem \u00ed m\u00e9r er, hans heilaga nafn,2lofa \u00fe\u00fa Drottin, s\u00e1la m\u00edn, og gleym eigi neinum velgj\u00f6r\u00f0um hans.3Hann fyrirgefur allar misgj\u00f6r\u00f0ir \u00fe\u00ednar, l\u00e6knar \u00f6ll \u00fe\u00edn mein,4leysir l\u00edf \u00feitt fr\u00e1 gr\u00f6finni, kr\u00fdnir \u00feig n\u00e1\u00f0 og miskunn.5Hann mettar \u00feig g\u00e6\u00f0um, \u00fe\u00fa yngist upp sem \u00f6rninn.6Drottinn fremur r\u00e9ttl\u00e6ti og veitir r\u00e9tt \u00f6llum k\u00fagu\u00f0um.7Hann gj\u00f6r\u00f0i M\u00f3se vegu s\u00edna kunna og \u00cdsraelsb\u00f6rnum st\u00f3rvirki s\u00edn.8N\u00e1\u00f0ugur og miskunnsamur er Drottinn, \u00feolinm\u00f3\u00f0ur og mj\u00f6g g\u00e6skur\u00edkur.9Hann \u00fereytir eigi deilur um aldur og er eigi eil\u00edflega rei\u00f0ur.10Hann hefir eigi breytt vi\u00f0 oss eftir syndum vorum og eigi goldi\u00f0 oss eftir misgj\u00f6r\u00f0um vorum,11heldur svo h\u00e1r <a href=\"https:\/\/biblian.is\/1981\/salmarnir-103-kafli\/\"> [&#8230;]<\/a><\/p>\n","protected":false},"author":1,"featured_media":0,"parent":0,"menu_order":0,"comment_status":"open","ping_status":"open","template":"bibliukaflar.php","meta":{"footnotes":""},"class_list":["post-1928","page","type-page","status-publish","hentry"],"_links":{"self":[{"href":"https:\/\/biblian.is\/1981\/wp-json\/wp\/v2\/pages\/1928","targetHints":{"allow":["GET"]}}],"collection":[{"href":"https:\/\/biblian.is\/1981\/wp-json\/wp\/v2\/pages"}],"about":[{"href":"https:\/\/biblian.is\/1981\/wp-json\/wp\/v2\/types\/page"}],"author":[{"embeddable":true,"href":"https:\/\/biblian.is\/1981\/wp-json\/wp\/v2\/users\/1"}],"replies":[{"embeddable":true,"href":"https:\/\/biblian.is\/1981\/wp-json\/wp\/v2\/comments?post=1928"}],"version-history":[{"count":0,"href":"https:\/\/biblian.is\/1981\/wp-json\/wp\/v2\/pages\/1928\/revisions"}],"wp:attachment":[{"href":"https:\/\/biblian.is\/1981\/wp-json\/wp\/v2\/media?parent=1928"}],"curies":[{"name":"wp","href":"https:\/\/api.w.org\/{rel}","templated":true}]}}