{"id":1927,"date":"2017-11-18T20:19:15","date_gmt":"2017-11-18T20:19:15","guid":{"rendered":"http:\/\/biblian.is\/1981\/salmarnir-102-kafli\/"},"modified":"2021-06-06T11:06:03","modified_gmt":"2021-06-06T11:06:03","slug":"salmarnir-102-kafli","status":"publish","type":"page","link":"https:\/\/biblian.is\/1981\/salmarnir-102-kafli\/","title":{"rendered":"S\u00e1lmarnir 102. kafli"},"content":{"rendered":"<p><a name=\"1\"><span class=\"versanumer\">1<\/span><\/a>B\u00e6n hrj\u00e1\u00f0s manns, \u00fe\u00e1 er hann \u00f6rmagnast og \u00fathellir kveini s\u00ednu fyrir Drottni.<a name=\"2\"><span class=\"versanumer\">2<\/span><\/a>Drottinn, heyr \u00fe\u00fa b\u00e6n m\u00edna og hr\u00f3p mitt berist til \u00fe\u00edn.<a name=\"3\"><span class=\"versanumer\">3<\/span><\/a>Byrg eigi auglit \u00feitt fyrir m\u00e9r, \u00feegar \u00e9g er \u00ed nau\u00f0um staddur, hneig a\u00f0 m\u00e9r eyra \u00feitt, \u00feegar \u00e9g kalla, fl\u00fdt \u00fe\u00e9r a\u00f0 b\u00e6nheyra mig.<a name=\"4\"><span class=\"versanumer\">4<\/span><\/a>\u00dev\u00ed a\u00f0 dagar m\u00ednir hverfa sem reykur, bein m\u00edn brenna sem eldur.<a name=\"5\"><span class=\"versanumer\">5<\/span><\/a>Hjarta mitt er morna\u00f0 og \u00feorna\u00f0 sem gras, \u00fev\u00ed a\u00f0 \u00e9g gleymi a\u00f0 neyta brau\u00f0s m\u00edns.<a name=\"6\"><span class=\"versanumer\">6<\/span><\/a>Sakir kveinstafa minna er \u00e9g sem skinin bein.<a name=\"7\"><span class=\"versanumer\">7<\/span><\/a>\u00c9g l\u00edkist pel\u00edkan \u00ed ey\u00f0im\u00f6rkinni, er sem ugla \u00ed r\u00fastum.<a name=\"8\"><span class=\"versanumer\">8<\/span><\/a>\u00c9g ligg andvaka og styn eins og einmana fugl \u00e1 \u00feaki.<a name=\"9\"><span class=\"versanumer\">9<\/span><\/a>Daginn langan sm\u00e1na \u00f3vinir m\u00ednir mig, fjandmenn m\u00ednir form\u00e6la me\u00f0 nafni m\u00ednu.<a name=\"10\"><span class=\"versanumer\">10<\/span><\/a>\u00c9g et \u00f6sku sem brau\u00f0 og blanda drykk minn t\u00e1rum<a name=\"11\"><span class=\"versanumer\">11<\/span><\/a>sakir rei\u00f0i \u00feinnar og br\u00e6\u00f0i, af \u00fev\u00ed a\u00f0 \u00fe\u00fa hefir teki\u00f0 mig upp og varpa\u00f0 m\u00e9r burt.<a name=\"12\"><span class=\"versanumer\">12<\/span><\/a>Dagar m\u00ednir eru sem hallur skuggi, og \u00e9g visna sem gras.<a name=\"13\"><span class=\"versanumer\">13<\/span><\/a>En \u00fe\u00fa, Drottinn, r\u00edkir a\u00f0 eil\u00edfu, og nafn \u00feitt varir fr\u00e1 kyni til kyns.<a name=\"14\"><span class=\"versanumer\">14<\/span><\/a>\u00de\u00fa munt r\u00edsa upp til \u00feess a\u00f0 miskunna S\u00edon, \u00fev\u00ed a\u00f0 t\u00edmi er kominn til \u00feess a\u00f0 l\u00edkna henni, j\u00e1, stundin er komin.<a name=\"15\"><span class=\"versanumer\">15<\/span><\/a>\u00dej\u00f3nar \u00fe\u00ednir elska steina hennar og harma yfir \u00f6skuhr\u00fagum hennar.<a name=\"16\"><span class=\"versanumer\">16<\/span><\/a>\u00de\u00e1 munu \u00fej\u00f3\u00f0irnar \u00f3ttast nafn Drottins og allir konungar jar\u00f0arinnar d\u00fdr\u00f0 \u00fe\u00edna,<a name=\"17\"><span class=\"versanumer\">17<\/span><\/a>\u00fev\u00ed a\u00f0 Drottinn byggir upp S\u00edon og birtist \u00ed d\u00fdr\u00f0 sinni.<a name=\"18\"><span class=\"versanumer\">18<\/span><\/a>Hann sn\u00fdr s\u00e9r a\u00f0 b\u00e6n hinna n\u00f6ktu og fyrirl\u00edtur eigi b\u00e6n \u00feeirra.<a name=\"19\"><span class=\"versanumer\">19<\/span><\/a>\u00deetta skal skr\u00e1\u00f0 fyrir komandi kynsl\u00f3\u00f0, og \u00fej\u00f3\u00f0, sem enn er \u00f3sk\u00f6pu\u00f0, skal lofa Drottin.<a name=\"20\"><span class=\"versanumer\">20<\/span><\/a>\u00dev\u00ed a\u00f0 Drottinn l\u00edtur ni\u00f0ur af s\u00ednum helgu h\u00e6\u00f0um, horfir fr\u00e1 himni til jar\u00f0ar<a name=\"21\"><span class=\"versanumer\">21<\/span><\/a>til \u00feess a\u00f0 heyra andvarpanir bandingjanna og leysa b\u00f6rn dau\u00f0ans,<a name=\"22\"><span class=\"versanumer\">22<\/span><\/a>a\u00f0 \u00feau m\u00e6ttu kunngj\u00f6ra nafn Drottins \u00ed S\u00edon og lofst\u00edr hans \u00ed Jer\u00fasalem,<a name=\"23\"><span class=\"versanumer\">23<\/span><\/a>\u00feegar \u00fej\u00f3\u00f0irnar safnast saman og konungsr\u00edkin til \u00feess a\u00f0 \u00fej\u00f3na Drottni.<a name=\"24\"><span class=\"versanumer\">24<\/span><\/a>Hann hefir buga\u00f0 kraft minn \u00e1 fer\u00f0 minni, stytt daga m\u00edna.<a name=\"25\"><span class=\"versanumer\">25<\/span><\/a>\u00c9g segi: Gu\u00f0 minn, tak mig eigi burt \u00e1 mi\u00f0ri \u00e6vinni. \u00c1r \u00fe\u00edn vara fr\u00e1 kyni til kyns.<a name=\"26\"><span class=\"versanumer\">26<\/span><\/a>\u00cd \u00f6ndver\u00f0u grundvalla\u00f0ir \u00fe\u00fa j\u00f6r\u00f0ina, og himnarnir eru verk handa \u00feinna.<a name=\"27\"><span class=\"versanumer\">27<\/span><\/a>\u00deeir l\u00ed\u00f0a undir lok, en \u00fe\u00fa varir. \u00deeir fyrnast sem fat, \u00fe\u00fa skiptir \u00feeim sem kl\u00e6\u00f0um, og \u00feeir hverfa.<a name=\"28\"><span class=\"versanumer\">28<\/span><\/a>En \u00fe\u00fa ert hinn sami, og \u00fe\u00edn \u00e1r f\u00e1 engan enda.<a name=\"29\"><span class=\"versanumer\">29<\/span><\/a>Synir \u00fej\u00f3na \u00feinna munu b\u00faa kyrrir og ni\u00f0jar \u00feeirra standa st\u00f6\u00f0ugir fyrir augliti \u00fe\u00ednu.<\/p>\n<div class=\"footnote1981\"><b>102.1<\/b> \u00dathella harmi fyrir Drottni Slm 142.3<br \/>\n<b>102.2<\/b> Heyr b\u00e6n m\u00edna Slm 39.13; 84.9; 143.1 \u2013 berist til \u00fe\u00edn Slm 17.7; 88.3; 119.169<br \/>\n<b>102.3<\/b> Byrg eigi Slm 27.9+ &#8211; \u00ed nau\u00f0um staddur Slm 77.3+ &#8211; hneig Slm 71.2+ &#8211; \u00feegar \u00e9g kalla Slm 56.10; sbr Slm 3.5+ &#8211; skj\u00f3tt Slm 31.3+<br \/>\n<b>102.4<\/b> L\u00ed\u00f0a hj\u00e1 sem reykur Slm 90.9; Jak 4.14 \u2013 bein m\u00edn brenna Job 30.30<br \/>\n<b>102.5<\/b> Sem gras Slm 90.6; Jes 40.7 \u2013 gleymi a\u00f0 eta brau\u00f0 1Sam 1.7<br \/>\n<b>102.6<\/b> Kveinstafir Slm 6.7; 31.11; Hlj 1.21<br \/>\n<b>102.9<\/b> Sm\u00e1na mig Slm 42.11; 44.17 \u2013 til form\u00e6linga Jes 65.15<br \/>\n<b>102.10<\/b> Brau\u00f0 og t\u00e1r Slm 42.4+<br \/>\n<b>102.11<\/b> Heift \u00fe\u00edn og rei\u00f0i Nah 1.6<br \/>\n<b>102.12<\/b> Dagar m\u00ednir Slm 90.9; 103.15; 109.23; 144.4; Job 14.1-2<br \/>\n<b>102.13<\/b> \u00de\u00fa r\u00edkir Slm 9.8; Hlj 5.19 \u2013 fr\u00e1 kyni til kyns Slm 135.13; 2M\u00f3s 3.15<br \/>\n<b>102.14<\/b> L\u00edkna Slm 67.2; 135.14; 5M\u00f3s 32.36; Jes 14.1; Jer 31.20; Esk 39.25; Am 5.15 \u2013 t\u00edmi til komin Slm 119.126<br \/>\n<b>102.15<\/b> Steinar og r\u00fastir Jes 52.2; Hlj 4.1; sbr Dan 9.17; Neh 2.3<br \/>\n<b>102.16<\/b> Allar \u00fej\u00f3\u00f0ir Jes 59.19; 66.18<br \/>\n<b>102.17<\/b> Byggir upp S\u00edon Slm 51.20; 147.2; sbr Jer 30.18 \u2013 d\u00fdr\u00f0 Drottins Jes 60.1<br \/>\n<b>102.18<\/b> Hafnar ekki b\u00e6n Slm 22.25; 69.34; 1Kon 8.28<br \/>\n<b>102.19<\/b> Fyrir komandi kynsl\u00f3\u00f0 Slm 22.31-32 \u2013 ekki sk\u00f6pu\u00f0 Jes 43.1,21<br \/>\n<b>102.20<\/b> Drottinn l\u00edtur ni\u00f0ur Slm 14.2 \u2013 horfir til jar\u00f0ar Slm 11.4+ ; 5M\u00f3s 26.15; Jes 63.15<br \/>\n<b>102.21<\/b> Andvarpanir bandingjanna Slm 79.11<br \/>\n<b>102.23<\/b> \u00dej\u00f3\u00f0irnar \u00fej\u00f3na Drottni Slm 86.9; Jes 45.14; 60.3; Mal 1.11; Opb 15.4; 21.24<br \/>\n<b>102.24<\/b> F\u00e6kka\u00f0 \u00e6vid\u00f6gum Slm 89.46<br \/>\n<b>102.25<\/b> \u00c1r Gu\u00f0s Slm 102.28; 90.2,4<br \/>\n<b>102.26-28<\/b> Himinn og j\u00f6r\u00f0 fyrnast Jes 34.4; 51.6-8; Heb 1.10-12<br \/>\n<b>102.27<\/b> Ey\u00f0ir og skapar Jes 65.17; sbr 2P\u00e9t 3.10; Opb 20.11<br \/>\n<b>102.29<\/b> B\u00f6rn \u00fej\u00f3na \u00feinna Slm 69.37; Esk 37.25<\/div>\n","protected":false},"excerpt":{"rendered":"<p>1B\u00e6n hrj\u00e1\u00f0s manns, \u00fe\u00e1 er hann \u00f6rmagnast og \u00fathellir kveini s\u00ednu fyrir Drottni.2Drottinn, heyr \u00fe\u00fa b\u00e6n m\u00edna og hr\u00f3p mitt berist til \u00fe\u00edn.3Byrg eigi auglit \u00feitt fyrir m\u00e9r, \u00feegar \u00e9g er \u00ed nau\u00f0um staddur, hneig a\u00f0 m\u00e9r eyra \u00feitt, \u00feegar \u00e9g kalla, fl\u00fdt \u00fe\u00e9r a\u00f0 b\u00e6nheyra mig.4\u00dev\u00ed a\u00f0 dagar m\u00ednir hverfa sem reykur, bein m\u00edn brenna sem eldur.5Hjarta mitt er morna\u00f0 og \u00feorna\u00f0 sem gras, \u00fev\u00ed a\u00f0 \u00e9g gleymi a\u00f0 neyta brau\u00f0s m\u00edns.6Sakir kveinstafa minna er \u00e9g sem skinin bein.7\u00c9g l\u00edkist pel\u00edkan \u00ed ey\u00f0im\u00f6rkinni, er sem ugla \u00ed r\u00fastum.8\u00c9g ligg andvaka og styn eins og einmana fugl \u00e1 \u00feaki.9Daginn langan <a href=\"https:\/\/biblian.is\/1981\/salmarnir-102-kafli\/\"> [&#8230;]<\/a><\/p>\n","protected":false},"author":1,"featured_media":0,"parent":0,"menu_order":0,"comment_status":"open","ping_status":"open","template":"bibliukaflar.php","meta":{"footnotes":""},"class_list":["post-1927","page","type-page","status-publish","hentry"],"_links":{"self":[{"href":"https:\/\/biblian.is\/1981\/wp-json\/wp\/v2\/pages\/1927","targetHints":{"allow":["GET"]}}],"collection":[{"href":"https:\/\/biblian.is\/1981\/wp-json\/wp\/v2\/pages"}],"about":[{"href":"https:\/\/biblian.is\/1981\/wp-json\/wp\/v2\/types\/page"}],"author":[{"embeddable":true,"href":"https:\/\/biblian.is\/1981\/wp-json\/wp\/v2\/users\/1"}],"replies":[{"embeddable":true,"href":"https:\/\/biblian.is\/1981\/wp-json\/wp\/v2\/comments?post=1927"}],"version-history":[{"count":0,"href":"https:\/\/biblian.is\/1981\/wp-json\/wp\/v2\/pages\/1927\/revisions"}],"wp:attachment":[{"href":"https:\/\/biblian.is\/1981\/wp-json\/wp\/v2\/media?parent=1927"}],"curies":[{"name":"wp","href":"https:\/\/api.w.org\/{rel}","templated":true}]}}