{"id":1926,"date":"2017-11-18T20:19:15","date_gmt":"2017-11-18T20:19:15","guid":{"rendered":"http:\/\/biblian.is\/1981\/salmarnir-101-kafli\/"},"modified":"2021-06-06T11:06:02","modified_gmt":"2021-06-06T11:06:02","slug":"salmarnir-101-kafli","status":"publish","type":"page","link":"https:\/\/biblian.is\/1981\/salmarnir-101-kafli\/","title":{"rendered":"S\u00e1lmarnir 101. kafli"},"content":{"rendered":"<p><a name=\"1\"><span class=\"versanumer\">1<\/span><\/a>\u00c9g vil syngja um miskunn og r\u00e9tt, lofsyngja \u00fe\u00e9r, Drottinn.<a name=\"2\"><span class=\"versanumer\">2<\/span><\/a>\u00c9g vil gefa g\u00e6tur a\u00f0 vegi hins r\u00e1\u00f0vanda hven\u00e6r kemur \u00fe\u00fa til m\u00edn? \u00cd grandvarleik hjartans vil \u00e9g ganga um \u00ed h\u00fasi m\u00ednu.<a name=\"3\"><span class=\"versanumer\">3<\/span><\/a>\u00c9g l\u00e6t m\u00e9r eigi til hugar koma neitt n\u00ed\u00f0ingsverk. \u00c9g hata \u00fe\u00e1 sem illa breyta, \u00feeir f\u00e1 engin m\u00f6k vi\u00f0 mig a\u00f0 eiga.<a name=\"4\"><span class=\"versanumer\">4<\/span><\/a>Rangsn\u00fai\u00f0 hjarta skal fr\u00e1 m\u00e9r v\u00edkja, \u00e9g kannast eigi vi\u00f0 hinn vonda.<a name=\"5\"><span class=\"versanumer\">5<\/span><\/a>R\u00e6gi einhver n\u00e1unga sinn \u00ed leyni, \u00feagga \u00e9g ni\u00f0ur \u00ed honum. Hver sem er hrokafullur og drembil\u00e1tur \u00ed hjarta, hann f\u00e6 \u00e9g ekki \u00feola\u00f0.<a name=\"6\"><span class=\"versanumer\">6<\/span><\/a>Augu m\u00edn horfa \u00e1 hina tr\u00faf\u00f6stu \u00ed landinu, a\u00f0 \u00feeir megi b\u00faa hj\u00e1 m\u00e9r. S\u00e1 sem gengur grandvarleikans vegu, hann skal \u00fej\u00f3na m\u00e9r.<a name=\"7\"><span class=\"versanumer\">7<\/span><\/a>Enginn m\u00e1 dvelja \u00ed h\u00fasi m\u00ednu, er svik fremur. S\u00e1 er lygar m\u00e6lir stenst eigi fyrir augum m\u00ednum.<a name=\"8\"><span class=\"versanumer\">8<\/span><\/a>\u00c1 hverjum morgni \u00feagga \u00e9g ni\u00f0ur \u00ed \u00f6llum \u00f3gu\u00f0legum \u00ed landinu. \u00c9g \u00fatr\u00fdmi \u00far borg Drottins \u00f6llum illgj\u00f6r\u00f0am\u00f6nnum.<\/p>\n<div class=\"footnote1981\"><b>101.1<\/b> N\u00e1\u00f0 og r\u00e9ttur M\u00edk 6.8 \u2013 lofsyngja \u00fe\u00e9r Slm 147.7<br \/>\n<b>101.2<\/b> Hinn r\u00e1\u00f0vandi Slm 101.6; 119.1; Okv 11.20 \u00ed h\u00fasi m\u00ednu 1T\u00edm 3.4 \u2013 \u00ed grandvarleik hjartans Slm 78.72; 1Kon 9.4<br \/>\n<b>101.3<\/b> Ekki illvirki Jes 33.15 \u2013 \u00e9g hata Okv 8.13; J\u00fad 23<br \/>\n<b>101.4<\/b> Svikult hjarta Okv 11.20<br \/>\n<b>101.5<\/b> R\u00f3gbur\u00f0ur 3M\u00f3s 19.16; sbr Slm 50.20 \u2013 hroki Slm 18.28; 131.1; Jes 2.11; Okv 21.4<br \/>\n<b>101.6<\/b> Veg hins r\u00e1\u00f0vanda Slm 15.2<br \/>\n<b>101.7<\/b> Er svik fremur Slm 26.4-5; 52.4<br \/>\n<b>101.8<\/b> \u00d3gu\u00f0legum eytt 3M\u00f3s 20.6; Jes 52.1; Opb 21.27<\/div>\n","protected":false},"excerpt":{"rendered":"<p>1\u00c9g vil syngja um miskunn og r\u00e9tt, lofsyngja \u00fe\u00e9r, Drottinn.2\u00c9g vil gefa g\u00e6tur a\u00f0 vegi hins r\u00e1\u00f0vanda hven\u00e6r kemur \u00fe\u00fa til m\u00edn? \u00cd grandvarleik hjartans vil \u00e9g ganga um \u00ed h\u00fasi m\u00ednu.3\u00c9g l\u00e6t m\u00e9r eigi til hugar koma neitt n\u00ed\u00f0ingsverk. \u00c9g hata \u00fe\u00e1 sem illa breyta, \u00feeir f\u00e1 engin m\u00f6k vi\u00f0 mig a\u00f0 eiga.4Rangsn\u00fai\u00f0 hjarta skal fr\u00e1 m\u00e9r v\u00edkja, \u00e9g kannast eigi vi\u00f0 hinn vonda.5R\u00e6gi einhver n\u00e1unga sinn \u00ed leyni, \u00feagga \u00e9g ni\u00f0ur \u00ed honum. Hver sem er hrokafullur og drembil\u00e1tur \u00ed hjarta, hann f\u00e6 \u00e9g ekki \u00feola\u00f0.6Augu m\u00edn horfa \u00e1 hina tr\u00faf\u00f6stu \u00ed landinu, a\u00f0 \u00feeir megi b\u00faa hj\u00e1 <a href=\"https:\/\/biblian.is\/1981\/salmarnir-101-kafli\/\"> [&#8230;]<\/a><\/p>\n","protected":false},"author":1,"featured_media":0,"parent":0,"menu_order":0,"comment_status":"open","ping_status":"open","template":"bibliukaflar.php","meta":{"footnotes":""},"class_list":["post-1926","page","type-page","status-publish","hentry"],"_links":{"self":[{"href":"https:\/\/biblian.is\/1981\/wp-json\/wp\/v2\/pages\/1926","targetHints":{"allow":["GET"]}}],"collection":[{"href":"https:\/\/biblian.is\/1981\/wp-json\/wp\/v2\/pages"}],"about":[{"href":"https:\/\/biblian.is\/1981\/wp-json\/wp\/v2\/types\/page"}],"author":[{"embeddable":true,"href":"https:\/\/biblian.is\/1981\/wp-json\/wp\/v2\/users\/1"}],"replies":[{"embeddable":true,"href":"https:\/\/biblian.is\/1981\/wp-json\/wp\/v2\/comments?post=1926"}],"version-history":[{"count":0,"href":"https:\/\/biblian.is\/1981\/wp-json\/wp\/v2\/pages\/1926\/revisions"}],"wp:attachment":[{"href":"https:\/\/biblian.is\/1981\/wp-json\/wp\/v2\/media?parent=1926"}],"curies":[{"name":"wp","href":"https:\/\/api.w.org\/{rel}","templated":true}]}}