{"id":1925,"date":"2017-11-18T20:19:15","date_gmt":"2017-11-18T20:19:15","guid":{"rendered":"http:\/\/biblian.is\/1981\/salmarnir-100-kafli\/"},"modified":"2021-06-06T11:06:00","modified_gmt":"2021-06-06T11:06:00","slug":"salmarnir-100-kafli","status":"publish","type":"page","link":"https:\/\/biblian.is\/1981\/salmarnir-100-kafli\/","title":{"rendered":"S\u00e1lmarnir 100. kafli"},"content":{"rendered":"<p><a name=\"1\"><span class=\"versanumer\">1<\/span><\/a>\u00deakkarf\u00f3rnar-s\u00e1lmur. \u00d6ll ver\u00f6ldin fagni fyrir Drottni!<a name=\"2\"><span class=\"versanumer\">2<\/span><\/a>\u00dej\u00f3ni\u00f0 Drottni me\u00f0 gle\u00f0i, komi\u00f0 fyrir auglit hans me\u00f0 fagna\u00f0ars\u00f6ng!<a name=\"3\"><span class=\"versanumer\">3<\/span><\/a>Viti\u00f0, a\u00f0 Drottinn er Gu\u00f0, hann hefir skapa\u00f0 oss, og hans erum v\u00e9r, l\u00fd\u00f0ur hans og g\u00e6sluhj\u00f6r\u00f0.<a name=\"4\"><span class=\"versanumer\">4<\/span><\/a>Gangi\u00f0 inn um hli\u00f0 hans me\u00f0 lofs\u00f6ng, \u00ed forgar\u00f0a hans me\u00f0 s\u00e1lmum, lofi\u00f0 hann, vegsami\u00f0 nafn hans.<a name=\"5\"><span class=\"versanumer\">5<\/span><\/a>\u00dev\u00ed a\u00f0 Drottinn er g\u00f3\u00f0ur, miskunn hans varir a\u00f0 eil\u00edfu og tr\u00fafesti hans fr\u00e1 kyni til kyns.<\/p>\n<div class=\"footnote1981\"><b>100.1<\/b> Gj\u00f6rvallt jar\u00f0r\u00edki fagni Slm 98.4+<br \/>\n<b>100.2<\/b> \u00dej\u00f3ni\u00f0 5M\u00f3s 28.47 \u2013 me\u00f0 gle\u00f0i Slm 68.4; Neh 8.10 \u2013 me\u00f0 fagna\u00f0ars\u00f6ng Slm 47.2; 95.1<br \/>\n<b>100.3<\/b> J\u00e1ti\u00f0 &#8230; Slm 31.15; 105.7; 5M\u00f3s 4.39; 1Kon 18.36; Esk 6.7 \u2013 hann skapa\u00f0i oss Slm 149.2; 5M\u00f3s 32.6, Ef 2.10 \u2013 l\u00fd\u00f0ur hans Slm 79.13; 95.7; Esk 34.31; sbr J\u00f3h 10.16<br \/>\n<b>100.4<\/b> Ganga \u00ed h\u00fas Drottins Slm 5.8; 118.19 \u2013 me\u00f0 lofs\u00f6ng Slm 116.17-19 \u2013 lofi\u00f0 hann Slm 96.2<br \/>\n<b>100.5<\/b> Drottinn er g\u00f3\u00f0ur Slm 106.1+ &#8211; eil\u00edf miskunn Slm 103.17+ &#8211; tr\u00fafesti hans Slm 117.2<\/div>\n","protected":false},"excerpt":{"rendered":"<p>1\u00deakkarf\u00f3rnar-s\u00e1lmur. \u00d6ll ver\u00f6ldin fagni fyrir Drottni!2\u00dej\u00f3ni\u00f0 Drottni me\u00f0 gle\u00f0i, komi\u00f0 fyrir auglit hans me\u00f0 fagna\u00f0ars\u00f6ng!3Viti\u00f0, a\u00f0 Drottinn er Gu\u00f0, hann hefir skapa\u00f0 oss, og hans erum v\u00e9r, l\u00fd\u00f0ur hans og g\u00e6sluhj\u00f6r\u00f0.4Gangi\u00f0 inn um hli\u00f0 hans me\u00f0 lofs\u00f6ng, \u00ed forgar\u00f0a hans me\u00f0 s\u00e1lmum, lofi\u00f0 hann, vegsami\u00f0 nafn hans.5\u00dev\u00ed a\u00f0 Drottinn er g\u00f3\u00f0ur, miskunn hans varir a\u00f0 eil\u00edfu og tr\u00fafesti hans fr\u00e1 kyni til kyns. 100.1 Gj\u00f6rvallt jar\u00f0r\u00edki fagni Slm 98.4+ 100.2 \u00dej\u00f3ni\u00f0 5M\u00f3s 28.47 \u2013 me\u00f0 gle\u00f0i Slm 68.4; Neh 8.10 \u2013 me\u00f0 fagna\u00f0ars\u00f6ng Slm 47.2; 95.1 100.3 J\u00e1ti\u00f0 &#8230; Slm 31.15; 105.7; 5M\u00f3s 4.39; 1Kon 18.36; Esk 6.7 \u2013 hann <a href=\"https:\/\/biblian.is\/1981\/salmarnir-100-kafli\/\"> [&#8230;]<\/a><\/p>\n","protected":false},"author":1,"featured_media":0,"parent":0,"menu_order":0,"comment_status":"open","ping_status":"open","template":"bibliukaflar.php","meta":{"footnotes":""},"class_list":["post-1925","page","type-page","status-publish","hentry"],"_links":{"self":[{"href":"https:\/\/biblian.is\/1981\/wp-json\/wp\/v2\/pages\/1925","targetHints":{"allow":["GET"]}}],"collection":[{"href":"https:\/\/biblian.is\/1981\/wp-json\/wp\/v2\/pages"}],"about":[{"href":"https:\/\/biblian.is\/1981\/wp-json\/wp\/v2\/types\/page"}],"author":[{"embeddable":true,"href":"https:\/\/biblian.is\/1981\/wp-json\/wp\/v2\/users\/1"}],"replies":[{"embeddable":true,"href":"https:\/\/biblian.is\/1981\/wp-json\/wp\/v2\/comments?post=1925"}],"version-history":[{"count":0,"href":"https:\/\/biblian.is\/1981\/wp-json\/wp\/v2\/pages\/1925\/revisions"}],"wp:attachment":[{"href":"https:\/\/biblian.is\/1981\/wp-json\/wp\/v2\/media?parent=1925"}],"curies":[{"name":"wp","href":"https:\/\/api.w.org\/{rel}","templated":true}]}}