{"id":1924,"date":"2017-11-18T20:19:15","date_gmt":"2017-11-18T20:19:15","guid":{"rendered":"http:\/\/biblian.is\/1981\/salmarnir-99-kafli\/"},"modified":"2021-06-06T11:10:09","modified_gmt":"2021-06-06T11:10:09","slug":"salmarnir-99-kafli","status":"publish","type":"page","link":"https:\/\/biblian.is\/1981\/salmarnir-99-kafli\/","title":{"rendered":"S\u00e1lmarnir 99. kafli"},"content":{"rendered":"<p><a name=\"1\"><span class=\"versanumer\">1<\/span><\/a>Drottinn er konungur or\u00f0inn! \u00dej\u00f3\u00f0irnar skj\u00e1lfi. Hann situr uppi yfir ker\u00fabunum, j\u00f6r\u00f0in n\u00f6tri.<a name=\"2\"><span class=\"versanumer\">2<\/span><\/a>Drottinn er mikill \u00e1 S\u00edon og h\u00e1tt upp hafinn yfir alla l\u00fd\u00f0i.<a name=\"3\"><span class=\"versanumer\">3<\/span><\/a>\u00deeir skulu lofa nafn \u00feitt, hi\u00f0 mikla og \u00f3ttalega. Heilagur er hann!<a name=\"4\"><span class=\"versanumer\">4<\/span><\/a>\u00de\u00fa ert voldugur konungur, sem elskar r\u00e9ttinn, \u00fe\u00fa hefir sta\u00f0fest r\u00e9ttv\u00edsina, r\u00e9tt og r\u00e9ttl\u00e6ti hefir \u00fe\u00fa frami\u00f0 \u00ed Jakob.<a name=\"5\"><span class=\"versanumer\">5<\/span><\/a>Tigni\u00f0 Drottin, Gu\u00f0 vorn, og falli\u00f0 fram fyrir f\u00f3tsk\u00f6r hans. Heilagur er hann!<a name=\"6\"><span class=\"versanumer\">6<\/span><\/a>M\u00f3se og Aron eru me\u00f0al presta hans, Sam\u00fael me\u00f0al \u00feeirra er \u00e1kalla nafn hans, \u00feeir \u00e1kalla Drottin og hann b\u00e6nheyrir \u00fe\u00e1.<a name=\"7\"><span class=\"versanumer\">7<\/span><\/a>Hann talar til \u00feeirra \u00ed sk\u00fdst\u00f3lpanum, \u00fev\u00ed a\u00f0 \u00feeir g\u00e6ta vitnisbur\u00f0a hans og laganna, er hann gaf \u00feeim.<a name=\"8\"><span class=\"versanumer\">8<\/span><\/a>Drottinn, Gu\u00f0 vor, \u00fe\u00fa b\u00e6nheyrir \u00fe\u00e1, \u00fe\u00fa reynist \u00feeim fyrirgefandi Gu\u00f0 og s\u00fdknar \u00fe\u00e1 af gj\u00f6r\u00f0um \u00feeirra.<a name=\"9\"><span class=\"versanumer\">9<\/span><\/a>Tigni\u00f0 Drottin Gu\u00f0 vorn, og falli\u00f0 fram fyrir hans heilaga fjalli, \u00fev\u00ed a\u00f0 heilagur er Drottinn, Gu\u00f0 vor.<\/p>\n<div class=\"footnote1981\"><b>99.1<\/b> Drottinn er konungur Slm 93.1+ &#8211; yfir ker\u00fabunum Slm 18.11+<br \/>\n<b>99.2<\/b> Drottinn er voldugur Slm 96.4 \u2013 \u00e1 S\u00edon Jes 12.6 \u2013 hafinn yfir allar \u00fej\u00f3\u00f0ir Slm 113.4+<br \/>\n<b>99.3<\/b> \u00deitt m\u00e1ttuga nafn Slm 76.2+<br \/>\n<b>99.4<\/b> R\u00e9ttl\u00e1tur konungur Okv 16.12; Slm 11.7; sbr 72.1-2<br \/>\n<b>99.5<\/b> Tigni\u00f0 Drottin Slm 107.32 \u2013 falli\u00f0 fram Slm 132.7<br \/>\n<b>99.6<\/b> M\u00f3se og Aron 2M\u00f3s 28.1; Slm 77.21+ &#8211; Sam\u00fael Jer 15.1 \u2013 Gu\u00f0 b\u00e6nheyrir Slm 107.6+ ; 118.5; 2M\u00f3s 19.19; 33.11; 1Sam 7.9; 12.18; S\u00edr 46.16; sbr Slm 3.5+<br \/>\n<b>99.7<\/b> Sk\u00fdst\u00f3lpi 2M\u00f3s 33.9; 4M\u00f3s 12.5<br \/>\n<b>99.8<\/b> Fyrirgefandi Gu\u00f0 2M\u00f3s 34.6<br \/>\n<b>99.9<\/b> Tigni\u00f0 Drottin 2M\u00f3s 15.2; Jes 25.1 \u2013 falli\u00f0 fram Slm 97.7 \u2013 hans heilaga fjall Slm 3.5; Dan 6.11; sbr Slm 121.1 \u2013 heilagur er hann Slm 99.3,5; 3M\u00f3s 19.2; Jes 6.3<\/div>\n","protected":false},"excerpt":{"rendered":"<p>1Drottinn er konungur or\u00f0inn! \u00dej\u00f3\u00f0irnar skj\u00e1lfi. Hann situr uppi yfir ker\u00fabunum, j\u00f6r\u00f0in n\u00f6tri.2Drottinn er mikill \u00e1 S\u00edon og h\u00e1tt upp hafinn yfir alla l\u00fd\u00f0i.3\u00deeir skulu lofa nafn \u00feitt, hi\u00f0 mikla og \u00f3ttalega. Heilagur er hann!4\u00de\u00fa ert voldugur konungur, sem elskar r\u00e9ttinn, \u00fe\u00fa hefir sta\u00f0fest r\u00e9ttv\u00edsina, r\u00e9tt og r\u00e9ttl\u00e6ti hefir \u00fe\u00fa frami\u00f0 \u00ed Jakob.5Tigni\u00f0 Drottin, Gu\u00f0 vorn, og falli\u00f0 fram fyrir f\u00f3tsk\u00f6r hans. Heilagur er hann!6M\u00f3se og Aron eru me\u00f0al presta hans, Sam\u00fael me\u00f0al \u00feeirra er \u00e1kalla nafn hans, \u00feeir \u00e1kalla Drottin og hann b\u00e6nheyrir \u00fe\u00e1.7Hann talar til \u00feeirra \u00ed sk\u00fdst\u00f3lpanum, \u00fev\u00ed a\u00f0 \u00feeir g\u00e6ta vitnisbur\u00f0a hans og laganna, er hann <a href=\"https:\/\/biblian.is\/1981\/salmarnir-99-kafli\/\"> [&#8230;]<\/a><\/p>\n","protected":false},"author":1,"featured_media":0,"parent":0,"menu_order":0,"comment_status":"open","ping_status":"open","template":"bibliukaflar.php","meta":{"footnotes":""},"class_list":["post-1924","page","type-page","status-publish","hentry"],"_links":{"self":[{"href":"https:\/\/biblian.is\/1981\/wp-json\/wp\/v2\/pages\/1924","targetHints":{"allow":["GET"]}}],"collection":[{"href":"https:\/\/biblian.is\/1981\/wp-json\/wp\/v2\/pages"}],"about":[{"href":"https:\/\/biblian.is\/1981\/wp-json\/wp\/v2\/types\/page"}],"author":[{"embeddable":true,"href":"https:\/\/biblian.is\/1981\/wp-json\/wp\/v2\/users\/1"}],"replies":[{"embeddable":true,"href":"https:\/\/biblian.is\/1981\/wp-json\/wp\/v2\/comments?post=1924"}],"version-history":[{"count":0,"href":"https:\/\/biblian.is\/1981\/wp-json\/wp\/v2\/pages\/1924\/revisions"}],"wp:attachment":[{"href":"https:\/\/biblian.is\/1981\/wp-json\/wp\/v2\/media?parent=1924"}],"curies":[{"name":"wp","href":"https:\/\/api.w.org\/{rel}","templated":true}]}}