{"id":1923,"date":"2017-11-18T20:19:15","date_gmt":"2017-11-18T20:19:15","guid":{"rendered":"http:\/\/biblian.is\/1981\/salmarnir-98-kafli\/"},"modified":"2021-06-06T11:10:08","modified_gmt":"2021-06-06T11:10:08","slug":"salmarnir-98-kafli","status":"publish","type":"page","link":"https:\/\/biblian.is\/1981\/salmarnir-98-kafli\/","title":{"rendered":"S\u00e1lmarnir 98. kafli"},"content":{"rendered":"<p><a name=\"1\"><span class=\"versanumer\">1<\/span><\/a>S\u00e1lmur. Syngi\u00f0 Drottni n\u00fdjan s\u00f6ng, \u00fev\u00ed a\u00f0 hann hefir gj\u00f6rt d\u00e1semdarverk, h\u00e6gri h\u00f6nd hans hj\u00e1lpa\u00f0i honum og hans heilagi armleggur.<a name=\"2\"><span class=\"versanumer\">2<\/span><\/a>Drottinn hefir kunngj\u00f6rt hj\u00e1lpr\u00e6\u00f0i sitt, fyrir augum \u00fej\u00f3\u00f0anna opinbera\u00f0i hann r\u00e9ttl\u00e6ti sitt.<a name=\"3\"><span class=\"versanumer\">3<\/span><\/a>Hann minntist miskunnar sinnar vi\u00f0 Jakob og tr\u00fafesti sinnar vi\u00f0 \u00cdsraels \u00e6tt. \u00d6ll endim\u00f6rk jar\u00f0ar s\u00e1u hj\u00e1lpr\u00e6\u00f0i Gu\u00f0s vors.<a name=\"4\"><span class=\"versanumer\">4<\/span><\/a>L\u00e1ti\u00f0 gle\u00f0i\u00f3p gjalla fyrir Drottni, \u00f6ll l\u00f6nd, hefji\u00f0 gle\u00f0is\u00f6ng, \u00e6pi\u00f0 fagna\u00f0ar\u00f3p og lofsyngi\u00f0.<a name=\"5\"><span class=\"versanumer\">5<\/span><\/a>Leiki\u00f0 fyrir Drottni \u00e1 g\u00edgju, \u00e1 g\u00edgju me\u00f0 lofs\u00f6ngshlj\u00f3mi,<a name=\"6\"><span class=\"versanumer\">6<\/span><\/a>me\u00f0 l\u00fa\u00f0rum og b\u00e1s\u00fanuhlj\u00f3mi, l\u00e1ti\u00f0 gle\u00f0i\u00f3p gjalla fyrir konunginum Drottni.<a name=\"7\"><span class=\"versanumer\">7<\/span><\/a>Hafi\u00f0 drynji og allt sem \u00ed \u00fev\u00ed er, heimurinn og \u00feeir sem \u00ed honum lifa.<a name=\"8\"><span class=\"versanumer\">8<\/span><\/a>Flj\u00f3tin skulu klappa lof \u00ed l\u00f3fa, fj\u00f6llin fagna \u00f6ll saman<a name=\"9\"><span class=\"versanumer\">9<\/span><\/a>fyrir Drottni sem kemur til a\u00f0 d\u00e6ma j\u00f6r\u00f0ina. Hann d\u00e6mir heiminn me\u00f0 r\u00e9ttl\u00e6ti og \u00fej\u00f3\u00f0irnar me\u00f0 r\u00e9ttv\u00edsi.<\/p>\n<div class=\"footnote1981\"><b>98.1<\/b> N\u00fdr s\u00f6ngur Slm 33.3+ &#8211; d\u00e1semdarverk Slm 86.10; 2M\u00f3s 34.10, L\u00fak 1.49 \u2013 h\u00e6gri h\u00f6nd hans Slm 17.7+ &#8211; armleggur hans Jes 59.16, 63.5<br \/>\n<b>98.2<\/b> Kunnger\u00f0i hj\u00e1lpr\u00e6\u00f0i sitt Slm 67.3; Jes 49.6; L\u00fak 2.30-32<br \/>\n<b>98.3<\/b> Miskunn og tr\u00fafesti Slm 25.10+ &#8211; vi\u00f0 \u00cdsrael L\u00fak 1.54 \u2013 \u00f6ll endim\u00f6rk jar\u00f0ar Jes 52.10; L\u00fak 3.6<br \/>\n<b>98.4<\/b> Gj\u00f6rvallt jar\u00f0r\u00edki fagni Slm 66.1; 100.1<br \/>\n<b>98.5<\/b> Leiki\u00f0 fyrir Drottni Slm 147.7+<br \/>\n<b>98.6<\/b> Drottinn er konungur Slm 47.3,7-9: 93.1<br \/>\n<b>98.7<\/b> Hafi\u00f0 drynji Slm 96.11<br \/>\n<b>98.9<\/b> Drottinn r\u00edkir yfir j\u00f6r\u00f0inni Slm 67.5; 96.13 \u2013 me\u00f0 r\u00e9ttl\u00e6ti Slm 9.9+ ; sbr Post 17.31 \u2013 \u00fej\u00f3\u00f0unum me\u00f0 r\u00e9ttv\u00edsi Slm 96.10<\/div>\n","protected":false},"excerpt":{"rendered":"<p>1S\u00e1lmur. Syngi\u00f0 Drottni n\u00fdjan s\u00f6ng, \u00fev\u00ed a\u00f0 hann hefir gj\u00f6rt d\u00e1semdarverk, h\u00e6gri h\u00f6nd hans hj\u00e1lpa\u00f0i honum og hans heilagi armleggur.2Drottinn hefir kunngj\u00f6rt hj\u00e1lpr\u00e6\u00f0i sitt, fyrir augum \u00fej\u00f3\u00f0anna opinbera\u00f0i hann r\u00e9ttl\u00e6ti sitt.3Hann minntist miskunnar sinnar vi\u00f0 Jakob og tr\u00fafesti sinnar vi\u00f0 \u00cdsraels \u00e6tt. \u00d6ll endim\u00f6rk jar\u00f0ar s\u00e1u hj\u00e1lpr\u00e6\u00f0i Gu\u00f0s vors.4L\u00e1ti\u00f0 gle\u00f0i\u00f3p gjalla fyrir Drottni, \u00f6ll l\u00f6nd, hefji\u00f0 gle\u00f0is\u00f6ng, \u00e6pi\u00f0 fagna\u00f0ar\u00f3p og lofsyngi\u00f0.5Leiki\u00f0 fyrir Drottni \u00e1 g\u00edgju, \u00e1 g\u00edgju me\u00f0 lofs\u00f6ngshlj\u00f3mi,6me\u00f0 l\u00fa\u00f0rum og b\u00e1s\u00fanuhlj\u00f3mi, l\u00e1ti\u00f0 gle\u00f0i\u00f3p gjalla fyrir konunginum Drottni.7Hafi\u00f0 drynji og allt sem \u00ed \u00fev\u00ed er, heimurinn og \u00feeir sem \u00ed honum lifa.8Flj\u00f3tin skulu klappa lof \u00ed l\u00f3fa, fj\u00f6llin fagna \u00f6ll <a href=\"https:\/\/biblian.is\/1981\/salmarnir-98-kafli\/\"> [&#8230;]<\/a><\/p>\n","protected":false},"author":1,"featured_media":0,"parent":0,"menu_order":0,"comment_status":"open","ping_status":"open","template":"bibliukaflar.php","meta":{"footnotes":""},"class_list":["post-1923","page","type-page","status-publish","hentry"],"_links":{"self":[{"href":"https:\/\/biblian.is\/1981\/wp-json\/wp\/v2\/pages\/1923","targetHints":{"allow":["GET"]}}],"collection":[{"href":"https:\/\/biblian.is\/1981\/wp-json\/wp\/v2\/pages"}],"about":[{"href":"https:\/\/biblian.is\/1981\/wp-json\/wp\/v2\/types\/page"}],"author":[{"embeddable":true,"href":"https:\/\/biblian.is\/1981\/wp-json\/wp\/v2\/users\/1"}],"replies":[{"embeddable":true,"href":"https:\/\/biblian.is\/1981\/wp-json\/wp\/v2\/comments?post=1923"}],"version-history":[{"count":0,"href":"https:\/\/biblian.is\/1981\/wp-json\/wp\/v2\/pages\/1923\/revisions"}],"wp:attachment":[{"href":"https:\/\/biblian.is\/1981\/wp-json\/wp\/v2\/media?parent=1923"}],"curies":[{"name":"wp","href":"https:\/\/api.w.org\/{rel}","templated":true}]}}