{"id":1922,"date":"2017-11-18T20:19:15","date_gmt":"2017-11-18T20:19:15","guid":{"rendered":"http:\/\/biblian.is\/1981\/salmarnir-97-kafli\/"},"modified":"2021-06-06T11:10:08","modified_gmt":"2021-06-06T11:10:08","slug":"salmarnir-97-kafli","status":"publish","type":"page","link":"https:\/\/biblian.is\/1981\/salmarnir-97-kafli\/","title":{"rendered":"S\u00e1lmarnir 97. kafli"},"content":{"rendered":"<p><a name=\"1\"><span class=\"versanumer\">1<\/span><\/a>Drottinn er konungur or\u00f0inn! j\u00f6r\u00f0in fagni, eyjafj\u00f6ldinn gle\u00f0jist.<a name=\"2\"><span class=\"versanumer\">2<\/span><\/a>Sk\u00fd og sorti eru umhverfis hann, r\u00e9ttl\u00e6ti og r\u00e9ttv\u00edsi eru grundv\u00f6llur h\u00e1s\u00e6tis hans,<a name=\"3\"><span class=\"versanumer\">3<\/span><\/a>eldur fer fyrir honum og b\u00e1last umhverfis spor hans.<a name=\"4\"><span class=\"versanumer\">4<\/span><\/a>Leiftur hans l\u00fdsa um jar\u00f0r\u00edki, j\u00f6r\u00f0in s\u00e9r \u00fea\u00f0 og n\u00f6trar.<a name=\"5\"><span class=\"versanumer\">5<\/span><\/a>Bj\u00f6rgin br\u00e1\u00f0na sem vax fyrir Drottni, fyrir Drottni gj\u00f6rvallrar jar\u00f0arinnar.<a name=\"6\"><span class=\"versanumer\">6<\/span><\/a>Himnarnir kunngj\u00f6ra r\u00e9ttl\u00e6ti hans, og allar \u00fej\u00f3\u00f0ir sj\u00e1 d\u00fdr\u00f0 hans.<a name=\"7\"><span class=\"versanumer\">7<\/span><\/a>Allir skur\u00f0go\u00f0ad\u00fdrkendur ver\u00f0a til skammar, \u00feeir er st\u00e6ra sig af falsgu\u00f0unum. Allir gu\u00f0ir falla fram fyrir honum.<a name=\"8\"><span class=\"versanumer\">8<\/span><\/a>S\u00edon heyrir \u00fea\u00f0 og gle\u00f0st, J\u00fadad\u00e6tur fagna sakir d\u00f3ma \u00feinna, Drottinn.<a name=\"9\"><span class=\"versanumer\">9<\/span><\/a>\u00dev\u00ed a\u00f0 \u00fe\u00fa, Drottinn, ert Hinn h\u00e6sti yfir gj\u00f6rvallri j\u00f6r\u00f0unni, \u00fe\u00fa ert h\u00e1tt hafinn yfir alla gu\u00f0i.<a name=\"10\"><span class=\"versanumer\">10<\/span><\/a>Drottinn elskar \u00fe\u00e1 er hata hi\u00f0 illa, hann verndar s\u00e1lir d\u00fdrkenda sinna, frelsar \u00fe\u00e1 af hendi \u00f3gu\u00f0legra.<a name=\"11\"><span class=\"versanumer\">11<\/span><\/a>Lj\u00f3s rennur upp r\u00e9ttl\u00e1tum og gle\u00f0i hjartahreinum.<a name=\"12\"><span class=\"versanumer\">12<\/span><\/a>Gle\u00f0jist, \u00fe\u00e9r r\u00e9ttl\u00e1tir, yfir Drottni, vegsami\u00f0 hans heilaga nafn.<\/p>\n<div class=\"footnote1981\"><b>97.1<\/b> Drottinn er konungur Slm 93.1+ &#8211; j\u00f6r\u00f0in fagni Slm 96.11 \u2013 eyjafj\u00f6ldinn &#8230; sbr Jes 42.10-12<br \/>\n<b>97.2<\/b> Sk\u00fd og sorti Slm 18.9-12; 2M\u00f3s 19.16-18; 5M\u00f3s 4.11; 5.22 \u2013 r\u00e9ttl\u00e6ti og r\u00e9ttur Jes 9.6+<br \/>\n<b>97.3<\/b> Eldur Slm 50.3+ &#8211; ey\u00f0ir Slm 106.18<br \/>\n<b>97.4<\/b> Leiftur hans Slm 77.19 \u2013 j\u00f6r\u00f0in n\u00f6trar Slm 96.9<br \/>\n<b>97.5<\/b> Sem vax Slm 68.3+<br \/>\n<b>97.6<\/b> Himnarnir kunngera Slm 19.2 \u2013 r\u00e9ttl\u00e6ti hans Slm 50.6<br \/>\n<b>97.7<\/b> Falsgu\u00f0ir Slm 96.5+ &#8211; falla fram Heb 1.6<br \/>\n<b>97.8<\/b> S\u00edon gle\u00f0st Slm 48.12<br \/>\n<b>97.9<\/b> Hinn h\u00e6sti Slm 83.19 \u2013 yfir allri j\u00f6r\u00f0inni Slm 47.3 \u2013 yfir alla gu\u00f0i Slm 95.3+<br \/>\n<b>97.11<\/b> Lj\u00f3s Slm 112.4; Jes 58.10<br \/>\n<b>97.12<\/b> Gle\u00f0jist, \u00fe\u00e9r r\u00e9ttl\u00e1tir Slm 32.11 \u2013 vegsami\u00f0 nafn hans Slm 30.5<\/div>\n","protected":false},"excerpt":{"rendered":"<p>1Drottinn er konungur or\u00f0inn! j\u00f6r\u00f0in fagni, eyjafj\u00f6ldinn gle\u00f0jist.2Sk\u00fd og sorti eru umhverfis hann, r\u00e9ttl\u00e6ti og r\u00e9ttv\u00edsi eru grundv\u00f6llur h\u00e1s\u00e6tis hans,3eldur fer fyrir honum og b\u00e1last umhverfis spor hans.4Leiftur hans l\u00fdsa um jar\u00f0r\u00edki, j\u00f6r\u00f0in s\u00e9r \u00fea\u00f0 og n\u00f6trar.5Bj\u00f6rgin br\u00e1\u00f0na sem vax fyrir Drottni, fyrir Drottni gj\u00f6rvallrar jar\u00f0arinnar.6Himnarnir kunngj\u00f6ra r\u00e9ttl\u00e6ti hans, og allar \u00fej\u00f3\u00f0ir sj\u00e1 d\u00fdr\u00f0 hans.7Allir skur\u00f0go\u00f0ad\u00fdrkendur ver\u00f0a til skammar, \u00feeir er st\u00e6ra sig af falsgu\u00f0unum. Allir gu\u00f0ir falla fram fyrir honum.8S\u00edon heyrir \u00fea\u00f0 og gle\u00f0st, J\u00fadad\u00e6tur fagna sakir d\u00f3ma \u00feinna, Drottinn.9\u00dev\u00ed a\u00f0 \u00fe\u00fa, Drottinn, ert Hinn h\u00e6sti yfir gj\u00f6rvallri j\u00f6r\u00f0unni, \u00fe\u00fa ert h\u00e1tt hafinn yfir alla gu\u00f0i.10Drottinn elskar \u00fe\u00e1 er <a href=\"https:\/\/biblian.is\/1981\/salmarnir-97-kafli\/\"> [&#8230;]<\/a><\/p>\n","protected":false},"author":1,"featured_media":0,"parent":0,"menu_order":0,"comment_status":"open","ping_status":"open","template":"bibliukaflar.php","meta":{"footnotes":""},"class_list":["post-1922","page","type-page","status-publish","hentry"],"_links":{"self":[{"href":"https:\/\/biblian.is\/1981\/wp-json\/wp\/v2\/pages\/1922","targetHints":{"allow":["GET"]}}],"collection":[{"href":"https:\/\/biblian.is\/1981\/wp-json\/wp\/v2\/pages"}],"about":[{"href":"https:\/\/biblian.is\/1981\/wp-json\/wp\/v2\/types\/page"}],"author":[{"embeddable":true,"href":"https:\/\/biblian.is\/1981\/wp-json\/wp\/v2\/users\/1"}],"replies":[{"embeddable":true,"href":"https:\/\/biblian.is\/1981\/wp-json\/wp\/v2\/comments?post=1922"}],"version-history":[{"count":0,"href":"https:\/\/biblian.is\/1981\/wp-json\/wp\/v2\/pages\/1922\/revisions"}],"wp:attachment":[{"href":"https:\/\/biblian.is\/1981\/wp-json\/wp\/v2\/media?parent=1922"}],"curies":[{"name":"wp","href":"https:\/\/api.w.org\/{rel}","templated":true}]}}