{"id":1921,"date":"2017-11-18T20:19:15","date_gmt":"2017-11-18T20:19:15","guid":{"rendered":"http:\/\/biblian.is\/1981\/salmarnir-96-kafli\/"},"modified":"2021-06-06T11:10:08","modified_gmt":"2021-06-06T11:10:08","slug":"salmarnir-96-kafli","status":"publish","type":"page","link":"https:\/\/biblian.is\/1981\/salmarnir-96-kafli\/","title":{"rendered":"S\u00e1lmarnir 96. kafli"},"content":{"rendered":"<p><a name=\"1\"><span class=\"versanumer\">1<\/span><\/a>Syngi\u00f0 Drottni n\u00fdjan s\u00f6ng, syngi\u00f0 Drottni \u00f6ll l\u00f6nd!<a name=\"2\"><span class=\"versanumer\">2<\/span><\/a>Syngi\u00f0 Drottni, lofi\u00f0 nafn hans, kunngj\u00f6ri\u00f0 hj\u00e1lpr\u00e1\u00f0 hans dag eftir dag.<a name=\"3\"><span class=\"versanumer\">3<\/span><\/a>Segi\u00f0 fr\u00e1 d\u00fdr\u00f0 hans me\u00f0al \u00fej\u00f3\u00f0anna, fr\u00e1 d\u00e1semdarverkum hans me\u00f0al allra l\u00fd\u00f0a.<a name=\"4\"><span class=\"versanumer\">4<\/span><\/a>\u00dev\u00ed a\u00f0 mikill er Drottinn og mj\u00f6g vegsamlegur, \u00f3ttalegur er hann \u00f6llum gu\u00f0um framar.<a name=\"5\"><span class=\"versanumer\">5<\/span><\/a>\u00dev\u00ed a\u00f0 allir gu\u00f0ir \u00fej\u00f3\u00f0anna eru falsgu\u00f0ir, en Drottinn hefir gj\u00f6rt himininn.<a name=\"6\"><span class=\"versanumer\">6<\/span><\/a>Hei\u00f0ur og vegsemd eru fyrir augliti hans, m\u00e1ttur og pr\u00fd\u00f0i \u00ed helgid\u00f3mi hans.<a name=\"7\"><span class=\"versanumer\">7<\/span><\/a>Tj\u00e1i\u00f0 Drottni lof, \u00fe\u00e9r kynkv\u00edslir \u00fej\u00f3\u00f0a, tj\u00e1i\u00f0 Drottni vegsemd og vald.<a name=\"8\"><span class=\"versanumer\">8<\/span><\/a>Tj\u00e1i\u00f0 Drottni d\u00fdr\u00f0 \u00fe\u00e1, er nafni hans h\u00e6fir, f\u00e6ri\u00f0 gjafir og komi\u00f0 til forgar\u00f0a hans,<a name=\"9\"><span class=\"versanumer\">9<\/span><\/a>falli\u00f0 fram fyrir Drottni \u00ed helgum skr\u00fa\u00f0a, titri\u00f0 fyrir honum, \u00f6ll l\u00f6nd!<a name=\"10\"><span class=\"versanumer\">10<\/span><\/a>Segi\u00f0 me\u00f0al \u00fej\u00f3\u00f0anna: Drottinn er konungur or\u00f0inn! Hann hefir fest j\u00f6r\u00f0ina, svo a\u00f0 h\u00fan bifast ekki, hann d\u00e6mir \u00fej\u00f3\u00f0irnar me\u00f0 r\u00e9ttv\u00edsi.<a name=\"11\"><span class=\"versanumer\">11<\/span><\/a>Himinninn gle\u00f0jist og j\u00f6r\u00f0in fagni, hafi\u00f0 drynji og allt sem \u00ed \u00fev\u00ed er,<a name=\"12\"><span class=\"versanumer\">12<\/span><\/a>foldin fagni og allt sem \u00e1 henni er, \u00f6ll tr\u00e9 sk\u00f3garins kve\u00f0i fagna\u00f0ar\u00f3p,<a name=\"13\"><span class=\"versanumer\">13<\/span><\/a>fyrir Drottni, \u00fev\u00ed a\u00f0 hann kemur, hann kemur til \u00feess a\u00f0 d\u00e6ma j\u00f6r\u00f0ina. Hann mun d\u00e6ma heiminn me\u00f0 r\u00e9ttl\u00e6ti og \u00fej\u00f3\u00f0irnar eftir tr\u00fafesti sinni.<\/p>\n<div class=\"footnote1981\"><b>96.1<\/b> N\u00fdr s\u00f6ngur Slm 33.3+ &#8211; syngi\u00f0 Drottni Slm 9.12; 30.5; 47.7; 66.2; 68.5; 81.2; 135.3; 2M\u00f3s 15.21; 1Kro 16.9,23<br \/>\n<b>96.2<\/b> Hj\u00e1lpr\u00e1\u00f0 hans (sigur) Slm 98.2<br \/>\n<b>96.3<\/b> Me\u00f0al \u00fej\u00f3\u00f0anna Slm 9.12+<br \/>\n<b>96.4<\/b> Mikill, mj\u00f6g vegsamlegur Slm 48.2; 145.3; sbr 99.2 \u2013 \u00f3ttalegur Slm 47.3+ &#8211; en allir gu\u00f0ir Slm 95.3+<br \/>\n<b>96.5<\/b> Falsgu\u00f0ir Slm 97.7; 115.4-8; 1Kor 8.4-6 \u2013 gert himininn 1M\u00f3s 1.6-8; sbr Slm 121.2+<br \/>\n<b>96.6<\/b> D\u00fdr\u00f0 og h\u00e1tign Slm 104.1<br \/>\n<b>96.7<\/b> D\u00fdr\u00f0 og m\u00e1ttur Slm 29.1-2<br \/>\n<b>96.9<\/b> Falli\u00f0 fram Slm 99.9<br \/>\n<b>96.10<\/b> Me\u00f0al \u00fej\u00f3\u00f0anna Slm 9.12+ &#8211; Drottinn er konungur Slm 93.1+ &#8211; j\u00f6r\u00f0in bifast ekki Slm 93.1 \u2013 d\u00e6mir \u00fej\u00f3\u00f0irnar Slm 9.9; sbr 98.9<br \/>\n<b>96.11<\/b> Himininn gle\u00f0jist Jes 44.23; 49.13; Opb 12.12; 18.20 \u2013 j\u00f6r\u00f0in fagni Slm 97.1 \u2013 hafi\u00f0 &#8230; Slm 98.7; Jes 42.10-12<br \/>\n<b>96.12<\/b> \u00d6ll tr\u00e9 &#8230; Jes 55.12<br \/>\n<b>96.13<\/b> Drottinn kemur og r\u00edkir Slm 98.9<\/div>\n","protected":false},"excerpt":{"rendered":"<p>1Syngi\u00f0 Drottni n\u00fdjan s\u00f6ng, syngi\u00f0 Drottni \u00f6ll l\u00f6nd!2Syngi\u00f0 Drottni, lofi\u00f0 nafn hans, kunngj\u00f6ri\u00f0 hj\u00e1lpr\u00e1\u00f0 hans dag eftir dag.3Segi\u00f0 fr\u00e1 d\u00fdr\u00f0 hans me\u00f0al \u00fej\u00f3\u00f0anna, fr\u00e1 d\u00e1semdarverkum hans me\u00f0al allra l\u00fd\u00f0a.4\u00dev\u00ed a\u00f0 mikill er Drottinn og mj\u00f6g vegsamlegur, \u00f3ttalegur er hann \u00f6llum gu\u00f0um framar.5\u00dev\u00ed a\u00f0 allir gu\u00f0ir \u00fej\u00f3\u00f0anna eru falsgu\u00f0ir, en Drottinn hefir gj\u00f6rt himininn.6Hei\u00f0ur og vegsemd eru fyrir augliti hans, m\u00e1ttur og pr\u00fd\u00f0i \u00ed helgid\u00f3mi hans.7Tj\u00e1i\u00f0 Drottni lof, \u00fe\u00e9r kynkv\u00edslir \u00fej\u00f3\u00f0a, tj\u00e1i\u00f0 Drottni vegsemd og vald.8Tj\u00e1i\u00f0 Drottni d\u00fdr\u00f0 \u00fe\u00e1, er nafni hans h\u00e6fir, f\u00e6ri\u00f0 gjafir og komi\u00f0 til forgar\u00f0a hans,9falli\u00f0 fram fyrir Drottni \u00ed helgum skr\u00fa\u00f0a, titri\u00f0 fyrir honum, \u00f6ll l\u00f6nd!10Segi\u00f0 <a href=\"https:\/\/biblian.is\/1981\/salmarnir-96-kafli\/\"> [&#8230;]<\/a><\/p>\n","protected":false},"author":1,"featured_media":0,"parent":0,"menu_order":0,"comment_status":"open","ping_status":"open","template":"bibliukaflar.php","meta":{"footnotes":""},"class_list":["post-1921","page","type-page","status-publish","hentry"],"_links":{"self":[{"href":"https:\/\/biblian.is\/1981\/wp-json\/wp\/v2\/pages\/1921","targetHints":{"allow":["GET"]}}],"collection":[{"href":"https:\/\/biblian.is\/1981\/wp-json\/wp\/v2\/pages"}],"about":[{"href":"https:\/\/biblian.is\/1981\/wp-json\/wp\/v2\/types\/page"}],"author":[{"embeddable":true,"href":"https:\/\/biblian.is\/1981\/wp-json\/wp\/v2\/users\/1"}],"replies":[{"embeddable":true,"href":"https:\/\/biblian.is\/1981\/wp-json\/wp\/v2\/comments?post=1921"}],"version-history":[{"count":0,"href":"https:\/\/biblian.is\/1981\/wp-json\/wp\/v2\/pages\/1921\/revisions"}],"wp:attachment":[{"href":"https:\/\/biblian.is\/1981\/wp-json\/wp\/v2\/media?parent=1921"}],"curies":[{"name":"wp","href":"https:\/\/api.w.org\/{rel}","templated":true}]}}