{"id":1920,"date":"2017-11-18T20:19:15","date_gmt":"2017-11-18T20:19:15","guid":{"rendered":"http:\/\/biblian.is\/1981\/salmarnir-95-kafli\/"},"modified":"2021-06-06T11:10:08","modified_gmt":"2021-06-06T11:10:08","slug":"salmarnir-95-kafli","status":"publish","type":"page","link":"https:\/\/biblian.is\/1981\/salmarnir-95-kafli\/","title":{"rendered":"S\u00e1lmarnir 95. kafli"},"content":{"rendered":"<p><a name=\"1\"><span class=\"versanumer\">1<\/span><\/a>Komi\u00f0, f\u00f6gnum fyrir Drottni, l\u00e1tum gle\u00f0i\u00f3p gjalla fyrir kletti hj\u00e1lpr\u00e6\u00f0is vors.<a name=\"2\"><span class=\"versanumer\">2<\/span><\/a>Komum me\u00f0 lofs\u00f6ng fyrir auglit hans, syngjum gle\u00f0ilj\u00f3\u00f0 fyrir honum.<a name=\"3\"><span class=\"versanumer\">3<\/span><\/a>\u00dev\u00ed a\u00f0 Drottinn er mikill Gu\u00f0 og mikill konungur yfir \u00f6llum gu\u00f0um.<a name=\"4\"><span class=\"versanumer\">4<\/span><\/a>\u00cd hans hendi eru jar\u00f0ardj\u00fapin, og fjallatindarnir heyra honum til.<a name=\"5\"><span class=\"versanumer\">5<\/span><\/a>Hans er hafi\u00f0, hann hefir skapa\u00f0 \u00fea\u00f0, og hendur hans myndu\u00f0u \u00feurrlendi\u00f0.<a name=\"6\"><span class=\"versanumer\">6<\/span><\/a>Komi\u00f0, f\u00f6llum fram og krj\u00fapum ni\u00f0ur, beygjum kn\u00e9 vor fyrir Drottni, skapara vorum,<a name=\"7\"><span class=\"versanumer\">7<\/span><\/a>\u00fev\u00ed a\u00f0 hann er vor Gu\u00f0, og v\u00e9r erum g\u00e6slul\u00fd\u00f0ur hans og hj\u00f6r\u00f0 s\u00fa, er hann lei\u00f0ir. \u00d3 a\u00f0 \u00fe\u00e9r \u00ed dag vildu\u00f0 heyra raust hans!<a name=\"8\"><span class=\"versanumer\">8<\/span><\/a>Her\u00f0i\u00f0 eigi hj\u00f6rtu y\u00f0ar eins og hj\u00e1 Mer\u00edba, eins og daginn vi\u00f0 Massa \u00ed ey\u00f0im\u00f6rkinni,<a name=\"9\"><span class=\"versanumer\">9<\/span><\/a>\u00feegar fe\u00f0ur y\u00f0ar freistu\u00f0u m\u00edn, reyndu mig, \u00fe\u00f3tt \u00feeir s\u00e6ju verk m\u00edn.<a name=\"10\"><span class=\"versanumer\">10<\/span><\/a>\u00cd fj\u00f6rut\u00edu \u00e1r haf\u00f0i \u00e9g vi\u00f0bj\u00f3\u00f0 \u00e1 \u00feessari kynsl\u00f3\u00f0, og \u00e9g sag\u00f0i: \u00deeir eru andlega villtur l\u00fd\u00f0ur og \u00feekkja ekki vegu m\u00edna.<a name=\"11\"><span class=\"versanumer\">11<\/span><\/a>\u00deess vegna s\u00f3r \u00e9g \u00ed rei\u00f0i minni: \u00deeir skulu eigi ganga inn til hv\u00edldar minnar.<\/p>\n<div class=\"footnote1981\"><b>95.1-2<\/b> Komi\u00f0, f\u00f6gnum Slm 81.2; 100; 105.1-6; 106.1; 107.1; 113.1; 117; 118.1; 135.1-3; 136.1-3; 147.1; 148; 149.1-3; 150<br \/>\n<b><\/b> 95.3 Mikill Gu\u00f0 Slm 77.14+ &#8211; konungur Slm 5.3+ ; 9.8+ ; 24.7; 47.3-8; 99.4; Jer 10.7,10; Sak 14.9; Mal 1.14; 1T\u00edm 1.17; 6.15; Opb 17.14; 19.16; sbr Slm 93.1+ &#8211; yfir \u00f6llum gu\u00f0um Slm 96.4; 97.9<br \/>\n<b>95.4-5<\/b> Drottni heyrir j\u00f6r\u00f0in Slm 24.1+<br \/>\n<b>95.6<\/b> Komi\u00f0 Slm 100.4<br \/>\n<b>95.7-11<\/b> Heb 3.7-11<br \/>\n<b>95.7<\/b> L\u00fd\u00f0ur hans og hj\u00f6r\u00f0 Slm 100.3; Esk 34.11-12 \u2013 \u00d3 a\u00f0 \u00fe\u00e9r vildu\u00f0 heyra Slm 81.9,14-15; Jes 48.18-19<br \/>\n<b>95.8-9<\/b> Massa og Mer\u00edba 2M\u00f3s 17.1-7; 5M\u00f3s 33.8 \u2013 hj\u00e1 Mer\u00edba 4M\u00f3s 20.2-13; Slm 81.8; 106.32 \u2013 vi\u00f0 Massa 5M\u00f3s 6.16; 9.22<br \/>\n<b>95.9<\/b> Freistu\u00f0u Gu\u00f0s Slm 78.18+<br \/>\n<b>95.10<\/b> Fj\u00f6rut\u00edu \u00e1r \u00ed ey\u00f0im\u00f6rkinni 2M\u00f3s 16.35; 4M\u00f3s 14.33-34; 32.13; 5M\u00f3s 2.7; 29.4; Am 2.10<br \/>\n<b>95.11<\/b> Heit Gu\u00f0s Slm 106.26; 4M\u00f3s 14.30; Heb 3.18 \u2013 til hv\u00edldarsta\u00f0ar m\u00edns 5M\u00f3s 12.9<\/div>\n","protected":false},"excerpt":{"rendered":"<p>1Komi\u00f0, f\u00f6gnum fyrir Drottni, l\u00e1tum gle\u00f0i\u00f3p gjalla fyrir kletti hj\u00e1lpr\u00e6\u00f0is vors.2Komum me\u00f0 lofs\u00f6ng fyrir auglit hans, syngjum gle\u00f0ilj\u00f3\u00f0 fyrir honum.3\u00dev\u00ed a\u00f0 Drottinn er mikill Gu\u00f0 og mikill konungur yfir \u00f6llum gu\u00f0um.4\u00cd hans hendi eru jar\u00f0ardj\u00fapin, og fjallatindarnir heyra honum til.5Hans er hafi\u00f0, hann hefir skapa\u00f0 \u00fea\u00f0, og hendur hans myndu\u00f0u \u00feurrlendi\u00f0.6Komi\u00f0, f\u00f6llum fram og krj\u00fapum ni\u00f0ur, beygjum kn\u00e9 vor fyrir Drottni, skapara vorum,7\u00fev\u00ed a\u00f0 hann er vor Gu\u00f0, og v\u00e9r erum g\u00e6slul\u00fd\u00f0ur hans og hj\u00f6r\u00f0 s\u00fa, er hann lei\u00f0ir. \u00d3 a\u00f0 \u00fe\u00e9r \u00ed dag vildu\u00f0 heyra raust hans!8Her\u00f0i\u00f0 eigi hj\u00f6rtu y\u00f0ar eins og hj\u00e1 Mer\u00edba, eins og daginn vi\u00f0 Massa <a href=\"https:\/\/biblian.is\/1981\/salmarnir-95-kafli\/\"> [&#8230;]<\/a><\/p>\n","protected":false},"author":1,"featured_media":0,"parent":0,"menu_order":0,"comment_status":"open","ping_status":"open","template":"bibliukaflar.php","meta":{"footnotes":""},"class_list":["post-1920","page","type-page","status-publish","hentry"],"_links":{"self":[{"href":"https:\/\/biblian.is\/1981\/wp-json\/wp\/v2\/pages\/1920","targetHints":{"allow":["GET"]}}],"collection":[{"href":"https:\/\/biblian.is\/1981\/wp-json\/wp\/v2\/pages"}],"about":[{"href":"https:\/\/biblian.is\/1981\/wp-json\/wp\/v2\/types\/page"}],"author":[{"embeddable":true,"href":"https:\/\/biblian.is\/1981\/wp-json\/wp\/v2\/users\/1"}],"replies":[{"embeddable":true,"href":"https:\/\/biblian.is\/1981\/wp-json\/wp\/v2\/comments?post=1920"}],"version-history":[{"count":0,"href":"https:\/\/biblian.is\/1981\/wp-json\/wp\/v2\/pages\/1920\/revisions"}],"wp:attachment":[{"href":"https:\/\/biblian.is\/1981\/wp-json\/wp\/v2\/media?parent=1920"}],"curies":[{"name":"wp","href":"https:\/\/api.w.org\/{rel}","templated":true}]}}