{"id":1918,"date":"2017-11-18T20:19:15","date_gmt":"2017-11-18T20:19:15","guid":{"rendered":"http:\/\/biblian.is\/1981\/salmarnir-93-kafli\/"},"modified":"2021-06-06T11:10:07","modified_gmt":"2021-06-06T11:10:07","slug":"salmarnir-93-kafli","status":"publish","type":"page","link":"https:\/\/biblian.is\/1981\/salmarnir-93-kafli\/","title":{"rendered":"S\u00e1lmarnir 93. kafli"},"content":{"rendered":"<p><a name=\"1\"><span class=\"versanumer\">1<\/span><\/a>Drottinn er konungur or\u00f0inn! Hann hefir \u00edkl\u00e6\u00f0st h\u00e1tign, Drottinn hefir skr\u00fd\u00f0st, hann hefir spennt sig belti styrkleika s\u00edns og fest j\u00f6r\u00f0ina, svo a\u00f0 h\u00fan haggast eigi.<a name=\"2\"><span class=\"versanumer\">2<\/span><\/a>H\u00e1s\u00e6ti \u00feitt stendur st\u00f6\u00f0ugt fr\u00e1 \u00f6ndver\u00f0u, fr\u00e1 eil\u00edf\u00f0 ert \u00fe\u00fa.<a name=\"3\"><span class=\"versanumer\">3<\/span><\/a>Straumarnir h\u00f3fu upp, Drottinn, straumarnir h\u00f3fu upp raust s\u00edna, straumarnir h\u00f3fu upp dunur s\u00ednar.<a name=\"4\"><span class=\"versanumer\">4<\/span><\/a>Drottinn \u00e1 h\u00e6\u00f0um er tignarlegri en gn\u00fdr mikilla, tignarlegra vatna, tignarlegri en bo\u00f0ar hafsins.<a name=\"5\"><span class=\"versanumer\">5<\/span><\/a>Vitnisbur\u00f0ir \u00fe\u00ednir eru harla \u00e1rei\u00f0anlegir, h\u00fasi \u00fe\u00ednu h\u00e6fir heilagleiki, \u00f3 Drottinn, um allar aldir.<\/p>\n<div class=\"footnote1981\"><b>93.1<\/b> Drottinn er konungur Slm 29.10; 47.9; 59.14; 96.10; 97.1; 99.1; 145.1; 146.10; 2M\u00f3s 15.18; 1Kro 16.31; Jes 24.23; 52.7; Opb 19.6; sbr Slm 9.8+ &#8211; skr\u00fdddur Slm 104.1+ &#8211; haggast ekki sbr Slm 125.1<br \/>\n<b>93.2<\/b> H\u00e1s\u00e6ti \u00feitt Slm 47.9+ &#8211; fr\u00e1 eil\u00edf\u00f0 ert \u00fe\u00fa Slm 90.2; Hab 1.12<br \/>\n<b>93.4<\/b> Sterkari n\u00e1tt\u00faru\u00f6flunum Slm 29.10; Job 38.8<br \/>\n<b>93.5<\/b> Um allar aldir 1Kon 8.13<\/div>\n","protected":false},"excerpt":{"rendered":"<p>1Drottinn er konungur or\u00f0inn! Hann hefir \u00edkl\u00e6\u00f0st h\u00e1tign, Drottinn hefir skr\u00fd\u00f0st, hann hefir spennt sig belti styrkleika s\u00edns og fest j\u00f6r\u00f0ina, svo a\u00f0 h\u00fan haggast eigi.2H\u00e1s\u00e6ti \u00feitt stendur st\u00f6\u00f0ugt fr\u00e1 \u00f6ndver\u00f0u, fr\u00e1 eil\u00edf\u00f0 ert \u00fe\u00fa.3Straumarnir h\u00f3fu upp, Drottinn, straumarnir h\u00f3fu upp raust s\u00edna, straumarnir h\u00f3fu upp dunur s\u00ednar.4Drottinn \u00e1 h\u00e6\u00f0um er tignarlegri en gn\u00fdr mikilla, tignarlegra vatna, tignarlegri en bo\u00f0ar hafsins.5Vitnisbur\u00f0ir \u00fe\u00ednir eru harla \u00e1rei\u00f0anlegir, h\u00fasi \u00fe\u00ednu h\u00e6fir heilagleiki, \u00f3 Drottinn, um allar aldir. 93.1 Drottinn er konungur Slm 29.10; 47.9; 59.14; 96.10; 97.1; 99.1; 145.1; 146.10; 2M\u00f3s 15.18; 1Kro 16.31; Jes 24.23; 52.7; Opb 19.6; sbr Slm 9.8+ &#8211; <a href=\"https:\/\/biblian.is\/1981\/salmarnir-93-kafli\/\"> [&#8230;]<\/a><\/p>\n","protected":false},"author":1,"featured_media":0,"parent":0,"menu_order":0,"comment_status":"open","ping_status":"open","template":"bibliukaflar.php","meta":{"footnotes":""},"class_list":["post-1918","page","type-page","status-publish","hentry"],"_links":{"self":[{"href":"https:\/\/biblian.is\/1981\/wp-json\/wp\/v2\/pages\/1918","targetHints":{"allow":["GET"]}}],"collection":[{"href":"https:\/\/biblian.is\/1981\/wp-json\/wp\/v2\/pages"}],"about":[{"href":"https:\/\/biblian.is\/1981\/wp-json\/wp\/v2\/types\/page"}],"author":[{"embeddable":true,"href":"https:\/\/biblian.is\/1981\/wp-json\/wp\/v2\/users\/1"}],"replies":[{"embeddable":true,"href":"https:\/\/biblian.is\/1981\/wp-json\/wp\/v2\/comments?post=1918"}],"version-history":[{"count":0,"href":"https:\/\/biblian.is\/1981\/wp-json\/wp\/v2\/pages\/1918\/revisions"}],"wp:attachment":[{"href":"https:\/\/biblian.is\/1981\/wp-json\/wp\/v2\/media?parent=1918"}],"curies":[{"name":"wp","href":"https:\/\/api.w.org\/{rel}","templated":true}]}}