{"id":1917,"date":"2017-11-18T20:19:15","date_gmt":"2017-11-18T20:19:15","guid":{"rendered":"http:\/\/biblian.is\/1981\/salmarnir-92-kafli\/"},"modified":"2021-06-06T11:10:07","modified_gmt":"2021-06-06T11:10:07","slug":"salmarnir-92-kafli","status":"publish","type":"page","link":"https:\/\/biblian.is\/1981\/salmarnir-92-kafli\/","title":{"rendered":"S\u00e1lmarnir 92. kafli"},"content":{"rendered":"<p><a name=\"1\"><span class=\"versanumer\">1<\/span><\/a>S\u00e1lmur. Hv\u00edldardagslj\u00f3\u00f0.<a name=\"2\"><span class=\"versanumer\">2<\/span><\/a>Gott er a\u00f0 lofa Drottin og lofsyngja nafni \u00fe\u00ednu, \u00fe\u00fa Hinn h\u00e6sti,<a name=\"3\"><span class=\"versanumer\">3<\/span><\/a>a\u00f0 kunngj\u00f6ra miskunn \u00fe\u00edna a\u00f0 morgni og tr\u00fafesti \u00fe\u00edna um n\u00e6tur<a name=\"4\"><span class=\"versanumer\">4<\/span><\/a>\u00e1 t\u00edstrengja\u00f0 hlj\u00f3\u00f0f\u00e6ri og h\u00f6rpu me\u00f0 strengjaleik g\u00edgjunnar.<a name=\"5\"><span class=\"versanumer\">5<\/span><\/a>\u00de\u00fa hefir glatt mig, Drottinn, me\u00f0 d\u00e1\u00f0 \u00feinni, yfir handaverkum \u00fe\u00ednum fagna \u00e9g.<a name=\"6\"><span class=\"versanumer\">6<\/span><\/a>Hversu mikil eru verk \u00fe\u00edn, Drottinn, harla dj\u00fapar hugsanir \u00fe\u00ednar.<a name=\"7\"><span class=\"versanumer\">7<\/span><\/a>F\u00edfli\u00f0 eitt skilur eigi, og f\u00e1r\u00e1\u00f0lingurinn einn skynjar eigi \u00feetta.<a name=\"8\"><span class=\"versanumer\">8<\/span><\/a>\u00deegar \u00f3gu\u00f0legir greru sem gras og allir illgj\u00f6r\u00f0amennirnir bl\u00f3mgu\u00f0ust, \u00fe\u00e1 var \u00fea\u00f0 til \u00feess a\u00f0 \u00feeir skyldu afm\u00e1\u00f0ir ver\u00f0a a\u00f0 eil\u00edfu,<a name=\"9\"><span class=\"versanumer\">9<\/span><\/a>en \u00fe\u00fa sem ert \u00e1 h\u00e6\u00f0um, ert til a\u00f0 eil\u00edfu, Drottinn.<a name=\"10\"><span class=\"versanumer\">10<\/span><\/a>\u00dev\u00ed sj\u00e1, \u00f3vinir \u00fe\u00ednir, Drottinn, \u00fev\u00ed sj\u00e1, \u00f3vinir \u00fe\u00ednir farast, allir illgj\u00f6r\u00f0amennirnir tv\u00edstrast.<a name=\"11\"><span class=\"versanumer\">11<\/span><\/a>En mig l\u00e6tur \u00fe\u00fa bera horni\u00f0 h\u00e1tt eins og v\u00edsundinn, mig hressir \u00fe\u00fa me\u00f0 ferskri ol\u00edu.<a name=\"12\"><span class=\"versanumer\">12<\/span><\/a>Auga mitt l\u00edtur me\u00f0 gle\u00f0i \u00e1 fjandmenn m\u00edna, eyra mitt heyrir me\u00f0 gle\u00f0i um n\u00ed\u00f0ingana, er r\u00edsa gegn m\u00e9r.<a name=\"13\"><span class=\"versanumer\">13<\/span><\/a>Hinir r\u00e9ttl\u00e1tu gr\u00f3a sem p\u00e1lminn, vaxa sem sedrustr\u00e9\u00f0 \u00e1 L\u00edbanon.<a name=\"14\"><span class=\"versanumer\">14<\/span><\/a>\u00deeir eru gr\u00f3\u00f0ursettir \u00ed h\u00fasi Drottins, gr\u00f3a \u00ed forg\u00f6r\u00f0um Gu\u00f0s vors.<a name=\"15\"><span class=\"versanumer\">15<\/span><\/a>Jafnvel \u00ed h\u00e1rri elli bera \u00feeir \u00e1v\u00f6xt, \u00feeir eru safamiklir og gr\u00e6nir.<a name=\"16\"><span class=\"versanumer\">16<\/span><\/a>\u00deeir kunngj\u00f6ra, a\u00f0 Drottinn er r\u00e9ttl\u00e1tur, klettur minn, sem ekkert rangl\u00e6ti er hj\u00e1.<\/p>\n<div class=\"footnote1981\"><b>92.3<\/b> A\u00f0 morgni Slm 59.17; 88.14 \u2013 um n\u00e6tur Slm 16.7; 77.7; 119.55; Jes 26.9<br \/>\n<b>92.4<\/b> Me\u00f0 strengjaleik Slm 33.2; 57.9; 147.7+<br \/>\n<b>92.6<\/b> Dj\u00fapar hugsanir Slm 139.17-18<br \/>\n<b>92.8<\/b> Illgj\u00f6r\u00f0amenn bl\u00f3mgast, ver\u00f0a uppr\u00e6ttir Slm 37.35-36; 73.3-20<br \/>\n<b>92.9<\/b> Drottinn a\u00f0 eil\u00edfu Slm 90.2<br \/>\n<b>92.11<\/b> Hefja horni\u00f0 h\u00e1tt Slm 75.11 \u2013 fersk ol\u00eda Slm 52.10<br \/>\n<b>92.15<\/b> \u00c1 efri \u00e1rum Slm 103.5<br \/>\n<b>92.16<\/b> Bjarg mitt Slm 28.1+<\/div>\n","protected":false},"excerpt":{"rendered":"<p>1S\u00e1lmur. Hv\u00edldardagslj\u00f3\u00f0.2Gott er a\u00f0 lofa Drottin og lofsyngja nafni \u00fe\u00ednu, \u00fe\u00fa Hinn h\u00e6sti,3a\u00f0 kunngj\u00f6ra miskunn \u00fe\u00edna a\u00f0 morgni og tr\u00fafesti \u00fe\u00edna um n\u00e6tur4\u00e1 t\u00edstrengja\u00f0 hlj\u00f3\u00f0f\u00e6ri og h\u00f6rpu me\u00f0 strengjaleik g\u00edgjunnar.5\u00de\u00fa hefir glatt mig, Drottinn, me\u00f0 d\u00e1\u00f0 \u00feinni, yfir handaverkum \u00fe\u00ednum fagna \u00e9g.6Hversu mikil eru verk \u00fe\u00edn, Drottinn, harla dj\u00fapar hugsanir \u00fe\u00ednar.7F\u00edfli\u00f0 eitt skilur eigi, og f\u00e1r\u00e1\u00f0lingurinn einn skynjar eigi \u00feetta.8\u00deegar \u00f3gu\u00f0legir greru sem gras og allir illgj\u00f6r\u00f0amennirnir bl\u00f3mgu\u00f0ust, \u00fe\u00e1 var \u00fea\u00f0 til \u00feess a\u00f0 \u00feeir skyldu afm\u00e1\u00f0ir ver\u00f0a a\u00f0 eil\u00edfu,9en \u00fe\u00fa sem ert \u00e1 h\u00e6\u00f0um, ert til a\u00f0 eil\u00edfu, Drottinn.10\u00dev\u00ed sj\u00e1, \u00f3vinir \u00fe\u00ednir, Drottinn, \u00fev\u00ed sj\u00e1, \u00f3vinir \u00fe\u00ednir farast, allir <a href=\"https:\/\/biblian.is\/1981\/salmarnir-92-kafli\/\"> [&#8230;]<\/a><\/p>\n","protected":false},"author":1,"featured_media":0,"parent":0,"menu_order":0,"comment_status":"open","ping_status":"open","template":"bibliukaflar.php","meta":{"footnotes":""},"class_list":["post-1917","page","type-page","status-publish","hentry"],"_links":{"self":[{"href":"https:\/\/biblian.is\/1981\/wp-json\/wp\/v2\/pages\/1917","targetHints":{"allow":["GET"]}}],"collection":[{"href":"https:\/\/biblian.is\/1981\/wp-json\/wp\/v2\/pages"}],"about":[{"href":"https:\/\/biblian.is\/1981\/wp-json\/wp\/v2\/types\/page"}],"author":[{"embeddable":true,"href":"https:\/\/biblian.is\/1981\/wp-json\/wp\/v2\/users\/1"}],"replies":[{"embeddable":true,"href":"https:\/\/biblian.is\/1981\/wp-json\/wp\/v2\/comments?post=1917"}],"version-history":[{"count":0,"href":"https:\/\/biblian.is\/1981\/wp-json\/wp\/v2\/pages\/1917\/revisions"}],"wp:attachment":[{"href":"https:\/\/biblian.is\/1981\/wp-json\/wp\/v2\/media?parent=1917"}],"curies":[{"name":"wp","href":"https:\/\/api.w.org\/{rel}","templated":true}]}}