{"id":1916,"date":"2017-11-18T20:19:15","date_gmt":"2017-11-18T20:19:15","guid":{"rendered":"http:\/\/biblian.is\/1981\/salmarnir-91-kafli\/"},"modified":"2021-06-06T11:10:07","modified_gmt":"2021-06-06T11:10:07","slug":"salmarnir-91-kafli","status":"publish","type":"page","link":"https:\/\/biblian.is\/1981\/salmarnir-91-kafli\/","title":{"rendered":"S\u00e1lmarnir 91. kafli"},"content":{"rendered":"<p><a name=\"1\"><span class=\"versanumer\">1<\/span><\/a>S\u00e6ll er s\u00e1, er situr \u00ed skj\u00f3li Hins h\u00e6sta, s\u00e1 er gistir \u00ed skugga Hins alm\u00e1ttka,<a name=\"2\"><span class=\"versanumer\">2<\/span><\/a>s\u00e1 er segir vi\u00f0 Drottin: H\u00e6li mitt og h\u00e1borg, Gu\u00f0 minn, er \u00e9g tr\u00fai \u00e1!<a name=\"3\"><span class=\"versanumer\">3<\/span><\/a>Hann frelsar \u00feig \u00far sn\u00f6ru fuglarans, fr\u00e1 dreps\u00f3tt gl\u00f6tunarinnar,<a name=\"4\"><span class=\"versanumer\">4<\/span><\/a>hann sk\u00fdlir \u00fe\u00e9r me\u00f0 fj\u00f6\u00f0rum s\u00ednum, undir v\u00e6ngjum hans m\u00e1tt \u00fe\u00fa h\u00e6lis leita, tr\u00fafesti hans er skj\u00f6ldur og verja.<a name=\"5\"><span class=\"versanumer\">5<\/span><\/a>Eigi \u00fearft \u00fe\u00fa a\u00f0 \u00f3ttast \u00f3gnir n\u00e6turinnar, e\u00f0a \u00f6rina, sem fl\u00fdgur um daga,<a name=\"6\"><span class=\"versanumer\">6<\/span><\/a>dreps\u00f3ttina, er reikar um \u00ed dimmunni, e\u00f0a s\u00fdkina, er geisar um h\u00e1degi\u00f0.<a name=\"7\"><span class=\"versanumer\">7<\/span><\/a>\u00de\u00f3tt \u00fe\u00fasund falli \u00fe\u00e9r vi\u00f0 hli\u00f0 og t\u00edu \u00fe\u00fasund \u00fe\u00e9r til h\u00e6gri handar, \u00fe\u00e1 n\u00e6r \u00fea\u00f0 ekki til \u00fe\u00edn.<a name=\"8\"><span class=\"versanumer\">8<\/span><\/a>\u00de\u00fa horfir a\u00f0eins \u00e1 me\u00f0 augunum, s\u00e9r hversu \u00f3gu\u00f0legum er endurgoldi\u00f0.<a name=\"9\"><span class=\"versanumer\">9<\/span><\/a>\u00deitt h\u00e6li er Drottinn, \u00fe\u00fa hefir gj\u00f6rt Hinn h\u00e6sta a\u00f0 athvarfi \u00fe\u00ednu.<a name=\"10\"><span class=\"versanumer\">10<\/span><\/a>Engin \u00f3g\u00e6fa hendir \u00feig, og engin pl\u00e1ga n\u00e1lgast tjald \u00feitt.<a name=\"11\"><span class=\"versanumer\">11<\/span><\/a>\u00dev\u00ed a\u00f0 \u00fe\u00edn vegna b\u00fd\u00f0ur hann \u00fat englum s\u00ednum til \u00feess a\u00f0 g\u00e6ta \u00fe\u00edn \u00e1 \u00f6llum vegum \u00fe\u00ednum.<a name=\"12\"><span class=\"versanumer\">12<\/span><\/a>\u00deeir munu bera \u00feig \u00e1 h\u00f6ndum s\u00e9r, til \u00feess a\u00f0 \u00fe\u00fa steytir ekki f\u00f3t \u00feinn vi\u00f0 steini.<a name=\"13\"><span class=\"versanumer\">13<\/span><\/a>\u00de\u00fa skalt st\u00edga ofan \u00e1 h\u00f6ggorma og n\u00f6\u00f0rur, tro\u00f0a f\u00f3tum lj\u00f3n og dreka.<a name=\"14\"><span class=\"versanumer\">14<\/span><\/a>Af \u00fev\u00ed a\u00f0 hann leggur \u00e1st \u00e1 mig, mun \u00e9g frelsa hann, \u00e9g bjarga honum, af \u00fev\u00ed a\u00f0 hann \u00feekkir nafn mitt.<a name=\"15\"><span class=\"versanumer\">15<\/span><\/a>\u00c1kalli hann mig, mun \u00e9g b\u00e6nheyra hann, \u00e9g er hj\u00e1 honum \u00ed ney\u00f0inni, \u00e9g frelsa hann og gj\u00f6ri hann vegsamlegan.<a name=\"16\"><span class=\"versanumer\">16<\/span><\/a>\u00c9g metta hann me\u00f0 fj\u00f6ld l\u00edfdaga og l\u00e6t hann sj\u00e1 hj\u00e1lpr\u00e6\u00f0i mitt.<\/p>\n<div class=\"footnote1981\"><b>91.2<\/b> H\u00e6li og h\u00e1borg sbr Slm 27.1+ ; 62.3,8 \u2013 treysta Gu\u00f0i Slm 9.11+ ; 55.24+<br \/>\n<b>91.3<\/b> \u00dar sn\u00f6ru Slm 124.7+ ; sbr 9.16+<br \/>\n<b>91.4<\/b> Sk\u00fdla me\u00f0 fj\u00f6\u00f0rum 5M\u00f3s 32.11; Slm 17.8+<br \/>\n<b>91.11<\/b> B\u00fd\u00f0ur \u00fat englum s\u00ednum Matt 4.6<br \/>\n<b>91.13<\/b> Ekkert a\u00f0 \u00f3ttast Job 5.19-22 \u2013 tro\u00f0a f\u00f3tum dreka L\u00fak 10.19<br \/>\n<b>91.16<\/b> Sj\u00e1 hj\u00e1lpr\u00e6\u00f0i mitt Slm 50.23<\/div>\n","protected":false},"excerpt":{"rendered":"<p>1S\u00e6ll er s\u00e1, er situr \u00ed skj\u00f3li Hins h\u00e6sta, s\u00e1 er gistir \u00ed skugga Hins alm\u00e1ttka,2s\u00e1 er segir vi\u00f0 Drottin: H\u00e6li mitt og h\u00e1borg, Gu\u00f0 minn, er \u00e9g tr\u00fai \u00e1!3Hann frelsar \u00feig \u00far sn\u00f6ru fuglarans, fr\u00e1 dreps\u00f3tt gl\u00f6tunarinnar,4hann sk\u00fdlir \u00fe\u00e9r me\u00f0 fj\u00f6\u00f0rum s\u00ednum, undir v\u00e6ngjum hans m\u00e1tt \u00fe\u00fa h\u00e6lis leita, tr\u00fafesti hans er skj\u00f6ldur og verja.5Eigi \u00fearft \u00fe\u00fa a\u00f0 \u00f3ttast \u00f3gnir n\u00e6turinnar, e\u00f0a \u00f6rina, sem fl\u00fdgur um daga,6dreps\u00f3ttina, er reikar um \u00ed dimmunni, e\u00f0a s\u00fdkina, er geisar um h\u00e1degi\u00f0.7\u00de\u00f3tt \u00fe\u00fasund falli \u00fe\u00e9r vi\u00f0 hli\u00f0 og t\u00edu \u00fe\u00fasund \u00fe\u00e9r til h\u00e6gri handar, \u00fe\u00e1 n\u00e6r \u00fea\u00f0 ekki til \u00fe\u00edn.8\u00de\u00fa horfir a\u00f0eins \u00e1 <a href=\"https:\/\/biblian.is\/1981\/salmarnir-91-kafli\/\"> [&#8230;]<\/a><\/p>\n","protected":false},"author":1,"featured_media":0,"parent":0,"menu_order":0,"comment_status":"open","ping_status":"open","template":"bibliukaflar.php","meta":{"footnotes":""},"class_list":["post-1916","page","type-page","status-publish","hentry"],"_links":{"self":[{"href":"https:\/\/biblian.is\/1981\/wp-json\/wp\/v2\/pages\/1916","targetHints":{"allow":["GET"]}}],"collection":[{"href":"https:\/\/biblian.is\/1981\/wp-json\/wp\/v2\/pages"}],"about":[{"href":"https:\/\/biblian.is\/1981\/wp-json\/wp\/v2\/types\/page"}],"author":[{"embeddable":true,"href":"https:\/\/biblian.is\/1981\/wp-json\/wp\/v2\/users\/1"}],"replies":[{"embeddable":true,"href":"https:\/\/biblian.is\/1981\/wp-json\/wp\/v2\/comments?post=1916"}],"version-history":[{"count":0,"href":"https:\/\/biblian.is\/1981\/wp-json\/wp\/v2\/pages\/1916\/revisions"}],"wp:attachment":[{"href":"https:\/\/biblian.is\/1981\/wp-json\/wp\/v2\/media?parent=1916"}],"curies":[{"name":"wp","href":"https:\/\/api.w.org\/{rel}","templated":true}]}}