{"id":1915,"date":"2017-11-18T20:19:15","date_gmt":"2017-11-18T20:19:15","guid":{"rendered":"http:\/\/biblian.is\/1981\/salmarnir-90-kafli\/"},"modified":"2021-06-06T11:10:06","modified_gmt":"2021-06-06T11:10:06","slug":"salmarnir-90-kafli","status":"publish","type":"page","link":"https:\/\/biblian.is\/1981\/salmarnir-90-kafli\/","title":{"rendered":"S\u00e1lmarnir 90. kafli"},"content":{"rendered":"<p><a name=\"1\"><span class=\"versanumer\">1<\/span><\/a>B\u00e6n gu\u00f0smannsins M\u00f3se. Drottinn, \u00fe\u00fa hefir veri\u00f0 oss athvarf fr\u00e1 kyni til kyns.<a name=\"2\"><span class=\"versanumer\">2<\/span><\/a>\u00c1\u00f0ur en fj\u00f6llin f\u00e6ddust og j\u00f6r\u00f0in og heimurinn ur\u00f0u til, fr\u00e1 eil\u00edf\u00f0 til eil\u00edf\u00f0ar ert \u00fe\u00fa, \u00f3 Gu\u00f0.<a name=\"3\"><span class=\"versanumer\">3<\/span><\/a>\u00de\u00fa l\u00e6tur manninn hverfa aftur til duftsins og segir: Hverfi\u00f0 aftur, \u00fe\u00e9r mannanna b\u00f6rn!<a name=\"4\"><span class=\"versanumer\">4<\/span><\/a>\u00dev\u00ed a\u00f0 \u00fe\u00fasund \u00e1r eru \u00ed \u00fe\u00ednum augum sem dagurinn \u00ed g\u00e6r, \u00feegar hann er li\u00f0inn, j\u00e1, eins og n\u00e6turvaka.<a name=\"5\"><span class=\"versanumer\">5<\/span><\/a>\u00de\u00fa hr\u00edfur \u00fe\u00e1 burt, sem \u00ed svefni, \u00fe\u00e1 er a\u00f0 morgni voru sem gr\u00f3andi gras.<a name=\"6\"><span class=\"versanumer\">6<\/span><\/a>A\u00f0 morgni bl\u00f3mgast \u00fea\u00f0 og gr\u00e6r, a\u00f0 kveldi f\u00f6lnar \u00fea\u00f0 og visnar.<a name=\"7\"><span class=\"versanumer\">7<\/span><\/a>V\u00e9r hverfum fyrir rei\u00f0i \u00feinni, skelfumst fyrir br\u00e6\u00f0i \u00feinni.<a name=\"8\"><span class=\"versanumer\">8<\/span><\/a>\u00de\u00fa hefir sett misgj\u00f6r\u00f0ir vorar fyrir augu \u00fe\u00e9r, vorar huldu syndir fyrir lj\u00f3s auglitis \u00fe\u00edns.<a name=\"9\"><span class=\"versanumer\">9<\/span><\/a>Allir dagar vorir hverfa fyrir rei\u00f0i \u00feinni, \u00e1r vor l\u00ed\u00f0a sem andvarp.<a name=\"10\"><span class=\"versanumer\">10<\/span><\/a>\u00c6vidagar vorir eru sj\u00f6t\u00edu \u00e1r og \u00feegar best l\u00e6tur \u00e1ttat\u00edu \u00e1r, og d\u00fdrsta hnossi\u00f0 er m\u00e6\u00f0a og h\u00e9g\u00f3mi, \u00fev\u00ed a\u00f0 \u00feeir l\u00ed\u00f0a \u00ed skyndi og v\u00e9r flj\u00fagum burt.<a name=\"11\"><span class=\"versanumer\">11<\/span><\/a>Hver \u00feekkir styrkleik rei\u00f0i \u00feinnar og br\u00e6\u00f0i \u00fe\u00edna, svo sem hana ber a\u00f0 \u00f3ttast?<a name=\"12\"><span class=\"versanumer\">12<\/span><\/a>Kenn oss a\u00f0 telja daga vora, a\u00f0 v\u00e9r megum \u00f6\u00f0last viturt hjarta.<a name=\"13\"><span class=\"versanumer\">13<\/span><\/a>Sn\u00fa \u00fe\u00fa aftur, Drottinn. Hversu lengi er \u00feess a\u00f0 b\u00ed\u00f0a, a\u00f0 \u00fe\u00fa aumkist yfir \u00fej\u00f3na \u00fe\u00edna?<a name=\"14\"><span class=\"versanumer\">14<\/span><\/a>Metta oss a\u00f0 morgni me\u00f0 miskunn \u00feinni, a\u00f0 v\u00e9r megum fagna og gle\u00f0jast alla daga vora.<a name=\"15\"><span class=\"versanumer\">15<\/span><\/a>Veit oss gle\u00f0i \u00ed sta\u00f0 daga \u00feeirra, er \u00fe\u00fa hefir l\u00e6gt oss, \u00e1ra \u00feeirra, er v\u00e9r h\u00f6fum illt reynt.<a name=\"16\"><span class=\"versanumer\">16<\/span><\/a>L\u00e1t d\u00e1\u00f0ir \u00fe\u00ednar birtast \u00fej\u00f3num \u00fe\u00ednum og d\u00fdr\u00f0 \u00fe\u00edna b\u00f6rnum \u00feeirra.<a name=\"17\"><span class=\"versanumer\">17<\/span><\/a>Hylli Drottins, Gu\u00f0s vors, s\u00e9 yfir oss, styrk \u00fe\u00fa verk handa vorra.<\/p>\n<div class=\"footnote1981\"><b>90.1<\/b> Gu\u00f0sma\u00f0urinn M\u00f3se 5M\u00f3s 33.1<br \/>\n<b>90.2<\/b> \u00c1\u00f0ur en 1M\u00f3s 1.1-2; Job 38.4-7; Okv 8.22-31; J\u00f3h 1.1-5 \u2013 fr\u00e1 eil\u00edf\u00f0 Slm 93.2; Hab 1.12<br \/>\n<b>90.3<\/b> Aftur til duftsins Slm 104.29; 1M\u00f3s 3.19; Job 34.15; Pr\u00e9d 3.20; 12.7<br \/>\n<b>90.4<\/b> \u00de\u00fasund \u00e1r sem einn dagur 2P\u00e9t 3.8<br \/>\n<b>90.5-6<\/b> Dagar mannsins sem grasi\u00f0 Slm 37.2; 103.15-16; Jes 40.7-8; Job 14.2; Jak 1.10-11<br \/>\n<b>90.10<\/b> L\u00ed\u00f0a \u00ed Skyndi Pr\u00e9d 12.1-7; S\u00edr 18.9-10<br \/>\n<b>90.12<\/b> Notum t\u00edmann sbr Gal 6.10 \u2013 Gu\u00f0s \u00f3tti og viska Okv 1.7<br \/>\n<b>90.13<\/b> Sn\u00fa \u00fe\u00fa aftur Drottinn Slm 6.5 \u2013 hversu lengi? Slm 6.4+<br \/>\n<b>90.14<\/b> Metta Slm 17.15<\/div>\n","protected":false},"excerpt":{"rendered":"<p>1B\u00e6n gu\u00f0smannsins M\u00f3se. Drottinn, \u00fe\u00fa hefir veri\u00f0 oss athvarf fr\u00e1 kyni til kyns.2\u00c1\u00f0ur en fj\u00f6llin f\u00e6ddust og j\u00f6r\u00f0in og heimurinn ur\u00f0u til, fr\u00e1 eil\u00edf\u00f0 til eil\u00edf\u00f0ar ert \u00fe\u00fa, \u00f3 Gu\u00f0.3\u00de\u00fa l\u00e6tur manninn hverfa aftur til duftsins og segir: Hverfi\u00f0 aftur, \u00fe\u00e9r mannanna b\u00f6rn!4\u00dev\u00ed a\u00f0 \u00fe\u00fasund \u00e1r eru \u00ed \u00fe\u00ednum augum sem dagurinn \u00ed g\u00e6r, \u00feegar hann er li\u00f0inn, j\u00e1, eins og n\u00e6turvaka.5\u00de\u00fa hr\u00edfur \u00fe\u00e1 burt, sem \u00ed svefni, \u00fe\u00e1 er a\u00f0 morgni voru sem gr\u00f3andi gras.6A\u00f0 morgni bl\u00f3mgast \u00fea\u00f0 og gr\u00e6r, a\u00f0 kveldi f\u00f6lnar \u00fea\u00f0 og visnar.7V\u00e9r hverfum fyrir rei\u00f0i \u00feinni, skelfumst fyrir br\u00e6\u00f0i \u00feinni.8\u00de\u00fa hefir sett misgj\u00f6r\u00f0ir vorar fyrir <a href=\"https:\/\/biblian.is\/1981\/salmarnir-90-kafli\/\"> [&#8230;]<\/a><\/p>\n","protected":false},"author":1,"featured_media":0,"parent":0,"menu_order":0,"comment_status":"open","ping_status":"open","template":"bibliukaflar.php","meta":{"footnotes":""},"class_list":["post-1915","page","type-page","status-publish","hentry"],"_links":{"self":[{"href":"https:\/\/biblian.is\/1981\/wp-json\/wp\/v2\/pages\/1915","targetHints":{"allow":["GET"]}}],"collection":[{"href":"https:\/\/biblian.is\/1981\/wp-json\/wp\/v2\/pages"}],"about":[{"href":"https:\/\/biblian.is\/1981\/wp-json\/wp\/v2\/types\/page"}],"author":[{"embeddable":true,"href":"https:\/\/biblian.is\/1981\/wp-json\/wp\/v2\/users\/1"}],"replies":[{"embeddable":true,"href":"https:\/\/biblian.is\/1981\/wp-json\/wp\/v2\/comments?post=1915"}],"version-history":[{"count":0,"href":"https:\/\/biblian.is\/1981\/wp-json\/wp\/v2\/pages\/1915\/revisions"}],"wp:attachment":[{"href":"https:\/\/biblian.is\/1981\/wp-json\/wp\/v2\/media?parent=1915"}],"curies":[{"name":"wp","href":"https:\/\/api.w.org\/{rel}","templated":true}]}}