{"id":1914,"date":"2017-11-18T20:19:15","date_gmt":"2017-11-18T20:19:15","guid":{"rendered":"http:\/\/biblian.is\/1981\/salmarnir-89-kafli\/"},"modified":"2021-06-06T11:10:05","modified_gmt":"2021-06-06T11:10:05","slug":"salmarnir-89-kafli","status":"publish","type":"page","link":"https:\/\/biblian.is\/1981\/salmarnir-89-kafli\/","title":{"rendered":"S\u00e1lmarnir 89. kafli"},"content":{"rendered":"<p><a name=\"1\"><span class=\"versanumer\">1<\/span><\/a>Etans-mask\u00edl Esra\u00edta.<a name=\"2\"><span class=\"versanumer\">2<\/span><\/a>Um n\u00e1\u00f0arverk Drottins vil \u00e9g syngja a\u00f0 eil\u00edfu, kunngj\u00f6ra tr\u00fafesti \u00fe\u00edna me\u00f0 munni m\u00ednum fr\u00e1 kyni til kyns,<a name=\"3\"><span class=\"versanumer\">3<\/span><\/a>\u00fev\u00ed a\u00f0 \u00e9g hefi sagt: N\u00e1\u00f0 \u00fe\u00edn er traust a\u00f0 eil\u00edfu, \u00e1 himninum grundvalla\u00f0ir \u00fe\u00fa tr\u00fafesti \u00fe\u00edna.<a name=\"4\"><span class=\"versanumer\">4<\/span><\/a>\u00c9g hefi gj\u00f6rt s\u00e1ttm\u00e1la vi\u00f0 minn \u00fatvalda, unni\u00f0 Dav\u00ed\u00f0 \u00fej\u00f3ni m\u00ednum svol\u00e1tandi ei\u00f0:<a name=\"5\"><span class=\"versanumer\">5<\/span><\/a>\u00c9g vil sta\u00f0festa \u00e6tt \u00fe\u00edna a\u00f0 eil\u00edfu, reisa h\u00e1s\u00e6ti \u00feitt fr\u00e1 kyni til kyns.  Sela<a name=\"6\"><span class=\"versanumer\">6<\/span><\/a>\u00de\u00e1 lofu\u00f0u himnarnir d\u00e1semdarverk \u00fe\u00edn, Drottinn, og s\u00f6fnu\u00f0ur heilagra tr\u00fafesti \u00fe\u00edna.<a name=\"7\"><span class=\"versanumer\">7<\/span><\/a>\u00dev\u00ed a\u00f0 hver er \u00ed himninum jafn Drottni, hver er l\u00edkur Drottni me\u00f0al gu\u00f0asonanna?<a name=\"8\"><span class=\"versanumer\">8<\/span><\/a>Gu\u00f0 er \u00e6gilegur \u00ed h\u00f3pi heilagra, mikill er hann og \u00f3ttalegur \u00f6llum \u00feeim, sem eru umhverfis hann.<a name=\"9\"><span class=\"versanumer\">9<\/span><\/a>Drottinn, Gu\u00f0 hersveitanna, hver er sem \u00fe\u00fa? \u00de\u00fa ert voldugur, Drottinn, og tr\u00fafesti \u00fe\u00edn er umhverfis \u00feig.<a name=\"10\"><span class=\"versanumer\">10<\/span><\/a>\u00de\u00fa r\u00e6\u00f0ur yfir ofstopa hafsins, \u00feegar \u00f6ldur \u00feess hefjast, st\u00f6\u00f0var \u00fe\u00fa \u00fe\u00e6r.<a name=\"11\"><span class=\"versanumer\">11<\/span><\/a>\u00de\u00fa knosa\u00f0ir skr\u00edmsli\u00f0 eins og veginn mann, me\u00f0 \u00fe\u00ednum volduga armi tv\u00edstra\u00f0ir \u00fe\u00fa \u00f3vinum \u00fe\u00ednum.<a name=\"12\"><span class=\"versanumer\">12<\/span><\/a>\u00deinn er himinninn, \u00fe\u00edn er og j\u00f6r\u00f0in, \u00fe\u00fa hefir grundvalla\u00f0 ver\u00f6ldina og allt sem \u00ed henni er.<a name=\"13\"><span class=\"versanumer\">13<\/span><\/a>\u00de\u00fa hefir skapa\u00f0 nor\u00f0ri\u00f0 og su\u00f0ri\u00f0, Tabor og Hermon fagna yfir nafni \u00fe\u00ednu.<a name=\"14\"><span class=\"versanumer\">14<\/span><\/a>\u00de\u00fa hefir m\u00e1ttugan armlegg, h\u00f6nd \u00fe\u00edn er sterk, h\u00e1tt upphafin h\u00e6gri h\u00f6nd \u00fe\u00edn.<a name=\"15\"><span class=\"versanumer\">15<\/span><\/a>R\u00e9ttl\u00e6ti og r\u00e9ttv\u00edsi er grundv\u00f6llur h\u00e1s\u00e6tis \u00fe\u00edns, miskunn og tr\u00fafesti ganga frammi fyrir \u00fe\u00e9r.<a name=\"16\"><span class=\"versanumer\">16<\/span><\/a>S\u00e6ll er s\u00e1 l\u00fd\u00f0ur, sem \u00feekkir fagna\u00f0ar\u00f3pi\u00f0, sem gengur \u00ed lj\u00f3si auglitis \u00fe\u00edns, Drottinn.<a name=\"17\"><span class=\"versanumer\">17<\/span><\/a>\u00deeir gle\u00f0jast yfir nafni \u00fe\u00ednu alla daga og fagna yfir r\u00e9ttl\u00e6ti \u00fe\u00ednu,<a name=\"18\"><span class=\"versanumer\">18<\/span><\/a>\u00fev\u00ed a\u00f0 \u00fe\u00fa ert \u00feeirra m\u00e1ttug pr\u00fd\u00f0i, og sakir vel\u00fe\u00f3knunar \u00feinnar munt \u00fe\u00fa hefja horn vort,<a name=\"19\"><span class=\"versanumer\">19<\/span><\/a>\u00fev\u00ed a\u00f0 Drottni heyrir skj\u00f6ldur vor, konungur vor Hinum heilaga \u00ed \u00cdsrael.<a name=\"20\"><span class=\"versanumer\">20<\/span><\/a>\u00de\u00e1 tala\u00f0ir \u00fe\u00fa \u00ed s\u00fdn til d\u00fdrkanda \u00fe\u00edns og sag\u00f0ir: \u00c9g hefi sett k\u00f3r\u00f3nu \u00e1 kappa, \u00e9g hefi upphafi\u00f0 \u00fatvaldan mann af l\u00fd\u00f0num.<a name=\"21\"><span class=\"versanumer\">21<\/span><\/a>\u00c9g hefi fundi\u00f0 Dav\u00ed\u00f0 \u00fej\u00f3n minn, smurt hann me\u00f0 minni heil\u00f6gu ol\u00edu.<a name=\"22\"><span class=\"versanumer\">22<\/span><\/a>H\u00f6nd m\u00edn mun gj\u00f6ra hann st\u00f6\u00f0ugan og armleggur minn styrkja hann.<a name=\"23\"><span class=\"versanumer\">23<\/span><\/a>\u00d3vinurinn skal eigi r\u00e1\u00f0ast a\u00f0 honum, og ekkert illmenni skal k\u00faga hann,<a name=\"24\"><span class=\"versanumer\">24<\/span><\/a>heldur skal \u00e9g gj\u00f6ra \u00fat af vi\u00f0 fjendur hans a\u00f0 honum \u00e1sj\u00e1andi, og hatursmenn hans skal \u00e9g lj\u00f3sta.<a name=\"25\"><span class=\"versanumer\">25<\/span><\/a>Tr\u00fafesti m\u00edn og miskunn skulu vera me\u00f0 honum, og fyrir sakir nafns m\u00edns skal horn hans gn\u00e6fa h\u00e1tt.<a name=\"26\"><span class=\"versanumer\">26<\/span><\/a>\u00c9g legg h\u00f6nd hans \u00e1 hafi\u00f0 og h\u00e6gri h\u00f6nd hans \u00e1 flj\u00f3tin.<a name=\"27\"><span class=\"versanumer\">27<\/span><\/a>Hann mun segja vi\u00f0 mig: \u00de\u00fa ert fa\u00f0ir minn, Gu\u00f0 minn og klettur hj\u00e1lpr\u00e6\u00f0is m\u00edns.<a name=\"28\"><span class=\"versanumer\">28<\/span><\/a>Og \u00e9g vil gj\u00f6ra hann a\u00f0 frumgetning, a\u00f0 hinum h\u00e6sta me\u00f0al konunga jar\u00f0arinnar.<a name=\"29\"><span class=\"versanumer\">29<\/span><\/a>\u00c9g vil var\u00f0veita miskunn m\u00edna vi\u00f0 hann a\u00f0 eil\u00edfu, og s\u00e1ttm\u00e1li minn vi\u00f0 hann skal st\u00f6\u00f0ugur standa.<a name=\"30\"><span class=\"versanumer\">30<\/span><\/a>\u00c9g l\u00e6t ni\u00f0ja hans haldast vi\u00f0 um aldur og h\u00e1s\u00e6ti hans me\u00f0an himinninn er til.<a name=\"31\"><span class=\"versanumer\">31<\/span><\/a>Ef synir hans hafna l\u00f6gm\u00e1li m\u00ednu og ganga eigi eftir bo\u00f0um m\u00ednum,<a name=\"32\"><span class=\"versanumer\">32<\/span><\/a>ef \u00feeir vanhelga l\u00f6g m\u00edn og var\u00f0veita eigi bo\u00f0or\u00f0 m\u00edn,<a name=\"33\"><span class=\"versanumer\">33<\/span><\/a>\u00fe\u00e1 vil \u00e9g vitja afbrota \u00feeirra me\u00f0 vendinum og misgj\u00f6r\u00f0a \u00feeirra me\u00f0 pl\u00e1gum,<a name=\"34\"><span class=\"versanumer\">34<\/span><\/a>en miskunn m\u00edna mun \u00e9g ekki fr\u00e1 honum taka og eigi breg\u00f0a tr\u00fafesti minni.<a name=\"35\"><span class=\"versanumer\">35<\/span><\/a>\u00c9g vil eigi vanhelga s\u00e1ttm\u00e1la minn og eigi breyta \u00fev\u00ed, er m\u00e9r hefir af v\u00f6rum li\u00f0i\u00f0.<a name=\"36\"><span class=\"versanumer\">36<\/span><\/a>\u00c9g hefi einu sinni svari\u00f0 vi\u00f0 heilagleik minn og mun aldrei sv\u00edkja Dav\u00ed\u00f0:<a name=\"37\"><span class=\"versanumer\">37<\/span><\/a>Ni\u00f0jar hans skulu haldast vi\u00f0 um aldur og h\u00e1s\u00e6ti hans sem s\u00f3lin fyrir m\u00e9r.<a name=\"38\"><span class=\"versanumer\">38<\/span><\/a>\u00dea\u00f0 skal standa st\u00f6\u00f0ugt a\u00f0 eil\u00edfu sem tungli\u00f0, svo sannarlega sem \u00e1rei\u00f0anlegt vitni er \u00e1 himnum.  Sela<a name=\"39\"><span class=\"versanumer\">39<\/span><\/a>Og \u00fe\u00f3 hefir \u00fe\u00fa \u00fatsk\u00fafa\u00f0 og hafna\u00f0 og rei\u00f0st \u00fe\u00ednum smur\u00f0a.<a name=\"40\"><span class=\"versanumer\">40<\/span><\/a>\u00de\u00fa hefir rifta\u00f0 s\u00e1ttm\u00e1lanum vi\u00f0 \u00fej\u00f3n \u00feinn, vanhelga\u00f0 k\u00f3r\u00f3nu hans og fleygt henni til jar\u00f0ar.<a name=\"41\"><span class=\"versanumer\">41<\/span><\/a>\u00de\u00fa hefir broti\u00f0 ni\u00f0ur alla m\u00farveggi hans og lagt virki hans \u00ed ey\u00f0i.<a name=\"42\"><span class=\"versanumer\">42<\/span><\/a>Allir vegfarendur r\u00e6na hann, hann er til h\u00e1\u00f0ungar or\u00f0inn n\u00e1gr\u00f6nnum s\u00ednum.<a name=\"43\"><span class=\"versanumer\">43<\/span><\/a>\u00de\u00fa hefir hafi\u00f0 h\u00e6gri h\u00f6nd fjenda hans, glatt alla \u00f3vini hans.<a name=\"44\"><span class=\"versanumer\">44<\/span><\/a>\u00de\u00fa hefir og l\u00e1ti\u00f0 sver\u00f0seggjar hans h\u00f6rfa undan og eigi l\u00e1ti\u00f0 hann standast \u00ed bardaganum.<a name=\"45\"><span class=\"versanumer\">45<\/span><\/a>\u00de\u00fa hefir l\u00e1ti\u00f0 endi \u00e1 ver\u00f0a vegsemd hans og hrundi\u00f0 h\u00e1s\u00e6ti hans til jar\u00f0ar.<a name=\"46\"><span class=\"versanumer\">46<\/span><\/a>\u00de\u00fa hefir stytt \u00e6skudaga hans og huli\u00f0 hann sk\u00f6mm.  Sela<a name=\"47\"><span class=\"versanumer\">47<\/span><\/a>Hversu lengi, Drottinn, \u00e6tlar \u00fe\u00fa a\u00f0 dyljast, \u00e1 rei\u00f0i \u00fe\u00edn \u00e6t\u00ed\u00f0 a\u00f0 brenna sem eldur?<a name=\"48\"><span class=\"versanumer\">48<\/span><\/a>Minnst \u00fe\u00fa, Drottinn, hva\u00f0 \u00e6vin er, til hv\u00edl\u00edks h\u00e9g\u00f3ma \u00fe\u00fa hefir skapa\u00f0 \u00f6ll mannanna b\u00f6rn.<a name=\"49\"><span class=\"versanumer\">49<\/span><\/a>Hver er s\u00e1, er lifi og sj\u00e1i eigi dau\u00f0ann, s\u00e1 er bjargi s\u00e1lu sinni \u00far greipum Heljar.  Sela<a name=\"50\"><span class=\"versanumer\">50<\/span><\/a>Hvar eru \u00fe\u00edn fyrri n\u00e1\u00f0arverk, \u00f3 Drottinn, \u00feau er \u00fe\u00fa \u00ed tr\u00fafesti \u00feinni s\u00f3rst Dav\u00ed\u00f0?<a name=\"51\"><span class=\"versanumer\">51<\/span><\/a>Minnst, \u00f3 Drottinn, h\u00e1\u00f0ungar \u00fej\u00f3na \u00feinna, a\u00f0 \u00e9g ver\u00f0 a\u00f0 bera \u00ed skauti sm\u00e1nan margra \u00fej\u00f3\u00f0a,<a name=\"52\"><span class=\"versanumer\">52<\/span><\/a>er \u00f3vinir \u00fe\u00ednir, Drottinn, sm\u00e1na mig me\u00f0, sm\u00e1na f\u00f3tspor \u00fe\u00edns smur\u00f0a.<a name=\"53\"><span class=\"versanumer\">53<\/span><\/a>Lofa\u00f0ur s\u00e9 Drottinn a\u00f0 eil\u00edfu. Amen. Amen.<\/p>\n<div class=\"footnote1981\"><b>89.1<\/b> Etan 1Kro 15.17-19 \u2013 Esra\u00edti Slm 88.1+<br \/>\n<b>89.4-5<\/b> Fyrirheit Gu\u00f0s til Dav\u00ed\u00f0s 2Sam 7.11-17; 2Sam 23.5; Post 2.30<br \/>\n<b>89.6-7<\/b> Heilagir, gu\u00f0asynir Slm 89.7-9; 138.1+<br \/>\n<b>89.7-9<\/b> Hver er jafn Drottni? Jes 40.18,25; 46.5<br \/>\n<b>89.10<\/b> Drottinn l\u00e6gir hafi\u00f0 Slm 65.8; 107.29; Job 38.8-11; Mrk 4.41<br \/>\n<b>89.11<\/b> Drottinn sigrar hafi\u00f0 Slm 74.13<br \/>\n<b>89.12<\/b> \u00deinn er himininn &#8230; Slm 24.1-2<br \/>\n<b>89.13<\/b> Tabor H\u00f3s 5.1 \u2013 Hermnon Slm 42.7+<br \/>\n<b>89.15<\/b> R\u00e9ttl\u00e6ti og r\u00e9ttv\u00edsi Jes 9.6+ &#8211; miskunn og tr\u00fafesti Slm 85.11+<br \/>\n<b>89.16<\/b> S\u00e6ll &#8230; Slm 1.1+ &#8211; lj\u00f3ma auglits \u00fe\u00edns Slm 80.4<br \/>\n<b>89.19<\/b> Hinn heilagi \u00ed \u00cdsrael Jes 1.4+<br \/>\n<b>89.20<\/b> Mann af l\u00fd\u00f0num 2Sam 7.8<br \/>\n<b>89.21<\/b> Fundi\u00f0 Dav\u00ed\u00f0 Post 13.22 \u2013 me\u00f0 ol\u00edu 1Sam 16.13<br \/>\n<b>89.27<\/b> Fa\u00f0ir minn 2Sam 7.14; Slm 2.7 \u2013 Gu\u00f0 minn Slm 22.11+ &#8211; klettur hj\u00e1lpr\u00e6\u00f0is m\u00edns Slm 18.3+<br \/>\n<b>89.28<\/b> Frumbur\u00f0ur, hinn \u00e6\u00f0sti Opb 1.5<br \/>\n<b>89.29<\/b> S\u00e1ttm\u00e1li vi\u00f0 Dav\u00ed\u00f0 Jer 33.21<br \/>\n<b>89.30<\/b> H\u00e1s\u00e6ti Dav\u00ed\u00f0s 2Sam 7.16; Jer 33.26<br \/>\n<b>89.31-33<\/b> Ef synir hans &#8230; 2Sam 7.14<br \/>\n<b>89.34<\/b> Tek ekki fr\u00e1 honum 2Sam 7.15<br \/>\n<b>89.38<\/b> Trausta vitni Opb 1.5<br \/>\n<b>89.39<\/b> \u00de\u00fa hefur \u00fatsk\u00fafa\u00f0 Slm 74.1; 77.8; 2Kon 23.27; Jer 7.15,29; 14.19; 33.24; Hlj 3.31; 5.22<br \/>\n<b>89.41<\/b> Brotnir varnarm\u00farar Slm 80.13<br \/>\n<b>89.42<\/b> Vegfarendur r\u00e6na Slm 80.13-14<br \/>\n<b>89.43<\/b> Glatt fjandmenn hans Slm 44.11,14; sbr L\u00fak 10.19<br \/>\n<b>89.47<\/b> Hversu lengi? Slm 6.4+ &#8211; rei\u00f0i \u00fe\u00edn a\u00f0 loga Slm 79.5<br \/>\n<b>89.48<\/b> Sk\u00f6pu\u00f0 til f\u00e1n\u00fdtis Slm 39.6; 90.9-10; 103.15-16; Job 10.20-21; 14.1-2; sbr SSal 2.1-5<br \/>\n<b>89.53<\/b> Lofa\u00f0ur s\u00e9 Drottinn &#8230; Slm 28.6+<\/div>\n","protected":false},"excerpt":{"rendered":"<p>1Etans-mask\u00edl Esra\u00edta.2Um n\u00e1\u00f0arverk Drottins vil \u00e9g syngja a\u00f0 eil\u00edfu, kunngj\u00f6ra tr\u00fafesti \u00fe\u00edna me\u00f0 munni m\u00ednum fr\u00e1 kyni til kyns,3\u00fev\u00ed a\u00f0 \u00e9g hefi sagt: N\u00e1\u00f0 \u00fe\u00edn er traust a\u00f0 eil\u00edfu, \u00e1 himninum grundvalla\u00f0ir \u00fe\u00fa tr\u00fafesti \u00fe\u00edna.4\u00c9g hefi gj\u00f6rt s\u00e1ttm\u00e1la vi\u00f0 minn \u00fatvalda, unni\u00f0 Dav\u00ed\u00f0 \u00fej\u00f3ni m\u00ednum svol\u00e1tandi ei\u00f0:5\u00c9g vil sta\u00f0festa \u00e6tt \u00fe\u00edna a\u00f0 eil\u00edfu, reisa h\u00e1s\u00e6ti \u00feitt fr\u00e1 kyni til kyns. Sela6\u00de\u00e1 lofu\u00f0u himnarnir d\u00e1semdarverk \u00fe\u00edn, Drottinn, og s\u00f6fnu\u00f0ur heilagra tr\u00fafesti \u00fe\u00edna.7\u00dev\u00ed a\u00f0 hver er \u00ed himninum jafn Drottni, hver er l\u00edkur Drottni me\u00f0al gu\u00f0asonanna?8Gu\u00f0 er \u00e6gilegur \u00ed h\u00f3pi heilagra, mikill er hann og \u00f3ttalegur \u00f6llum \u00feeim, sem eru umhverfis hann.9Drottinn, <a href=\"https:\/\/biblian.is\/1981\/salmarnir-89-kafli\/\"> [&#8230;]<\/a><\/p>\n","protected":false},"author":1,"featured_media":0,"parent":0,"menu_order":0,"comment_status":"open","ping_status":"open","template":"bibliukaflar.php","meta":{"footnotes":""},"class_list":["post-1914","page","type-page","status-publish","hentry"],"_links":{"self":[{"href":"https:\/\/biblian.is\/1981\/wp-json\/wp\/v2\/pages\/1914","targetHints":{"allow":["GET"]}}],"collection":[{"href":"https:\/\/biblian.is\/1981\/wp-json\/wp\/v2\/pages"}],"about":[{"href":"https:\/\/biblian.is\/1981\/wp-json\/wp\/v2\/types\/page"}],"author":[{"embeddable":true,"href":"https:\/\/biblian.is\/1981\/wp-json\/wp\/v2\/users\/1"}],"replies":[{"embeddable":true,"href":"https:\/\/biblian.is\/1981\/wp-json\/wp\/v2\/comments?post=1914"}],"version-history":[{"count":0,"href":"https:\/\/biblian.is\/1981\/wp-json\/wp\/v2\/pages\/1914\/revisions"}],"wp:attachment":[{"href":"https:\/\/biblian.is\/1981\/wp-json\/wp\/v2\/media?parent=1914"}],"curies":[{"name":"wp","href":"https:\/\/api.w.org\/{rel}","templated":true}]}}