{"id":1913,"date":"2017-11-18T20:19:15","date_gmt":"2017-11-18T20:19:15","guid":{"rendered":"http:\/\/biblian.is\/1981\/salmarnir-88-kafli\/"},"modified":"2021-06-06T11:10:05","modified_gmt":"2021-06-06T11:10:05","slug":"salmarnir-88-kafli","status":"publish","type":"page","link":"https:\/\/biblian.is\/1981\/salmarnir-88-kafli\/","title":{"rendered":"S\u00e1lmarnir 88. kafli"},"content":{"rendered":"<p><a name=\"1\"><span class=\"versanumer\">1<\/span><\/a>Lj\u00f3\u00f0. K\u00f3ra\u00edta-s\u00e1lmur. Til s\u00f6ngstj\u00f3rans. Syngist me\u00f0 Makalat-lagi. Hemans-mask\u00edl Esra\u00edta.<a name=\"2\"><span class=\"versanumer\">2<\/span><\/a>Drottinn, Gu\u00f0 minn, \u00e9g kalla um daga, um n\u00e6tur hr\u00f3pa \u00e9g frammi fyrir \u00fe\u00e9r.<a name=\"3\"><span class=\"versanumer\">3<\/span><\/a>L\u00e1t b\u00e6n m\u00edna koma fyrir \u00feig, hneig eyra a\u00f0 hr\u00f3pi m\u00ednu,<a name=\"4\"><span class=\"versanumer\">4<\/span><\/a>\u00fev\u00ed a\u00f0 s\u00e1l m\u00edn er mett or\u00f0in af b\u00f6li, og l\u00edf mitt n\u00e1l\u00e6gist Hel.<a name=\"5\"><span class=\"versanumer\">5<\/span><\/a>\u00c9g er talinn me\u00f0 \u00feeim, sem gengnir eru til grafar, \u00e9g er sem magn\u00ferota ma\u00f0ur.<a name=\"6\"><span class=\"versanumer\">6<\/span><\/a>M\u00e9r er fenginn b\u00fasta\u00f0ur me\u00f0 framli\u00f0num, eins og vegnum m\u00f6nnum, er liggja \u00ed gr\u00f6finni, er \u00fe\u00fa minnist eigi framar, \u00fev\u00ed a\u00f0 \u00feeir eru hrifnir burt \u00far hendi \u00feinni.<a name=\"7\"><span class=\"versanumer\">7<\/span><\/a>\u00de\u00fa hefir lagt mig \u00ed gryfju undirheima, \u00ed myrkri\u00f0 ni\u00f0ri \u00ed dj\u00fapinu.<a name=\"8\"><span class=\"versanumer\">8<\/span><\/a>Rei\u00f0i \u00fe\u00edn hv\u00edlir \u00e1 m\u00e9r, og alla bo\u00f0a \u00fe\u00edna hefir \u00fe\u00fa l\u00e1ti\u00f0 skella \u00e1 m\u00e9r.  Sela<a name=\"9\"><span class=\"versanumer\">9<\/span><\/a>\u00de\u00fa hefir fjarl\u00e6gt fr\u00e1 m\u00e9r kunningja m\u00edna, gj\u00f6rt mig a\u00f0 andstygg\u00f0 \u00ed augum \u00feeirra. \u00c9g er byrg\u00f0ur inni og kemst ekki \u00fat,<a name=\"10\"><span class=\"versanumer\">10<\/span><\/a>augu m\u00edn eru d\u00f6pru\u00f0 af eymd. \u00c9g \u00e1kalla \u00feig, Drottinn, dag hvern, brei\u00f0i \u00fat hendurnar \u00ed m\u00f3ti \u00fe\u00e9r.<a name=\"11\"><span class=\"versanumer\">11<\/span><\/a>Gj\u00f6rir \u00fe\u00fa fur\u00f0uverk vegna framli\u00f0inna, e\u00f0a munu hinir dau\u00f0u r\u00edsa upp til \u00feess a\u00f0 lofa \u00feig?  Sela<a name=\"12\"><span class=\"versanumer\">12<\/span><\/a>Er sagt fr\u00e1 miskunn \u00feinni \u00ed gr\u00f6finni, fr\u00e1 tr\u00fafesti \u00feinni \u00ed undirdj\u00fapunum?<a name=\"13\"><span class=\"versanumer\">13<\/span><\/a>Eru fur\u00f0uverk \u00fe\u00edn kunngj\u00f6r\u00f0 \u00ed myrkrinu e\u00f0a r\u00e9ttl\u00e6ti \u00feitt \u00ed landi gleymskunnar?<a name=\"14\"><span class=\"versanumer\">14<\/span><\/a>En \u00e9g hr\u00f3pa til \u00fe\u00edn, Drottinn, og \u00e1 morgnana kemur b\u00e6n m\u00edn fyrir \u00feig.<a name=\"15\"><span class=\"versanumer\">15<\/span><\/a>Hv\u00ed \u00fatsk\u00fafar \u00fe\u00fa, Drottinn, s\u00e1lu minni, hylur auglit \u00feitt fyrir m\u00e9r?<a name=\"16\"><span class=\"versanumer\">16<\/span><\/a>\u00c9g er hrj\u00e1\u00f0ur og a\u00f0\u00ferengdur fr\u00e1 \u00e6sku, \u00e9g ber skelfingar \u00fe\u00ednar og er r\u00e1\u00f0\u00ferota.<a name=\"17\"><span class=\"versanumer\">17<\/span><\/a>Rei\u00f0iblossar \u00fe\u00ednir ganga yfir mig, \u00f3gnir \u00fe\u00ednar ey\u00f0a m\u00e9r.<a name=\"18\"><span class=\"versanumer\">18<\/span><\/a>\u00de\u00e6r umkringja mig eins og v\u00f6tn allan li\u00f0langan daginn, lykja um mig allar saman.<a name=\"19\"><span class=\"versanumer\">19<\/span><\/a>\u00de\u00fa hefir fjarl\u00e6gt fr\u00e1 m\u00e9r \u00e1stvini og f\u00e9laga og gj\u00f6rt myrkri\u00f0 a\u00f0 kunningja m\u00ednum.<\/p>\n<div class=\"footnote1981\"><b>88.1<\/b> K\u00f3ra\u00edtar Slm 42.1 \u2013 Heman 1Kro 6.18; sbr 1Kon 5.11; 1Kro 2.6 \u2013 Esra\u00edtar Slm 89.1<br \/>\n<b>88.2<\/b> Um daga, um n\u00e6tur Slm 22.3 \u2013 kalla \u00e1 Drottinn sbr Slm 3.5+<br \/>\n<b>88.3<\/b> B\u00e6n m\u00edn Slm 102.2- hneig eyra Slm 71.2<br \/>\n<b>88.5<\/b> Gengnir til grafar Slm 22.30+<br \/>\n<b>88.7<\/b> \u00cd d\u00fdpstu gr\u00f6f Slm 18.5-6<br \/>\n<b>88.8<\/b> Bo\u00f0ar Slm 42.8<br \/>\n<b>88.9<\/b> Vinum vi\u00f0urstygg\u00f0 Slm 31.12+<br \/>\n<b>88.10<\/b> Lyfir h\u00f6ndunum Slm 77.3; 143.6<br \/>\n<b>88.11<\/b> Lofa \u00feig? Slm 6.6; Jes 38.18 \u2013 skuggarnir  Jes 26.14<br \/>\n<b>88.12<\/b> \u00cd Helju Job 26.6; 28.22; Okv 15.11; Opb 9.11<br \/>\n<b>88.14<\/b> Hr\u00f3pa til Drottins Slm 88.2 \u2013 a\u00f0 morgni Slm 59.17; 143.8<br \/>\n<b>88.19<\/b> Gert vini fr\u00e1hverfa Slm 88.9; 31.12+<\/div>\n","protected":false},"excerpt":{"rendered":"<p>1Lj\u00f3\u00f0. K\u00f3ra\u00edta-s\u00e1lmur. Til s\u00f6ngstj\u00f3rans. Syngist me\u00f0 Makalat-lagi. Hemans-mask\u00edl Esra\u00edta.2Drottinn, Gu\u00f0 minn, \u00e9g kalla um daga, um n\u00e6tur hr\u00f3pa \u00e9g frammi fyrir \u00fe\u00e9r.3L\u00e1t b\u00e6n m\u00edna koma fyrir \u00feig, hneig eyra a\u00f0 hr\u00f3pi m\u00ednu,4\u00fev\u00ed a\u00f0 s\u00e1l m\u00edn er mett or\u00f0in af b\u00f6li, og l\u00edf mitt n\u00e1l\u00e6gist Hel.5\u00c9g er talinn me\u00f0 \u00feeim, sem gengnir eru til grafar, \u00e9g er sem magn\u00ferota ma\u00f0ur.6M\u00e9r er fenginn b\u00fasta\u00f0ur me\u00f0 framli\u00f0num, eins og vegnum m\u00f6nnum, er liggja \u00ed gr\u00f6finni, er \u00fe\u00fa minnist eigi framar, \u00fev\u00ed a\u00f0 \u00feeir eru hrifnir burt \u00far hendi \u00feinni.7\u00de\u00fa hefir lagt mig \u00ed gryfju undirheima, \u00ed myrkri\u00f0 ni\u00f0ri \u00ed dj\u00fapinu.8Rei\u00f0i \u00fe\u00edn hv\u00edlir \u00e1 <a href=\"https:\/\/biblian.is\/1981\/salmarnir-88-kafli\/\"> [&#8230;]<\/a><\/p>\n","protected":false},"author":1,"featured_media":0,"parent":0,"menu_order":0,"comment_status":"open","ping_status":"open","template":"bibliukaflar.php","meta":{"footnotes":""},"class_list":["post-1913","page","type-page","status-publish","hentry"],"_links":{"self":[{"href":"https:\/\/biblian.is\/1981\/wp-json\/wp\/v2\/pages\/1913","targetHints":{"allow":["GET"]}}],"collection":[{"href":"https:\/\/biblian.is\/1981\/wp-json\/wp\/v2\/pages"}],"about":[{"href":"https:\/\/biblian.is\/1981\/wp-json\/wp\/v2\/types\/page"}],"author":[{"embeddable":true,"href":"https:\/\/biblian.is\/1981\/wp-json\/wp\/v2\/users\/1"}],"replies":[{"embeddable":true,"href":"https:\/\/biblian.is\/1981\/wp-json\/wp\/v2\/comments?post=1913"}],"version-history":[{"count":0,"href":"https:\/\/biblian.is\/1981\/wp-json\/wp\/v2\/pages\/1913\/revisions"}],"wp:attachment":[{"href":"https:\/\/biblian.is\/1981\/wp-json\/wp\/v2\/media?parent=1913"}],"curies":[{"name":"wp","href":"https:\/\/api.w.org\/{rel}","templated":true}]}}