{"id":1912,"date":"2017-11-18T20:19:15","date_gmt":"2017-11-18T20:19:15","guid":{"rendered":"http:\/\/biblian.is\/1981\/salmarnir-87-kafli\/"},"modified":"2021-06-06T11:10:05","modified_gmt":"2021-06-06T11:10:05","slug":"salmarnir-87-kafli","status":"publish","type":"page","link":"https:\/\/biblian.is\/1981\/salmarnir-87-kafli\/","title":{"rendered":"S\u00e1lmarnir 87. kafli"},"content":{"rendered":"<p><a name=\"1\"><span class=\"versanumer\">1<\/span><\/a>K\u00f3ra\u00edta-s\u00e1lmur. Lj\u00f3\u00f0.<a name=\"2\"><span class=\"versanumer\">2<\/span><\/a>Drottinn grundvalla\u00f0i borg s\u00edna \u00e1 heil\u00f6gum fj\u00f6llum, hann elskar hli\u00f0 S\u00edonar framar \u00f6llum b\u00fast\u00f6\u00f0um Jakobs.<a name=\"3\"><span class=\"versanumer\">3<\/span><\/a>D\u00fdrlega er tala\u00f0 um \u00feig, \u00fe\u00fa borg Gu\u00f0s.  Sela<a name=\"4\"><span class=\"versanumer\">4<\/span><\/a>\u00c9g nefni Egyptaland og Bab\u00fdlon vegna j\u00e1tenda minna \u00fear, h\u00e9r er Filistea og T\u00fdrus, \u00e1samt Bl\u00e1landi, einn er f\u00e6ddur h\u00e9r, annar \u00fear.<a name=\"5\"><span class=\"versanumer\">5<\/span><\/a>En S\u00edon kallast m\u00f3\u00f0irin, hver \u00feeirra er f\u00e6ddur \u00ed henni, og hann, Hinn h\u00e6sti, verndar hana.<a name=\"6\"><span class=\"versanumer\">6<\/span><\/a>Drottinn telur saman \u00ed \u00fej\u00f3\u00f0askr\u00e1num, einn er f\u00e6ddur h\u00e9r, annar \u00fear.  Sela<a name=\"7\"><span class=\"versanumer\">7<\/span><\/a>Og menn syngja eins og \u00feeir er st\u00edga dans: Allar uppsprettur m\u00ednar eru \u00ed \u00fe\u00e9r.<\/p>\n<div class=\"footnote1981\"><b>87.1<\/b> Heil\u00f6g fj\u00f6ll Slm 3.5+<br \/>\n<b>87.2<\/b> S\u00edon Jes 14.31; sbr 28.16<br \/>\n<b>87.4<\/b> J\u00e1tendur m\u00ednir Jes 19.21; sbr Jer 2.8; J\u00f3h 17.3<br \/>\n<b>87.6<\/b> Drottinn skr\u00e1setur Jes 4.3; Esk 13.9; sbr Opb 3.5+<\/div>\n","protected":false},"excerpt":{"rendered":"<p>1K\u00f3ra\u00edta-s\u00e1lmur. Lj\u00f3\u00f0.2Drottinn grundvalla\u00f0i borg s\u00edna \u00e1 heil\u00f6gum fj\u00f6llum, hann elskar hli\u00f0 S\u00edonar framar \u00f6llum b\u00fast\u00f6\u00f0um Jakobs.3D\u00fdrlega er tala\u00f0 um \u00feig, \u00fe\u00fa borg Gu\u00f0s. Sela4\u00c9g nefni Egyptaland og Bab\u00fdlon vegna j\u00e1tenda minna \u00fear, h\u00e9r er Filistea og T\u00fdrus, \u00e1samt Bl\u00e1landi, einn er f\u00e6ddur h\u00e9r, annar \u00fear.5En S\u00edon kallast m\u00f3\u00f0irin, hver \u00feeirra er f\u00e6ddur \u00ed henni, og hann, Hinn h\u00e6sti, verndar hana.6Drottinn telur saman \u00ed \u00fej\u00f3\u00f0askr\u00e1num, einn er f\u00e6ddur h\u00e9r, annar \u00fear. Sela7Og menn syngja eins og \u00feeir er st\u00edga dans: Allar uppsprettur m\u00ednar eru \u00ed \u00fe\u00e9r. 87.1 Heil\u00f6g fj\u00f6ll Slm 3.5+ 87.2 S\u00edon Jes 14.31; sbr 28.16 87.4 J\u00e1tendur m\u00ednir Jes <a href=\"https:\/\/biblian.is\/1981\/salmarnir-87-kafli\/\"> [&#8230;]<\/a><\/p>\n","protected":false},"author":1,"featured_media":0,"parent":0,"menu_order":0,"comment_status":"open","ping_status":"open","template":"bibliukaflar.php","meta":{"footnotes":""},"class_list":["post-1912","page","type-page","status-publish","hentry"],"_links":{"self":[{"href":"https:\/\/biblian.is\/1981\/wp-json\/wp\/v2\/pages\/1912","targetHints":{"allow":["GET"]}}],"collection":[{"href":"https:\/\/biblian.is\/1981\/wp-json\/wp\/v2\/pages"}],"about":[{"href":"https:\/\/biblian.is\/1981\/wp-json\/wp\/v2\/types\/page"}],"author":[{"embeddable":true,"href":"https:\/\/biblian.is\/1981\/wp-json\/wp\/v2\/users\/1"}],"replies":[{"embeddable":true,"href":"https:\/\/biblian.is\/1981\/wp-json\/wp\/v2\/comments?post=1912"}],"version-history":[{"count":0,"href":"https:\/\/biblian.is\/1981\/wp-json\/wp\/v2\/pages\/1912\/revisions"}],"wp:attachment":[{"href":"https:\/\/biblian.is\/1981\/wp-json\/wp\/v2\/media?parent=1912"}],"curies":[{"name":"wp","href":"https:\/\/api.w.org\/{rel}","templated":true}]}}