{"id":1911,"date":"2017-11-18T20:19:15","date_gmt":"2017-11-18T20:19:15","guid":{"rendered":"http:\/\/biblian.is\/1981\/salmarnir-86-kafli\/"},"modified":"2021-06-06T11:10:04","modified_gmt":"2021-06-06T11:10:04","slug":"salmarnir-86-kafli","status":"publish","type":"page","link":"https:\/\/biblian.is\/1981\/salmarnir-86-kafli\/","title":{"rendered":"S\u00e1lmarnir 86. kafli"},"content":{"rendered":"<p><a name=\"1\"><span class=\"versanumer\">1<\/span><\/a>Dav\u00ed\u00f0s-b\u00e6n. Hneig eyra \u00feitt, Drottinn, og b\u00e6nheyr mig, \u00fev\u00ed a\u00f0 \u00e9g er hrj\u00e1\u00f0ur og snau\u00f0ur.<a name=\"2\"><span class=\"versanumer\">2<\/span><\/a>Vernda l\u00edf mitt, \u00fev\u00ed a\u00f0 \u00e9g er helga\u00f0ur \u00fe\u00e9r, hj\u00e1lpa \u00fe\u00fa, Gu\u00f0 minn, \u00fej\u00f3ni \u00fe\u00ednum, er treystir \u00fe\u00e9r.<a name=\"3\"><span class=\"versanumer\">3<\/span><\/a>Ver m\u00e9r n\u00e1\u00f0ugur, Drottinn, \u00fev\u00ed \u00feig \u00e1kalla \u00e9g allan daginn.<a name=\"4\"><span class=\"versanumer\">4<\/span><\/a>Gle\u00f0 \u00fe\u00fa s\u00e1l \u00fej\u00f3ns \u00fe\u00edns, \u00fev\u00ed a\u00f0 til \u00fe\u00edn, Drottinn, hef \u00e9g s\u00e1l m\u00edna.<a name=\"5\"><span class=\"versanumer\">5<\/span><\/a>\u00de\u00fa, Drottinn, ert g\u00f3\u00f0ur og f\u00fas til a\u00f0 fyrirgefa, g\u00e6skur\u00edkur \u00f6llum \u00feeim er \u00e1kalla \u00feig.<a name=\"6\"><span class=\"versanumer\">6<\/span><\/a>Hl\u00fd\u00f0, Drottinn, \u00e1 b\u00e6n m\u00edna og gef gaum gr\u00e1tbei\u00f0ni minni.<a name=\"7\"><span class=\"versanumer\">7<\/span><\/a>\u00deegar \u00e9g er \u00ed nau\u00f0um staddur \u00e1kalla \u00e9g \u00feig, \u00fev\u00ed a\u00f0 \u00fe\u00fa b\u00e6nheyrir mig.<a name=\"8\"><span class=\"versanumer\">8<\/span><\/a>Enginn er sem \u00fe\u00fa me\u00f0al gu\u00f0anna, Drottinn, og ekkert er sem \u00fe\u00edn verk.<a name=\"9\"><span class=\"versanumer\">9<\/span><\/a>Allar \u00fej\u00f3\u00f0ir, er \u00fe\u00fa hefir skapa\u00f0, munu koma og falla fram fyrir \u00fe\u00e9r, Drottinn, og tigna nafn \u00feitt.<a name=\"10\"><span class=\"versanumer\">10<\/span><\/a>\u00dev\u00ed a\u00f0 \u00fe\u00fa ert mikill og gj\u00f6rir fur\u00f0uverk, \u00fe\u00fa einn, \u00f3 Gu\u00f0!<a name=\"11\"><span class=\"versanumer\">11<\/span><\/a>V\u00edsa m\u00e9r veg \u00feinn, Drottinn, l\u00e1t mig ganga \u00ed sannleika \u00fe\u00ednum, gef m\u00e9r heilt hjarta, a\u00f0 \u00e9g tigni nafn \u00feitt.<a name=\"12\"><span class=\"versanumer\">12<\/span><\/a>\u00c9g vil lofa \u00feig, Drottinn, Gu\u00f0 minn, af \u00f6llu hjarta og hei\u00f0ra nafn \u00feitt a\u00f0 eil\u00edfu,<a name=\"13\"><span class=\"versanumer\">13<\/span><\/a>\u00fev\u00ed a\u00f0 miskunn \u00fe\u00edn er mikil vi\u00f0 mig, og \u00fe\u00fa hefir frelsa\u00f0 s\u00e1l m\u00edna fr\u00e1 dj\u00fapi Heljar.<a name=\"14\"><span class=\"versanumer\">14<\/span><\/a>Ofstopamenn hefjast gegn m\u00e9r, \u00f3 Gu\u00f0, og h\u00f3pur ofr\u00edkismanna s\u00e6kist eftir l\u00edfi m\u00ednu, eigi hafa \u00feeir \u00feig fyrir augum.<a name=\"15\"><span class=\"versanumer\">15<\/span><\/a>En \u00fe\u00fa, Drottinn, ert miskunnsamur og l\u00edknsamur Gu\u00f0, \u00feolinm\u00f3\u00f0ur og g\u00e6skur\u00edkur og harla tr\u00fafastur.<a name=\"16\"><span class=\"versanumer\">16<\/span><\/a>Sn\u00fa \u00fe\u00e9r a\u00f0 m\u00e9r og ver m\u00e9r n\u00e1\u00f0ugur, veit \u00fej\u00f3ni \u00fe\u00ednum kraft \u00feinn og hj\u00e1lpa syni amb\u00e1ttar \u00feinnar.<a name=\"17\"><span class=\"versanumer\">17<\/span><\/a>Gj\u00f6r \u00fe\u00fa t\u00e1kn til g\u00f3\u00f0s fyrir mig, a\u00f0 hatursmenn m\u00ednir megi horfa \u00e1 \u00fea\u00f0 sneyptir, a\u00f0 \u00fe\u00fa, Drottinn, hj\u00e1lpar m\u00e9r og huggar mig.<\/p>\n<div class=\"footnote1981\"><b>86.1<\/b> Hneig eyra \u00feitt Slm 71.2+ &#8211; hj\u00e1lparvana og snau\u00f0ur Slm 40.18; 140.13<br \/>\n<b>86.2<\/b> Vernda l\u00edf mitt Slm 25.20 \u2013 treysta Gu\u00f0i Slm 9.11+ ; 55.24+<br \/>\n<b>86.3<\/b> Ver m\u00e9r n\u00e1\u00f0ugur Slm 57.2<br \/>\n<b>86.4<\/b> Til \u00fe\u00edn &#8230; Slm 25.1+<br \/>\n<b>86.5<\/b> Fyrirgefa Slm 25.11 \u2013 g\u00e6skur\u00edkur Slm 103.8<br \/>\n<b>86.6<\/b> Hl\u00fd\u00f0 Slm 5.3+ ; sbr 28.2<br \/>\n<b>86.7<\/b> \u00cd nau\u00f0um staddur Slm 77.3+ &#8211; \u00fe\u00fa b\u00e6nheyrir mig Slm 17.6<br \/>\n<b>86.8<\/b> Enginn sem \u00fe\u00fa 2M\u00f3s 15.11<br \/>\n<b>86.9<\/b> Allar \u00fej\u00f3\u00f0ir Opb 3.9; 15.4<br \/>\n<b>86.11<\/b> V\u00edsa m\u00e9r veg \u00feinn Slm 25.4,8,12; 27.11 \u2013 \u00ed sannleika \u00fe\u00ednum Slm 25.5; 26.3 \u2013 heilt hjarta Jak 1.8<br \/>\n<b>86.12<\/b> Af \u00f6llu hjarta Slm 9.2<br \/>\n<b>86.13<\/b> Fr\u00e1 dj\u00fapi Heljar 5M\u00f3s 32.22<br \/>\n<b>86.14<\/b> R\u00e1\u00f0ast \u00e1 mig Slm 54.5<br \/>\n<b>86.15<\/b> Miskunnsamur og l\u00edknsamur 2M\u00f3s 34.6+<br \/>\n<b>86.16<\/b> Sn\u00fa \u00fe\u00e9r Slm 25.16 \u2013 \u00fej\u00f3nn \u00feinn Slm 116.16<\/div>\n","protected":false},"excerpt":{"rendered":"<p>1Dav\u00ed\u00f0s-b\u00e6n. Hneig eyra \u00feitt, Drottinn, og b\u00e6nheyr mig, \u00fev\u00ed a\u00f0 \u00e9g er hrj\u00e1\u00f0ur og snau\u00f0ur.2Vernda l\u00edf mitt, \u00fev\u00ed a\u00f0 \u00e9g er helga\u00f0ur \u00fe\u00e9r, hj\u00e1lpa \u00fe\u00fa, Gu\u00f0 minn, \u00fej\u00f3ni \u00fe\u00ednum, er treystir \u00fe\u00e9r.3Ver m\u00e9r n\u00e1\u00f0ugur, Drottinn, \u00fev\u00ed \u00feig \u00e1kalla \u00e9g allan daginn.4Gle\u00f0 \u00fe\u00fa s\u00e1l \u00fej\u00f3ns \u00fe\u00edns, \u00fev\u00ed a\u00f0 til \u00fe\u00edn, Drottinn, hef \u00e9g s\u00e1l m\u00edna.5\u00de\u00fa, Drottinn, ert g\u00f3\u00f0ur og f\u00fas til a\u00f0 fyrirgefa, g\u00e6skur\u00edkur \u00f6llum \u00feeim er \u00e1kalla \u00feig.6Hl\u00fd\u00f0, Drottinn, \u00e1 b\u00e6n m\u00edna og gef gaum gr\u00e1tbei\u00f0ni minni.7\u00deegar \u00e9g er \u00ed nau\u00f0um staddur \u00e1kalla \u00e9g \u00feig, \u00fev\u00ed a\u00f0 \u00fe\u00fa b\u00e6nheyrir mig.8Enginn er sem \u00fe\u00fa me\u00f0al gu\u00f0anna, Drottinn, og ekkert er sem <a href=\"https:\/\/biblian.is\/1981\/salmarnir-86-kafli\/\"> [&#8230;]<\/a><\/p>\n","protected":false},"author":1,"featured_media":0,"parent":0,"menu_order":0,"comment_status":"open","ping_status":"open","template":"bibliukaflar.php","meta":{"footnotes":""},"class_list":["post-1911","page","type-page","status-publish","hentry"],"_links":{"self":[{"href":"https:\/\/biblian.is\/1981\/wp-json\/wp\/v2\/pages\/1911","targetHints":{"allow":["GET"]}}],"collection":[{"href":"https:\/\/biblian.is\/1981\/wp-json\/wp\/v2\/pages"}],"about":[{"href":"https:\/\/biblian.is\/1981\/wp-json\/wp\/v2\/types\/page"}],"author":[{"embeddable":true,"href":"https:\/\/biblian.is\/1981\/wp-json\/wp\/v2\/users\/1"}],"replies":[{"embeddable":true,"href":"https:\/\/biblian.is\/1981\/wp-json\/wp\/v2\/comments?post=1911"}],"version-history":[{"count":0,"href":"https:\/\/biblian.is\/1981\/wp-json\/wp\/v2\/pages\/1911\/revisions"}],"wp:attachment":[{"href":"https:\/\/biblian.is\/1981\/wp-json\/wp\/v2\/media?parent=1911"}],"curies":[{"name":"wp","href":"https:\/\/api.w.org\/{rel}","templated":true}]}}