{"id":1909,"date":"2017-11-18T20:19:15","date_gmt":"2017-11-18T20:19:15","guid":{"rendered":"http:\/\/biblian.is\/1981\/salmarnir-84-kafli\/"},"modified":"2021-06-06T11:10:04","modified_gmt":"2021-06-06T11:10:04","slug":"salmarnir-84-kafli","status":"publish","type":"page","link":"https:\/\/biblian.is\/1981\/salmarnir-84-kafli\/","title":{"rendered":"S\u00e1lmarnir 84. kafli"},"content":{"rendered":"<p><em>Til s\u00f6ngstj\u00f3rans. \u00c1 gitt\u00edt. K\u00f3ra\u00edta-s\u00e1lmur.<\/em><br \/><a name=\"2\"><span class=\"versanumer\">2<\/span><\/a>Hversu yndislegir eru b\u00fasta\u00f0ir \u00fe\u00ednir, Drottinn hersveitanna.<a name=\"3\"><span class=\"versanumer\">3<\/span><\/a>S\u00e1lu m\u00edna langa\u00f0i til, j\u00e1, h\u00fan \u00fer\u00e1\u00f0i forgar\u00f0a Drottins, n\u00fa fagnar hjarta mitt og hold fyrir hinum lifanda Gu\u00f0i.<a name=\"4\"><span class=\"versanumer\">4<\/span><\/a>Jafnvel fuglinn hefir fundi\u00f0 h\u00fas, og svalan \u00e1 s\u00e9r hrei\u00f0ur, \u00fear sem h\u00fan leggur unga s\u00edna: \u00f6lturu \u00fe\u00edn, Drottinn hersveitanna, konungur minn og Gu\u00f0 minn!<a name=\"5\"><span class=\"versanumer\">5<\/span><\/a>S\u00e6lir eru \u00feeir, sem b\u00faa \u00ed h\u00fasi \u00fe\u00ednu, \u00feeir munu \u00e6t\u00ed\u00f0 lofa \u00feig.  Sela<a name=\"6\"><span class=\"versanumer\">6<\/span><\/a>S\u00e6lir eru \u00feeir menn, sem finna styrk hj\u00e1 \u00fe\u00e9r, er \u00feeir hugsa til helgig\u00f6ngu.<a name=\"7\"><span class=\"versanumer\">7<\/span><\/a>Er \u00feeir fara gegnum t\u00e1radalinn, umbreyta \u00feeir honum \u00ed vatnsr\u00edka vin, og haustregni\u00f0 f\u00e6rir honum blessun.<a name=\"8\"><span class=\"versanumer\">8<\/span><\/a>\u00deeim eykst \u00e6 kraftur \u00e1 g\u00f6ngunni og f\u00e1 a\u00f0 l\u00edta Gu\u00f0 \u00e1 S\u00edon.<a name=\"9\"><span class=\"versanumer\">9<\/span><\/a>Drottinn, Gu\u00f0 hersveitanna, heyr b\u00e6n m\u00edna, hl\u00fd\u00f0 til, \u00fe\u00fa Jakobs Gu\u00f0.  Sela<a name=\"10\"><span class=\"versanumer\">10<\/span><\/a>Gu\u00f0, skj\u00f6ldur vor, sj\u00e1 og l\u00edt \u00e1 auglit \u00fe\u00edns smur\u00f0a!<a name=\"11\"><span class=\"versanumer\">11<\/span><\/a>\u00dev\u00ed a\u00f0 einn dagur \u00ed forg\u00f6r\u00f0um \u00fe\u00ednum er betri en \u00fe\u00fasund a\u00f0rir, heldur vil \u00e9g standa vi\u00f0 \u00fer\u00f6skuldinn \u00ed h\u00fasi Gu\u00f0s m\u00edns en dvelja \u00ed tj\u00f6ldum \u00f3gu\u00f0legra.<a name=\"12\"><span class=\"versanumer\">12<\/span><\/a>\u00dev\u00ed a\u00f0 Drottinn Gu\u00f0 er s\u00f3l og skj\u00f6ldur, n\u00e1\u00f0 og vegsemd veitir Drottinn. Hann synjar \u00feeim engra g\u00e6\u00f0a, er ganga \u00ed grandvarleik.<a name=\"13\"><span class=\"versanumer\">13<\/span><\/a>Drottinn hersveitanna, s\u00e6ll er s\u00e1 ma\u00f0ur, sem treystir \u00fe\u00e9r.<\/p>\n<div class=\"footnote1981\"><b>84.2-3<\/b> \u00der\u00e1 n\u00e1l\u00e6g\u00f0 Gu\u00f0s Slm 42.3,9; 63.2-3<br \/>\n<b>84.3<\/b> Forgar\u00f0ar Drottins Slm 65.5+<br \/>\n<b>84.4<\/b> Konungur minn og Gu\u00f0 minn Slm 5.3+<br \/>\n<b>84.5<\/b> S\u00e6lir &#8230; Slm 1.1+ &#8211; \u00ed h\u00fasi \u00fe\u00ednu Slm 23.6; 27.4; 65.5; 101.7; 135.2; 140.14; sbr 122.1<br \/>\n<b>84.6<\/b> Helgiganga Slm 120-134<br \/>\n<b>84.8<\/b> L\u00edta Gu\u00f0 Jes 1.12; Jer 7.10; M\u00edk 6.6; sbr Job 1.6; 2.1<br \/>\n<b>84.12<\/b> Gu\u00f0 er skj\u00f6ldur Slm 3.4+<br \/>\n<b>84.13<\/b> S\u00e6ll &#8230; Slm 1.1+ &#8211; treysta Drottni Slm 9.11+ ; 55.24+<\/div>\n","protected":false},"excerpt":{"rendered":"<p>Til s\u00f6ngstj\u00f3rans. \u00c1 gitt\u00edt. K\u00f3ra\u00edta-s\u00e1lmur.2Hversu yndislegir eru b\u00fasta\u00f0ir \u00fe\u00ednir, Drottinn hersveitanna.3S\u00e1lu m\u00edna langa\u00f0i til, j\u00e1, h\u00fan \u00fer\u00e1\u00f0i forgar\u00f0a Drottins, n\u00fa fagnar hjarta mitt og hold fyrir hinum lifanda Gu\u00f0i.4Jafnvel fuglinn hefir fundi\u00f0 h\u00fas, og svalan \u00e1 s\u00e9r hrei\u00f0ur, \u00fear sem h\u00fan leggur unga s\u00edna: \u00f6lturu \u00fe\u00edn, Drottinn hersveitanna, konungur minn og Gu\u00f0 minn!5S\u00e6lir eru \u00feeir, sem b\u00faa \u00ed h\u00fasi \u00fe\u00ednu, \u00feeir munu \u00e6t\u00ed\u00f0 lofa \u00feig. Sela6S\u00e6lir eru \u00feeir menn, sem finna styrk hj\u00e1 \u00fe\u00e9r, er \u00feeir hugsa til helgig\u00f6ngu.7Er \u00feeir fara gegnum t\u00e1radalinn, umbreyta \u00feeir honum \u00ed vatnsr\u00edka vin, og haustregni\u00f0 f\u00e6rir honum blessun.8\u00deeim eykst \u00e6 kraftur \u00e1 g\u00f6ngunni og <a href=\"https:\/\/biblian.is\/1981\/salmarnir-84-kafli\/\"> [&#8230;]<\/a><\/p>\n","protected":false},"author":1,"featured_media":0,"parent":0,"menu_order":0,"comment_status":"open","ping_status":"open","template":"bibliukaflar.php","meta":{"footnotes":""},"class_list":["post-1909","page","type-page","status-publish","hentry"],"_links":{"self":[{"href":"https:\/\/biblian.is\/1981\/wp-json\/wp\/v2\/pages\/1909","targetHints":{"allow":["GET"]}}],"collection":[{"href":"https:\/\/biblian.is\/1981\/wp-json\/wp\/v2\/pages"}],"about":[{"href":"https:\/\/biblian.is\/1981\/wp-json\/wp\/v2\/types\/page"}],"author":[{"embeddable":true,"href":"https:\/\/biblian.is\/1981\/wp-json\/wp\/v2\/users\/1"}],"replies":[{"embeddable":true,"href":"https:\/\/biblian.is\/1981\/wp-json\/wp\/v2\/comments?post=1909"}],"version-history":[{"count":0,"href":"https:\/\/biblian.is\/1981\/wp-json\/wp\/v2\/pages\/1909\/revisions"}],"wp:attachment":[{"href":"https:\/\/biblian.is\/1981\/wp-json\/wp\/v2\/media?parent=1909"}],"curies":[{"name":"wp","href":"https:\/\/api.w.org\/{rel}","templated":true}]}}