{"id":1908,"date":"2017-11-18T20:19:15","date_gmt":"2017-11-18T20:19:15","guid":{"rendered":"http:\/\/biblian.is\/1981\/salmarnir-83-kafli\/"},"modified":"2021-06-06T11:10:03","modified_gmt":"2021-06-06T11:10:03","slug":"salmarnir-83-kafli","status":"publish","type":"page","link":"https:\/\/biblian.is\/1981\/salmarnir-83-kafli\/","title":{"rendered":"S\u00e1lmarnir 83. kafli"},"content":{"rendered":"<p><em>Lj\u00f3\u00f0. Asafs-s\u00e1lmur.<\/em><br \/><a name=\"2\"><span class=\"versanumer\">2<\/span><\/a>Gu\u00f0, ver eigi hlj\u00f3\u00f0ur, ver eigi \u00fe\u00f6gull og hald eigi kyrru fyrir, \u00f3 Gu\u00f0!<a name=\"3\"><span class=\"versanumer\">3<\/span><\/a>\u00dev\u00ed sj\u00e1, \u00f3vinir \u00fe\u00ednir gj\u00f6ra hark, og hatursmenn \u00fe\u00ednir hefja h\u00f6fu\u00f0i\u00f0,<a name=\"4\"><span class=\"versanumer\">4<\/span><\/a>\u00feeir breg\u00f0a \u00e1 sl\u00e6g r\u00e1\u00f0 gegn l\u00fd\u00f0 \u00fe\u00ednum, bera r\u00e1\u00f0 s\u00edn saman gegn \u00feeim er \u00fe\u00fa geymir.<a name=\"5\"><span class=\"versanumer\">5<\/span><\/a>\u00deeir segja: Komi\u00f0, l\u00e1tum oss uppr\u00e6ta \u00fe\u00e1, svo a\u00f0 \u00feeir s\u00e9u ekki \u00fej\u00f3\u00f0 framar, og nafns \u00cdsraels ver\u00f0i eigi framar minnst!<a name=\"6\"><span class=\"versanumer\">6<\/span><\/a>\u00dev\u00ed a\u00f0 \u00feeir hafa einhuga bori\u00f0 saman r\u00e1\u00f0 s\u00edn, gegn \u00fe\u00e9r hafa \u00feeir gj\u00f6rt bandalag:<a name=\"7\"><span class=\"versanumer\">7<\/span><\/a>Ed\u00f3mtj\u00f6ld og \u00cdsmael\u00edtar, M\u00f3ab og Hagr\u00edtar,<a name=\"8\"><span class=\"versanumer\">8<\/span><\/a>Gebal, Ammon og Amalek, Filistea \u00e1samt T\u00fdrusb\u00faum.<a name=\"9\"><span class=\"versanumer\">9<\/span><\/a>Ass\u00far hefir einnig gj\u00f6rt bandalag vi\u00f0 \u00fe\u00e1 og lj\u00e6r armlegg sinn Lots-sonum.  Sela<a name=\"10\"><span class=\"versanumer\">10<\/span><\/a>Far me\u00f0 \u00fe\u00e1 eins og Mid\u00edan, eins og S\u00edsera, eins og Jab\u00edn vi\u00f0 K\u00edsonl\u00e6k,<a name=\"11\"><span class=\"versanumer\">11<\/span><\/a>\u00feeim var \u00fatr\u00fdmt hj\u00e1 End\u00f3r, ur\u00f0u a\u00f0 \u00e1bur\u00f0i \u00e1 j\u00f6r\u00f0ina.<a name=\"12\"><span class=\"versanumer\">12<\/span><\/a>Gj\u00f6r \u00fe\u00e1, g\u00f6fugmenni \u00feeirra, eins og \u00d3reb og Seeb, og alla h\u00f6f\u00f0ingja \u00feeirra eins og Seba og Salm\u00fana,<a name=\"13\"><span class=\"versanumer\">13<\/span><\/a>\u00fe\u00e1 er s\u00f6g\u00f0u: V\u00e9r viljum kasta eign vorri \u00e1 vengi Gu\u00f0s.<a name=\"14\"><span class=\"versanumer\">14<\/span><\/a>Gu\u00f0 vor, gj\u00f6r \u00fe\u00e1 sem rykm\u00f6kk, sem h\u00e1lmleggi fyrir vindi.<a name=\"15\"><span class=\"versanumer\">15<\/span><\/a>Eins og eldur, sem brennir sk\u00f3ginn, eins og logi, sem b\u00e1last upp um fj\u00f6llin,<a name=\"16\"><span class=\"versanumer\">16<\/span><\/a>svo skalt \u00fe\u00fa elta \u00fe\u00e1 me\u00f0 ofvi\u00f0ri \u00fe\u00ednu, skelfa \u00fe\u00e1 me\u00f0 fellibyl \u00fe\u00ednum.<a name=\"17\"><span class=\"versanumer\">17<\/span><\/a>L\u00e1t andlit \u00feeirra fyllast sneypu, a\u00f0 \u00feeir megi leita nafns \u00fe\u00edns, Drottinn!<a name=\"18\"><span class=\"versanumer\">18<\/span><\/a>L\u00e1t \u00fe\u00e1 ver\u00f0a til skammar og skelfast um aldur, l\u00e1t \u00fe\u00e1 s\u00e6ta h\u00e1\u00f0ung og tort\u00edmast,<a name=\"19\"><span class=\"versanumer\">19<\/span><\/a>a\u00f0 \u00feeir megi komast a\u00f0 raun um, a\u00f0 \u00fe\u00fa einn heitir Drottinn, Hinn h\u00e6sti yfir allri j\u00f6r\u00f0unni.<\/p>\n<div class=\"footnote1981\"><b>83.1<\/b> Asaf 50.1+<br \/>\n<b>83.2<\/b> Ver eigi \u00fe\u00f6gull Slm 28.1+ ; sbr 44.24; 50.3<br \/>\n<b>83.4<\/b> Svikr\u00e1\u00f0 Slm 31.14<br \/>\n<b>83.7<\/b> Ed\u00f3m gegn \u00cdsrael 4M\u00f3s 20.14-21; Am 1.11 \u2013 M\u00f3ab Am 2.1+<br \/>\n<b>83.8<\/b> Ammon Am 1.13+ &#8211; Amalek 2M\u00f3s 17.8-16; 5M\u00f3s 25.17; D\u00f3m 6.3,33; 10.12; 1Sam 15.2 \u2013 Filistar Am 1.6+ &#8211; T\u00fdrus Am 1.9+<br \/>\n<b>83.10<\/b> Eins og Mid\u00edan D\u00f3m 6-8; Jes 9.3 \u2013 S\u00edsera og Jab\u00edn D\u00f3m 4-5; 1Sam 12.9<br \/>\n<b>83.12<\/b> \u00d3reb og Seeb D\u00f3m 7.25 \u2013 Seba og Salm\u00fana D\u00f3m 8.5-12<br \/>\n<b>83.14<\/b> Fyrir vindi Jes 17.13; Job 27.21<br \/>\n<b>83.17<\/b> Leita nafns Drottins sbr Slm 9.11+<br \/>\n<b>83.19<\/b> J\u00e1ta Slm 46.11; sbr 2Kon 19.19; Esk 7.9; 39.22; Dan 4.32 \u2013 Hinn h\u00e6sti Slm 97.9<\/div>\n","protected":false},"excerpt":{"rendered":"<p>Lj\u00f3\u00f0. Asafs-s\u00e1lmur.2Gu\u00f0, ver eigi hlj\u00f3\u00f0ur, ver eigi \u00fe\u00f6gull og hald eigi kyrru fyrir, \u00f3 Gu\u00f0!3\u00dev\u00ed sj\u00e1, \u00f3vinir \u00fe\u00ednir gj\u00f6ra hark, og hatursmenn \u00fe\u00ednir hefja h\u00f6fu\u00f0i\u00f0,4\u00feeir breg\u00f0a \u00e1 sl\u00e6g r\u00e1\u00f0 gegn l\u00fd\u00f0 \u00fe\u00ednum, bera r\u00e1\u00f0 s\u00edn saman gegn \u00feeim er \u00fe\u00fa geymir.5\u00deeir segja: Komi\u00f0, l\u00e1tum oss uppr\u00e6ta \u00fe\u00e1, svo a\u00f0 \u00feeir s\u00e9u ekki \u00fej\u00f3\u00f0 framar, og nafns \u00cdsraels ver\u00f0i eigi framar minnst!6\u00dev\u00ed a\u00f0 \u00feeir hafa einhuga bori\u00f0 saman r\u00e1\u00f0 s\u00edn, gegn \u00fe\u00e9r hafa \u00feeir gj\u00f6rt bandalag:7Ed\u00f3mtj\u00f6ld og \u00cdsmael\u00edtar, M\u00f3ab og Hagr\u00edtar,8Gebal, Ammon og Amalek, Filistea \u00e1samt T\u00fdrusb\u00faum.9Ass\u00far hefir einnig gj\u00f6rt bandalag vi\u00f0 \u00fe\u00e1 og lj\u00e6r armlegg sinn Lots-sonum. Sela10Far me\u00f0 \u00fe\u00e1 <a href=\"https:\/\/biblian.is\/1981\/salmarnir-83-kafli\/\"> [&#8230;]<\/a><\/p>\n","protected":false},"author":1,"featured_media":0,"parent":0,"menu_order":0,"comment_status":"open","ping_status":"open","template":"bibliukaflar.php","meta":{"footnotes":""},"class_list":["post-1908","page","type-page","status-publish","hentry"],"_links":{"self":[{"href":"https:\/\/biblian.is\/1981\/wp-json\/wp\/v2\/pages\/1908","targetHints":{"allow":["GET"]}}],"collection":[{"href":"https:\/\/biblian.is\/1981\/wp-json\/wp\/v2\/pages"}],"about":[{"href":"https:\/\/biblian.is\/1981\/wp-json\/wp\/v2\/types\/page"}],"author":[{"embeddable":true,"href":"https:\/\/biblian.is\/1981\/wp-json\/wp\/v2\/users\/1"}],"replies":[{"embeddable":true,"href":"https:\/\/biblian.is\/1981\/wp-json\/wp\/v2\/comments?post=1908"}],"version-history":[{"count":0,"href":"https:\/\/biblian.is\/1981\/wp-json\/wp\/v2\/pages\/1908\/revisions"}],"wp:attachment":[{"href":"https:\/\/biblian.is\/1981\/wp-json\/wp\/v2\/media?parent=1908"}],"curies":[{"name":"wp","href":"https:\/\/api.w.org\/{rel}","templated":true}]}}