{"id":1906,"date":"2017-11-18T20:19:10","date_gmt":"2017-11-18T20:19:10","guid":{"rendered":"http:\/\/biblian.is\/1981\/salmarnir-81-kafli\/"},"modified":"2021-06-06T11:10:03","modified_gmt":"2021-06-06T11:10:03","slug":"salmarnir-81-kafli","status":"publish","type":"page","link":"https:\/\/biblian.is\/1981\/salmarnir-81-kafli\/","title":{"rendered":"S\u00e1lmarnir 81. kafli"},"content":{"rendered":"<p><em>Til s\u00f6ngstj\u00f3rans. \u00c1 gitt\u00edt. Asafs-s\u00e1lmur.<\/em><br \/><a name=\"2\"><span class=\"versanumer\">2<\/span><\/a>Fagni\u00f0 fyrir Gu\u00f0i, styrkleika vorum, l\u00e1ti\u00f0 gle\u00f0i\u00f3p gjalla Gu\u00f0i Jakobs.<a name=\"3\"><span class=\"versanumer\">3<\/span><\/a>Hefji\u00f0 lofs\u00f6ng og berji\u00f0 bumbur, kn\u00fdi\u00f0 hinar huglj\u00fafu g\u00edgjur og h\u00f6rpur.<a name=\"4\"><span class=\"versanumer\">4<\/span><\/a>\u00deeyti\u00f0 l\u00fa\u00f0urinn \u00e1 tunglkomud\u00f6gum, vi\u00f0 tunglfylling \u00e1 h\u00e1t\u00ed\u00f0isdegi vorum.<a name=\"5\"><span class=\"versanumer\">5<\/span><\/a>\u00dev\u00ed a\u00f0 \u00feetta eru l\u00f6g fyrir \u00cdsrael, bo\u00f0or\u00f0 Jakobs Gu\u00f0s.<a name=\"6\"><span class=\"versanumer\">6<\/span><\/a>Hann gj\u00f6r\u00f0i \u00fea\u00f0 a\u00f0 reglu \u00ed J\u00f3sef, \u00fe\u00e1 er hann f\u00f3r \u00fat \u00ed m\u00f3ti Egyptalandi. \u00c9g heyri m\u00e1l, sem \u00e9g \u00feekki eigi:<a name=\"7\"><span class=\"versanumer\">7<\/span><\/a>\u00c9g hefi losa\u00f0 her\u00f0ar hans vi\u00f0 byr\u00f0ina, hendur hans eru sloppnar vi\u00f0 bur\u00f0ark\u00f6rfuna.<a name=\"8\"><span class=\"versanumer\">8<\/span><\/a>\u00de\u00fa kalla\u00f0ir \u00ed ney\u00f0inni, og \u00e9g frelsa\u00f0i \u00feig, \u00e9g b\u00e6nheyr\u00f0i \u00feig \u00ed \u00ferumusk\u00fdi, reyndi \u00feig hj\u00e1 Mer\u00edbav\u00f6tnum.  Sela<a name=\"9\"><span class=\"versanumer\">9<\/span><\/a>Heyr, l\u00fd\u00f0ur minn, a\u00f0 \u00e9g megi \u00e1minna \u00feig, \u00f3, a\u00f0 \u00fe\u00fa, \u00cdsrael, vildir heyra mig!<a name=\"10\"><span class=\"versanumer\">10<\/span><\/a>Enginn annar gu\u00f0 m\u00e1 vera me\u00f0al \u00fe\u00edn, og engan \u00fatlendan gu\u00f0 m\u00e1tt \u00fe\u00fa tilbi\u00f0ja.<a name=\"11\"><span class=\"versanumer\">11<\/span><\/a>\u00c9g er Drottinn, Gu\u00f0 \u00feinn, sem leiddi \u00feig \u00fat af Egyptalandi, opna munn \u00feinn, a\u00f0 \u00e9g megi se\u00f0ja \u00feig.<a name=\"12\"><span class=\"versanumer\">12<\/span><\/a>En l\u00fd\u00f0ur minn heyr\u00f0i eigi raust m\u00edna, og \u00cdsrael var m\u00e9r eigi au\u00f0sveipur.<a name=\"13\"><span class=\"versanumer\">13<\/span><\/a>\u00de\u00e1 sleppti \u00e9g \u00feeim \u00ed \u00ferj\u00f3sku hjartna \u00feeirra, \u00feeir fengu a\u00f0 ganga eftir eigin ge\u00f0\u00fe\u00f3tta.<a name=\"14\"><span class=\"versanumer\">14<\/span><\/a>\u00d3, a\u00f0 l\u00fd\u00f0ur minn vildi heyra mig, \u00cdsrael ganga \u00e1 m\u00ednum vegum,<a name=\"15\"><span class=\"versanumer\">15<\/span><\/a>\u00fe\u00e1 skyldi \u00e9g skj\u00f3tt l\u00e6gja \u00f3vini \u00feeirra, og sn\u00faa hendi minni gegn fjendum \u00feeirra.<a name=\"16\"><span class=\"versanumer\">16<\/span><\/a>Hatursmenn Drottins skyldu hr\u00e6sna fyrir honum og \u00f3g\u00e6fut\u00edmi \u00feeirra vara a\u00f0 eil\u00edfu.<a name=\"17\"><span class=\"versanumer\">17<\/span><\/a>\u00c9g skyldi gefa \u00fe\u00e9r hi\u00f0 kjarnbesta hveiti a\u00f0 eta og se\u00f0ja \u00feig \u00e1 hunangi \u00far klettunum.<\/p>\n<div class=\"footnote1981\"><b>81.1<\/b> Asaf Slm 50.1+<br \/>\n<b>81.2-4<\/b> Lofs\u00f6ngur og hlj\u00f3\u00f0f\u00e6rasl\u00e1ttur Slm 47.6-8; 98.4-6; 150.1-5; 2Kro 5.13; sbr Slm 96.1+ ; 147.7+<br \/>\n<b>81.4<\/b> N\u00fdtt tungl 2Kon 4.21; Jes 1.13; H\u00f3s 2.13; Am 8.5<br \/>\n<b>81.5<\/b> L\u00f6g um h\u00e1t\u00ed\u00f0ir 2M\u00f3s 23.14<br \/>\n<b>81.7<\/b> Byr\u00f0i \u00cdsraels 2M\u00f3s 1.11-14; 5.6-9 \u2013 \u00e9g frelsa\u00f0i \u00feig 2M\u00f3s 2.24; 3.8; 6.6; sbr Slm 55.23; Matt 11.29-30; 1P\u00e9t 5.7<br \/>\n<b>81.8<\/b> Ney\u00f0 og bj\u00f6rgun Slm 4.2; 25.17; 34.7+ ; 50.15+ ; 107.6,13,19,28; 118.5; 120.1; J\u00f3n 2.3 \u2013 \u00ed \u00ferumusk\u00fdji 2M\u00f3s 19.16 \u2013 hj\u00e1 Mer\u00edba Slm 95.8+<br \/>\n<b>81.9<\/b> Heyr Slm 50.7; 78.1; 5M\u00f3s 6.4 \u2013 a\u00f0 \u00fe\u00fa vildir &#8230; Slm 95.7<br \/>\n<b>81.10<\/b> Engan framandi Gu\u00f0 2M\u00f3s 20.3; J\u00f3s 24.23 \u2013 tilbi\u00f0ja 2M\u00f3s 20.5<br \/>\n<b>81.11<\/b> \u00c9g er Gu\u00f0 \u00feinn Slm 50.7; 2M\u00f3s 20.2; Jes 41.10 \u2013 \u00fat af Egyptalandi 3M\u00f3s 11.45; 1Sam 8.8; Jer 2.6; H\u00f3s 12.14; Am 2.10<br \/>\n<b>81.12<\/b> Hlusta\u00f0i ekki 5M\u00f3s 1.43; Jes 66.4; Jer 7.24,28; 11.10; 13.10-11; 35.16; Sef 3.2<br \/>\n<b>81.13<\/b> Sleppti \u00feeim Post 7.42; R\u00f3m 1.24; sbr Jer 2.19; 14.16; Esk 18.20; Gal 6.7-8 \u2013 forhertum \u00ed hjarta Jer 3.17; 7.24; 5M\u00f3s 29.18<br \/>\n<b>81.14-15<\/b> \u00d3, a\u00f0 &#8230; Slm 18.19; Jes 48.18-19<br \/>\n<b>81.17<\/b> Hunang \u00far klettum 5M\u00f3s 32.13; Jes 7.22; sbr Mrk 1.6<\/div>\n","protected":false},"excerpt":{"rendered":"<p>Til s\u00f6ngstj\u00f3rans. \u00c1 gitt\u00edt. Asafs-s\u00e1lmur.2Fagni\u00f0 fyrir Gu\u00f0i, styrkleika vorum, l\u00e1ti\u00f0 gle\u00f0i\u00f3p gjalla Gu\u00f0i Jakobs.3Hefji\u00f0 lofs\u00f6ng og berji\u00f0 bumbur, kn\u00fdi\u00f0 hinar huglj\u00fafu g\u00edgjur og h\u00f6rpur.4\u00deeyti\u00f0 l\u00fa\u00f0urinn \u00e1 tunglkomud\u00f6gum, vi\u00f0 tunglfylling \u00e1 h\u00e1t\u00ed\u00f0isdegi vorum.5\u00dev\u00ed a\u00f0 \u00feetta eru l\u00f6g fyrir \u00cdsrael, bo\u00f0or\u00f0 Jakobs Gu\u00f0s.6Hann gj\u00f6r\u00f0i \u00fea\u00f0 a\u00f0 reglu \u00ed J\u00f3sef, \u00fe\u00e1 er hann f\u00f3r \u00fat \u00ed m\u00f3ti Egyptalandi. \u00c9g heyri m\u00e1l, sem \u00e9g \u00feekki eigi:7\u00c9g hefi losa\u00f0 her\u00f0ar hans vi\u00f0 byr\u00f0ina, hendur hans eru sloppnar vi\u00f0 bur\u00f0ark\u00f6rfuna.8\u00de\u00fa kalla\u00f0ir \u00ed ney\u00f0inni, og \u00e9g frelsa\u00f0i \u00feig, \u00e9g b\u00e6nheyr\u00f0i \u00feig \u00ed \u00ferumusk\u00fdi, reyndi \u00feig hj\u00e1 Mer\u00edbav\u00f6tnum. Sela9Heyr, l\u00fd\u00f0ur minn, a\u00f0 \u00e9g megi \u00e1minna \u00feig, \u00f3, a\u00f0 <a href=\"https:\/\/biblian.is\/1981\/salmarnir-81-kafli\/\"> [&#8230;]<\/a><\/p>\n","protected":false},"author":1,"featured_media":0,"parent":0,"menu_order":0,"comment_status":"open","ping_status":"open","template":"bibliukaflar.php","meta":{"footnotes":""},"class_list":["post-1906","page","type-page","status-publish","hentry"],"_links":{"self":[{"href":"https:\/\/biblian.is\/1981\/wp-json\/wp\/v2\/pages\/1906","targetHints":{"allow":["GET"]}}],"collection":[{"href":"https:\/\/biblian.is\/1981\/wp-json\/wp\/v2\/pages"}],"about":[{"href":"https:\/\/biblian.is\/1981\/wp-json\/wp\/v2\/types\/page"}],"author":[{"embeddable":true,"href":"https:\/\/biblian.is\/1981\/wp-json\/wp\/v2\/users\/1"}],"replies":[{"embeddable":true,"href":"https:\/\/biblian.is\/1981\/wp-json\/wp\/v2\/comments?post=1906"}],"version-history":[{"count":0,"href":"https:\/\/biblian.is\/1981\/wp-json\/wp\/v2\/pages\/1906\/revisions"}],"wp:attachment":[{"href":"https:\/\/biblian.is\/1981\/wp-json\/wp\/v2\/media?parent=1906"}],"curies":[{"name":"wp","href":"https:\/\/api.w.org\/{rel}","templated":true}]}}