{"id":1905,"date":"2017-11-18T20:19:10","date_gmt":"2017-11-18T20:19:10","guid":{"rendered":"http:\/\/biblian.is\/1981\/salmarnir-80-kafli\/"},"modified":"2021-06-06T11:10:03","modified_gmt":"2021-06-06T11:10:03","slug":"salmarnir-80-kafli","status":"publish","type":"page","link":"https:\/\/biblian.is\/1981\/salmarnir-80-kafli\/","title":{"rendered":"S\u00e1lmarnir 80. kafli"},"content":{"rendered":"<p><em>Til s\u00f6ngstj\u00f3rans. Liljulag. Asafs-vitnisbur\u00f0ur. S\u00e1lmur.<\/em><br \/><a name=\"2\"><span class=\"versanumer\">2<\/span><\/a>Hir\u00f0ir \u00cdsraels, hl\u00fd\u00f0 \u00e1, \u00fe\u00fa sem leiddir J\u00f3sef eins og hj\u00f6r\u00f0, \u00fe\u00fa sem r\u00edkir uppi yfir ker\u00fabunum, birst \u00fe\u00fa \u00ed geislad\u00fdr\u00f0.<a name=\"3\"><span class=\"versanumer\">3<\/span><\/a>Tak \u00e1 m\u00e6tti \u00fe\u00ednum frammi fyrir Efra\u00edm, Benjam\u00edn og Manasse og kom oss til hj\u00e1lpar!<a name=\"4\"><span class=\"versanumer\">4<\/span><\/a>Gu\u00f0, sn\u00fa oss til \u00fe\u00edn aftur og l\u00e1t \u00e1sj\u00f3nu \u00fe\u00edna l\u00fdsa, a\u00f0 v\u00e9r megum frelsast.<a name=\"5\"><span class=\"versanumer\">5<\/span><\/a>Drottinn, Gu\u00f0 hersveitanna, hversu lengi \u00e6tlar \u00fe\u00fa a\u00f0 vera rei\u00f0ur \u00fer\u00e1tt fyrir b\u00e6nir l\u00fd\u00f0s \u00fe\u00edns?<a name=\"6\"><span class=\"versanumer\">6<\/span><\/a>\u00de\u00fa hefir gefi\u00f0 \u00feeim t\u00e1rabrau\u00f0 a\u00f0 eta og f\u00e6rt \u00feeim gn\u00e6g\u00f0 t\u00e1ra a\u00f0 drekka.<a name=\"7\"><span class=\"versanumer\">7<\/span><\/a>\u00de\u00fa hefir gj\u00f6rt oss a\u00f0 \u00fer\u00e6tuefni n\u00e1granna vorra, og \u00f3vinir vorir gj\u00f6ra gys a\u00f0 oss.<a name=\"8\"><span class=\"versanumer\">8<\/span><\/a>Gu\u00f0 hersveitanna lei\u00f0 oss aftur til \u00fe\u00edn og l\u00e1t \u00e1sj\u00f3nu \u00fe\u00edna l\u00fdsa, a\u00f0 v\u00e9r megum frelsast.<a name=\"9\"><span class=\"versanumer\">9<\/span><\/a>\u00de\u00fa kipptir upp v\u00ednvi\u00f0 \u00far Egyptalandi, st\u00f6kktir burt \u00fej\u00f3\u00f0um, en gr\u00f3\u00f0ursettir hann,<a name=\"10\"><span class=\"versanumer\">10<\/span><\/a>\u00fe\u00fa r\u00fdmdir til fyrir honum, hann festi r\u00e6tur og fyllti landi\u00f0.<a name=\"11\"><span class=\"versanumer\">11<\/span><\/a>Fj\u00f6llin huldust \u00ed skugga hans og sedrustr\u00e9 Gu\u00f0s af greinum hans.<a name=\"12\"><span class=\"versanumer\">12<\/span><\/a>Hann breiddi \u00fat \u00e1lmur s\u00ednar til hafsins og teinunga s\u00edna til Flj\u00f3tsins.<a name=\"13\"><span class=\"versanumer\">13<\/span><\/a>Hv\u00ed hefir \u00fe\u00fa broti\u00f0 ni\u00f0ur m\u00farveggina um hann, svo a\u00f0 allir vegfarendur t\u00edna berin?<a name=\"14\"><span class=\"versanumer\">14<\/span><\/a>Sk\u00f3gargeltirnir naga hann, og \u00f6ll d\u00fdr merkurinnar b\u00edta hann.<a name=\"15\"><span class=\"versanumer\">15<\/span><\/a>Gu\u00f0 hersveitanna, \u00e6, sn\u00fa \u00fe\u00fa aftur, l\u00edt ni\u00f0ur af himni og sj\u00e1 og vitja v\u00ednvi\u00f0ar \u00feessa<a name=\"16\"><span class=\"versanumer\">16<\/span><\/a>og var\u00f0veit \u00fea\u00f0 sem h\u00e6gri h\u00f6nd \u00fe\u00edn hefir planta\u00f0, og son \u00feann, er \u00fe\u00fa hefir styrkvan gj\u00f6rt \u00fe\u00e9r til handa.<a name=\"17\"><span class=\"versanumer\">17<\/span><\/a>Hann er brenndur \u00ed eldi og upph\u00f6ggvinn, fyrir \u00f3gnun auglitis \u00fe\u00edns farast \u00feeir.<a name=\"18\"><span class=\"versanumer\">18<\/span><\/a>L\u00e1t h\u00f6nd \u00fe\u00edna hv\u00edla yfir manninum vi\u00f0 \u00fe\u00edna h\u00e6gri h\u00f6nd, yfir mannsins barni, er \u00fe\u00fa hefir styrkvan gj\u00f6rt \u00fe\u00e9r til handa,<a name=\"19\"><span class=\"versanumer\">19<\/span><\/a>\u00fe\u00e1 skulum v\u00e9r eigi v\u00edkja fr\u00e1 \u00fe\u00e9r. Vi\u00f0hald l\u00edfi voru, \u00fe\u00e1 skulum v\u00e9r \u00e1kalla nafn \u00feitt.<a name=\"20\"><span class=\"versanumer\">20<\/span><\/a>Drottinn, Gu\u00f0 hersveitanna, sn\u00fa oss til \u00fe\u00edn aftur, l\u00e1t \u00e1sj\u00f3nu \u00fe\u00edna l\u00fdsa, a\u00f0 v\u00e9r megum frelsast.<\/p>\n<div class=\"footnote1981\"><b>80.1<\/b> Asaf Slm 50.1+<br \/>\n<b>80.2<\/b> Hir\u00f0ir \u00cdsraels Slm 23.1+; sbr 77.21+ yfir ker\u00fabunum 1Sam 4.4; Slm 18.11<br \/>\n<b>80.4<\/b> Reis oss upp Slm 85.5; Jer 31.18 \u2013 l\u00e1t \u00e1sj\u00f3nu \u00fe\u00edn l\u00fdsa Slm 31.17+<br \/>\n<b>80.5<\/b> Hversu lengi? Slm 6.4+<br \/>\n<b>80.6<\/b> T\u00e1rabrau\u00f0 Slm 42.4+<br \/>\n<b>80.7<\/b> Sm\u00e1nu\u00f0u oss Slm 79.4<br \/>\n<b>80.9<\/b> V\u00ednvi\u00f0ur (t\u00e1kn \u00cdsraels) Jes 5.1+ ; Mrk 12.1 og hlst<br \/>\n<b>80.12<\/b> Til hafsins Slm 72.8+ ; 2Kon 24.7<br \/>\n<b>80.13-14<\/b> Landeign Gu\u00f0s r\u00e6nd Jer 12.7-13<br \/>\n<b>80.18<\/b> Vi\u00f0 h\u00e6gri h\u00f6nd Slm 110.1 \u2013 er \u00fe\u00fa hefur styrkvagn gj\u00f6rt Slm 89.22<\/div>\n","protected":false},"excerpt":{"rendered":"<p>Til s\u00f6ngstj\u00f3rans. Liljulag. Asafs-vitnisbur\u00f0ur. S\u00e1lmur.2Hir\u00f0ir \u00cdsraels, hl\u00fd\u00f0 \u00e1, \u00fe\u00fa sem leiddir J\u00f3sef eins og hj\u00f6r\u00f0, \u00fe\u00fa sem r\u00edkir uppi yfir ker\u00fabunum, birst \u00fe\u00fa \u00ed geislad\u00fdr\u00f0.3Tak \u00e1 m\u00e6tti \u00fe\u00ednum frammi fyrir Efra\u00edm, Benjam\u00edn og Manasse og kom oss til hj\u00e1lpar!4Gu\u00f0, sn\u00fa oss til \u00fe\u00edn aftur og l\u00e1t \u00e1sj\u00f3nu \u00fe\u00edna l\u00fdsa, a\u00f0 v\u00e9r megum frelsast.5Drottinn, Gu\u00f0 hersveitanna, hversu lengi \u00e6tlar \u00fe\u00fa a\u00f0 vera rei\u00f0ur \u00fer\u00e1tt fyrir b\u00e6nir l\u00fd\u00f0s \u00fe\u00edns?6\u00de\u00fa hefir gefi\u00f0 \u00feeim t\u00e1rabrau\u00f0 a\u00f0 eta og f\u00e6rt \u00feeim gn\u00e6g\u00f0 t\u00e1ra a\u00f0 drekka.7\u00de\u00fa hefir gj\u00f6rt oss a\u00f0 \u00fer\u00e6tuefni n\u00e1granna vorra, og \u00f3vinir vorir gj\u00f6ra gys a\u00f0 oss.8Gu\u00f0 hersveitanna lei\u00f0 oss aftur til \u00fe\u00edn <a href=\"https:\/\/biblian.is\/1981\/salmarnir-80-kafli\/\"> [&#8230;]<\/a><\/p>\n","protected":false},"author":1,"featured_media":0,"parent":0,"menu_order":0,"comment_status":"open","ping_status":"open","template":"bibliukaflar.php","meta":{"footnotes":""},"class_list":["post-1905","page","type-page","status-publish","hentry"],"_links":{"self":[{"href":"https:\/\/biblian.is\/1981\/wp-json\/wp\/v2\/pages\/1905","targetHints":{"allow":["GET"]}}],"collection":[{"href":"https:\/\/biblian.is\/1981\/wp-json\/wp\/v2\/pages"}],"about":[{"href":"https:\/\/biblian.is\/1981\/wp-json\/wp\/v2\/types\/page"}],"author":[{"embeddable":true,"href":"https:\/\/biblian.is\/1981\/wp-json\/wp\/v2\/users\/1"}],"replies":[{"embeddable":true,"href":"https:\/\/biblian.is\/1981\/wp-json\/wp\/v2\/comments?post=1905"}],"version-history":[{"count":0,"href":"https:\/\/biblian.is\/1981\/wp-json\/wp\/v2\/pages\/1905\/revisions"}],"wp:attachment":[{"href":"https:\/\/biblian.is\/1981\/wp-json\/wp\/v2\/media?parent=1905"}],"curies":[{"name":"wp","href":"https:\/\/api.w.org\/{rel}","templated":true}]}}