{"id":1901,"date":"2017-11-18T20:19:10","date_gmt":"2017-11-18T20:19:10","guid":{"rendered":"http:\/\/biblian.is\/1981\/salmarnir-76-kafli\/"},"modified":"2021-06-06T11:10:01","modified_gmt":"2021-06-06T11:10:01","slug":"salmarnir-76-kafli","status":"publish","type":"page","link":"https:\/\/biblian.is\/1981\/salmarnir-76-kafli\/","title":{"rendered":"S\u00e1lmarnir 76. kafli"},"content":{"rendered":"<p><a name=\"1\"><span class=\"versanumer\">1<\/span><\/a>Til s\u00f6ngstj\u00f3rans. Me\u00f0 strengjaleik. Asafs-s\u00e1lmur. Lj\u00f3\u00f0.<a name=\"2\"><span class=\"versanumer\">2<\/span><\/a>Gu\u00f0 er auglj\u00f3s or\u00f0inn \u00ed J\u00fada, \u00ed \u00cdsrael er nafn hans miki\u00f0.<a name=\"3\"><span class=\"versanumer\">3<\/span><\/a>Sk\u00e1li hans er \u00ed Salem og b\u00fasta\u00f0ur hans \u00e1 S\u00edon.<a name=\"4\"><span class=\"versanumer\">4<\/span><\/a>\u00dear braut hann sundur leiftur bogans, skj\u00f6ld og sver\u00f0 og hervopn.  Sela<a name=\"5\"><span class=\"versanumer\">5<\/span><\/a>\u00de\u00fa birtist d\u00fdrlegur, \u00f3gurlegri en hin \u00f6ldnu fj\u00f6ll.<a name=\"6\"><span class=\"versanumer\">6<\/span><\/a>Hinir har\u00f0sv\u00edru\u00f0u ur\u00f0u \u00f6\u00f0rum a\u00f0 herfangi, \u00feeir sofnu\u00f0u svefni s\u00ednum, og hendurnar brug\u00f0ust \u00f6llum hetjunum.<a name=\"7\"><span class=\"versanumer\">7<\/span><\/a>Fyrir \u00f3gnun \u00feinni, Jakobs Gu\u00f0, hnigu b\u00e6\u00f0i vagnar og hestar \u00ed d\u00e1.<a name=\"8\"><span class=\"versanumer\">8<\/span><\/a>\u00de\u00fa ert \u00f3gurlegur, og hver f\u00e6r sta\u00f0ist fyrir \u00fe\u00e9r, er \u00fe\u00fa rei\u00f0ist?<a name=\"9\"><span class=\"versanumer\">9<\/span><\/a>Fr\u00e1 himnum gj\u00f6r\u00f0ir \u00fe\u00fa d\u00f3m \u00feinn heyrinkunnan, j\u00f6r\u00f0in skelfdist og kyrr\u00f0ist,<a name=\"10\"><span class=\"versanumer\">10<\/span><\/a>\u00feegar Gu\u00f0 reis upp til d\u00f3ms til \u00feess a\u00f0 hj\u00e1lpa \u00f6llum hrj\u00e1\u00f0um \u00e1 j\u00f6r\u00f0u.  Sela<a name=\"11\"><span class=\"versanumer\">11<\/span><\/a>\u00dev\u00ed a\u00f0 rei\u00f0i mannsins ver\u00f0ur a\u00f0 lofa \u00feig, leifum rei\u00f0innar gyr\u00f0ir \u00fe\u00fa \u00feig.<a name=\"12\"><span class=\"versanumer\">12<\/span><\/a>Vinni\u00f0 heit og efni\u00f0 \u00feau vi\u00f0 Drottin, Gu\u00f0 y\u00f0ar, allir \u00feeir sem eru umhverfis hann, skulu f\u00e6ra gjafir hinum \u00f3ttalega,<a name=\"13\"><span class=\"versanumer\">13<\/span><\/a>honum sem l\u00e6gir ofstopa h\u00f6f\u00f0ingjanna, sem \u00f3gurlegur er konungum jar\u00f0arinnar.<\/p>\n<div class=\"footnote1981\"><b>76.1<\/b> Asaf Slm 50.1+<br \/>\n<b>76.2<\/b> Gu\u00f0 er kunnur Slm 48.4 \u2013 nafn hans miki\u00f0 Slm 48.2; 99.3: J\u00f3s 7.9; 1Sam 12.22; 1Kon 8.42; Jer 10.6; 44.26; Esk 36.23; Mal 1.11; 2Kro 6.32<br \/>\n<b>76.3<\/b> Tjaldb\u00fa\u00f0 2Sam 6.17; 7.2; sbr Slm 132.5 \u2013 Salem 1M\u00f3s 14.18; Heb 7.1<br \/>\n<b>76.4<\/b> Vopn brotin sundur Slm 46.10; sbr 48.4-8; H\u00f3s 2.20<br \/>\n<b>76.6<\/b> Deyddir \u00ed svefni 2Kon 19.35<br \/>\n<b>76.7<\/b> Vagnar og hestar 2M\u00f3s 14.25<br \/>\n<b>76.9<\/b> Gu\u00f0, d\u00f3mari jar\u00f0arinnar Slm 94.2+<br \/>\n<b>76.10<\/b> Hj\u00e1lpa hrj\u00e1\u00f0um Slm 12.6; 34.7; Jes 11.4; Jer 20.13; sbr Slm 72.2,4,12; 82.3<br \/>\n<b>76.12<\/b> Efna heit s\u00edn Slm 22.26; 56.13; 65.2; 66.13; Pr\u00e9d 5.3-4<\/div>\n","protected":false},"excerpt":{"rendered":"<p>1Til s\u00f6ngstj\u00f3rans. Me\u00f0 strengjaleik. Asafs-s\u00e1lmur. Lj\u00f3\u00f0.2Gu\u00f0 er auglj\u00f3s or\u00f0inn \u00ed J\u00fada, \u00ed \u00cdsrael er nafn hans miki\u00f0.3Sk\u00e1li hans er \u00ed Salem og b\u00fasta\u00f0ur hans \u00e1 S\u00edon.4\u00dear braut hann sundur leiftur bogans, skj\u00f6ld og sver\u00f0 og hervopn. Sela5\u00de\u00fa birtist d\u00fdrlegur, \u00f3gurlegri en hin \u00f6ldnu fj\u00f6ll.6Hinir har\u00f0sv\u00edru\u00f0u ur\u00f0u \u00f6\u00f0rum a\u00f0 herfangi, \u00feeir sofnu\u00f0u svefni s\u00ednum, og hendurnar brug\u00f0ust \u00f6llum hetjunum.7Fyrir \u00f3gnun \u00feinni, Jakobs Gu\u00f0, hnigu b\u00e6\u00f0i vagnar og hestar \u00ed d\u00e1.8\u00de\u00fa ert \u00f3gurlegur, og hver f\u00e6r sta\u00f0ist fyrir \u00fe\u00e9r, er \u00fe\u00fa rei\u00f0ist?9Fr\u00e1 himnum gj\u00f6r\u00f0ir \u00fe\u00fa d\u00f3m \u00feinn heyrinkunnan, j\u00f6r\u00f0in skelfdist og kyrr\u00f0ist,10\u00feegar Gu\u00f0 reis upp til d\u00f3ms til \u00feess a\u00f0 hj\u00e1lpa \u00f6llum <a href=\"https:\/\/biblian.is\/1981\/salmarnir-76-kafli\/\"> [&#8230;]<\/a><\/p>\n","protected":false},"author":1,"featured_media":0,"parent":0,"menu_order":0,"comment_status":"open","ping_status":"open","template":"bibliukaflar.php","meta":{"footnotes":""},"class_list":["post-1901","page","type-page","status-publish","hentry"],"_links":{"self":[{"href":"https:\/\/biblian.is\/1981\/wp-json\/wp\/v2\/pages\/1901","targetHints":{"allow":["GET"]}}],"collection":[{"href":"https:\/\/biblian.is\/1981\/wp-json\/wp\/v2\/pages"}],"about":[{"href":"https:\/\/biblian.is\/1981\/wp-json\/wp\/v2\/types\/page"}],"author":[{"embeddable":true,"href":"https:\/\/biblian.is\/1981\/wp-json\/wp\/v2\/users\/1"}],"replies":[{"embeddable":true,"href":"https:\/\/biblian.is\/1981\/wp-json\/wp\/v2\/comments?post=1901"}],"version-history":[{"count":0,"href":"https:\/\/biblian.is\/1981\/wp-json\/wp\/v2\/pages\/1901\/revisions"}],"wp:attachment":[{"href":"https:\/\/biblian.is\/1981\/wp-json\/wp\/v2\/media?parent=1901"}],"curies":[{"name":"wp","href":"https:\/\/api.w.org\/{rel}","templated":true}]}}