{"id":1900,"date":"2017-11-18T20:19:10","date_gmt":"2017-11-18T20:19:10","guid":{"rendered":"http:\/\/biblian.is\/1981\/salmarnir-75-kafli\/"},"modified":"2021-06-06T11:10:00","modified_gmt":"2021-06-06T11:10:00","slug":"salmarnir-75-kafli","status":"publish","type":"page","link":"https:\/\/biblian.is\/1981\/salmarnir-75-kafli\/","title":{"rendered":"S\u00e1lmarnir 75. kafli"},"content":{"rendered":"<p><a name=\"1\"><span class=\"versanumer\">1<\/span><\/a>Til s\u00f6ngstj\u00f3rans. Lag: Spill eigi. Asafs-s\u00e1lmur. Lj\u00f3\u00f0.<a name=\"2\"><span class=\"versanumer\">2<\/span><\/a>V\u00e9r lofum \u00feig, \u00f3 Gu\u00f0, v\u00e9r lofum \u00feig, og \u00feeir er \u00e1kalla nafn \u00feitt, segja fr\u00e1 d\u00e1semdarverkum \u00fe\u00ednum.<a name=\"3\"><span class=\"versanumer\">3<\/span><\/a>\u00deegar m\u00e9r \u00feykir t\u00edmi til kominn, d\u00e6mi \u00e9g r\u00e9ttv\u00edslega.<a name=\"4\"><span class=\"versanumer\">4<\/span><\/a>\u00de\u00f3tt j\u00f6r\u00f0in skj\u00e1lfi me\u00f0 \u00f6llum \u00feeim, er \u00e1 henni b\u00faa, \u00fe\u00e1 hefi \u00e9g samt fest sto\u00f0ir.  Sela<a name=\"5\"><span class=\"versanumer\">5<\/span><\/a>\u00c9g segi vi\u00f0 hina hrokafullu: S\u00fdni\u00f0 eigi hroka! og vi\u00f0 hina \u00f3gu\u00f0legu: Hefji\u00f0 eigi hornin!<a name=\"6\"><span class=\"versanumer\">6<\/span><\/a>Hefji\u00f0 eigi hornin gegn himninum, m\u00e6li\u00f0 eigi drambyr\u00f0i hnakkakerrtir!<a name=\"7\"><span class=\"versanumer\">7<\/span><\/a>\u00dev\u00ed a\u00f0 hvorki fr\u00e1 austri n\u00e9 vestri n\u00e9 fr\u00e1 ey\u00f0im\u00f6rkinni kemur neinn, sem veitt geti uppreisn,<a name=\"8\"><span class=\"versanumer\">8<\/span><\/a>heldur er Gu\u00f0 s\u00e1 sem d\u00e6mir, hann ni\u00f0url\u00e6gir annan og upphefur hinn.<a name=\"9\"><span class=\"versanumer\">9<\/span><\/a>\u00dev\u00ed a\u00f0 bikar er \u00ed hendi Drottins me\u00f0 frey\u00f0andi v\u00edni, fullur af kryddi. Af \u00fev\u00ed skenkir hann, j\u00e1, dreggjar \u00feess s\u00fapa og s\u00f6tra allir \u00f3gu\u00f0legir menn \u00e1 j\u00f6r\u00f0u.<a name=\"10\"><span class=\"versanumer\">10<\/span><\/a>En \u00e9g vil fagna a\u00f0 eil\u00edfu, lofsyngja Jakobs Gu\u00f0i.<a name=\"11\"><span class=\"versanumer\">11<\/span><\/a>\u00d6ll horn \u00f3gu\u00f0legra ver\u00f0a af h\u00f6ggvin, en horn r\u00e9ttl\u00e1tra skulu h\u00e1tt gn\u00e6fa.<\/p>\n<div class=\"footnote1981\"><b>75.1<\/b> Asaf Slm 50+<br \/>\n<b>75.2<\/b> Segja fr\u00e1 Heb 2.12<br \/>\n<b>75.3<\/b> Gu\u00f0 d\u00e6mir r\u00e9ttv\u00edslega Slm 9.9; 67.5; 96.10; sbr Slm 35.24; 1P\u00e9t 2.23<br \/>\n<b>75.4<\/b> Jar\u00f0skj\u00e1lfti sbr Slm 46.3-4 \u2013 sto\u00f0ir jar\u00f0arinnar 1Sam 2.8; sbr Slm 104.5; Job 26.7<br \/>\n<b>75.5-6<\/b> Hrokafullir a\u00f0vara\u00f0ir 1Sam 2.3<br \/>\n<b>75.8<\/b> Gu\u00f0 d\u00e6mir Slm 50.6+ &#8211; hann ni\u00f0url\u00e6gir, upphefur 1Sam 2.4-8; Esk 21.31; L\u00fak 1.51-54<br \/>\n<b>75.9<\/b> Bikar (d\u00f3msins) Slm 11.6; Jer 25.15-17+ ; sbr Slm 60.5; \u00d3b 16<br \/>\n<b>75.10<\/b> Lofsyngja Gu\u00f0i Slm 147.7+<\/div>\n","protected":false},"excerpt":{"rendered":"<p>1Til s\u00f6ngstj\u00f3rans. Lag: Spill eigi. Asafs-s\u00e1lmur. Lj\u00f3\u00f0.2V\u00e9r lofum \u00feig, \u00f3 Gu\u00f0, v\u00e9r lofum \u00feig, og \u00feeir er \u00e1kalla nafn \u00feitt, segja fr\u00e1 d\u00e1semdarverkum \u00fe\u00ednum.3\u00deegar m\u00e9r \u00feykir t\u00edmi til kominn, d\u00e6mi \u00e9g r\u00e9ttv\u00edslega.4\u00de\u00f3tt j\u00f6r\u00f0in skj\u00e1lfi me\u00f0 \u00f6llum \u00feeim, er \u00e1 henni b\u00faa, \u00fe\u00e1 hefi \u00e9g samt fest sto\u00f0ir. Sela5\u00c9g segi vi\u00f0 hina hrokafullu: S\u00fdni\u00f0 eigi hroka! og vi\u00f0 hina \u00f3gu\u00f0legu: Hefji\u00f0 eigi hornin!6Hefji\u00f0 eigi hornin gegn himninum, m\u00e6li\u00f0 eigi drambyr\u00f0i hnakkakerrtir!7\u00dev\u00ed a\u00f0 hvorki fr\u00e1 austri n\u00e9 vestri n\u00e9 fr\u00e1 ey\u00f0im\u00f6rkinni kemur neinn, sem veitt geti uppreisn,8heldur er Gu\u00f0 s\u00e1 sem d\u00e6mir, hann ni\u00f0url\u00e6gir annan og upphefur hinn.9\u00dev\u00ed a\u00f0 bikar er \u00ed <a href=\"https:\/\/biblian.is\/1981\/salmarnir-75-kafli\/\"> [&#8230;]<\/a><\/p>\n","protected":false},"author":1,"featured_media":0,"parent":0,"menu_order":0,"comment_status":"open","ping_status":"open","template":"bibliukaflar.php","meta":{"footnotes":""},"class_list":["post-1900","page","type-page","status-publish","hentry"],"_links":{"self":[{"href":"https:\/\/biblian.is\/1981\/wp-json\/wp\/v2\/pages\/1900","targetHints":{"allow":["GET"]}}],"collection":[{"href":"https:\/\/biblian.is\/1981\/wp-json\/wp\/v2\/pages"}],"about":[{"href":"https:\/\/biblian.is\/1981\/wp-json\/wp\/v2\/types\/page"}],"author":[{"embeddable":true,"href":"https:\/\/biblian.is\/1981\/wp-json\/wp\/v2\/users\/1"}],"replies":[{"embeddable":true,"href":"https:\/\/biblian.is\/1981\/wp-json\/wp\/v2\/comments?post=1900"}],"version-history":[{"count":0,"href":"https:\/\/biblian.is\/1981\/wp-json\/wp\/v2\/pages\/1900\/revisions"}],"wp:attachment":[{"href":"https:\/\/biblian.is\/1981\/wp-json\/wp\/v2\/media?parent=1900"}],"curies":[{"name":"wp","href":"https:\/\/api.w.org\/{rel}","templated":true}]}}