{"id":1899,"date":"2017-11-18T20:19:10","date_gmt":"2017-11-18T20:19:10","guid":{"rendered":"http:\/\/biblian.is\/1981\/salmarnir-74-kafli\/"},"modified":"2021-06-06T11:10:00","modified_gmt":"2021-06-06T11:10:00","slug":"salmarnir-74-kafli","status":"publish","type":"page","link":"https:\/\/biblian.is\/1981\/salmarnir-74-kafli\/","title":{"rendered":"S\u00e1lmarnir 74. kafli"},"content":{"rendered":"<p><a name=\"1\"><span class=\"versanumer\">1<\/span><\/a>Asafs-mask\u00edl. Hv\u00ed hefir \u00fe\u00fa, Gu\u00f0, hafna\u00f0 oss a\u00f0 fullu, hv\u00ed r\u00fdkur rei\u00f0i \u00fe\u00edn gegn g\u00e6sluhj\u00f6r\u00f0 \u00feinni?<a name=\"2\"><span class=\"versanumer\">2<\/span><\/a>Haf \u00ed minni s\u00f6fnu\u00f0 \u00feinn, er \u00fe\u00fa afla\u00f0ir for\u00f0um og leystir til \u00feess a\u00f0 vera kynkv\u00edsl \u00f3\u00f0als \u00fe\u00edns, haf \u00ed minni S\u00edonfjall, \u00fear sem \u00fe\u00fa hefir teki\u00f0 \u00fe\u00e9r b\u00fasta\u00f0.<a name=\"3\"><span class=\"versanumer\">3<\/span><\/a>Bein \u00fe\u00fa skrefum \u00fe\u00ednum til hinna endalausu r\u00fasta: \u00d6llu hafa \u00f3vinirnir spillt \u00ed helgid\u00f3minum!<a name=\"4\"><span class=\"versanumer\">4<\/span><\/a>Fjandmenn \u00fe\u00ednir grenju\u00f0u inni \u00e1 samkomusta\u00f0 \u00fe\u00ednum, reistu upp hermerki s\u00edn.<a name=\"5\"><span class=\"versanumer\">5<\/span><\/a>Eins og menn sem rei\u00f0a h\u00e1tt axir \u00ed \u00feykkum sk\u00f3gi,<a name=\"6\"><span class=\"versanumer\">6<\/span><\/a>h\u00f6ggva \u00feeir allan \u00fatskur\u00f0, m\u00f6lva me\u00f0 exi og hamri.<a name=\"7\"><span class=\"versanumer\">7<\/span><\/a>\u00deeir hafa lagt eld \u00ed helgid\u00f3m \u00feinn, vanhelga\u00f0 b\u00fasta\u00f0 nafns \u00fe\u00edns til grunna.<a name=\"8\"><span class=\"versanumer\">8<\/span><\/a>\u00deeir hugsu\u00f0u me\u00f0 sj\u00e1lfum s\u00e9r: V\u00e9r skulum tort\u00edma \u00feeim \u00f6llum. \u00deeir brenndu \u00f6ll samkomuh\u00fas Gu\u00f0s \u00ed landinu.<a name=\"9\"><span class=\"versanumer\">9<\/span><\/a>V\u00e9r sj\u00e1um eigi merki vor, \u00fear er enginn sp\u00e1ma\u00f0ur framar, og enginn er hj\u00e1 oss sem veit hve lengi.<a name=\"10\"><span class=\"versanumer\">10<\/span><\/a>Hversu lengi, \u00f3 Gu\u00f0, \u00e1 fjandma\u00f0urinn a\u00f0 h\u00e6\u00f0a, \u00e1 \u00f3vinurinn a\u00f0 spotta nafn \u00feitt um aldur?<a name=\"11\"><span class=\"versanumer\">11<\/span><\/a>Hv\u00ed dregur \u00fe\u00fa a\u00f0 \u00fe\u00e9r h\u00f6nd \u00fe\u00edna, hv\u00ed geymir \u00fe\u00fa h\u00e6gri h\u00f6nd \u00fe\u00edna \u00ed barmi \u00fe\u00e9r?<a name=\"12\"><span class=\"versanumer\">12<\/span><\/a>Og \u00fe\u00f3 er Gu\u00f0 konungur minn fr\u00e1 fornum t\u00ed\u00f0um, s\u00e1 er framkv\u00e6mir hj\u00e1lpr\u00e6\u00f0isverk \u00e1 j\u00f6r\u00f0u.<a name=\"13\"><span class=\"versanumer\">13<\/span><\/a>\u00de\u00fa klaufst hafi\u00f0 me\u00f0 m\u00e6tti \u00fe\u00ednum, \u00fe\u00fa braust sundur h\u00f6fu\u00f0 drekans \u00e1 vatninu,<a name=\"14\"><span class=\"versanumer\">14<\/span><\/a>\u00fe\u00fa mola\u00f0ir sundur hausa Levjatans, gafst hann d\u00fdrum ey\u00f0imerkurinnar a\u00f0 \u00e6ti.<a name=\"15\"><span class=\"versanumer\">15<\/span><\/a>\u00de\u00fa l\u00e9st lindir og l\u00e6ki spretta upp, \u00fe\u00fa \u00feurrka\u00f0ir upp s\u00edrennandi \u00e1r.<a name=\"16\"><span class=\"versanumer\">16<\/span><\/a>\u00deinn er dagurinn og \u00fe\u00edn er n\u00f3ttin, \u00fe\u00fa gj\u00f6r\u00f0ir lj\u00f3s og s\u00f3l.<a name=\"17\"><span class=\"versanumer\">17<\/span><\/a>\u00de\u00fa settir \u00f6ll takm\u00f6rk jar\u00f0arinnar, sumar og vetur hefir \u00fe\u00fa gj\u00f6rt.<a name=\"18\"><span class=\"versanumer\">18<\/span><\/a>Minnst \u00feess, Drottinn, a\u00f0 \u00f3vinurinn lastm\u00e6lir, og heimskur l\u00fd\u00f0ur sm\u00e1nar nafn \u00feitt.<a name=\"19\"><span class=\"versanumer\">19<\/span><\/a>Ofursel eigi villid\u00fdrunum s\u00e1l turtild\u00fafu \u00feinnar, gleym eigi um aldur l\u00edfi \u00feinna hrj\u00e1\u00f0u.<a name=\"20\"><span class=\"versanumer\">20<\/span><\/a>Gef g\u00e6tur a\u00f0 s\u00e1ttm\u00e1la \u00fe\u00ednum, \u00fev\u00ed a\u00f0 sk\u00famaskot landsins eru full af b\u00e6lum ofr\u00edkisins.<a name=\"21\"><span class=\"versanumer\">21<\/span><\/a>L\u00e1t eigi \u00feann er k\u00fagun s\u00e6tir, sn\u00faa aftur me\u00f0 sv\u00edvir\u00f0ing, l\u00e1t hina hrj\u00e1\u00f0u og snau\u00f0u lofa nafn \u00feitt.<a name=\"22\"><span class=\"versanumer\">22<\/span><\/a>R\u00eds upp, Gu\u00f0, berst fyrir m\u00e1lefni \u00fe\u00ednu, minnst \u00fe\u00fa h\u00e1\u00f0ungar \u00feeirrar, er \u00fe\u00fa s\u00e6tir af heimskingjum daginn \u00e1 enda.<a name=\"23\"><span class=\"versanumer\">23<\/span><\/a>Gleym eigi hr\u00f3pi fjenda \u00feinna, glaumk\u00e6ti andst\u00e6\u00f0inga \u00feinna, \u00feeirri er s\u00edfellt st\u00edgur upp.<\/p>\n<div class=\"footnote1981\"><b>74.1<\/b> Asaf Slm 50.1+ &#8211; hafna Slm 44.10; 60.12; 77.8; 89.39 \u2013 hj\u00f6r\u00f0 Gu\u00f0s Slm 77.21+<br \/>\n<b>74.2<\/b> Minnstu Slm 119.49; 132.1; 2M\u00f3s 32.13, Hab 3.2; Hlj 5.1 \u2013 eigna\u00f0ist for\u00f0um 5M\u00f3s 7.6; &#8211; erf\u00f0ahlutur Gu\u00f0s Slm 28.9; 33.12; 5M\u00f3s 32.9; 1Kon 8.53; Jer 10.16; 51.19<br \/>\n<b>74.3<\/b> R\u00fastir, helgid\u00f3minum spillt 2Kon 25.8-11<br \/>\n<b>74.4<\/b> Hei\u00f0in merki \u00ed musterinu sbr Dan 9.27<br \/>\n<b>74.7<\/b> Eldur 2Kon 25.9; Jes 64.10; Jer 52.13<br \/>\n<b>74.9<\/b> Enginn sp\u00e1ma\u00f0ur Slm 77.9; Esk 7.26; Hlj 2.9 \u2013 hve lengi Slm 6.4+<br \/>\n<b>74.12<\/b> Konungur minn Slm 5.3+<br \/>\n<b>74.13<\/b> Gu\u00f0 r\u00edkir yfir hafinu Slm 77.17; 89.10-11; 93.3-4; 104.7; 107.29; Jes 51.9; Job 9.13; 26.12<br \/>\n<b>74.14<\/b> Levjatan Slm 104.26; Jes 27.1; Am 9.3; Job 3.8; 26.13; 40.25 \u2013 41.25<br \/>\n<b>74.15<\/b> Lindir 2M\u00f3s 17.1-7; 4M\u00f3s 20.2-13 \u2013 \u00feurrka\u00f0ir upp flj\u00f3t J\u00f3s 3.15-16; sbr Slm 66.6; 114.5<br \/>\n<b>74.22<\/b> R\u00eds upp 4M\u00f3s 10.35; Slm 132.8; 2Kro 6.41<\/div>\n","protected":false},"excerpt":{"rendered":"<p>1Asafs-mask\u00edl. Hv\u00ed hefir \u00fe\u00fa, Gu\u00f0, hafna\u00f0 oss a\u00f0 fullu, hv\u00ed r\u00fdkur rei\u00f0i \u00fe\u00edn gegn g\u00e6sluhj\u00f6r\u00f0 \u00feinni?2Haf \u00ed minni s\u00f6fnu\u00f0 \u00feinn, er \u00fe\u00fa afla\u00f0ir for\u00f0um og leystir til \u00feess a\u00f0 vera kynkv\u00edsl \u00f3\u00f0als \u00fe\u00edns, haf \u00ed minni S\u00edonfjall, \u00fear sem \u00fe\u00fa hefir teki\u00f0 \u00fe\u00e9r b\u00fasta\u00f0.3Bein \u00fe\u00fa skrefum \u00fe\u00ednum til hinna endalausu r\u00fasta: \u00d6llu hafa \u00f3vinirnir spillt \u00ed helgid\u00f3minum!4Fjandmenn \u00fe\u00ednir grenju\u00f0u inni \u00e1 samkomusta\u00f0 \u00fe\u00ednum, reistu upp hermerki s\u00edn.5Eins og menn sem rei\u00f0a h\u00e1tt axir \u00ed \u00feykkum sk\u00f3gi,6h\u00f6ggva \u00feeir allan \u00fatskur\u00f0, m\u00f6lva me\u00f0 exi og hamri.7\u00deeir hafa lagt eld \u00ed helgid\u00f3m \u00feinn, vanhelga\u00f0 b\u00fasta\u00f0 nafns \u00fe\u00edns til grunna.8\u00deeir hugsu\u00f0u me\u00f0 sj\u00e1lfum s\u00e9r: <a href=\"https:\/\/biblian.is\/1981\/salmarnir-74-kafli\/\"> [&#8230;]<\/a><\/p>\n","protected":false},"author":1,"featured_media":0,"parent":0,"menu_order":0,"comment_status":"open","ping_status":"open","template":"bibliukaflar.php","meta":{"footnotes":""},"class_list":["post-1899","page","type-page","status-publish","hentry"],"_links":{"self":[{"href":"https:\/\/biblian.is\/1981\/wp-json\/wp\/v2\/pages\/1899","targetHints":{"allow":["GET"]}}],"collection":[{"href":"https:\/\/biblian.is\/1981\/wp-json\/wp\/v2\/pages"}],"about":[{"href":"https:\/\/biblian.is\/1981\/wp-json\/wp\/v2\/types\/page"}],"author":[{"embeddable":true,"href":"https:\/\/biblian.is\/1981\/wp-json\/wp\/v2\/users\/1"}],"replies":[{"embeddable":true,"href":"https:\/\/biblian.is\/1981\/wp-json\/wp\/v2\/comments?post=1899"}],"version-history":[{"count":0,"href":"https:\/\/biblian.is\/1981\/wp-json\/wp\/v2\/pages\/1899\/revisions"}],"wp:attachment":[{"href":"https:\/\/biblian.is\/1981\/wp-json\/wp\/v2\/media?parent=1899"}],"curies":[{"name":"wp","href":"https:\/\/api.w.org\/{rel}","templated":true}]}}