{"id":1898,"date":"2017-11-18T20:19:10","date_gmt":"2017-11-18T20:19:10","guid":{"rendered":"http:\/\/biblian.is\/1981\/salmarnir-73-kafli\/"},"modified":"2021-06-06T11:10:00","modified_gmt":"2021-06-06T11:10:00","slug":"salmarnir-73-kafli","status":"publish","type":"page","link":"https:\/\/biblian.is\/1981\/salmarnir-73-kafli\/","title":{"rendered":"S\u00e1lmarnir 73. kafli"},"content":{"rendered":"<p><a name=\"1\"><span class=\"versanumer\">1<\/span><\/a>Asafs-s\u00e1lmur. Vissulega er Gu\u00f0 g\u00f3\u00f0ur vi\u00f0 \u00cdsrael, vi\u00f0 \u00fe\u00e1 sem hjartahreinir eru.<a name=\"2\"><span class=\"versanumer\">2<\/span><\/a>N\u00e6rri l\u00e1, a\u00f0 f\u00e6tur m\u00ednir hr\u00f6su\u00f0u, l\u00edti\u00f0 vanta\u00f0i \u00e1, a\u00f0 \u00e9g skri\u00f0na\u00f0i \u00ed skrefi,<a name=\"3\"><span class=\"versanumer\">3<\/span><\/a>\u00fev\u00ed a\u00f0 \u00e9g fylltist gremju \u00fat af hinum hrokafullu, \u00feegar \u00e9g s\u00e1 gengi hinna gu\u00f0lausu.<a name=\"4\"><span class=\"versanumer\">4<\/span><\/a>\u00deeir hafa engar h\u00f6rmungar a\u00f0 bera, l\u00edkami \u00feeirra er heill og hraustur.<a name=\"5\"><span class=\"versanumer\">5<\/span><\/a>\u00deeim m\u00e6tir engin m\u00e6\u00f0a sem \u00f6\u00f0rum m\u00f6nnum, og \u00feeir ver\u00f0a eigi fyrir neinum \u00e1f\u00f6llum eins og a\u00f0rir menn.<a name=\"6\"><span class=\"versanumer\">6<\/span><\/a>Fyrir \u00fev\u00ed er hrokinn h\u00e1lsfesti \u00feeirra, \u00feeir eru sveipa\u00f0ir ofr\u00edki eins og yfirh\u00f6fn.<a name=\"7\"><span class=\"versanumer\">7<\/span><\/a>Fr\u00e1 m\u00f6rhjarta kemur misgj\u00f6r\u00f0 \u00feeirra, girndir \u00feeirra ganga fram \u00far \u00f6llu h\u00f3fi.<a name=\"8\"><span class=\"versanumer\">8<\/span><\/a>\u00deeir spotta og tala af illsku, m\u00e6la k\u00fagunaror\u00f0 \u00ed mikilmennsku sinni.<a name=\"9\"><span class=\"versanumer\">9<\/span><\/a>Me\u00f0 munni s\u00ednum snerta \u00feeir himininn, en tunga \u00feeirra er t\u00ed\u00f0f\u00f6rul um j\u00f6r\u00f0ina.<a name=\"10\"><span class=\"versanumer\">10<\/span><\/a>Fyrir \u00fev\u00ed a\u00f0hyllist l\u00fd\u00f0urinn \u00fe\u00e1 og teygar gn\u00f3ttir vatns.<a name=\"11\"><span class=\"versanumer\">11<\/span><\/a>\u00deeir segja: Hvernig \u00e6tti Gu\u00f0 a\u00f0 vita og Hinn h\u00e6sti a\u00f0 hafa nokkra \u00feekkingu?<a name=\"12\"><span class=\"versanumer\">12<\/span><\/a>Sj\u00e1, \u00feessir menn eru gu\u00f0lausir, og \u00fe\u00f3 lifa \u00feeir \u00e6t\u00ed\u00f0 \u00e1hyggjulausir og auka efni s\u00edn.<a name=\"13\"><span class=\"versanumer\">13<\/span><\/a>Vissulega hefi \u00e9g til \u00f3n\u00fdtis haldi\u00f0 hjarta m\u00ednu hreinu og \u00fevegi\u00f0 hendur m\u00ednar \u00ed sakleysi,<a name=\"14\"><span class=\"versanumer\">14<\/span><\/a>\u00e9g \u00fej\u00e1ist allan daginn, og \u00e1 hverjum morgni b\u00ed\u00f0ur m\u00edn hirting.<a name=\"15\"><span class=\"versanumer\">15<\/span><\/a>Ef \u00e9g hef\u00f0i haft \u00ed hyggju a\u00f0 tala \u00feannig, sj\u00e1, \u00fe\u00e1 hef\u00f0i \u00e9g brug\u00f0i\u00f0 tr\u00fana\u00f0i vi\u00f0 kyn barna \u00feinna.<a name=\"16\"><span class=\"versanumer\">16<\/span><\/a>En \u00e9g hugsa\u00f0i um, hvernig \u00e9g \u00e6tti a\u00f0 skilja \u00fea\u00f0, \u00fea\u00f0 var erfitt \u00ed augum m\u00ednum,<a name=\"17\"><span class=\"versanumer\">17<\/span><\/a>uns \u00e9g kom inn \u00ed helgid\u00f3ma Gu\u00f0s og skildi afdrif \u00feeirra:<a name=\"18\"><span class=\"versanumer\">18<\/span><\/a>Vissulega setur \u00fe\u00fa \u00fe\u00e1 \u00e1 sleipa j\u00f6r\u00f0, \u00fe\u00fa l\u00e6tur \u00fe\u00e1 falla \u00ed r\u00fastir.<a name=\"19\"><span class=\"versanumer\">19<\/span><\/a>Sviplega ver\u00f0a \u00feeir a\u00f0 au\u00f0n, l\u00ed\u00f0a undir lok, tort\u00edmdir af skelfingum.<a name=\"20\"><span class=\"versanumer\">20<\/span><\/a>Eins og draum er ma\u00f0ur vaknar, \u00feannig fyrirl\u00edtur \u00fe\u00fa, Drottinn, mynd \u00feeirra, er \u00fe\u00fa r\u00edst \u00e1 f\u00e6tur.<a name=\"21\"><span class=\"versanumer\">21<\/span><\/a>\u00deegar beiskja var \u00ed hjarta m\u00ednu og kv\u00f6lin n\u00edsti hug minn,<a name=\"22\"><span class=\"versanumer\">22<\/span><\/a>\u00fe\u00e1 var \u00e9g f\u00e1r\u00e1\u00f0lingur og vissi ekkert, var sem skynlaus skepna gagnvart \u00fe\u00e9r.<a name=\"23\"><span class=\"versanumer\">23<\/span><\/a>En \u00e9g er \u00e6t\u00ed\u00f0 hj\u00e1 \u00fe\u00e9r, \u00fe\u00fa heldur \u00ed h\u00e6gri h\u00f6nd m\u00edna.<a name=\"24\"><span class=\"versanumer\">24<\/span><\/a>\u00de\u00fa munt lei\u00f0a mig eftir \u00e1lyktun \u00feinni, og s\u00ed\u00f0an munt \u00fe\u00fa taka vi\u00f0 m\u00e9r \u00ed d\u00fdr\u00f0.<a name=\"25\"><span class=\"versanumer\">25<\/span><\/a>Hvern \u00e1 \u00e9g annars a\u00f0 \u00e1 himnum? Og hafi \u00e9g \u00feig, hir\u00f0i \u00e9g eigi um neitt \u00e1 j\u00f6r\u00f0u.<a name=\"26\"><span class=\"versanumer\">26<\/span><\/a>\u00de\u00f3tt hold mitt og hjarta t\u00e6rist, er Gu\u00f0 bjarg hjarta m\u00edns og hlutskipti mitt um eil\u00edf\u00f0.<a name=\"27\"><span class=\"versanumer\">27<\/span><\/a>\u00dev\u00ed sj\u00e1, \u00feeir sem fjarl\u00e6gjast \u00feig, farast, \u00fe\u00fa afm\u00e1ir alla \u00fe\u00e1, sem eru \u00fe\u00e9r \u00f3tr\u00fair.<a name=\"28\"><span class=\"versanumer\">28<\/span><\/a>En m\u00edn g\u00e6\u00f0i eru \u00fea\u00f0 a\u00f0 vera n\u00e1l\u00e6gt Gu\u00f0i, \u00e9g hefi gj\u00f6rt Drottin a\u00f0 athvarfi m\u00ednu og segi fr\u00e1 \u00f6llum verkum \u00fe\u00ednum.<\/p>\n<div class=\"footnote1981\"><b>73.1<\/b> Asaf Slm 50.1+ &#8211; Gu\u00f0 er g\u00f3\u00f0ur Slm 25.8; 100.5; 119.68<br \/>\n<b>73.3<\/b> \u00d6fund Slm 37.1; Job 21.7; Jer 12.1 \u2013 ofl\u00e1tungar Slm 5.6; 75.5<br \/>\n<b>73.6<\/b> Sveipa\u00f0ir ofr\u00edki Slm 109.18; sbr Ef 4.22-24<br \/>\n<b>73.7<\/b> M\u00f6rhjarta Slm 17.10+<br \/>\n<b>73.10<\/b> Gengi hinna gu\u00f0lausu Slm 10.5; 49.14<br \/>\n<b>73.11<\/b> Hva\u00f0? sbr Slm 10.4+<br \/>\n<b>73.12<\/b> Safna au\u00f0\u00e6fum Slm 49.7; sbr 62.11<br \/>\n<b>73.13<\/b> \u00devo hendur s\u00ednar Slm 26.6; 5M\u00f3s 21.6; sbr Matt 27.24<br \/>\n<b>73.14<\/b> \u00dej\u00e1st allan daginn Slm 44.23<br \/>\n<b>73.20<\/b> L\u00edkt og draumur Slm 90.5; Jes 29.7-8; Job 20.8<br \/>\n<b>73.22-23<\/b> Hj\u00e1 \u00fe\u00e9r Slm 63.9 \u2013 heldur \u00ed sbr Slm 18.36; Jes 41.10<br \/>\n<b>73.24<\/b> Lei\u00f0a mig Slm 23.2; Okv 4.11 \u2013 taka vi\u00f0 m\u00e9r sbr Slm 16.10<br \/>\n<b>73.26<\/b> \u00de\u00f3tt hold og hjarta t\u00e6rist Slm 32.3; Hab 3.16; Okv 5.11 \u2013 Gu\u00f0, bjarg mitt sbr Slm 28.1+ &#8211; hlutskipti mitt Slm 16.5; 142.6<br \/>\n<b>73.27<\/b> \u00d3tr\u00fair Slm 106.39; H\u00f3s 1.2+<br \/>\n<b>73.28<\/b> Athvarf Slm 7.2+ &#8211; segja fr\u00e1 verkum \u00fe\u00ednum Slm 9.2; 22.23,32; 26.7; 48.14-15; 66.16; 77.13; 118.17<\/div>\n","protected":false},"excerpt":{"rendered":"<p>1Asafs-s\u00e1lmur. Vissulega er Gu\u00f0 g\u00f3\u00f0ur vi\u00f0 \u00cdsrael, vi\u00f0 \u00fe\u00e1 sem hjartahreinir eru.2N\u00e6rri l\u00e1, a\u00f0 f\u00e6tur m\u00ednir hr\u00f6su\u00f0u, l\u00edti\u00f0 vanta\u00f0i \u00e1, a\u00f0 \u00e9g skri\u00f0na\u00f0i \u00ed skrefi,3\u00fev\u00ed a\u00f0 \u00e9g fylltist gremju \u00fat af hinum hrokafullu, \u00feegar \u00e9g s\u00e1 gengi hinna gu\u00f0lausu.4\u00deeir hafa engar h\u00f6rmungar a\u00f0 bera, l\u00edkami \u00feeirra er heill og hraustur.5\u00deeim m\u00e6tir engin m\u00e6\u00f0a sem \u00f6\u00f0rum m\u00f6nnum, og \u00feeir ver\u00f0a eigi fyrir neinum \u00e1f\u00f6llum eins og a\u00f0rir menn.6Fyrir \u00fev\u00ed er hrokinn h\u00e1lsfesti \u00feeirra, \u00feeir eru sveipa\u00f0ir ofr\u00edki eins og yfirh\u00f6fn.7Fr\u00e1 m\u00f6rhjarta kemur misgj\u00f6r\u00f0 \u00feeirra, girndir \u00feeirra ganga fram \u00far \u00f6llu h\u00f3fi.8\u00deeir spotta og tala af illsku, m\u00e6la k\u00fagunaror\u00f0 \u00ed mikilmennsku sinni.9Me\u00f0 <a href=\"https:\/\/biblian.is\/1981\/salmarnir-73-kafli\/\"> [&#8230;]<\/a><\/p>\n","protected":false},"author":1,"featured_media":0,"parent":0,"menu_order":0,"comment_status":"open","ping_status":"open","template":"bibliukaflar.php","meta":{"footnotes":""},"class_list":["post-1898","page","type-page","status-publish","hentry"],"_links":{"self":[{"href":"https:\/\/biblian.is\/1981\/wp-json\/wp\/v2\/pages\/1898","targetHints":{"allow":["GET"]}}],"collection":[{"href":"https:\/\/biblian.is\/1981\/wp-json\/wp\/v2\/pages"}],"about":[{"href":"https:\/\/biblian.is\/1981\/wp-json\/wp\/v2\/types\/page"}],"author":[{"embeddable":true,"href":"https:\/\/biblian.is\/1981\/wp-json\/wp\/v2\/users\/1"}],"replies":[{"embeddable":true,"href":"https:\/\/biblian.is\/1981\/wp-json\/wp\/v2\/comments?post=1898"}],"version-history":[{"count":0,"href":"https:\/\/biblian.is\/1981\/wp-json\/wp\/v2\/pages\/1898\/revisions"}],"wp:attachment":[{"href":"https:\/\/biblian.is\/1981\/wp-json\/wp\/v2\/media?parent=1898"}],"curies":[{"name":"wp","href":"https:\/\/api.w.org\/{rel}","templated":true}]}}