{"id":1897,"date":"2017-11-18T20:19:10","date_gmt":"2017-11-18T20:19:10","guid":{"rendered":"http:\/\/biblian.is\/1981\/salmarnir-72-kafli\/"},"modified":"2021-06-06T11:09:59","modified_gmt":"2021-06-06T11:09:59","slug":"salmarnir-72-kafli","status":"publish","type":"page","link":"https:\/\/biblian.is\/1981\/salmarnir-72-kafli\/","title":{"rendered":"S\u00e1lmarnir 72. kafli"},"content":{"rendered":"<p><a name=\"1\"><span class=\"versanumer\">1<\/span><\/a>Eftir Sal\u00f3mon. Gu\u00f0, sel konungi \u00ed hendur d\u00f3ma \u00fe\u00edna og konungssyni r\u00e9ttl\u00e6ti \u00feitt,<a name=\"2\"><span class=\"versanumer\">2<\/span><\/a>a\u00f0 hann d\u00e6mi l\u00fd\u00f0 \u00feinn me\u00f0 r\u00e9ttv\u00edsi og \u00fe\u00edna \u00fej\u00e1\u00f0u me\u00f0 sanngirni.<a name=\"3\"><span class=\"versanumer\">3<\/span><\/a>Fj\u00f6llin beri l\u00fd\u00f0num fri\u00f0 og h\u00e1lsarnir r\u00e9ttl\u00e6ti.<a name=\"4\"><span class=\"versanumer\">4<\/span><\/a>Hann l\u00e1ti hina \u00fej\u00e1\u00f0u me\u00f0al l\u00fd\u00f0sins n\u00e1 r\u00e9tti s\u00ednum, hann hj\u00e1lpi hinum snau\u00f0u og kremji k\u00fagarann.<a name=\"5\"><span class=\"versanumer\">5<\/span><\/a>\u00de\u00e1 mun hann lifa me\u00f0an s\u00f3lin sk\u00edn og tungli\u00f0 ber birtu, fr\u00e1 kyni til kyns.<a name=\"6\"><span class=\"versanumer\">6<\/span><\/a>Hann mun falla sem regn \u00e1 sl\u00e6gjuland, sem regnsk\u00farir, er v\u00f6kva landi\u00f0.<a name=\"7\"><span class=\"versanumer\">7<\/span><\/a>Um hans daga skal r\u00e9ttl\u00e6ti\u00f0 bl\u00f3mgast og gn\u00f3ttir fri\u00f0ar, uns tungli\u00f0 er eigi framar til.<a name=\"8\"><span class=\"versanumer\">8<\/span><\/a>Og hann skal r\u00edkja fr\u00e1 hafi til hafs, fr\u00e1 Flj\u00f3tinu til endimarka jar\u00f0ar.<a name=\"9\"><span class=\"versanumer\">9<\/span><\/a>Fjandmenn hans skulu beygja kn\u00e9 fyrir honum og \u00f3vinir hans sleikja dufti\u00f0.<a name=\"10\"><span class=\"versanumer\">10<\/span><\/a>Konungarnir fr\u00e1 Tarsis og eyl\u00f6ndunum skulu koma me\u00f0 gjafir, konungarnir fr\u00e1 Saba og Seba skulu f\u00e6ra skatt.<a name=\"11\"><span class=\"versanumer\">11<\/span><\/a>Og allir konungar skulu l\u00fata honum, allar \u00fej\u00f3\u00f0ir \u00fej\u00f3na honum.<a name=\"12\"><span class=\"versanumer\">12<\/span><\/a>Hann bjargar hinum snau\u00f0a, er hr\u00f3par \u00e1 hj\u00e1lp, og hinum \u00fej\u00e1\u00f0a, er enginn li\u00f0sinnir.<a name=\"13\"><span class=\"versanumer\">13<\/span><\/a>Hann aumkast yfir b\u00e1gstadda og snau\u00f0a, og f\u00e1t\u00e6kum hj\u00e1lpar hann.<a name=\"14\"><span class=\"versanumer\">14<\/span><\/a>Fr\u00e1 ofbeldi og ofr\u00edki leysir hann \u00fe\u00e1, og bl\u00f3\u00f0 \u00feeirra er d\u00fdrm\u00e6tt \u00ed augum hans.<a name=\"15\"><span class=\"versanumer\">15<\/span><\/a>Hann mun lifa og menn munu gefa honum Saba-gull, menn munu s\u00edfellt bi\u00f0ja fyrir honum, blessa hann li\u00f0langan daginn.<a name=\"16\"><span class=\"versanumer\">16<\/span><\/a>Gn\u00f3ttir korns munu vera \u00ed landinu, \u00e1 fjallatindunum, \u00ed gr\u00f3\u00f0ri \u00feess mun \u00fej\u00f3ta eins og \u00ed L\u00edbanon, og menn skulu spretta upp \u00ed borgunum eins og gras \u00far j\u00f6r\u00f0u.<a name=\"17\"><span class=\"versanumer\">17<\/span><\/a>Nafn hans mun vara a\u00f0 eil\u00edfu, me\u00f0an s\u00f3lin sk\u00edn mun nafn hans gr\u00f3a. Og me\u00f0 honum skulu allar \u00e6ttkv\u00edslir jar\u00f0arinnar \u00f3ska s\u00e9r blessunar, allar \u00fej\u00f3\u00f0ir munu hann s\u00e6lan segja.<a name=\"18\"><span class=\"versanumer\">18<\/span><\/a>Lofa\u00f0ur s\u00e9 Drottinn, Gu\u00f0, \u00cdsraels Gu\u00f0, sem einn gj\u00f6rir fur\u00f0uverk,<a name=\"19\"><span class=\"versanumer\">19<\/span><\/a>og lofa\u00f0 s\u00e9 hans d\u00fdrlega nafn um eil\u00edf\u00f0, og \u00f6ll j\u00f6r\u00f0in fyllist d\u00fdr\u00f0 hans. Amen, amen.<a name=\"20\"><span class=\"versanumer\">20<\/span><\/a>B\u00e6nir Dav\u00ed\u00f0s \u00cdsa\u00edsonar eru \u00e1 enda.<\/p>\n<div class=\"footnote1981\"><b>72.1<\/b> Sal\u00f3mon 1Kon 3.12-28 \u2013 fel konungi 1Kon 3.9 \u2013 r\u00e9ttl\u00e6ti \u00feitt Slm 36.7; 89.15<br \/>\n<b>72.4<\/b> Veita \u00fej\u00e1\u00f0um r\u00e9tt Jer 22.15-16; Okv 29.14 \u2013 kremji k\u00fagarann sbr Slm 60.14; 108.14<br \/>\n<b>72.5<\/b> Me\u00f0an s\u00f3lin sk\u00edn Slm 89.37<br \/>\n<b>72.6<\/b> Sem regn 2Sam 23.4<br \/>\n<b>72.7<\/b> R\u00e9ttl\u00e6ti bl\u00f3mgist sbr Slm 37.11<br \/>\n<b>72.8<\/b> Fr\u00e1 hafi til hafs Sk 9.10; S\u00edr 44.21; 1M\u00f3s 15.18; 1Kon 5.1<br \/>\n<b>72.10<\/b> Fr\u00e1 Saba 1Kon 10.1-13 \u2013 skattur 1Kon 5.1<br \/>\n<b>72.12<\/b> Bjargar hinum snau\u00f0a Job 29.12<br \/>\n<b>72.14<\/b> Bl\u00f3\u00f0 \u00feeirra d\u00fdrm\u00e6tt Slm 116.15<br \/>\n<b>72.15<\/b> Megi hann lifa 1Sam 10.24; 1Kon 1.25,34,39; 2Kon 11.12; 2Kro 23.11 \u2013 Saba gull 1Kon 10.1-22<br \/>\n<b>72.17<\/b> Allar \u00fej\u00f3\u00f0ir jar\u00f0arinnar 1M\u00f3s 12.3; 22.18<br \/>\n<b>72.19<\/b> Lofa\u00f0 s\u00e9 \u2026 Slm 28.6+ &#8211; d\u00fdr\u00f0 hans Hab 3.3<\/div>\n","protected":false},"excerpt":{"rendered":"<p>1Eftir Sal\u00f3mon. Gu\u00f0, sel konungi \u00ed hendur d\u00f3ma \u00fe\u00edna og konungssyni r\u00e9ttl\u00e6ti \u00feitt,2a\u00f0 hann d\u00e6mi l\u00fd\u00f0 \u00feinn me\u00f0 r\u00e9ttv\u00edsi og \u00fe\u00edna \u00fej\u00e1\u00f0u me\u00f0 sanngirni.3Fj\u00f6llin beri l\u00fd\u00f0num fri\u00f0 og h\u00e1lsarnir r\u00e9ttl\u00e6ti.4Hann l\u00e1ti hina \u00fej\u00e1\u00f0u me\u00f0al l\u00fd\u00f0sins n\u00e1 r\u00e9tti s\u00ednum, hann hj\u00e1lpi hinum snau\u00f0u og kremji k\u00fagarann.5\u00de\u00e1 mun hann lifa me\u00f0an s\u00f3lin sk\u00edn og tungli\u00f0 ber birtu, fr\u00e1 kyni til kyns.6Hann mun falla sem regn \u00e1 sl\u00e6gjuland, sem regnsk\u00farir, er v\u00f6kva landi\u00f0.7Um hans daga skal r\u00e9ttl\u00e6ti\u00f0 bl\u00f3mgast og gn\u00f3ttir fri\u00f0ar, uns tungli\u00f0 er eigi framar til.8Og hann skal r\u00edkja fr\u00e1 hafi til hafs, fr\u00e1 Flj\u00f3tinu til endimarka jar\u00f0ar.9Fjandmenn hans skulu beygja kn\u00e9 <a href=\"https:\/\/biblian.is\/1981\/salmarnir-72-kafli\/\"> [&#8230;]<\/a><\/p>\n","protected":false},"author":1,"featured_media":0,"parent":0,"menu_order":0,"comment_status":"open","ping_status":"open","template":"bibliukaflar.php","meta":{"footnotes":""},"class_list":["post-1897","page","type-page","status-publish","hentry"],"_links":{"self":[{"href":"https:\/\/biblian.is\/1981\/wp-json\/wp\/v2\/pages\/1897","targetHints":{"allow":["GET"]}}],"collection":[{"href":"https:\/\/biblian.is\/1981\/wp-json\/wp\/v2\/pages"}],"about":[{"href":"https:\/\/biblian.is\/1981\/wp-json\/wp\/v2\/types\/page"}],"author":[{"embeddable":true,"href":"https:\/\/biblian.is\/1981\/wp-json\/wp\/v2\/users\/1"}],"replies":[{"embeddable":true,"href":"https:\/\/biblian.is\/1981\/wp-json\/wp\/v2\/comments?post=1897"}],"version-history":[{"count":0,"href":"https:\/\/biblian.is\/1981\/wp-json\/wp\/v2\/pages\/1897\/revisions"}],"wp:attachment":[{"href":"https:\/\/biblian.is\/1981\/wp-json\/wp\/v2\/media?parent=1897"}],"curies":[{"name":"wp","href":"https:\/\/api.w.org\/{rel}","templated":true}]}}