{"id":1896,"date":"2017-11-18T20:19:10","date_gmt":"2017-11-18T20:19:10","guid":{"rendered":"http:\/\/biblian.is\/1981\/salmarnir-71-kafli\/"},"modified":"2021-06-06T11:09:59","modified_gmt":"2021-06-06T11:09:59","slug":"salmarnir-71-kafli","status":"publish","type":"page","link":"https:\/\/biblian.is\/1981\/salmarnir-71-kafli\/","title":{"rendered":"S\u00e1lmarnir 71. kafli"},"content":{"rendered":"<p><a name=\"1\"><span class=\"versanumer\">1<\/span><\/a>Hj\u00e1 \u00fe\u00e9r, Drottinn, leita \u00e9g h\u00e6lis, l\u00e1t mig aldrei ver\u00f0a til skammar.<a name=\"2\"><span class=\"versanumer\">2<\/span><\/a>Frelsa mig og bjarga m\u00e9r eftir r\u00e9ttl\u00e6ti \u00fe\u00ednu, hneig eyru \u00fe\u00edn til m\u00edn og hj\u00e1lpa m\u00e9r.<a name=\"3\"><span class=\"versanumer\">3<\/span><\/a>Ver m\u00e9r verndarbjarg, v\u00edgi m\u00e9r til hj\u00e1lpar, \u00fev\u00ed a\u00f0 \u00fe\u00fa ert bjarg mitt og v\u00edgi.<a name=\"4\"><span class=\"versanumer\">4<\/span><\/a>Gu\u00f0 minn, bjarga m\u00e9r \u00far hendi illgjarnra, undan valdi illvirkja og har\u00f0stj\u00f3ra.<a name=\"5\"><span class=\"versanumer\">5<\/span><\/a>\u00dev\u00ed a\u00f0 \u00fe\u00fa ert von m\u00edn, \u00fe\u00fa, Drottinn, ert athvarf mitt fr\u00e1 \u00e6sku.<a name=\"6\"><span class=\"versanumer\">6<\/span><\/a>Vi\u00f0 \u00feig hefi \u00e9g stu\u00f0st fr\u00e1 m\u00f3\u00f0url\u00edfi, fr\u00e1 m\u00f3\u00f0urskauti hefir \u00fe\u00fa veri\u00f0 skj\u00f3l mitt, um \u00feig hlj\u00f3mar \u00e6t\u00ed\u00f0 lofs\u00f6ngur minn.<a name=\"7\"><span class=\"versanumer\">7<\/span><\/a>\u00c9g er m\u00f6rgum or\u00f0inn sem undur, en \u00fe\u00fa ert m\u00e9r \u00f6ruggt h\u00e6li.<a name=\"8\"><span class=\"versanumer\">8<\/span><\/a>Munnur minn er fullur af lofst\u00edr \u00fe\u00ednum, af d\u00fdr\u00f0 \u00feinni daginn allan.<a name=\"9\"><span class=\"versanumer\">9<\/span><\/a>\u00datsk\u00fafa m\u00e9r eigi \u00ed elli minni, yfirgef mig eigi, \u00fe\u00e1 er \u00fer\u00f3ttur minn \u00feverrar.<a name=\"10\"><span class=\"versanumer\">10<\/span><\/a>\u00dev\u00ed a\u00f0 \u00f3vinir m\u00ednir tala um mig, \u00feeir er sitja um l\u00edf mitt, bera r\u00e1\u00f0 s\u00edn saman:<a name=\"11\"><span class=\"versanumer\">11<\/span><\/a>Gu\u00f0 hefir yfirgefi\u00f0 hann. Elti\u00f0 hann og gr\u00edpi\u00f0 hann, \u00fev\u00ed a\u00f0 enginn bjargar.<a name=\"12\"><span class=\"versanumer\">12<\/span><\/a>Gu\u00f0, ver eigi fjarri m\u00e9r, Gu\u00f0 minn, skunda til li\u00f0s vi\u00f0 mig.<a name=\"13\"><span class=\"versanumer\">13<\/span><\/a>L\u00e1t \u00fe\u00e1 er s\u00fdna m\u00e9r fjandskap farast me\u00f0 sk\u00f6mm, l\u00e1t \u00fe\u00e1 \u00edkl\u00e6\u00f0ast h\u00e1\u00f0ung og sv\u00edvir\u00f0ing, er \u00f3ska m\u00e9r \u00f3g\u00e6fu.<a name=\"14\"><span class=\"versanumer\">14<\/span><\/a>En \u00e9g vil s\u00edfellt vona og auka enn \u00e1 allan lofst\u00edr \u00feinn.<a name=\"15\"><span class=\"versanumer\">15<\/span><\/a>Munnur minn skal segja fr\u00e1 r\u00e9ttl\u00e6ti \u00fe\u00ednu, fr\u00e1 hj\u00e1lpsemdum \u00fe\u00ednum allan daginn, \u00fev\u00ed a\u00f0 \u00e9g veit eigi t\u00f6lu \u00e1 \u00feeim.<a name=\"16\"><span class=\"versanumer\">16<\/span><\/a>\u00c9g vil segja fr\u00e1 m\u00e1ttarverkum Drottins, \u00e9g vil bo\u00f0a r\u00e9ttl\u00e6ti \u00feitt, \u00fea\u00f0 eitt.<a name=\"17\"><span class=\"versanumer\">17<\/span><\/a>Gu\u00f0, \u00fe\u00fa hefir kennt m\u00e9r fr\u00e1 \u00e6sku, og allt til \u00feessa kunngj\u00f6ri \u00e9g d\u00e1semdarverk \u00fe\u00edn.<a name=\"18\"><span class=\"versanumer\">18<\/span><\/a>Yfirgef mig eigi, \u00f3 Gu\u00f0, \u00feegar \u00e9g er gamall or\u00f0inn og gr\u00e1r fyrir h\u00e6rum, a\u00f0 \u00e9g megi kunngj\u00f6ra styrkleik \u00feinn komandi kynsl\u00f3\u00f0.<a name=\"19\"><span class=\"versanumer\">19<\/span><\/a>M\u00e1ttur \u00feinn og r\u00e9ttl\u00e6ti \u00feitt, \u00f3 Gu\u00f0, n\u00e6r til himins, \u00fe\u00fa sem hefir frami\u00f0 st\u00f3rvirki, Gu\u00f0, hver er sem \u00fe\u00fa?<a name=\"20\"><span class=\"versanumer\">20<\/span><\/a>\u00de\u00fa sem hefir l\u00e1ti\u00f0 oss horfa upp \u00e1 miklar nau\u00f0ir og \u00f3g\u00e6fu, \u00fe\u00fa munt l\u00e1ta oss lifna vi\u00f0 a\u00f0 n\u00fdju og l\u00e1ta oss aftur st\u00edga upp \u00far undirdj\u00fapum jar\u00f0ar.<a name=\"21\"><span class=\"versanumer\">21<\/span><\/a>\u00de\u00fa munt auka vi\u00f0 tign m\u00edna og aftur veita m\u00e9r huggun.<a name=\"22\"><span class=\"versanumer\">22<\/span><\/a>\u00de\u00e1 vil \u00e9g lofa tr\u00fafesti \u00fe\u00edna me\u00f0 h\u00f6rpuleik, Gu\u00f0 minn, leika \u00e1 g\u00edgju fyrir \u00fe\u00e9r, \u00fe\u00fa Hinn heilagi \u00ed \u00cdsrael.<a name=\"23\"><span class=\"versanumer\">23<\/span><\/a>Varir m\u00ednar skulu fagna, er \u00e9g leik fyrir \u00fe\u00e9r, og s\u00e1l m\u00edn er \u00fe\u00fa hefir leyst.<a name=\"24\"><span class=\"versanumer\">24<\/span><\/a>\u00de\u00e1 skal og tunga m\u00edn tala um r\u00e9ttl\u00e6ti \u00feitt li\u00f0langan daginn, \u00fev\u00ed a\u00f0 \u00feeir ur\u00f0u til skammar, j\u00e1 hlutu kinnro\u00f0a, er \u00f3sku\u00f0u m\u00e9r \u00f3g\u00e6fu.<\/p>\n<div class=\"footnote1981\"><b>71.1<\/b> Leita h\u00e6lis hj\u00e1 Drottni Slm 7.2+<br \/>\n<b>71.2<\/b> Hneig eyra \u00feitt Slm 5.2; 17.1; 31.3; 86.1,6; 88.3; 102.3; 140.7; 141.1<br \/>\n<b>71.3<\/b> Bjarg Slm 18.3; 31.3<br \/>\n<b>71.6<\/b> Fr\u00e1 m\u00f3\u00f0url\u00edfi Slm 22.10-11<br \/>\n<b>71.7<\/b> \u00d6ruggt h\u00e6li Slm 46.2; 62.8-9<br \/>\n<b>71.9<\/b> \u00datsk\u00fafa m\u00e9r ekki Slm 22.12; 38.22<br \/>\n<b>71.11<\/b> \u00c1setningur \u00f3vina Slm 3.3+<br \/>\n<b>71.12<\/b> Ver eigi fjarri sbr Slm 71.9 \u2013 skunda Slm 22.20+<br \/>\n<b>71.13<\/b> Farast me\u00f0 sk\u00f6mm Slm 35.4+<br \/>\n<b>71.15<\/b> Hef eigi t\u00f6lu Slm 40.6; 139.17-18<br \/>\n<b>71.18<\/b> Kunngera komandi kynsl\u00f3\u00f0 Slm 22.32+<br \/>\n<b>71.19<\/b> Til himins Slm 36.6+<br \/>\n<b>71.22<\/b> Lofa Gu\u00f0 Slm 147.7+ &#8211; Hinn heilagi Jes 1.4+<br \/>\n<b>71.24<\/b> Tunga m\u00edn Slm 35.28 \u2013 vildu m\u00e9r illt Slm 35.26<\/div>\n","protected":false},"excerpt":{"rendered":"<p>1Hj\u00e1 \u00fe\u00e9r, Drottinn, leita \u00e9g h\u00e6lis, l\u00e1t mig aldrei ver\u00f0a til skammar.2Frelsa mig og bjarga m\u00e9r eftir r\u00e9ttl\u00e6ti \u00fe\u00ednu, hneig eyru \u00fe\u00edn til m\u00edn og hj\u00e1lpa m\u00e9r.3Ver m\u00e9r verndarbjarg, v\u00edgi m\u00e9r til hj\u00e1lpar, \u00fev\u00ed a\u00f0 \u00fe\u00fa ert bjarg mitt og v\u00edgi.4Gu\u00f0 minn, bjarga m\u00e9r \u00far hendi illgjarnra, undan valdi illvirkja og har\u00f0stj\u00f3ra.5\u00dev\u00ed a\u00f0 \u00fe\u00fa ert von m\u00edn, \u00fe\u00fa, Drottinn, ert athvarf mitt fr\u00e1 \u00e6sku.6Vi\u00f0 \u00feig hefi \u00e9g stu\u00f0st fr\u00e1 m\u00f3\u00f0url\u00edfi, fr\u00e1 m\u00f3\u00f0urskauti hefir \u00fe\u00fa veri\u00f0 skj\u00f3l mitt, um \u00feig hlj\u00f3mar \u00e6t\u00ed\u00f0 lofs\u00f6ngur minn.7\u00c9g er m\u00f6rgum or\u00f0inn sem undur, en \u00fe\u00fa ert m\u00e9r \u00f6ruggt h\u00e6li.8Munnur minn er fullur af lofst\u00edr \u00fe\u00ednum, <a href=\"https:\/\/biblian.is\/1981\/salmarnir-71-kafli\/\"> [&#8230;]<\/a><\/p>\n","protected":false},"author":1,"featured_media":0,"parent":0,"menu_order":0,"comment_status":"open","ping_status":"open","template":"bibliukaflar.php","meta":{"footnotes":""},"class_list":["post-1896","page","type-page","status-publish","hentry"],"_links":{"self":[{"href":"https:\/\/biblian.is\/1981\/wp-json\/wp\/v2\/pages\/1896","targetHints":{"allow":["GET"]}}],"collection":[{"href":"https:\/\/biblian.is\/1981\/wp-json\/wp\/v2\/pages"}],"about":[{"href":"https:\/\/biblian.is\/1981\/wp-json\/wp\/v2\/types\/page"}],"author":[{"embeddable":true,"href":"https:\/\/biblian.is\/1981\/wp-json\/wp\/v2\/users\/1"}],"replies":[{"embeddable":true,"href":"https:\/\/biblian.is\/1981\/wp-json\/wp\/v2\/comments?post=1896"}],"version-history":[{"count":0,"href":"https:\/\/biblian.is\/1981\/wp-json\/wp\/v2\/pages\/1896\/revisions"}],"wp:attachment":[{"href":"https:\/\/biblian.is\/1981\/wp-json\/wp\/v2\/media?parent=1896"}],"curies":[{"name":"wp","href":"https:\/\/api.w.org\/{rel}","templated":true}]}}