{"id":1895,"date":"2017-11-18T20:19:10","date_gmt":"2017-11-18T20:19:10","guid":{"rendered":"http:\/\/biblian.is\/1981\/salmarnir-70-kafli\/"},"modified":"2021-06-06T11:09:59","modified_gmt":"2021-06-06T11:09:59","slug":"salmarnir-70-kafli","status":"publish","type":"page","link":"https:\/\/biblian.is\/1981\/salmarnir-70-kafli\/","title":{"rendered":"S\u00e1lmarnir 70. kafli"},"content":{"rendered":"<p><a name=\"1\"><span class=\"versanumer\">1<\/span><\/a>Til s\u00f6ngstj\u00f3rans. Dav\u00ed\u00f0ss\u00e1lmur. Minningarlj\u00f3\u00f0.<a name=\"2\"><span class=\"versanumer\">2<\/span><\/a>Gu\u00f0, l\u00e1t \u00fe\u00e9r \u00fe\u00f3knast a\u00f0 frelsa mig, Drottinn, skunda m\u00e9r til hj\u00e1lpar.<a name=\"3\"><span class=\"versanumer\">3<\/span><\/a>L\u00e1t \u00fe\u00e1 ver\u00f0a til skammar og hlj\u00f3ta kinnro\u00f0a, er sitja um l\u00edf mitt, l\u00e1t \u00fe\u00e1 hverfa aftur me\u00f0 sk\u00f6mm, er \u00f3ska m\u00e9r \u00f3g\u00e6fu.<a name=\"4\"><span class=\"versanumer\">4<\/span><\/a>L\u00e1t \u00fe\u00e1 h\u00f6rfa undan sakir sm\u00e1nar sinnar, er hr\u00f3pa h\u00e1\u00f0 og sp\u00e9.<a name=\"5\"><span class=\"versanumer\">5<\/span><\/a>En allir \u00feeir er leita \u00fe\u00edn, skulu gle\u00f0jast og fagna yfir \u00fe\u00e9r, \u00feeir er unna hj\u00e1lpr\u00e6\u00f0i \u00fe\u00ednu, skulu s\u00edfellt segja: Vegsama\u00f0ur s\u00e9 Gu\u00f0!<a name=\"6\"><span class=\"versanumer\">6<\/span><\/a>\u00c9g er \u00fej\u00e1\u00f0ur og snau\u00f0ur, hra\u00f0a \u00fe\u00e9r til m\u00edn, \u00f3 Gu\u00f0. \u00de\u00fa ert fulltingi mitt og frelsari, dvel eigi, Drottinn!<\/p>\n<div class=\"footnote1981\"><b>70.2<\/b> Til hj\u00e1lpar Slm 22.20+<br \/>\n<b>70.3<\/b> Til skammar Slm 35.4+<br \/>\n<b>70.4<\/b> H\u00e1\u00f0 og sp\u00e9 Slm 35.21+ ,25<br \/>\n<b>70.5<\/b> Gle\u00f0i Slm 35.27 \u2013 leita Drottins Slm 9.11+<\/div>\n","protected":false},"excerpt":{"rendered":"<p>1Til s\u00f6ngstj\u00f3rans. Dav\u00ed\u00f0ss\u00e1lmur. Minningarlj\u00f3\u00f0.2Gu\u00f0, l\u00e1t \u00fe\u00e9r \u00fe\u00f3knast a\u00f0 frelsa mig, Drottinn, skunda m\u00e9r til hj\u00e1lpar.3L\u00e1t \u00fe\u00e1 ver\u00f0a til skammar og hlj\u00f3ta kinnro\u00f0a, er sitja um l\u00edf mitt, l\u00e1t \u00fe\u00e1 hverfa aftur me\u00f0 sk\u00f6mm, er \u00f3ska m\u00e9r \u00f3g\u00e6fu.4L\u00e1t \u00fe\u00e1 h\u00f6rfa undan sakir sm\u00e1nar sinnar, er hr\u00f3pa h\u00e1\u00f0 og sp\u00e9.5En allir \u00feeir er leita \u00fe\u00edn, skulu gle\u00f0jast og fagna yfir \u00fe\u00e9r, \u00feeir er unna hj\u00e1lpr\u00e6\u00f0i \u00fe\u00ednu, skulu s\u00edfellt segja: Vegsama\u00f0ur s\u00e9 Gu\u00f0!6\u00c9g er \u00fej\u00e1\u00f0ur og snau\u00f0ur, hra\u00f0a \u00fe\u00e9r til m\u00edn, \u00f3 Gu\u00f0. \u00de\u00fa ert fulltingi mitt og frelsari, dvel eigi, Drottinn! 70.2 Til hj\u00e1lpar Slm 22.20+ 70.3 Til skammar Slm 35.4+ 70.4 <a href=\"https:\/\/biblian.is\/1981\/salmarnir-70-kafli\/\"> [&#8230;]<\/a><\/p>\n","protected":false},"author":1,"featured_media":0,"parent":0,"menu_order":0,"comment_status":"open","ping_status":"open","template":"bibliukaflar.php","meta":{"footnotes":""},"class_list":["post-1895","page","type-page","status-publish","hentry"],"_links":{"self":[{"href":"https:\/\/biblian.is\/1981\/wp-json\/wp\/v2\/pages\/1895","targetHints":{"allow":["GET"]}}],"collection":[{"href":"https:\/\/biblian.is\/1981\/wp-json\/wp\/v2\/pages"}],"about":[{"href":"https:\/\/biblian.is\/1981\/wp-json\/wp\/v2\/types\/page"}],"author":[{"embeddable":true,"href":"https:\/\/biblian.is\/1981\/wp-json\/wp\/v2\/users\/1"}],"replies":[{"embeddable":true,"href":"https:\/\/biblian.is\/1981\/wp-json\/wp\/v2\/comments?post=1895"}],"version-history":[{"count":0,"href":"https:\/\/biblian.is\/1981\/wp-json\/wp\/v2\/pages\/1895\/revisions"}],"wp:attachment":[{"href":"https:\/\/biblian.is\/1981\/wp-json\/wp\/v2\/media?parent=1895"}],"curies":[{"name":"wp","href":"https:\/\/api.w.org\/{rel}","templated":true}]}}