{"id":1894,"date":"2017-11-18T20:19:10","date_gmt":"2017-11-18T20:19:10","guid":{"rendered":"http:\/\/biblian.is\/1981\/salmarnir-69-kafli\/"},"modified":"2021-06-06T11:09:58","modified_gmt":"2021-06-06T11:09:58","slug":"salmarnir-69-kafli","status":"publish","type":"page","link":"https:\/\/biblian.is\/1981\/salmarnir-69-kafli\/","title":{"rendered":"S\u00e1lmarnir 69. kafli"},"content":{"rendered":"<p><a name=\"1\"><span class=\"versanumer\">1<\/span><\/a>Til s\u00f6ngstj\u00f3rans. Liljulag. Dav\u00ed\u00f0ss\u00e1lmur.<a name=\"2\"><span class=\"versanumer\">2<\/span><\/a>Hj\u00e1lpa m\u00e9r, \u00f3 Gu\u00f0, \u00fev\u00ed a\u00f0 v\u00f6tnin \u00e6tla a\u00f0 drekkja m\u00e9r.<a name=\"3\"><span class=\"versanumer\">3<\/span><\/a>\u00c9g er sokkinn ni\u00f0ur \u00ed botnlausa le\u00f0ju og hefi enga f\u00f3tfestu, \u00e9g er kominn ofan \u00ed vatnadj\u00fap og bylgjurnar ganga yfir mig.<a name=\"4\"><span class=\"versanumer\">4<\/span><\/a>\u00c9g hefi \u00e6pt mig \u00fereyttan, er or\u00f0inn brennandi \u00feurr \u00ed kverkunum, augu m\u00edn eru d\u00f6pru\u00f0 or\u00f0in af a\u00f0 \u00fereyja eftir Gu\u00f0i m\u00ednum.<a name=\"5\"><span class=\"versanumer\">5<\/span><\/a>Fleiri en h\u00e1rin \u00e1 h\u00f6f\u00f0i m\u00e9r eru \u00feeir er hata mig a\u00f0 \u00e1st\u00e6\u00f0ulausu, fleiri en bein m\u00edn \u00feeir sem \u00e1n saka eru \u00f3vinir m\u00ednir. \u00dev\u00ed sem \u00e9g hefi eigi r\u00e6nt, hefi \u00e9g samt or\u00f0i\u00f0 a\u00f0 skila aftur.<a name=\"6\"><span class=\"versanumer\">6<\/span><\/a>\u00de\u00fa, Gu\u00f0, \u00feekkir heimsku m\u00edna, og sakir m\u00ednar dyljast \u00fe\u00e9r eigi.<a name=\"7\"><span class=\"versanumer\">7<\/span><\/a>L\u00e1t eigi \u00fe\u00e1, er vona \u00e1 \u00feig, ver\u00f0a til skammar m\u00edn vegna, \u00f3 Drottinn, Drottinn hersveitanna, l\u00e1t eigi \u00fe\u00e1 er leita \u00fe\u00edn, ver\u00f0a til sv\u00edvir\u00f0ingar m\u00edn vegna, \u00fe\u00fa Gu\u00f0 \u00cdsraels.<a name=\"8\"><span class=\"versanumer\">8<\/span><\/a>\u00de\u00edn vegna ber \u00e9g h\u00e1\u00f0ung, \u00fe\u00edn vegna hylur sv\u00edvir\u00f0ing auglit mitt.<a name=\"9\"><span class=\"versanumer\">9<\/span><\/a>\u00c9g er \u00f3kunnur or\u00f0inn br\u00e6\u00f0rum m\u00ednum og \u00f3\u00feekktur sonum m\u00f3\u00f0ur minnar.<a name=\"10\"><span class=\"versanumer\">10<\/span><\/a>Vandl\u00e6ting vegna h\u00fass \u00fe\u00edns hefir uppeti\u00f0 mig, og sm\u00e1nanir \u00feeirra er sm\u00e1na \u00feig, hafa lent \u00e1 m\u00e9r.<a name=\"11\"><span class=\"versanumer\">11<\/span><\/a>\u00c9g hefi \u00fej\u00e1\u00f0 mig me\u00f0 f\u00f6stu, en \u00fea\u00f0 var\u00f0 m\u00e9r til h\u00e1\u00f0ungar.<a name=\"12\"><span class=\"versanumer\">12<\/span><\/a>\u00c9g gj\u00f6r\u00f0i h\u00e6rusekk a\u00f0 kl\u00e6\u00f0na\u00f0i m\u00ednum, og \u00e9g var\u00f0 \u00feeim a\u00f0 or\u00f0skvi\u00f0.<a name=\"13\"><span class=\"versanumer\">13<\/span><\/a>\u00deeir er sitja \u00ed hli\u00f0inu, r\u00e6\u00f0a um mig, og \u00feeir er drekka \u00e1fengan drykk, syngja um mig.<a name=\"14\"><span class=\"versanumer\">14<\/span><\/a>En \u00e9g bi\u00f0 til \u00fe\u00edn, Drottinn, \u00e1 stund n\u00e1\u00f0ar \u00feinnar. Svara m\u00e9r, Gu\u00f0, \u00ed tr\u00fafesti hj\u00e1lpr\u00e6\u00f0is \u00fe\u00edns sakir mikillar miskunnar \u00feinnar.<a name=\"15\"><span class=\"versanumer\">15<\/span><\/a>Drag mig upp \u00far le\u00f0junni, svo a\u00f0 \u00e9g s\u00f6kkvi eigi, l\u00e1t mig bj\u00f6rgun hlj\u00f3ta fr\u00e1 hatursm\u00f6nnum m\u00ednum og \u00far hafdj\u00fapinu.<a name=\"16\"><span class=\"versanumer\">16<\/span><\/a>L\u00e1t eigi vatnsbylgjurnar ganga yfir mig, n\u00e9 dj\u00fapi\u00f0 svelgja mig, og l\u00e1t eigi brunninn lykja aftur op sitt yfir m\u00e9r.<a name=\"17\"><span class=\"versanumer\">17<\/span><\/a>B\u00e6nheyr mig, Drottinn, sakir g\u00e6sku n\u00e1\u00f0ar \u00feinnar, sn\u00fa \u00fe\u00e9r a\u00f0 m\u00e9r eftir mikilleik miskunnar \u00feinnar.<a name=\"18\"><span class=\"versanumer\">18<\/span><\/a>Hyl eigi auglit \u00feitt fyrir \u00fej\u00f3ni \u00fe\u00ednum, \u00fev\u00ed a\u00f0 \u00e9g er \u00ed nau\u00f0um staddur, fl\u00fdt \u00fe\u00e9r a\u00f0 b\u00e6nheyra mig.<a name=\"19\"><span class=\"versanumer\">19<\/span><\/a>N\u00e1lgast s\u00e1l m\u00edna, leys hana, frelsa mig sakir \u00f3vina minna.<a name=\"20\"><span class=\"versanumer\">20<\/span><\/a>\u00de\u00fa \u00feekkir h\u00e1\u00f0ung m\u00edna og sk\u00f6mm og sv\u00edvir\u00f0ing, allir fjendur m\u00ednir standa \u00fe\u00e9r fyrir sj\u00f3num.<a name=\"21\"><span class=\"versanumer\">21<\/span><\/a>H\u00e1\u00f0ungin kremur hjarta mitt, svo a\u00f0 \u00e9g \u00f6rv\u00e6nti. \u00c9g vona\u00f0i, a\u00f0 einhver mundi s\u00fdna me\u00f0aumkun, en \u00fear var enginn, og a\u00f0 einhverjir mundu hugga, en fann engan.<a name=\"22\"><span class=\"versanumer\">22<\/span><\/a>\u00deeir fengu m\u00e9r malurt til matar, og vi\u00f0 \u00feorstanum g\u00e1fu \u00feeir m\u00e9r v\u00edns\u00fdru a\u00f0 drekka.<a name=\"23\"><span class=\"versanumer\">23<\/span><\/a>Svo ver\u00f0i \u00fe\u00e1 bor\u00f0i\u00f0 fyrir framan \u00fe\u00e1 a\u00f0 sn\u00f6ru, og a\u00f0 gildru fyrir \u00fe\u00e1 sem ugglausir eru.<a name=\"24\"><span class=\"versanumer\">24<\/span><\/a>Myrkvist augu \u00feeirra, svo a\u00f0 \u00feeir sj\u00e1i eigi, og l\u00e1t lendar \u00feeirra \u00e1vallt ri\u00f0a.<a name=\"25\"><span class=\"versanumer\">25<\/span><\/a>Hell \u00fe\u00fa rei\u00f0i \u00feinni yfir \u00fe\u00e1 og l\u00e1t \u00fe\u00edna brennandi gremi n\u00e1 \u00feeim.<a name=\"26\"><span class=\"versanumer\">26<\/span><\/a>B\u00fa\u00f0ir \u00feeirra ver\u00f0i eyddar og enginn b\u00fai \u00ed tj\u00f6ldum \u00feeirra,<a name=\"27\"><span class=\"versanumer\">27<\/span><\/a>\u00fev\u00ed a\u00f0 \u00feann sem \u00fe\u00fa hefir losti\u00f0, ofs\u00e6kja \u00feeir og auka \u00fej\u00e1ningar \u00feeirra er \u00fe\u00fa hefir gegnumstungi\u00f0.<a name=\"28\"><span class=\"versanumer\">28<\/span><\/a>B\u00e6t s\u00f6k vi\u00f0 s\u00f6k \u00feeirra og l\u00e1t \u00fe\u00e1 eigi ganga inn \u00ed r\u00e9ttl\u00e6ti \u00feitt.<a name=\"29\"><span class=\"versanumer\">29<\/span><\/a>Ver\u00f0i \u00feeir afm\u00e1\u00f0ir \u00far b\u00f3k lifenda og eigi skr\u00e1\u00f0ir me\u00f0 r\u00e9ttl\u00e1tum.<a name=\"30\"><span class=\"versanumer\">30<\/span><\/a>En \u00e9g er vola\u00f0ur og \u00fej\u00e1\u00f0ur, hj\u00e1lp \u00fe\u00edn, \u00f3 Gu\u00f0, mun bjarga m\u00e9r.<a name=\"31\"><span class=\"versanumer\">31<\/span><\/a>\u00c9g vil lofa nafn Gu\u00f0s \u00ed lj\u00f3\u00f0i og mikla \u00fea\u00f0 \u00ed lofs\u00f6ng.<a name=\"32\"><span class=\"versanumer\">32<\/span><\/a>\u00dea\u00f0 mun Drottni l\u00edka betur en uxar, ungneyti me\u00f0 hornum og klaufum.<a name=\"33\"><span class=\"versanumer\">33<\/span><\/a>Hinir au\u00f0mj\u00faku sj\u00e1 \u00fea\u00f0 og gle\u00f0jast, \u00fe\u00e9r sem leiti\u00f0 Gu\u00f0s hj\u00f6rtu y\u00f0ar lifni vi\u00f0.<a name=\"34\"><span class=\"versanumer\">34<\/span><\/a>\u00dev\u00ed a\u00f0 Drottinn hlustar \u00e1 hina f\u00e1t\u00e6ku og fyrirl\u00edtur eigi bandingja s\u00edna.<a name=\"35\"><span class=\"versanumer\">35<\/span><\/a>Hann skulu lofa himinn og j\u00f6r\u00f0, h\u00f6fin og allt sem \u00ed \u00feeim hr\u00e6rist.<a name=\"36\"><span class=\"versanumer\">36<\/span><\/a>\u00dev\u00ed a\u00f0 Gu\u00f0 veitir S\u00edon hj\u00e1lp og reisir vi\u00f0 borgirnar \u00ed J\u00fada, og menn skulu b\u00faa \u00fear og f\u00e1 landi\u00f0 til eignar.<a name=\"37\"><span class=\"versanumer\">37<\/span><\/a>Ni\u00f0jar \u00fej\u00f3na hans munu erfa \u00fea\u00f0, og \u00feeir er elska nafn hans, byggja \u00fear.<\/p>\n<div class=\"footnote1981\"><b>69.2<\/b> V\u00f6tnin n\u00e1 upp a\u00f0 h\u00e1lsi Slm 18.5; J\u00f3n 2.4-6<br \/>\n<b>69.3<\/b> Dj\u00fap Slm 130.1<br \/>\n<b>69.4<\/b> Hr\u00f3pa\u00f0 mig \u00fereyttan Slm 6.7; Jer 45.3 \u2013 augu m\u00edn d\u00f6pru\u00f0 Slm 119.82,123; Hlj 2.11 \u2013 \u00fereyja eftir Gu\u00f0i Slm 33.22; 71.14<br \/>\n<b>69.5<\/b> Fleiri en h\u00e1rin Slm 40.13 \u2013 hata mig Slm 35.19; J\u00f3h 15.25<br \/>\n<b>69.6<\/b> Heimska m\u00edn Slm 38.6<br \/>\n<b>69.7<\/b> Leita Drottins Slm 9.11+<br \/>\n<b>69.8<\/b> \u00de\u00edn vegna Jer 15.15 \u2013 sv\u00edvir\u00f0ing Slm 44.16<br \/>\n<b>69.9<\/b> \u00d3kunnur br\u00e6\u00f0rum m\u00ednum Job 19.13,15<br \/>\n<b>69.10<\/b> Vandl\u00e6ting vegna h\u00fass \u00fe\u00edns Slm 119.139; J\u00f3h 2.17; sbr R\u00f3m 15.3 \u2013 sm\u00e1naryr\u00f0i Slm 79.4<br \/>\n<b>69.11<\/b> Fasta Slm 109.24-25<br \/>\n<b>69.14<\/b> Ver m\u00e9r n\u00e1\u00f0ugur Jes 49.8 \u2013 \u00fe\u00edn mikla miskunn Hlj 3.32<br \/>\n<b>69.17<\/b> N\u00e1\u00f0 \u00fe\u00edn Slm 17.7+ ; 109.21<br \/>\n<b>69.18<\/b> Hyl eigi Slm 13.2+ &#8211; fl\u00fdt \u00fe\u00e9r Slm 31.3+<br \/>\n<b>69.19<\/b> N\u00e1l\u00e6gur Hlj 3.57<br \/>\n<b>69.21<\/b> A\u00f0 einhverjir huggu\u00f0u Jes 51.19<br \/>\n<b>69.22<\/b> Edik Mrk 15.36<br \/>\n<b>69.23<\/b> Ver\u00f0i bor\u00f0i\u00f0 R\u00f3m 11.9-10<br \/>\n<b>69.25<\/b> Hell \u00fe\u00fa Esk 21.36; Sef 3.8; Opb 16.1<br \/>\n<b>69.26<\/b> B\u00fa\u00f0ir \u00feeirra eyddar Post 1.20<br \/>\n<b>69.29<\/b> L\u00edfsins b\u00f3k Opb 3.5+<br \/>\n<b>69.31<\/b> Lofs\u00f6ngur Slm 50.14<br \/>\n<b>69.32<\/b> Betra en f\u00f3rn Slm 50.8; 51.18-19; H\u00f3s 6.6; Am 5.21-24; M\u00edk 6.6-8<br \/>\n<b>69.33<\/b> Snau\u00f0u gle\u00f0jast Slm 34.3 \u2013 leita Gu\u00f0s Slm 9.11+ &#8211; lifni vi\u00f0 Slm 22.27<br \/>\n<b>69.34<\/b> Drottin hlustar \u00e1 hin f\u00e1t\u00e6ku Slm 140.13 \u2013 fyrirl\u00edtur eigi bandingja Sak 9.12<br \/>\n<b>69.36<\/b> Reisir vi\u00f0 borgirnar Slm 102.17; Jes 44.27; Jer 30.18; Esk 36.10<br \/>\n<b>69.37<\/b> Ni\u00f0jar \u00fej\u00f3na hans Jes 65.9 \u2013 elska nafn hans Slm 5.12+<\/div>\n","protected":false},"excerpt":{"rendered":"<p>1Til s\u00f6ngstj\u00f3rans. Liljulag. Dav\u00ed\u00f0ss\u00e1lmur.2Hj\u00e1lpa m\u00e9r, \u00f3 Gu\u00f0, \u00fev\u00ed a\u00f0 v\u00f6tnin \u00e6tla a\u00f0 drekkja m\u00e9r.3\u00c9g er sokkinn ni\u00f0ur \u00ed botnlausa le\u00f0ju og hefi enga f\u00f3tfestu, \u00e9g er kominn ofan \u00ed vatnadj\u00fap og bylgjurnar ganga yfir mig.4\u00c9g hefi \u00e6pt mig \u00fereyttan, er or\u00f0inn brennandi \u00feurr \u00ed kverkunum, augu m\u00edn eru d\u00f6pru\u00f0 or\u00f0in af a\u00f0 \u00fereyja eftir Gu\u00f0i m\u00ednum.5Fleiri en h\u00e1rin \u00e1 h\u00f6f\u00f0i m\u00e9r eru \u00feeir er hata mig a\u00f0 \u00e1st\u00e6\u00f0ulausu, fleiri en bein m\u00edn \u00feeir sem \u00e1n saka eru \u00f3vinir m\u00ednir. \u00dev\u00ed sem \u00e9g hefi eigi r\u00e6nt, hefi \u00e9g samt or\u00f0i\u00f0 a\u00f0 skila aftur.6\u00de\u00fa, Gu\u00f0, \u00feekkir heimsku m\u00edna, og sakir m\u00ednar dyljast <a href=\"https:\/\/biblian.is\/1981\/salmarnir-69-kafli\/\"> [&#8230;]<\/a><\/p>\n","protected":false},"author":1,"featured_media":0,"parent":0,"menu_order":0,"comment_status":"open","ping_status":"open","template":"bibliukaflar.php","meta":{"footnotes":""},"class_list":["post-1894","page","type-page","status-publish","hentry"],"_links":{"self":[{"href":"https:\/\/biblian.is\/1981\/wp-json\/wp\/v2\/pages\/1894","targetHints":{"allow":["GET"]}}],"collection":[{"href":"https:\/\/biblian.is\/1981\/wp-json\/wp\/v2\/pages"}],"about":[{"href":"https:\/\/biblian.is\/1981\/wp-json\/wp\/v2\/types\/page"}],"author":[{"embeddable":true,"href":"https:\/\/biblian.is\/1981\/wp-json\/wp\/v2\/users\/1"}],"replies":[{"embeddable":true,"href":"https:\/\/biblian.is\/1981\/wp-json\/wp\/v2\/comments?post=1894"}],"version-history":[{"count":0,"href":"https:\/\/biblian.is\/1981\/wp-json\/wp\/v2\/pages\/1894\/revisions"}],"wp:attachment":[{"href":"https:\/\/biblian.is\/1981\/wp-json\/wp\/v2\/media?parent=1894"}],"curies":[{"name":"wp","href":"https:\/\/api.w.org\/{rel}","templated":true}]}}