{"id":1893,"date":"2017-11-18T20:19:10","date_gmt":"2017-11-18T20:19:10","guid":{"rendered":"http:\/\/biblian.is\/1981\/salmarnir-68-kafli\/"},"modified":"2021-06-06T11:09:58","modified_gmt":"2021-06-06T11:09:58","slug":"salmarnir-68-kafli","status":"publish","type":"page","link":"https:\/\/biblian.is\/1981\/salmarnir-68-kafli\/","title":{"rendered":"S\u00e1lmarnir 68. kafli"},"content":{"rendered":"<p><a name=\"1\"><span class=\"versanumer\">1<\/span><\/a>Til s\u00f6ngstj\u00f3rans. Dav\u00ed\u00f0ss\u00e1lmur. Lj\u00f3\u00f0.<a name=\"2\"><span class=\"versanumer\">2<\/span><\/a>Gu\u00f0 r\u00eds upp, \u00f3vinir hans tv\u00edstrast, \u00feeir sem hata hann fl\u00fdja fyrir augliti hans.<a name=\"3\"><span class=\"versanumer\">3<\/span><\/a>Eins og reykur ey\u00f0ist, ey\u00f0ast \u00feeir, eins og vax br\u00e1\u00f0nar \u00ed eldi, tort\u00edmast \u00f3gu\u00f0legir fyrir augliti Gu\u00f0s.<a name=\"4\"><span class=\"versanumer\">4<\/span><\/a>En r\u00e9ttl\u00e1tir gle\u00f0jast, fagna fyrir augliti Gu\u00f0s og k\u00e6tast st\u00f3rum.<a name=\"5\"><span class=\"versanumer\">5<\/span><\/a>Syngi\u00f0 fyrir Gu\u00f0i, vegsami\u00f0 nafn hans, leggi\u00f0 braut fyrir hann er ekur gegnum \u00f6r\u00e6fin. Drottinn heitir hann, fagni\u00f0 fyrir augliti hans.<a name=\"6\"><span class=\"versanumer\">6<\/span><\/a>Hann er fa\u00f0ir f\u00f6\u00f0urlausra, v\u00f6r\u00f0ur ekknanna, Gu\u00f0 \u00ed s\u00ednum heilaga b\u00fasta\u00f0.<a name=\"7\"><span class=\"versanumer\">7<\/span><\/a>Gu\u00f0 l\u00e6tur hina einmana hverfa heim aftur, hann lei\u00f0ir hina fj\u00f6tru\u00f0u \u00fat til hamingju, en uppreisnarseggir skulu b\u00faa \u00ed hrj\u00f3strugu landi.<a name=\"8\"><span class=\"versanumer\">8<\/span><\/a>\u00d3 Gu\u00f0, \u00feegar \u00fe\u00fa f\u00f3rst \u00fat \u00e1 undan l\u00fd\u00f0 \u00fe\u00ednum, \u00feegar \u00fe\u00fa bruna\u00f0ir fram um \u00f6r\u00e6fin,  Sela<a name=\"9\"><span class=\"versanumer\">9<\/span><\/a>\u00fe\u00e1 n\u00f6tra\u00f0i j\u00f6r\u00f0in, og himnarnir drupu fyrir Gu\u00f0i, Drottni fr\u00e1 S\u00edna\u00ed, fyrir Gu\u00f0i, \u00cdsraels Gu\u00f0i.<a name=\"10\"><span class=\"versanumer\">10<\/span><\/a>R\u00edkulegu regni dreyptir \u00fe\u00fa, \u00f3 Gu\u00f0, \u00e1 arfleif\u00f0 \u00fe\u00edna, \u00fea\u00f0 sem vanmegna\u00f0ist, styrktir \u00fe\u00fa.<a name=\"11\"><span class=\"versanumer\">11<\/span><\/a>Sta\u00f0inn \u00fear sem s\u00f6fnu\u00f0ur \u00feinn dvelur, bj\u00f3st \u00fe\u00fa hinum hrj\u00e1\u00f0u, \u00f3 Gu\u00f0, sakir g\u00e6sku \u00feinnar.<a name=\"12\"><span class=\"versanumer\">12<\/span><\/a>Drottinn l\u00e6tur or\u00f0 s\u00edn r\u00e6tast, konurnar sem sigur bo\u00f0a eru mikill her:<a name=\"13\"><span class=\"versanumer\">13<\/span><\/a>Konungar hersveitanna fl\u00fdja, \u00feeir fl\u00fdja, en h\u00fan sem heima situr skiptir herfangi.<a name=\"14\"><span class=\"versanumer\">14<\/span><\/a>Hvort vilji\u00f0 \u00fe\u00e9r liggja milli fj\u00e1rgir\u00f0inganna? V\u00e6ngir d\u00fafunnar eru lag\u00f0ir silfri og fja\u00f0rir hennar \u00edbleiku gulli.<a name=\"15\"><span class=\"versanumer\">15<\/span><\/a>\u00deegar Hinn alm\u00e1ttki tv\u00edstra\u00f0i konungunum, \u00fe\u00e1 snj\u00f3a\u00f0i \u00e1 Salmon.<a name=\"16\"><span class=\"versanumer\">16<\/span><\/a>Gu\u00f0s fjall er Basansfjall, tindafjall er Basansfjall.<a name=\"17\"><span class=\"versanumer\">17<\/span><\/a>Hv\u00ed l\u00edti\u00f0 \u00fe\u00e9r, tindafj\u00f6ll, \u00f6fundarauga \u00fea\u00f0 fjall er Gu\u00f0 hefir kj\u00f6ri\u00f0 s\u00e9r til b\u00fasta\u00f0ar, \u00fear sem Drottinn samt mun b\u00faa um eil\u00edf\u00f0?<a name=\"18\"><span class=\"versanumer\">18<\/span><\/a>Hervagnar Gu\u00f0s eru t\u00ed\u00fe\u00fasundir, \u00fe\u00fasundir \u00e1 \u00fe\u00fasundir ofan. Hinn alvaldi kom fr\u00e1 S\u00edna\u00ed til helgid\u00f3msins.<a name=\"19\"><span class=\"versanumer\">19<\/span><\/a>\u00de\u00fa steigst upp til h\u00e6\u00f0a, haf\u00f0ir \u00e1 burt bandingja, t\u00f3kst vi\u00f0 gj\u00f6fum fr\u00e1 m\u00f6nnum, jafnvel uppreisnarm\u00f6nnum, a\u00f0 \u00fe\u00fa, Drottinn, Gu\u00f0, m\u00e6ttir b\u00faa \u00fear.<a name=\"20\"><span class=\"versanumer\">20<\/span><\/a>Lofa\u00f0ur s\u00e9 Drottinn, er ber oss dag eftir dag, Gu\u00f0 er hj\u00e1lpr\u00e1\u00f0 vort.  Sela<a name=\"21\"><span class=\"versanumer\">21<\/span><\/a>Gu\u00f0 er oss hj\u00e1lpr\u00e6\u00f0isgu\u00f0, og Drottinn alvaldur bjargar fr\u00e1 dau\u00f0anum.<a name=\"22\"><span class=\"versanumer\">22<\/span><\/a>J\u00e1, Gu\u00f0 sundurmolar h\u00f6fu\u00f0 \u00f3vina sinna, hvirfil \u00feeirra, er ganga \u00ed sekt sinni.<a name=\"23\"><span class=\"versanumer\">23<\/span><\/a>Drottinn hefir sagt: \u00c9g vil s\u00e6kja \u00fe\u00e1 til Basan, flytja \u00fe\u00e1 fr\u00e1 dj\u00fapi hafsins,<a name=\"24\"><span class=\"versanumer\">24<\/span><\/a>a\u00f0 \u00fe\u00fa megir tro\u00f0a \u00fe\u00e1 til bana, a\u00f0 tungur hunda \u00feinna megi f\u00e1 sinn hlut af \u00f3vinunum.<a name=\"25\"><span class=\"versanumer\">25<\/span><\/a>Menn horfa \u00e1 inng\u00f6ngu \u00fe\u00edna, \u00f3 Gu\u00f0, inng\u00f6ngu Gu\u00f0s m\u00edns og konungs \u00ed musteri\u00f0.<a name=\"26\"><span class=\"versanumer\">26<\/span><\/a>S\u00f6ngvarar eru \u00ed fararbroddi, \u00fe\u00e1 strengleikarar, \u00e1samt yngismeyjum, er berja bumbur.<a name=\"27\"><span class=\"versanumer\">27<\/span><\/a>Lofi\u00f0 Gu\u00f0 \u00e1 h\u00e1t\u00ed\u00f0arsamkundum, lofi\u00f0 Drottin, \u00fe\u00e9r sem eru\u00f0 af uppsprettu \u00cdsraels.<a name=\"28\"><span class=\"versanumer\">28<\/span><\/a>\u00dear er Benjam\u00edn litli, er r\u00edkir yfir \u00feeim, h\u00f6f\u00f0ingjar J\u00fada \u00ed \u00feyrpingu, h\u00f6f\u00f0ingjar Seb\u00falons, h\u00f6f\u00f0ingjar Naftal\u00ed.<a name=\"29\"><span class=\"versanumer\">29<\/span><\/a>Bj\u00f3\u00f0 \u00fat, \u00f3 Gu\u00f0, styrkleik \u00fe\u00ednum, \u00feeim styrkleik sem \u00fe\u00fa hefir au\u00f0s\u00fdnt oss<a name=\"30\"><span class=\"versanumer\">30<\/span><\/a>fr\u00e1 musteri \u00fe\u00ednu \u00ed Jer\u00fasalem. Konungar skulu f\u00e6ra \u00fe\u00e9r gjafir.<a name=\"31\"><span class=\"versanumer\">31<\/span><\/a>\u00d3gna \u00fe\u00fa d\u00fdrinu \u00ed sefinu, uxaflokkunum \u00e1samt bolak\u00e1lfum \u00fej\u00f3\u00f0anna, sem tro\u00f0a menn f\u00f3tum s\u00f6kum \u00e1girndar sinnar \u00e1 silfri. Tv\u00edstra \u00fe\u00fa \u00fej\u00f3\u00f0um, er unna \u00f3fri\u00f0i!<a name=\"32\"><span class=\"versanumer\">32<\/span><\/a>\u00dea\u00f0 koma sendiherrar fr\u00e1 Egyptalandi, Bl\u00e1land f\u00e6rir Gu\u00f0i gjafir hr\u00f6\u00f0um h\u00f6ndum.<a name=\"33\"><span class=\"versanumer\">33<\/span><\/a>\u00de\u00e9r konungsr\u00edki jar\u00f0ar, syngi\u00f0 Gu\u00f0i, syngi\u00f0 Drottni lof,  Sela<a name=\"34\"><span class=\"versanumer\">34<\/span><\/a>honum sem ekur um himnanna himna fr\u00e1 eil\u00edf\u00f0, hann l\u00e6tur raust s\u00edna gjalla, hina voldugu raust.<a name=\"35\"><span class=\"versanumer\">35<\/span><\/a>Tj\u00e1i\u00f0 Gu\u00f0i d\u00fdr\u00f0, yfir \u00cdsrael er h\u00e1tign hans og m\u00e1ttur hans \u00ed sk\u00fdjunum.<a name=\"36\"><span class=\"versanumer\">36<\/span><\/a>\u00d3gurlegur er Gu\u00f0 \u00ed helgid\u00f3mi s\u00ednum, \u00cdsraels Gu\u00f0 veitir l\u00fd\u00f0num m\u00e1tt og megin. Lofa\u00f0ur s\u00e9 Gu\u00f0!<\/p>\n<div class=\"footnote1981\"><b>68.2<\/b> Gu\u00f0 r\u00eds upp 4M\u00f3s 10.35<br \/>\n<b>68.3<\/b> L\u00edkt og reykur Slm 37.20; H\u00f3s 13.3 \u2013 eins og vax Slm 22.15; 97.5; M\u00edk 1.4<br \/>\n<b>68.4<\/b> R\u00e9ttl\u00e1tir gle\u00f0jast Slm 32.11; 97.12; Job 22.19<br \/>\n<b>68.5<\/b> Syngi\u00f0 fyrir Gu\u00f0i Slm 96.1+ ; Jer 20.13 \u2013 kemur r\u00ed\u00f0andi Slm 18.10-11; Jes 19.1<br \/>\n<b>68.6<\/b> Muna\u00f0arlausir, ekkjur Slm 146.9+ ; 2M\u00f3s 22.22-23; sbr Bar 4.37<br \/>\n<b>68.7<\/b> Hin einmana Slm 113.9<br \/>\n<b>68.8<\/b> Gu\u00f0 fer \u00fat D\u00f3m 5.4; 5M\u00f3s 33.2; Hab 3.3-6<br \/>\n<b>68.9<\/b> J\u00f6r\u00f0in n\u00f6trar 2M\u00f3s 19.18; Heb 12.26 \u2013 \u00cdsraels Gu\u00f0 Slm 59.6<br \/>\n<b>68.12<\/b> Bo\u00f0a sigur Jes 40.9<br \/>\n<b>68.13<\/b> Konungur hersveitanna Slm 48.5<br \/>\n<b>68.14<\/b> Liggja D\u00f3m 5.16<br \/>\n<b>68.15<\/b> Snj\u00f3r Job 38.22-23; sbr D\u00f3m 5.20<br \/>\n<b>68.16<\/b> Basan Am 4.1<br \/>\n<b>68.17<\/b> \u00datvali\u00f0 fjall Slm 78.68 \u2013 \u00e6t\u00ed\u00f0 Esk 43.7<br \/>\n<b>68.18<\/b> Vagnar Gu\u00f0s 2Kon 6.17<br \/>\n<b>68.19<\/b> Steigst upp Slm 47.6; Ef 4.8<br \/>\n<b>68.20<\/b> Lofa\u00f0ur s\u00e9 Drottinn Slm 28.6+<br \/>\n<b>68.22<\/b> Sundurmolar Jes 63.3<br \/>\n<b>68.24<\/b> Tungur hunda 2Kon 9.36<br \/>\n<b>68.27<\/b> Safnist saman Slm 26.12<br \/>\n<b>68.30<\/b> Konungar f\u00e6ra gjafir Slm 72.10; 76.12; 1Kon 10.24-25<br \/>\n<b>68.31<\/b> Uxaflokkar Slm 22.13<br \/>\n<b>68.32<\/b> F\u00e6ra Gu\u00f0i gjafir Jes 18.7<br \/>\n<b>68.33<\/b> Syngi\u00f0 Drottni lof Slm 147.7+<br \/>\n<b>68.34<\/b> Kemur r\u00ed\u00f0andi Slm 18.11; 5M\u00f3s 33.26 \u2013 hin volduga raust Slm 29<br \/>\n<b>68.36<\/b> Veitir \u00fej\u00f3\u00f0 sinni mat Slm 29.11<\/div>\n","protected":false},"excerpt":{"rendered":"<p>1Til s\u00f6ngstj\u00f3rans. Dav\u00ed\u00f0ss\u00e1lmur. Lj\u00f3\u00f0.2Gu\u00f0 r\u00eds upp, \u00f3vinir hans tv\u00edstrast, \u00feeir sem hata hann fl\u00fdja fyrir augliti hans.3Eins og reykur ey\u00f0ist, ey\u00f0ast \u00feeir, eins og vax br\u00e1\u00f0nar \u00ed eldi, tort\u00edmast \u00f3gu\u00f0legir fyrir augliti Gu\u00f0s.4En r\u00e9ttl\u00e1tir gle\u00f0jast, fagna fyrir augliti Gu\u00f0s og k\u00e6tast st\u00f3rum.5Syngi\u00f0 fyrir Gu\u00f0i, vegsami\u00f0 nafn hans, leggi\u00f0 braut fyrir hann er ekur gegnum \u00f6r\u00e6fin. Drottinn heitir hann, fagni\u00f0 fyrir augliti hans.6Hann er fa\u00f0ir f\u00f6\u00f0urlausra, v\u00f6r\u00f0ur ekknanna, Gu\u00f0 \u00ed s\u00ednum heilaga b\u00fasta\u00f0.7Gu\u00f0 l\u00e6tur hina einmana hverfa heim aftur, hann lei\u00f0ir hina fj\u00f6tru\u00f0u \u00fat til hamingju, en uppreisnarseggir skulu b\u00faa \u00ed hrj\u00f3strugu landi.8\u00d3 Gu\u00f0, \u00feegar \u00fe\u00fa f\u00f3rst \u00fat \u00e1 undan l\u00fd\u00f0 <a href=\"https:\/\/biblian.is\/1981\/salmarnir-68-kafli\/\"> [&#8230;]<\/a><\/p>\n","protected":false},"author":1,"featured_media":0,"parent":0,"menu_order":0,"comment_status":"open","ping_status":"open","template":"bibliukaflar.php","meta":{"footnotes":""},"class_list":["post-1893","page","type-page","status-publish","hentry"],"_links":{"self":[{"href":"https:\/\/biblian.is\/1981\/wp-json\/wp\/v2\/pages\/1893","targetHints":{"allow":["GET"]}}],"collection":[{"href":"https:\/\/biblian.is\/1981\/wp-json\/wp\/v2\/pages"}],"about":[{"href":"https:\/\/biblian.is\/1981\/wp-json\/wp\/v2\/types\/page"}],"author":[{"embeddable":true,"href":"https:\/\/biblian.is\/1981\/wp-json\/wp\/v2\/users\/1"}],"replies":[{"embeddable":true,"href":"https:\/\/biblian.is\/1981\/wp-json\/wp\/v2\/comments?post=1893"}],"version-history":[{"count":0,"href":"https:\/\/biblian.is\/1981\/wp-json\/wp\/v2\/pages\/1893\/revisions"}],"wp:attachment":[{"href":"https:\/\/biblian.is\/1981\/wp-json\/wp\/v2\/media?parent=1893"}],"curies":[{"name":"wp","href":"https:\/\/api.w.org\/{rel}","templated":true}]}}