{"id":1892,"date":"2017-11-18T20:19:10","date_gmt":"2017-11-18T20:19:10","guid":{"rendered":"http:\/\/biblian.is\/1981\/salmarnir-67-kafli\/"},"modified":"2021-06-06T11:09:58","modified_gmt":"2021-06-06T11:09:58","slug":"salmarnir-67-kafli","status":"publish","type":"page","link":"https:\/\/biblian.is\/1981\/salmarnir-67-kafli\/","title":{"rendered":"S\u00e1lmarnir 67. kafli"},"content":{"rendered":"<p><a name=\"1\"><span class=\"versanumer\">1<\/span><\/a>Til s\u00f6ngstj\u00f3rans. Me\u00f0 strengjaleik. S\u00e1lmur. Lj\u00f3\u00f0.<a name=\"2\"><span class=\"versanumer\">2<\/span><\/a>Gu\u00f0 s\u00e9 oss n\u00e1\u00f0ugur og blessi oss, hann l\u00e1ti \u00e1sj\u00f3nu s\u00edna l\u00fdsa me\u00f0al vor,  Sela<a name=\"3\"><span class=\"versanumer\">3<\/span><\/a>svo a\u00f0 \u00feekkja megi veg \u00feinn \u00e1 j\u00f6r\u00f0unni og hj\u00e1lpr\u00e6\u00f0i \u00feitt me\u00f0al allra \u00fej\u00f3\u00f0a.<a name=\"4\"><span class=\"versanumer\">4<\/span><\/a>L\u00fd\u00f0irnir skulu lofa \u00feig, \u00f3 Gu\u00f0, \u00feig skulu gj\u00f6rvallir l\u00fd\u00f0ir lofa.<a name=\"5\"><span class=\"versanumer\">5<\/span><\/a>Gle\u00f0jast og fagna skulu \u00fej\u00f3\u00f0irnar, \u00fev\u00ed a\u00f0 \u00fe\u00fa d\u00e6mir l\u00fd\u00f0ina r\u00e9ttv\u00edslega og lei\u00f0ir \u00fej\u00f3\u00f0irnar \u00e1 j\u00f6r\u00f0unni.  Sela<a name=\"6\"><span class=\"versanumer\">6<\/span><\/a>L\u00fd\u00f0irnir skulu lofa \u00feig, \u00f3 Gu\u00f0, \u00feig skulu gj\u00f6rvallir l\u00fd\u00f0ir lofa.<a name=\"7\"><span class=\"versanumer\">7<\/span><\/a>J\u00f6r\u00f0in hefir gefi\u00f0 \u00e1v\u00f6xt sinn, Gu\u00f0, vor Gu\u00f0, blessar oss.<a name=\"8\"><span class=\"versanumer\">8<\/span><\/a>Gu\u00f0 blessi oss, svo a\u00f0 \u00f6ll endim\u00f6rk jar\u00f0ar megi \u00f3ttast hann.<\/p>\n<div class=\"footnote1981\"><b>67.2<\/b> Blessun 4M\u00f3s 6.24-25<br \/>\n<b>67.3<\/b> Vegur Gu\u00f0s Slm 51.15 \u2013 me\u00f0al allra \u00fej\u00f3\u00f0a Post 28.28; sbr 1Kon 8.43,60<br \/>\n<b>67.4<\/b> Lofa \u00feig Slm 99.1-3<br \/>\n<b>67.5<\/b> Gu\u00f0 d\u00e6mir r\u00e9ttv\u00edslega Slm 98.9+ ; sbr 9.9+<br \/>\n<b>67.7<\/b> \u00c1v\u00f6xtur, merki um blessun Slm 65.10-14; 85.13 \u2013 \u00f6ll endim\u00f6rk jar\u00f0ar Slm 22.28; 33.8; Jes 41.5; Jer 10.7<\/div>\n","protected":false},"excerpt":{"rendered":"<p>1Til s\u00f6ngstj\u00f3rans. Me\u00f0 strengjaleik. S\u00e1lmur. Lj\u00f3\u00f0.2Gu\u00f0 s\u00e9 oss n\u00e1\u00f0ugur og blessi oss, hann l\u00e1ti \u00e1sj\u00f3nu s\u00edna l\u00fdsa me\u00f0al vor, Sela3svo a\u00f0 \u00feekkja megi veg \u00feinn \u00e1 j\u00f6r\u00f0unni og hj\u00e1lpr\u00e6\u00f0i \u00feitt me\u00f0al allra \u00fej\u00f3\u00f0a.4L\u00fd\u00f0irnir skulu lofa \u00feig, \u00f3 Gu\u00f0, \u00feig skulu gj\u00f6rvallir l\u00fd\u00f0ir lofa.5Gle\u00f0jast og fagna skulu \u00fej\u00f3\u00f0irnar, \u00fev\u00ed a\u00f0 \u00fe\u00fa d\u00e6mir l\u00fd\u00f0ina r\u00e9ttv\u00edslega og lei\u00f0ir \u00fej\u00f3\u00f0irnar \u00e1 j\u00f6r\u00f0unni. Sela6L\u00fd\u00f0irnir skulu lofa \u00feig, \u00f3 Gu\u00f0, \u00feig skulu gj\u00f6rvallir l\u00fd\u00f0ir lofa.7J\u00f6r\u00f0in hefir gefi\u00f0 \u00e1v\u00f6xt sinn, Gu\u00f0, vor Gu\u00f0, blessar oss.8Gu\u00f0 blessi oss, svo a\u00f0 \u00f6ll endim\u00f6rk jar\u00f0ar megi \u00f3ttast hann. 67.2 Blessun 4M\u00f3s 6.24-25 67.3 Vegur Gu\u00f0s Slm 51.15 \u2013 me\u00f0al allra <a href=\"https:\/\/biblian.is\/1981\/salmarnir-67-kafli\/\"> [&#8230;]<\/a><\/p>\n","protected":false},"author":1,"featured_media":0,"parent":0,"menu_order":0,"comment_status":"open","ping_status":"open","template":"bibliukaflar.php","meta":{"footnotes":""},"class_list":["post-1892","page","type-page","status-publish","hentry"],"_links":{"self":[{"href":"https:\/\/biblian.is\/1981\/wp-json\/wp\/v2\/pages\/1892","targetHints":{"allow":["GET"]}}],"collection":[{"href":"https:\/\/biblian.is\/1981\/wp-json\/wp\/v2\/pages"}],"about":[{"href":"https:\/\/biblian.is\/1981\/wp-json\/wp\/v2\/types\/page"}],"author":[{"embeddable":true,"href":"https:\/\/biblian.is\/1981\/wp-json\/wp\/v2\/users\/1"}],"replies":[{"embeddable":true,"href":"https:\/\/biblian.is\/1981\/wp-json\/wp\/v2\/comments?post=1892"}],"version-history":[{"count":0,"href":"https:\/\/biblian.is\/1981\/wp-json\/wp\/v2\/pages\/1892\/revisions"}],"wp:attachment":[{"href":"https:\/\/biblian.is\/1981\/wp-json\/wp\/v2\/media?parent=1892"}],"curies":[{"name":"wp","href":"https:\/\/api.w.org\/{rel}","templated":true}]}}