{"id":1891,"date":"2017-11-18T20:19:10","date_gmt":"2017-11-18T20:19:10","guid":{"rendered":"http:\/\/biblian.is\/1981\/salmarnir-66-kafli\/"},"modified":"2021-06-06T11:09:58","modified_gmt":"2021-06-06T11:09:58","slug":"salmarnir-66-kafli","status":"publish","type":"page","link":"https:\/\/biblian.is\/1981\/salmarnir-66-kafli\/","title":{"rendered":"S\u00e1lmarnir 66. kafli"},"content":{"rendered":"<p><a name=\"1\"><span class=\"versanumer\">1<\/span><\/a>Til s\u00f6ngstj\u00f3rans. Lj\u00f3\u00f0. S\u00e1lmur. Fagni\u00f0 fyrir Gu\u00f0i, gj\u00f6rvallt jar\u00f0r\u00edki,<a name=\"2\"><span class=\"versanumer\">2<\/span><\/a>syngi\u00f0 um hans d\u00fdrlega nafn, gj\u00f6ri\u00f0 lofst\u00edr hans vegsamlegan.<a name=\"3\"><span class=\"versanumer\">3<\/span><\/a>M\u00e6li\u00f0 til Gu\u00f0s: Hversu \u00f3ttaleg eru verk \u00fe\u00edn, sakir mikilleiks m\u00e1ttar \u00fe\u00edns hr\u00e6sna \u00f3vinir \u00fe\u00ednir fyrir \u00fe\u00e9r.<a name=\"4\"><span class=\"versanumer\">4<\/span><\/a>\u00d6ll j\u00f6r\u00f0in l\u00fati \u00fe\u00e9r og lofsyngi \u00fe\u00e9r, lofsyngi nafni \u00fe\u00ednu.  Sela<a name=\"5\"><span class=\"versanumer\">5<\/span><\/a>Komi\u00f0 og sj\u00e1i\u00f0 verkin Gu\u00f0s, sem er \u00f3ttalegur \u00ed breytni sinni gagnvart m\u00f6nnunum.<a name=\"6\"><span class=\"versanumer\">6<\/span><\/a>Hann breytti hafinu \u00ed \u00feurrlendi, \u00feeir f\u00f3ru f\u00f3tgangandi yfir \u00e1na. \u00de\u00e1 gl\u00f6ddumst v\u00e9r yfir honum.<a name=\"7\"><span class=\"versanumer\">7<\/span><\/a>Hann r\u00edkir um eil\u00edf\u00f0 sakir veldis s\u00edns, augu hans gefa g\u00e6tur a\u00f0 \u00fej\u00f3\u00f0unum, uppreistarmenn mega eigi l\u00e1ta \u00e1 s\u00e9r b\u00e6ra.  Sela<a name=\"8\"><span class=\"versanumer\">8<\/span><\/a>\u00de\u00e9r l\u00fd\u00f0ir, lofi\u00f0 Gu\u00f0 vorn og l\u00e1ti\u00f0 hlj\u00f3ma lofs\u00f6ng um hann.<a name=\"9\"><span class=\"versanumer\">9<\/span><\/a>Hann veitti s\u00e1lum vorum l\u00edfi\u00f0 og l\u00e9t oss eigi ver\u00f0a valta \u00e1 f\u00f3tum.<a name=\"10\"><span class=\"versanumer\">10<\/span><\/a>\u00dev\u00ed a\u00f0 \u00fe\u00fa hefir rannsaka\u00f0 oss, \u00f3 Gu\u00f0, hreinsa\u00f0 oss, eins og silfur er hreinsa\u00f0.<a name=\"11\"><span class=\"versanumer\">11<\/span><\/a>\u00de\u00fa hefir varpa\u00f0 oss \u00ed fangelsi, lagt byr\u00f0i \u00e1 lendar vorar.<a name=\"12\"><span class=\"versanumer\">12<\/span><\/a>\u00de\u00fa hefir l\u00e1ti\u00f0 menn ganga yfir h\u00f6fu\u00f0 vor, v\u00e9r h\u00f6fum fari\u00f0 gegnum eld og vatn, en n\u00fa hefir \u00fe\u00fa leitt oss \u00fat \u00e1 v\u00ed\u00f0an vang.<a name=\"13\"><span class=\"versanumer\">13<\/span><\/a>\u00c9g kem \u00ed h\u00fas \u00feitt me\u00f0 brennif\u00f3rnir, efni heit m\u00edn vi\u00f0 \u00feig,<a name=\"14\"><span class=\"versanumer\">14<\/span><\/a>\u00feau er varir m\u00ednar h\u00e9tu og munnur minn nefndi, \u00fe\u00e1 er \u00e9g var \u00ed nau\u00f0um staddur.<a name=\"15\"><span class=\"versanumer\">15<\/span><\/a>\u00c9g f\u00e6ri \u00fe\u00e9r brennif\u00f3rn af feitum d\u00fdrum, \u00e1samt f\u00f3rnarilm af hr\u00fatum, \u00e9g f\u00f3rna nautum og h\u00f6frum.  Sela<a name=\"16\"><span class=\"versanumer\">16<\/span><\/a>Komi\u00f0, hl\u00fd\u00f0i\u00f0 til, allir \u00fe\u00e9r er \u00f3ttist Gu\u00f0, a\u00f0 \u00e9g megi segja fr\u00e1, hva\u00f0 hann hefir gj\u00f6rt fyrir mig.<a name=\"17\"><span class=\"versanumer\">17<\/span><\/a>Til hans hr\u00f3pa\u00f0i \u00e9g me\u00f0 munni m\u00ednum, en lofgj\u00f6r\u00f0 l\u00e1 undir tungu minni.<a name=\"18\"><span class=\"versanumer\">18<\/span><\/a>Ef \u00e9g hygg \u00e1 illt \u00ed hjarta m\u00ednu, \u00fe\u00e1 heyrir Drottinn ekki.<a name=\"19\"><span class=\"versanumer\">19<\/span><\/a>En Gu\u00f0 hefir heyrt, gefi\u00f0 gaum a\u00f0 b\u00e6nar\u00f3pi m\u00ednu.<a name=\"20\"><span class=\"versanumer\">20<\/span><\/a>Lofa\u00f0ur s\u00e9 Gu\u00f0, er eigi v\u00edsa\u00f0i b\u00e6n minni \u00e1 bug n\u00e9 t\u00f3k miskunn s\u00edna fr\u00e1 m\u00e9r.<\/p>\n<div class=\"footnote1981\"><b>66.1<\/b> \u00d6ll j\u00f6r\u00f0in fagni Slm 98.4+<br \/>\n<b>66.2<\/b> Hans d\u00fdrlega nafn Slm 29.2; 96.8; 115.1<br \/>\n<b>66.3<\/b> \u00d3vinir \u00fe\u00ednir hr\u00e6sna Slm 18.45; 5M\u00f3s 33.29<br \/>\n<b>66.4<\/b> \u00d6ll j\u00f6r\u00f0in l\u00fdtur \u00fe\u00e9r Jes 49.23; Esk 46.3<br \/>\n<b>66.5<\/b> Komi\u00f0 og sj\u00e1i\u00f0 Slm 46.9<br \/>\n<b>66.6<\/b> Haf, \u00feurrlendi Slm 74.15; 114.3,5; 2M\u00f3s 14.16; J\u00f3s 3.13; Jes 44.27; 50.2<br \/>\n<b>66.7<\/b> Augu hans &#8230; Slm 14.2; 33.13; 2Kro 16.9; Job 28.24<br \/>\n<b>66.8<\/b> Lofi\u00f0 Gu\u00f0 vorn Slm 22.28-29; 117.1; 145.21<br \/>\n<b>66.9<\/b> Var\u00f0i f\u00e6turna falli Slm 55.23; 121.3<br \/>\n<b>66.10<\/b> Reyna, hreinsa Slm 26.2; Jes 48.10; Jer 9.6; Sak 13.9; 1P\u00e9t 1.7<br \/>\n<b>66.13<\/b> Efna heit s\u00edn Slm 76.12+<br \/>\n<b>66.15<\/b> Alf\u00f3rn Slm 51.21<br \/>\n<b>66.16<\/b> \u00d3ttast Gu\u00f0 Slm 15.4+ &#8211; segja fr\u00e1 Slm 9.2+<br \/>\n<b>66.18<\/b> Hafa illt \u00ed huga sbr Jes 1.16 \u2013 hef\u00f0i Drottinn ekki hlusta\u00f0 J\u00f3h 9.31<br \/>\n<b>66.19<\/b> Gu\u00f0 heyrir b\u00e6nir Slm 65.3+<br \/>\n<b>66.20<\/b> Lofa\u00f0ur s\u00e9 Gu\u00f0 Slm 28.6+<\/div>\n","protected":false},"excerpt":{"rendered":"<p>1Til s\u00f6ngstj\u00f3rans. Lj\u00f3\u00f0. S\u00e1lmur. Fagni\u00f0 fyrir Gu\u00f0i, gj\u00f6rvallt jar\u00f0r\u00edki,2syngi\u00f0 um hans d\u00fdrlega nafn, gj\u00f6ri\u00f0 lofst\u00edr hans vegsamlegan.3M\u00e6li\u00f0 til Gu\u00f0s: Hversu \u00f3ttaleg eru verk \u00fe\u00edn, sakir mikilleiks m\u00e1ttar \u00fe\u00edns hr\u00e6sna \u00f3vinir \u00fe\u00ednir fyrir \u00fe\u00e9r.4\u00d6ll j\u00f6r\u00f0in l\u00fati \u00fe\u00e9r og lofsyngi \u00fe\u00e9r, lofsyngi nafni \u00fe\u00ednu. Sela5Komi\u00f0 og sj\u00e1i\u00f0 verkin Gu\u00f0s, sem er \u00f3ttalegur \u00ed breytni sinni gagnvart m\u00f6nnunum.6Hann breytti hafinu \u00ed \u00feurrlendi, \u00feeir f\u00f3ru f\u00f3tgangandi yfir \u00e1na. \u00de\u00e1 gl\u00f6ddumst v\u00e9r yfir honum.7Hann r\u00edkir um eil\u00edf\u00f0 sakir veldis s\u00edns, augu hans gefa g\u00e6tur a\u00f0 \u00fej\u00f3\u00f0unum, uppreistarmenn mega eigi l\u00e1ta \u00e1 s\u00e9r b\u00e6ra. Sela8\u00de\u00e9r l\u00fd\u00f0ir, lofi\u00f0 Gu\u00f0 vorn og l\u00e1ti\u00f0 hlj\u00f3ma lofs\u00f6ng um hann.9Hann veitti <a href=\"https:\/\/biblian.is\/1981\/salmarnir-66-kafli\/\"> [&#8230;]<\/a><\/p>\n","protected":false},"author":1,"featured_media":0,"parent":0,"menu_order":0,"comment_status":"open","ping_status":"open","template":"bibliukaflar.php","meta":{"footnotes":""},"class_list":["post-1891","page","type-page","status-publish","hentry"],"_links":{"self":[{"href":"https:\/\/biblian.is\/1981\/wp-json\/wp\/v2\/pages\/1891","targetHints":{"allow":["GET"]}}],"collection":[{"href":"https:\/\/biblian.is\/1981\/wp-json\/wp\/v2\/pages"}],"about":[{"href":"https:\/\/biblian.is\/1981\/wp-json\/wp\/v2\/types\/page"}],"author":[{"embeddable":true,"href":"https:\/\/biblian.is\/1981\/wp-json\/wp\/v2\/users\/1"}],"replies":[{"embeddable":true,"href":"https:\/\/biblian.is\/1981\/wp-json\/wp\/v2\/comments?post=1891"}],"version-history":[{"count":0,"href":"https:\/\/biblian.is\/1981\/wp-json\/wp\/v2\/pages\/1891\/revisions"}],"wp:attachment":[{"href":"https:\/\/biblian.is\/1981\/wp-json\/wp\/v2\/media?parent=1891"}],"curies":[{"name":"wp","href":"https:\/\/api.w.org\/{rel}","templated":true}]}}