{"id":1890,"date":"2017-11-18T20:19:10","date_gmt":"2017-11-18T20:19:10","guid":{"rendered":"http:\/\/biblian.is\/1981\/salmarnir-65-kafli\/"},"modified":"2021-06-06T11:09:57","modified_gmt":"2021-06-06T11:09:57","slug":"salmarnir-65-kafli","status":"publish","type":"page","link":"https:\/\/biblian.is\/1981\/salmarnir-65-kafli\/","title":{"rendered":"S\u00e1lmarnir 65. kafli"},"content":{"rendered":"<p><a name=\"1\"><span class=\"versanumer\">1<\/span><\/a>Til s\u00f6ngstj\u00f3rans. Dav\u00ed\u00f0ss\u00e1lmur. Lj\u00f3\u00f0.<a name=\"2\"><span class=\"versanumer\">2<\/span><\/a>\u00de\u00e9r ber lofs\u00f6ngur, Gu\u00f0, \u00e1 S\u00edon, og vi\u00f0 \u00feig s\u00e9u heitin efnd.<a name=\"3\"><span class=\"versanumer\">3<\/span><\/a>\u00de\u00fa sem heyrir b\u00e6nir, til \u00fe\u00edn kemur allt hold.<a name=\"4\"><span class=\"versanumer\">4<\/span><\/a>Margv\u00edslegar misgj\u00f6r\u00f0ir ur\u00f0u m\u00e9r yfirsterkari, en \u00fe\u00fa fyrirgafst afbrot vor.<a name=\"5\"><span class=\"versanumer\">5<\/span><\/a>S\u00e6ll er s\u00e1 er \u00fe\u00fa \u00fatvelur og l\u00e6tur n\u00e1l\u00e6gjast \u00feig til \u00feess a\u00f0 b\u00faa \u00ed forg\u00f6r\u00f0um \u00fe\u00ednum, a\u00f0 v\u00e9r megum se\u00f0jast af g\u00e6\u00f0um h\u00fass \u00fe\u00edns, helgid\u00f3mi musteris \u00fe\u00edns.<a name=\"6\"><span class=\"versanumer\">6<\/span><\/a>Me\u00f0 \u00f3ttalegum verkum svarar \u00fe\u00fa oss \u00ed r\u00e9ttl\u00e6ti, \u00fe\u00fa Gu\u00f0 hj\u00e1lpr\u00e6\u00f0is vors, \u00fe\u00fa athvarf allra jar\u00f0arinnar endimarka og fjarl\u00e6gra stranda,<a name=\"7\"><span class=\"versanumer\">7<\/span><\/a>\u00fe\u00fa sem festir fj\u00f6llin me\u00f0 krafti \u00fe\u00ednum, gyrtur styrkleika,<a name=\"8\"><span class=\"versanumer\">8<\/span><\/a>\u00fe\u00fa sem st\u00f6\u00f0var brimgn\u00fd hafsins, brimgn\u00fdinn \u00ed bylgjum \u00feess og h\u00e1reystina \u00ed \u00fej\u00f3\u00f0unum,<a name=\"9\"><span class=\"versanumer\">9<\/span><\/a>svo a\u00f0 \u00feeir er b\u00faa vi\u00f0 endim\u00f6rk jar\u00f0ar \u00f3ttast t\u00e1kn \u00fe\u00edn, austri\u00f0 og vestri\u00f0 l\u00e6tur \u00fe\u00fa fagna.<a name=\"10\"><span class=\"versanumer\">10<\/span><\/a>\u00de\u00fa hefir vitja\u00f0 landsins og v\u00f6kva\u00f0 \u00fea\u00f0, blessa\u00f0 \u00fea\u00f0 r\u00edkulega me\u00f0 l\u00e6k Gu\u00f0s, fullum af vatni, \u00fe\u00fa hefir framleitt korn \u00feess, \u00fev\u00ed a\u00f0 \u00feannig hefir \u00fe\u00fa gj\u00f6rt \u00fea\u00f0 \u00far gar\u00f0i.<a name=\"11\"><span class=\"versanumer\">11<\/span><\/a>\u00de\u00fa hefir v\u00f6kva\u00f0 pl\u00f3gf\u00f6r \u00feess, jafna\u00f0 pl\u00f3ggar\u00f0a \u00feess, me\u00f0 regnsk\u00farum hefir \u00fe\u00fa m\u00fdkt \u00fea\u00f0, blessa\u00f0 gr\u00f3\u00f0ur \u00feess.<a name=\"12\"><span class=\"versanumer\">12<\/span><\/a>\u00de\u00fa hefir kr\u00fdnt \u00e1ri\u00f0 me\u00f0 g\u00e6sku \u00feinni, og vagnspor \u00fe\u00edn drj\u00fapa af feiti.<a name=\"13\"><span class=\"versanumer\">13<\/span><\/a>\u00dea\u00f0 dr\u00fdpur af hei\u00f0al\u00f6ndunum, og h\u00e6\u00f0irnar gir\u00f0ast f\u00f6gnu\u00f0i.<a name=\"14\"><span class=\"versanumer\">14<\/span><\/a>Hagarnir kl\u00e6\u00f0ast hj\u00f6r\u00f0um, og dalirnir hyljast korni. Allt fagnar og syngur.<\/p>\n<div class=\"footnote1981\"><b>65.2<\/b> Gu\u00f0 \u00e1 S\u00edon Slm 132.13; 135.21; Jes 31.9; 46.13; Jer 8.19; 31.6; Jl 4.17; Hlj 4.11 \u2013 efna heitin Slm 76.12+<br \/>\n<b>65.3<\/b> Gu\u00f0 heyrir b\u00e6nir Slm 17.1; 66.19-20; J\u00f3n 2.8; Okv 15.29; sbr Slm 34.16 \u2013 allir menn Jes 66.23<br \/>\n<b>65.4<\/b> Gu\u00f0 fyrirgefur misgj\u00f6r\u00f0ir Slm 78.38; 5M\u00f3s 21.8<br \/>\n<b>65.5<\/b> S\u00e6ll &#8230; Slm 1.1+ &#8211; \u00ed forg\u00f6\u00f0rum \u00fe\u00ednum Slm 84.3; 92.14; 96.8; 100.4; 135.2; Jes 1.12; Sk 3.7 \u2013 se\u00f0jast Slm 36.9; 90.14; Jer 31.14<br \/>\n<b>65.6<\/b> B\u00e6nheyrir oss af r\u00e9ttl\u00e6ti 5M\u00f3s 10.21; Jes 64.2 \u2013 Gu\u00f0 hj\u00e1lpr\u00e6\u00f0is vors Jes 17.10+<br \/>\n<b>65.7<\/b> Festir fj\u00f6llin Slm 24.2; 119.90; Jer 10.12 \u2013 gyrtur styrkleika Slm 93.1<br \/>\n<b>65.8<\/b> L\u00e6gir brimgn\u00fd hafanna Slm 89.10+ &#8211; h\u00e1reysti \u00fej\u00f3\u00f0anna Jes 29.7; Slm 2.1<br \/>\n<b>65.9<\/b> \u00dej\u00f3\u00f0irnar fagna Slm 67.5<br \/>\n<b>65.10<\/b> V\u00f6kva\u00f0 landi\u00f0 Jes 30.23; Jl 2.23 \u2013 l\u00e6kur Gu\u00f0s Slm 46.5+ &#8211; korn H\u00f3s 2.10; Jl 2.19<br \/>\n<b>65.12<\/b> Drj\u00fapa af feiti Slm 72.16; Am 9.13<br \/>\n<b>65.13<\/b> H\u00e6\u00f0irnar fagna Slm 96.12<\/div>\n","protected":false},"excerpt":{"rendered":"<p>1Til s\u00f6ngstj\u00f3rans. Dav\u00ed\u00f0ss\u00e1lmur. Lj\u00f3\u00f0.2\u00de\u00e9r ber lofs\u00f6ngur, Gu\u00f0, \u00e1 S\u00edon, og vi\u00f0 \u00feig s\u00e9u heitin efnd.3\u00de\u00fa sem heyrir b\u00e6nir, til \u00fe\u00edn kemur allt hold.4Margv\u00edslegar misgj\u00f6r\u00f0ir ur\u00f0u m\u00e9r yfirsterkari, en \u00fe\u00fa fyrirgafst afbrot vor.5S\u00e6ll er s\u00e1 er \u00fe\u00fa \u00fatvelur og l\u00e6tur n\u00e1l\u00e6gjast \u00feig til \u00feess a\u00f0 b\u00faa \u00ed forg\u00f6r\u00f0um \u00fe\u00ednum, a\u00f0 v\u00e9r megum se\u00f0jast af g\u00e6\u00f0um h\u00fass \u00fe\u00edns, helgid\u00f3mi musteris \u00fe\u00edns.6Me\u00f0 \u00f3ttalegum verkum svarar \u00fe\u00fa oss \u00ed r\u00e9ttl\u00e6ti, \u00fe\u00fa Gu\u00f0 hj\u00e1lpr\u00e6\u00f0is vors, \u00fe\u00fa athvarf allra jar\u00f0arinnar endimarka og fjarl\u00e6gra stranda,7\u00fe\u00fa sem festir fj\u00f6llin me\u00f0 krafti \u00fe\u00ednum, gyrtur styrkleika,8\u00fe\u00fa sem st\u00f6\u00f0var brimgn\u00fd hafsins, brimgn\u00fdinn \u00ed bylgjum \u00feess og h\u00e1reystina \u00ed \u00fej\u00f3\u00f0unum,9svo a\u00f0 \u00feeir <a href=\"https:\/\/biblian.is\/1981\/salmarnir-65-kafli\/\"> [&#8230;]<\/a><\/p>\n","protected":false},"author":1,"featured_media":0,"parent":0,"menu_order":0,"comment_status":"open","ping_status":"open","template":"bibliukaflar.php","meta":{"footnotes":""},"class_list":["post-1890","page","type-page","status-publish","hentry"],"_links":{"self":[{"href":"https:\/\/biblian.is\/1981\/wp-json\/wp\/v2\/pages\/1890","targetHints":{"allow":["GET"]}}],"collection":[{"href":"https:\/\/biblian.is\/1981\/wp-json\/wp\/v2\/pages"}],"about":[{"href":"https:\/\/biblian.is\/1981\/wp-json\/wp\/v2\/types\/page"}],"author":[{"embeddable":true,"href":"https:\/\/biblian.is\/1981\/wp-json\/wp\/v2\/users\/1"}],"replies":[{"embeddable":true,"href":"https:\/\/biblian.is\/1981\/wp-json\/wp\/v2\/comments?post=1890"}],"version-history":[{"count":0,"href":"https:\/\/biblian.is\/1981\/wp-json\/wp\/v2\/pages\/1890\/revisions"}],"wp:attachment":[{"href":"https:\/\/biblian.is\/1981\/wp-json\/wp\/v2\/media?parent=1890"}],"curies":[{"name":"wp","href":"https:\/\/api.w.org\/{rel}","templated":true}]}}