{"id":1889,"date":"2017-11-18T20:19:10","date_gmt":"2017-11-18T20:19:10","guid":{"rendered":"http:\/\/biblian.is\/1981\/salmarnir-64-kafli\/"},"modified":"2021-06-06T11:09:57","modified_gmt":"2021-06-06T11:09:57","slug":"salmarnir-64-kafli","status":"publish","type":"page","link":"https:\/\/biblian.is\/1981\/salmarnir-64-kafli\/","title":{"rendered":"S\u00e1lmarnir 64. kafli"},"content":{"rendered":"<p><a name=\"1\"><span class=\"versanumer\">1<\/span><\/a>Til s\u00f6ngstj\u00f3rans. Dav\u00ed\u00f0ss\u00e1lmur.<a name=\"2\"><span class=\"versanumer\">2<\/span><\/a>Heyr, \u00f3 Gu\u00f0, raust m\u00edna, er \u00e9g kveina, var\u00f0veit l\u00edf mitt fyrir \u00f3gnum \u00f3vinarins.<a name=\"3\"><span class=\"versanumer\">3<\/span><\/a>Sk\u00fdl m\u00e9r fyrir bandalagi b\u00f3fanna, fyrir \u00f3aldarflokki illvirkjanna,<a name=\"4\"><span class=\"versanumer\">4<\/span><\/a>er hvetja tungur s\u00ednar sem sver\u00f0, leggja \u00f6rvar s\u00ednar, beiskyr\u00f0in, \u00e1 streng<a name=\"5\"><span class=\"versanumer\">5<\/span><\/a>til \u00feess a\u00f0 skj\u00f3ta \u00ed leyni \u00e1 hinn r\u00e1\u00f0vanda, skj\u00f3ta \u00e1 hann allt \u00ed einu, hvergi hr\u00e6ddir.<a name=\"6\"><span class=\"versanumer\">6<\/span><\/a>\u00deeir binda fastm\u00e6lum me\u00f0 s\u00e9r ill \u00e1form, tala um a\u00f0 leggja leynisn\u00f6rur, \u00feeir hugsa: Hver \u00e6tli sj\u00e1i \u00fea\u00f0?<a name=\"7\"><span class=\"versanumer\">7<\/span><\/a>\u00deeir upphugsa rangl\u00e6ti: V\u00e9r erum tilb\u00fanir, vel r\u00e1\u00f0in r\u00e1\u00f0! \u00fev\u00ed a\u00f0 hugskot hvers eins og hjarta er fullt v\u00e9la.<a name=\"8\"><span class=\"versanumer\">8<\/span><\/a>\u00de\u00e1 l\u00fdstur Gu\u00f0 \u00fe\u00e1 me\u00f0 \u00f6rinni, allt \u00ed einu ver\u00f0a \u00feeir s\u00e1rir,<a name=\"9\"><span class=\"versanumer\">9<\/span><\/a>og tunga \u00feeirra ver\u00f0ur \u00feeim a\u00f0 falli. Allir \u00feeir er sj\u00e1 \u00fe\u00e1, munu hrista h\u00f6fu\u00f0i\u00f0.<a name=\"10\"><span class=\"versanumer\">10<\/span><\/a>\u00de\u00e1 mun hver ma\u00f0ur \u00f3ttast og kunngj\u00f6ra d\u00e1\u00f0ir Gu\u00f0s og gefa g\u00e6tur a\u00f0 verkum hans.<a name=\"11\"><span class=\"versanumer\">11<\/span><\/a>Hinn r\u00e9ttl\u00e1ti mun gle\u00f0jast yfir Drottni og leita h\u00e6lis hj\u00e1 honum, og allir hjartahreinir munu sigri hr\u00f3sa.<\/p>\n<div class=\"footnote1981\"><b>64.2<\/b> Heyr kvein mitt Slm 5.2; 17.1,6<br \/>\n<b>64.3<\/b> Sams\u00e6ri Slm 31.14+<br \/>\n<b>64.4<\/b> Hr\u00e6sni Slm 5.10+ ; sbr 55.22 \u2013 \u00f6rvar Slm 11.2+ ; Jer 9.2<br \/>\n<b>64.6<\/b> Hver getur s\u00e9\u00f0? Jes 29.15<br \/>\n<b>64.9<\/b> Ver\u00f0ur a\u00f0 falli Slm 9.16 \u2013 hrista h\u00f6fu\u00f0i\u00f0 Slm 22.8+ ; sbr 44.15<br \/>\n<b>64.10<\/b> Hver ma\u00f0ur \u00f3ttast Slm 40.4<br \/>\n<b>64.11<\/b> Gle\u00f0jast Slm 5.12; 69.33 \u2013 hreinhjarta\u00f0ir Slm 32.11<\/div>\n","protected":false},"excerpt":{"rendered":"<p>1Til s\u00f6ngstj\u00f3rans. Dav\u00ed\u00f0ss\u00e1lmur.2Heyr, \u00f3 Gu\u00f0, raust m\u00edna, er \u00e9g kveina, var\u00f0veit l\u00edf mitt fyrir \u00f3gnum \u00f3vinarins.3Sk\u00fdl m\u00e9r fyrir bandalagi b\u00f3fanna, fyrir \u00f3aldarflokki illvirkjanna,4er hvetja tungur s\u00ednar sem sver\u00f0, leggja \u00f6rvar s\u00ednar, beiskyr\u00f0in, \u00e1 streng5til \u00feess a\u00f0 skj\u00f3ta \u00ed leyni \u00e1 hinn r\u00e1\u00f0vanda, skj\u00f3ta \u00e1 hann allt \u00ed einu, hvergi hr\u00e6ddir.6\u00deeir binda fastm\u00e6lum me\u00f0 s\u00e9r ill \u00e1form, tala um a\u00f0 leggja leynisn\u00f6rur, \u00feeir hugsa: Hver \u00e6tli sj\u00e1i \u00fea\u00f0?7\u00deeir upphugsa rangl\u00e6ti: V\u00e9r erum tilb\u00fanir, vel r\u00e1\u00f0in r\u00e1\u00f0! \u00fev\u00ed a\u00f0 hugskot hvers eins og hjarta er fullt v\u00e9la.8\u00de\u00e1 l\u00fdstur Gu\u00f0 \u00fe\u00e1 me\u00f0 \u00f6rinni, allt \u00ed einu ver\u00f0a \u00feeir s\u00e1rir,9og tunga \u00feeirra ver\u00f0ur \u00feeim <a href=\"https:\/\/biblian.is\/1981\/salmarnir-64-kafli\/\"> [&#8230;]<\/a><\/p>\n","protected":false},"author":1,"featured_media":0,"parent":0,"menu_order":0,"comment_status":"open","ping_status":"open","template":"bibliukaflar.php","meta":{"footnotes":""},"class_list":["post-1889","page","type-page","status-publish","hentry"],"_links":{"self":[{"href":"https:\/\/biblian.is\/1981\/wp-json\/wp\/v2\/pages\/1889","targetHints":{"allow":["GET"]}}],"collection":[{"href":"https:\/\/biblian.is\/1981\/wp-json\/wp\/v2\/pages"}],"about":[{"href":"https:\/\/biblian.is\/1981\/wp-json\/wp\/v2\/types\/page"}],"author":[{"embeddable":true,"href":"https:\/\/biblian.is\/1981\/wp-json\/wp\/v2\/users\/1"}],"replies":[{"embeddable":true,"href":"https:\/\/biblian.is\/1981\/wp-json\/wp\/v2\/comments?post=1889"}],"version-history":[{"count":0,"href":"https:\/\/biblian.is\/1981\/wp-json\/wp\/v2\/pages\/1889\/revisions"}],"wp:attachment":[{"href":"https:\/\/biblian.is\/1981\/wp-json\/wp\/v2\/media?parent=1889"}],"curies":[{"name":"wp","href":"https:\/\/api.w.org\/{rel}","templated":true}]}}