{"id":1888,"date":"2017-11-18T20:19:10","date_gmt":"2017-11-18T20:19:10","guid":{"rendered":"http:\/\/biblian.is\/1981\/salmarnir-63-kafli\/"},"modified":"2021-06-06T11:09:57","modified_gmt":"2021-06-06T11:09:57","slug":"salmarnir-63-kafli","status":"publish","type":"page","link":"https:\/\/biblian.is\/1981\/salmarnir-63-kafli\/","title":{"rendered":"S\u00e1lmarnir 63. kafli"},"content":{"rendered":"<p><a name=\"1\"><span class=\"versanumer\">1<\/span><\/a>S\u00e1lmur eftir Dav\u00ed\u00f0, \u00fe\u00e1 er hann var \u00ed J\u00fada-ey\u00f0im\u00f6rk.<a name=\"2\"><span class=\"versanumer\">2<\/span><\/a>Drottinn, \u00fe\u00fa ert minn Gu\u00f0, \u00fe\u00edn leita \u00e9g, s\u00e1l m\u00edna \u00feyrstir eftir \u00fe\u00e9r, hold mitt \u00fer\u00e1ir \u00feig, \u00ed \u00feurru landi, \u00f6r\u00ferota af vatnsleysi.<a name=\"3\"><span class=\"versanumer\">3<\/span><\/a>\u00deannig hefi \u00e9g litast um eftir \u00fe\u00e9r \u00ed helgid\u00f3minum til \u00feess a\u00f0 sj\u00e1 veldi \u00feitt og d\u00fdr\u00f0,<a name=\"4\"><span class=\"versanumer\">4<\/span><\/a>\u00fev\u00ed a\u00f0 miskunn \u00fe\u00edn er m\u00e6tari en l\u00edfi\u00f0. Varir m\u00ednar skulu vegsama \u00feig.<a name=\"5\"><span class=\"versanumer\">5<\/span><\/a>\u00deannig skal \u00e9g lofa \u00feig me\u00f0an lifi, hefja upp hendurnar \u00ed \u00fe\u00ednu nafni.<a name=\"6\"><span class=\"versanumer\">6<\/span><\/a>S\u00e1l m\u00edn mettast sem af merg og feiti, og me\u00f0 fagnandi v\u00f6rum lofar \u00feig munnur minn,<a name=\"7\"><span class=\"versanumer\">7<\/span><\/a>\u00fe\u00e1 er \u00e9g minnist \u00fe\u00edn \u00ed hv\u00edlu minni, hugsa um \u00feig \u00e1 n\u00e6turv\u00f6kunum.<a name=\"8\"><span class=\"versanumer\">8<\/span><\/a>\u00dev\u00ed a\u00f0 \u00fe\u00fa ert m\u00e9r fulltingi, \u00ed skugga v\u00e6ngja \u00feinna fagna \u00e9g.<a name=\"9\"><span class=\"versanumer\">9<\/span><\/a>S\u00e1l m\u00edn heldur s\u00e9r fast vi\u00f0 \u00feig, h\u00e6gri h\u00f6nd \u00fe\u00edn sty\u00f0ur mig.<a name=\"10\"><span class=\"versanumer\">10<\/span><\/a>\u00deeir sem sitja um l\u00edf mitt sj\u00e1lfum s\u00e9r til gl\u00f6tunar, munu hverfa \u00ed dj\u00fap jar\u00f0ar.<a name=\"11\"><span class=\"versanumer\">11<\/span><\/a>\u00deeir munu ver\u00f0a ofurseldir sver\u00f0seggjum, ver\u00f0a sjak\u00f6lunum a\u00f0 br\u00e1\u00f0.<a name=\"12\"><span class=\"versanumer\">12<\/span><\/a>Konungurinn skal gle\u00f0jast yfir Gu\u00f0i, hver s\u00e1 er sver vi\u00f0 hann, skal sigri hr\u00f3sa, af \u00fev\u00ed a\u00f0 munni lygaranna hefir veri\u00f0 loka\u00f0.<\/p>\n<div class=\"footnote1981\"><b>63.1<\/b> Dav\u00ed\u00f0 \u00ed J\u00fada-ey\u00f0im\u00f6rk 1Sam 23.14<br \/>\n<b>63.2<\/b> \u00deyrstir eftir \u00fe\u00e9r Slm 42.3+ &#8211; \u00ed vatnslausu landi Slm 143.6<br \/>\n<b>63.4<\/b> Miskunn \u00fe\u00edn Slm 17.7+<br \/>\n<b>63.5<\/b> \u00c9g lofa \u00feig Slm 145.2 \u2013 hefja upp hendurnar (bi\u00f0ja) Slm 28.2+<br \/>\n<b>63.6<\/b> Mettast Slm 36.9<br \/>\n<b>63.8<\/b> \u00cd skugga v\u00e6ngja \u00feinn Slm 17.8+<br \/>\n<b>63.9<\/b> Halda s\u00e9r fast vi\u00f0 Gu\u00f0 5M\u00f3s 13.4 \u2013 sty\u00f0ur mig Slm 18.36; Jes 41.10<br \/>\n<b>63.12<\/b> Konungurinn gle\u00f0st Slm 21.2<\/div>\n","protected":false},"excerpt":{"rendered":"<p>1S\u00e1lmur eftir Dav\u00ed\u00f0, \u00fe\u00e1 er hann var \u00ed J\u00fada-ey\u00f0im\u00f6rk.2Drottinn, \u00fe\u00fa ert minn Gu\u00f0, \u00fe\u00edn leita \u00e9g, s\u00e1l m\u00edna \u00feyrstir eftir \u00fe\u00e9r, hold mitt \u00fer\u00e1ir \u00feig, \u00ed \u00feurru landi, \u00f6r\u00ferota af vatnsleysi.3\u00deannig hefi \u00e9g litast um eftir \u00fe\u00e9r \u00ed helgid\u00f3minum til \u00feess a\u00f0 sj\u00e1 veldi \u00feitt og d\u00fdr\u00f0,4\u00fev\u00ed a\u00f0 miskunn \u00fe\u00edn er m\u00e6tari en l\u00edfi\u00f0. Varir m\u00ednar skulu vegsama \u00feig.5\u00deannig skal \u00e9g lofa \u00feig me\u00f0an lifi, hefja upp hendurnar \u00ed \u00fe\u00ednu nafni.6S\u00e1l m\u00edn mettast sem af merg og feiti, og me\u00f0 fagnandi v\u00f6rum lofar \u00feig munnur minn,7\u00fe\u00e1 er \u00e9g minnist \u00fe\u00edn \u00ed hv\u00edlu minni, hugsa um \u00feig \u00e1 n\u00e6turv\u00f6kunum.8\u00dev\u00ed a\u00f0 \u00fe\u00fa <a href=\"https:\/\/biblian.is\/1981\/salmarnir-63-kafli\/\"> [&#8230;]<\/a><\/p>\n","protected":false},"author":1,"featured_media":0,"parent":0,"menu_order":0,"comment_status":"open","ping_status":"open","template":"bibliukaflar.php","meta":{"footnotes":""},"class_list":["post-1888","page","type-page","status-publish","hentry"],"_links":{"self":[{"href":"https:\/\/biblian.is\/1981\/wp-json\/wp\/v2\/pages\/1888","targetHints":{"allow":["GET"]}}],"collection":[{"href":"https:\/\/biblian.is\/1981\/wp-json\/wp\/v2\/pages"}],"about":[{"href":"https:\/\/biblian.is\/1981\/wp-json\/wp\/v2\/types\/page"}],"author":[{"embeddable":true,"href":"https:\/\/biblian.is\/1981\/wp-json\/wp\/v2\/users\/1"}],"replies":[{"embeddable":true,"href":"https:\/\/biblian.is\/1981\/wp-json\/wp\/v2\/comments?post=1888"}],"version-history":[{"count":0,"href":"https:\/\/biblian.is\/1981\/wp-json\/wp\/v2\/pages\/1888\/revisions"}],"wp:attachment":[{"href":"https:\/\/biblian.is\/1981\/wp-json\/wp\/v2\/media?parent=1888"}],"curies":[{"name":"wp","href":"https:\/\/api.w.org\/{rel}","templated":true}]}}