{"id":1887,"date":"2017-11-18T20:19:04","date_gmt":"2017-11-18T20:19:04","guid":{"rendered":"http:\/\/biblian.is\/1981\/salmarnir-62-kafli\/"},"modified":"2021-06-06T11:09:57","modified_gmt":"2021-06-06T11:09:57","slug":"salmarnir-62-kafli","status":"publish","type":"page","link":"https:\/\/biblian.is\/1981\/salmarnir-62-kafli\/","title":{"rendered":"S\u00e1lmarnir 62. kafli"},"content":{"rendered":"<p><a name=\"1\"><span class=\"versanumer\">1<\/span><\/a>Til s\u00f6ngstj\u00f3rans. Fyrir Jed\u00fat\u00fan. Dav\u00ed\u00f0ss\u00e1lmur.<a name=\"2\"><span class=\"versanumer\">2<\/span><\/a>B\u00ed\u00f0 r\u00f3leg eftir Gu\u00f0i, s\u00e1la m\u00edn, fr\u00e1 honum kemur hj\u00e1lpr\u00e6\u00f0i mitt.<a name=\"3\"><span class=\"versanumer\">3<\/span><\/a>Hann einn er klettur minn og hj\u00e1lpr\u00e6\u00f0i, h\u00e1borg m\u00edn \u00e9g ver\u00f0 eigi valtur \u00e1 f\u00f3tum.<a name=\"4\"><span class=\"versanumer\">4<\/span><\/a>Hversu lengi \u00e6tli\u00f0 \u00fe\u00e9r a\u00f0 ry\u00f0jast allir saman gegn einum manni til a\u00f0 fella hann eins og hallan vegg, eins og hrynjandi m\u00far?<a name=\"5\"><span class=\"versanumer\">5<\/span><\/a>\u00deeir r\u00e1\u00f0gast um \u00fea\u00f0 eitt a\u00f0 steypa honum \u00far tign hans, \u00feeir hafa yndi af lygi, \u00feeir blessa me\u00f0 munninum, en b\u00f6lva \u00ed hjartanu.  Sela<a name=\"6\"><span class=\"versanumer\">6<\/span><\/a>B\u00ed\u00f0 r\u00f3leg eftir Gu\u00f0i, s\u00e1la m\u00edn, \u00fev\u00ed a\u00f0 fr\u00e1 honum kemur von m\u00edn.<a name=\"7\"><span class=\"versanumer\">7<\/span><\/a>Hann einn er klettur minn og hj\u00e1lpr\u00e6\u00f0i, h\u00e1borg m\u00edn \u00e9g ver\u00f0 eigi valtur \u00e1 f\u00f3tum.<a name=\"8\"><span class=\"versanumer\">8<\/span><\/a>Hj\u00e1 Gu\u00f0i er hj\u00e1lpr\u00e6\u00f0i mitt og vegsemd, minn \u00f6rugga klett og h\u00e6li mitt hefi \u00e9g \u00ed Gu\u00f0i.<a name=\"9\"><span class=\"versanumer\">9<\/span><\/a>Treyst honum, allur \u00fej\u00f3\u00f0s\u00f6fnu\u00f0urinn, \u00fathelli\u00f0 hj\u00f6rtum y\u00f0ar fyrir honum, Gu\u00f0 er vort h\u00e6li.  Sela<a name=\"10\"><span class=\"versanumer\">10<\/span><\/a>H\u00e9g\u00f3minn einn eru mennirnir, t\u00e1l eru mannanna b\u00f6rn, \u00e1 metask\u00e1lunum lyftast \u00feeir upp, einber h\u00e9g\u00f3mi eru \u00feeir allir saman.<a name=\"11\"><span class=\"versanumer\">11<\/span><\/a>Treysti\u00f0 eigi r\u00e1nfeng og ali\u00f0 eigi f\u00e1n\u00fdta von til r\u00e6ndra muna, \u00fe\u00f3tt au\u00f0urinn vaxi, \u00fe\u00e1 gefi\u00f0 \u00fev\u00ed engan gaum.<a name=\"12\"><span class=\"versanumer\">12<\/span><\/a>Eitt sinn hefir Gu\u00f0 tala\u00f0, tvisvar hefi \u00e9g heyrt \u00fea\u00f0: Hj\u00e1 Gu\u00f0i er styrkleikur.<a name=\"13\"><span class=\"versanumer\">13<\/span><\/a>J\u00e1, hj\u00e1 \u00fe\u00e9r, Drottinn, er miskunn, \u00fev\u00ed a\u00f0 \u00fe\u00fa geldur s\u00e9rhverjum eftir verkum hans.<\/p>\n<div class=\"footnote1981\"><b>62.2<\/b> S\u00e1lin hl\u00fdtur hv\u00edld Slm 37.7 \u2013 hj\u00e1lpr\u00e6\u00f0i mitt Jes 12.2<br \/>\n<b>62.3<\/b> Klettur, hj\u00e1lpr\u00e6\u00f0i Slm 89.27; sbr 27.5; 61.4 \u2013 v\u00edgi Slm 9.10+<br \/>\n<b>62.5<\/b> Hr\u00e6snisfull blessun Slm 28.3<br \/>\n<b>62.6<\/b> Drottinn, von m\u00edn Slm 71.5; 1M\u00f3s 49.18<br \/>\n<b>62.8<\/b> Athvarf Slm 46.2; 71.7; sbr 27.5+<br \/>\n<b>62.9<\/b> Treysta Gu\u00f0i Slm 9.11+ ; 55.24+ &#8211; \u00fathella hj\u00f6rtum Slm 42.5; 142.3; 1Sam 1.15<br \/>\n<b>62.10<\/b> Mannanna b\u00f6rn Slm 49.3 \u2013 h\u00e9g\u00f3mi Slm 39.6-7 \u2013 \u00e1 metsk\u00e1lunum Jes 40.15<br \/>\n<b>62.11<\/b> Treysti\u00f0 ekki \u00e1 ofbeldi Jes 30.12 \u2013 \u00fe\u00f3tt au\u00f0urinn vaxi Job 27.16; 31.25; Matt 19.22; 1T\u00edm 6.17<br \/>\n<b>62.12<\/b> Eitt, tvennt H\u00f3s 6.2+<br \/>\n<b>62.13<\/b> Miskunn Slm 17.7+ &#8211; s\u00e9rhverjum eftir verkum hans Jer 25.14; Job 34.11; R\u00f3m 2.6; 2Tm 4.14<\/div>\n","protected":false},"excerpt":{"rendered":"<p>1Til s\u00f6ngstj\u00f3rans. Fyrir Jed\u00fat\u00fan. Dav\u00ed\u00f0ss\u00e1lmur.2B\u00ed\u00f0 r\u00f3leg eftir Gu\u00f0i, s\u00e1la m\u00edn, fr\u00e1 honum kemur hj\u00e1lpr\u00e6\u00f0i mitt.3Hann einn er klettur minn og hj\u00e1lpr\u00e6\u00f0i, h\u00e1borg m\u00edn \u00e9g ver\u00f0 eigi valtur \u00e1 f\u00f3tum.4Hversu lengi \u00e6tli\u00f0 \u00fe\u00e9r a\u00f0 ry\u00f0jast allir saman gegn einum manni til a\u00f0 fella hann eins og hallan vegg, eins og hrynjandi m\u00far?5\u00deeir r\u00e1\u00f0gast um \u00fea\u00f0 eitt a\u00f0 steypa honum \u00far tign hans, \u00feeir hafa yndi af lygi, \u00feeir blessa me\u00f0 munninum, en b\u00f6lva \u00ed hjartanu. Sela6B\u00ed\u00f0 r\u00f3leg eftir Gu\u00f0i, s\u00e1la m\u00edn, \u00fev\u00ed a\u00f0 fr\u00e1 honum kemur von m\u00edn.7Hann einn er klettur minn og hj\u00e1lpr\u00e6\u00f0i, h\u00e1borg m\u00edn \u00e9g ver\u00f0 eigi valtur \u00e1 <a href=\"https:\/\/biblian.is\/1981\/salmarnir-62-kafli\/\"> [&#8230;]<\/a><\/p>\n","protected":false},"author":1,"featured_media":0,"parent":0,"menu_order":0,"comment_status":"open","ping_status":"open","template":"bibliukaflar.php","meta":{"footnotes":""},"class_list":["post-1887","page","type-page","status-publish","hentry"],"_links":{"self":[{"href":"https:\/\/biblian.is\/1981\/wp-json\/wp\/v2\/pages\/1887","targetHints":{"allow":["GET"]}}],"collection":[{"href":"https:\/\/biblian.is\/1981\/wp-json\/wp\/v2\/pages"}],"about":[{"href":"https:\/\/biblian.is\/1981\/wp-json\/wp\/v2\/types\/page"}],"author":[{"embeddable":true,"href":"https:\/\/biblian.is\/1981\/wp-json\/wp\/v2\/users\/1"}],"replies":[{"embeddable":true,"href":"https:\/\/biblian.is\/1981\/wp-json\/wp\/v2\/comments?post=1887"}],"version-history":[{"count":0,"href":"https:\/\/biblian.is\/1981\/wp-json\/wp\/v2\/pages\/1887\/revisions"}],"wp:attachment":[{"href":"https:\/\/biblian.is\/1981\/wp-json\/wp\/v2\/media?parent=1887"}],"curies":[{"name":"wp","href":"https:\/\/api.w.org\/{rel}","templated":true}]}}