{"id":1886,"date":"2017-11-18T20:19:04","date_gmt":"2017-11-18T20:19:04","guid":{"rendered":"http:\/\/biblian.is\/1981\/salmarnir-61-kafli\/"},"modified":"2021-06-06T11:09:56","modified_gmt":"2021-06-06T11:09:56","slug":"salmarnir-61-kafli","status":"publish","type":"page","link":"https:\/\/biblian.is\/1981\/salmarnir-61-kafli\/","title":{"rendered":"S\u00e1lmarnir 61. kafli"},"content":{"rendered":"<p><a name=\"1\"><span class=\"versanumer\">1<\/span><\/a>Til s\u00f6ngstj\u00f3rans. Me\u00f0 strengjaleik. Eftir Dav\u00ed\u00f0.<a name=\"2\"><span class=\"versanumer\">2<\/span><\/a>Heyr, \u00f3 Gu\u00f0, hr\u00f3p mitt, gef gaum b\u00e6n minni.<a name=\"3\"><span class=\"versanumer\">3<\/span><\/a>Fr\u00e1 endim\u00f6rkum jar\u00f0ar hr\u00f3pa \u00e9g til \u00fe\u00edn, me\u00f0an hjarta mitt \u00f6rmagnast. Hef mig upp \u00e1 bjarg \u00fea\u00f0, sem m\u00e9r er of h\u00e1tt.<a name=\"4\"><span class=\"versanumer\">4<\/span><\/a>Lei\u00f0 mig, \u00fev\u00ed a\u00f0 \u00fe\u00fa ert or\u00f0inn m\u00e9r h\u00e6li, \u00f6ruggt v\u00edgi gegn \u00f3vinum.<a name=\"5\"><span class=\"versanumer\">5<\/span><\/a>L\u00e1t mig gista \u00ed tjaldi \u00fe\u00ednu um eil\u00edf\u00f0, leita h\u00e6lis \u00ed skj\u00f3li v\u00e6ngja \u00feinna.  Sela<a name=\"6\"><span class=\"versanumer\">6<\/span><\/a>\u00dev\u00ed a\u00f0 \u00fe\u00fa, \u00f3 Gu\u00f0, hefir heyrt heit m\u00edn, \u00fe\u00fa hefir uppfyllt \u00f3skir \u00feeirra er \u00f3ttast nafn \u00feitt.<a name=\"7\"><span class=\"versanumer\">7<\/span><\/a>\u00de\u00fa munt lengja l\u00edfdaga konungs, l\u00e1ta \u00e1r hans vara fr\u00e1 kyni til kyns.<a name=\"8\"><span class=\"versanumer\">8<\/span><\/a>Hann skal sitja um eil\u00edf\u00f0 frammi fyrir Gu\u00f0i, l\u00e1t miskunn og tr\u00fafesti var\u00f0veita hann.<a name=\"9\"><span class=\"versanumer\">9<\/span><\/a>\u00de\u00e1 vil \u00e9g lofsyngja nafni \u00fe\u00ednu um aldur, og efna heit m\u00edn dag fr\u00e1 degi.<\/p>\n<div class=\"footnote1981\"><b>61.2<\/b> Heyr kvein mitt Slm 5.2,3; 17.1; 28.2; 54.4; 55.2; 64.2; 141.1<br \/>\n<b>61.3<\/b> Fr\u00e1 endim\u00f6rkum jar\u00f0ar Jes 41.9 \u2013 hr\u00f3pa til Gu\u00f0s Slm 3.5+<br \/>\n<b>61.4<\/b> Hef mig upp Slm 60.11; sbr 5.9+ &#8211; h\u00e6li Slm 5.12; 7.2+<br \/>\n<b>61.5<\/b> \u00cd tjaldi Slm 15.1 \u2013 \u00ed skj\u00f3li v\u00e6ngja \u00feinna Slm 17.8+<br \/>\n<b>61.7<\/b> Langl\u00edfi konungs Slm 21.5<br \/>\n<b>61.8<\/b> Hann skal sitja &#8230; Slm 110.1; Jes 16.5 \u2013 miskunn og tr\u00fafesti Slm 25.10+<br \/>\n<b>61.9<\/b> Efna heit m\u00edn Slm 66.13<\/div>\n","protected":false},"excerpt":{"rendered":"<p>1Til s\u00f6ngstj\u00f3rans. Me\u00f0 strengjaleik. Eftir Dav\u00ed\u00f0.2Heyr, \u00f3 Gu\u00f0, hr\u00f3p mitt, gef gaum b\u00e6n minni.3Fr\u00e1 endim\u00f6rkum jar\u00f0ar hr\u00f3pa \u00e9g til \u00fe\u00edn, me\u00f0an hjarta mitt \u00f6rmagnast. Hef mig upp \u00e1 bjarg \u00fea\u00f0, sem m\u00e9r er of h\u00e1tt.4Lei\u00f0 mig, \u00fev\u00ed a\u00f0 \u00fe\u00fa ert or\u00f0inn m\u00e9r h\u00e6li, \u00f6ruggt v\u00edgi gegn \u00f3vinum.5L\u00e1t mig gista \u00ed tjaldi \u00fe\u00ednu um eil\u00edf\u00f0, leita h\u00e6lis \u00ed skj\u00f3li v\u00e6ngja \u00feinna. Sela6\u00dev\u00ed a\u00f0 \u00fe\u00fa, \u00f3 Gu\u00f0, hefir heyrt heit m\u00edn, \u00fe\u00fa hefir uppfyllt \u00f3skir \u00feeirra er \u00f3ttast nafn \u00feitt.7\u00de\u00fa munt lengja l\u00edfdaga konungs, l\u00e1ta \u00e1r hans vara fr\u00e1 kyni til kyns.8Hann skal sitja um eil\u00edf\u00f0 frammi fyrir Gu\u00f0i, l\u00e1t miskunn og <a href=\"https:\/\/biblian.is\/1981\/salmarnir-61-kafli\/\"> [&#8230;]<\/a><\/p>\n","protected":false},"author":1,"featured_media":0,"parent":0,"menu_order":0,"comment_status":"open","ping_status":"open","template":"bibliukaflar.php","meta":{"footnotes":""},"class_list":["post-1886","page","type-page","status-publish","hentry"],"_links":{"self":[{"href":"https:\/\/biblian.is\/1981\/wp-json\/wp\/v2\/pages\/1886","targetHints":{"allow":["GET"]}}],"collection":[{"href":"https:\/\/biblian.is\/1981\/wp-json\/wp\/v2\/pages"}],"about":[{"href":"https:\/\/biblian.is\/1981\/wp-json\/wp\/v2\/types\/page"}],"author":[{"embeddable":true,"href":"https:\/\/biblian.is\/1981\/wp-json\/wp\/v2\/users\/1"}],"replies":[{"embeddable":true,"href":"https:\/\/biblian.is\/1981\/wp-json\/wp\/v2\/comments?post=1886"}],"version-history":[{"count":0,"href":"https:\/\/biblian.is\/1981\/wp-json\/wp\/v2\/pages\/1886\/revisions"}],"wp:attachment":[{"href":"https:\/\/biblian.is\/1981\/wp-json\/wp\/v2\/media?parent=1886"}],"curies":[{"name":"wp","href":"https:\/\/api.w.org\/{rel}","templated":true}]}}