{"id":1885,"date":"2017-11-18T20:19:04","date_gmt":"2017-11-18T20:19:04","guid":{"rendered":"http:\/\/biblian.is\/1981\/salmarnir-60-kafli\/"},"modified":"2021-06-06T11:09:56","modified_gmt":"2021-06-06T11:09:56","slug":"salmarnir-60-kafli","status":"publish","type":"page","link":"https:\/\/biblian.is\/1981\/salmarnir-60-kafli\/","title":{"rendered":"S\u00e1lmarnir 60. kafli"},"content":{"rendered":"<p><a name=\"1\"><span class=\"versanumer\">1<\/span><\/a>Til s\u00f6ngstj\u00f3rans. Lag: Vitnisbur\u00f0arliljan. Miktam eftir Dav\u00ed\u00f0, til fr\u00e6\u00f0slu,<a name=\"2\"><span class=\"versanumer\">2<\/span><\/a>\u00fe\u00e1 er hann bar\u00f0ist vi\u00f0 S\u00fdrlendinga fr\u00e1 Mes\u00f3potam\u00edu og S\u00fdrlendinga fr\u00e1 S\u00f3ba, og J\u00f3ab sneri vi\u00f0 og vann sigur \u00e1 Ed\u00f3m\u00edtum \u00ed Saltdalnum, t\u00f3lf \u00fe\u00fasund manns.<a name=\"3\"><span class=\"versanumer\">3<\/span><\/a>Gu\u00f0, \u00fe\u00fa hefir \u00fatsk\u00fafa\u00f0 oss og tv\u00edstra\u00f0 oss, \u00fe\u00fa reiddist oss sn\u00fa \u00fe\u00e9r aftur a\u00f0 oss.<a name=\"4\"><span class=\"versanumer\">4<\/span><\/a>\u00de\u00fa l\u00e9st j\u00f6r\u00f0ina gn\u00f6tra og rofna, gj\u00f6r vi\u00f0 sprungur hennar, \u00fev\u00ed a\u00f0 h\u00fan reikar.<a name=\"5\"><span class=\"versanumer\">5<\/span><\/a>\u00de\u00fa l\u00e9st l\u00fd\u00f0 \u00feinn kenna \u00e1 h\u00f6r\u00f0u, l\u00e9st oss drekka v\u00edmuv\u00edn.<a name=\"6\"><span class=\"versanumer\">6<\/span><\/a>\u00de\u00fa hefir gefi\u00f0 \u00feeim, er \u00f3ttast \u00feig, hermerki, a\u00f0 \u00feeir m\u00e6ttu fl\u00fdja undan bogunum.  Sela<a name=\"7\"><span class=\"versanumer\">7<\/span><\/a>Hj\u00e1lpa \u00fe\u00fa me\u00f0 h\u00e6gri hendi \u00feinni og b\u00e6nheyr oss, til \u00feess a\u00f0 \u00e1stvinir \u00fe\u00ednir megi frelsast.<a name=\"8\"><span class=\"versanumer\">8<\/span><\/a>Gu\u00f0 hefir sagt \u00ed helgid\u00f3mi s\u00ednum: \u00c9g vil fagna, \u00e9g vil skipta S\u00edkem, m\u00e6la \u00fat S\u00fakk\u00f3t-dal.<a name=\"9\"><span class=\"versanumer\">9<\/span><\/a>\u00c9g \u00e1 G\u00edlea\u00f0 og \u00e9g \u00e1 Manasse, og Efra\u00edm er hl\u00edf h\u00f6f\u00f0i m\u00ednu, J\u00fada veldissproti minn.<a name=\"10\"><span class=\"versanumer\">10<\/span><\/a>M\u00f3ab er mundlaug m\u00edn, \u00ed Ed\u00f3m fleygi \u00e9g sk\u00f3num m\u00ednum, yfir Filisteu fagna \u00e9g.<a name=\"11\"><span class=\"versanumer\">11<\/span><\/a>Hver vill fara me\u00f0 mig \u00ed \u00f6rugga borg, hver vill flytja mig til Ed\u00f3m?<a name=\"12\"><span class=\"versanumer\">12<\/span><\/a>\u00de\u00fa hefir \u00fatsk\u00fafa\u00f0 oss, \u00f3 Gu\u00f0, og \u00fe\u00fa, Gu\u00f0, fer eigi \u00fat me\u00f0 hersveitum vorum.<a name=\"13\"><span class=\"versanumer\">13<\/span><\/a>Veit oss li\u00f0 gegn fjandm\u00f6nnunum, \u00fev\u00ed a\u00f0 mannahj\u00e1lp er \u00f3n\u00fdt.<a name=\"14\"><span class=\"versanumer\">14<\/span><\/a>Me\u00f0 Gu\u00f0s hj\u00e1lp munum v\u00e9r hreystiverk vinna, og hann mun tro\u00f0a \u00f3vini vora f\u00f3tum.<\/p>\n<div class=\"footnote1981\"><b>60.2<\/b> S\u00fdrlendingar sigra\u00f0ir 2Sam 8.3-5 \u2013 sigur yfir Ed\u00f3m\u00edtum 2Sam 8.13<br \/>\n<b>60.3<\/b> \u00datsk\u00fafa\u00f0 oss Slm 44.10; 74.1; 89.39<br \/>\n<b>60.4<\/b> L\u00e9st j\u00f6r\u00f0ina skj\u00e1lfa Hag 2.6; sbr Am 1.1; 8.8; Sak 14.5 \u2013 h\u00fan ri\u00f0ar 24.20; 54.10<br \/>\n<b>60.5<\/b> V\u00edn Jes 51.17; Jer 25.15,27; sbr Slm 75.9<br \/>\n<b>60.6<\/b> \u00d3ttast Gu\u00f0 Slm 15.4+<br \/>\n<b>60.7<\/b> M\u00e1ttarhendi Slm 17.7; 21.9; 44.4; 45.5; 48.11; 77.11; 118.15-16; 139.10<br \/>\n<b>60.9<\/b> Veldissproti minn 1M\u00f3s 49.10<br \/>\n<b>60.12<\/b> Eigi me\u00f0 hersveitum Slm 44.10<br \/>\n<b>60.13<\/b> Veit oss li\u00f0 2Kro 14.11 \u2013 hj\u00e1lp manna Slm 56.5; sbr 118.8<br \/>\n<b>60.14<\/b> Me\u00f0 Gu\u00f0s hj\u00e1lp Slm 18.30; 44.6-9; Heb 11.33 \u2013 \u00f3vinir f\u00f3tum tro\u00f0nir Slm 44.6; sbr R\u00f3m 16.20<\/div>\n","protected":false},"excerpt":{"rendered":"<p>1Til s\u00f6ngstj\u00f3rans. Lag: Vitnisbur\u00f0arliljan. Miktam eftir Dav\u00ed\u00f0, til fr\u00e6\u00f0slu,2\u00fe\u00e1 er hann bar\u00f0ist vi\u00f0 S\u00fdrlendinga fr\u00e1 Mes\u00f3potam\u00edu og S\u00fdrlendinga fr\u00e1 S\u00f3ba, og J\u00f3ab sneri vi\u00f0 og vann sigur \u00e1 Ed\u00f3m\u00edtum \u00ed Saltdalnum, t\u00f3lf \u00fe\u00fasund manns.3Gu\u00f0, \u00fe\u00fa hefir \u00fatsk\u00fafa\u00f0 oss og tv\u00edstra\u00f0 oss, \u00fe\u00fa reiddist oss sn\u00fa \u00fe\u00e9r aftur a\u00f0 oss.4\u00de\u00fa l\u00e9st j\u00f6r\u00f0ina gn\u00f6tra og rofna, gj\u00f6r vi\u00f0 sprungur hennar, \u00fev\u00ed a\u00f0 h\u00fan reikar.5\u00de\u00fa l\u00e9st l\u00fd\u00f0 \u00feinn kenna \u00e1 h\u00f6r\u00f0u, l\u00e9st oss drekka v\u00edmuv\u00edn.6\u00de\u00fa hefir gefi\u00f0 \u00feeim, er \u00f3ttast \u00feig, hermerki, a\u00f0 \u00feeir m\u00e6ttu fl\u00fdja undan bogunum. Sela7Hj\u00e1lpa \u00fe\u00fa me\u00f0 h\u00e6gri hendi \u00feinni og b\u00e6nheyr oss, til \u00feess a\u00f0 \u00e1stvinir \u00fe\u00ednir megi <a href=\"https:\/\/biblian.is\/1981\/salmarnir-60-kafli\/\"> [&#8230;]<\/a><\/p>\n","protected":false},"author":1,"featured_media":0,"parent":0,"menu_order":0,"comment_status":"open","ping_status":"open","template":"bibliukaflar.php","meta":{"footnotes":""},"class_list":["post-1885","page","type-page","status-publish","hentry"],"_links":{"self":[{"href":"https:\/\/biblian.is\/1981\/wp-json\/wp\/v2\/pages\/1885","targetHints":{"allow":["GET"]}}],"collection":[{"href":"https:\/\/biblian.is\/1981\/wp-json\/wp\/v2\/pages"}],"about":[{"href":"https:\/\/biblian.is\/1981\/wp-json\/wp\/v2\/types\/page"}],"author":[{"embeddable":true,"href":"https:\/\/biblian.is\/1981\/wp-json\/wp\/v2\/users\/1"}],"replies":[{"embeddable":true,"href":"https:\/\/biblian.is\/1981\/wp-json\/wp\/v2\/comments?post=1885"}],"version-history":[{"count":0,"href":"https:\/\/biblian.is\/1981\/wp-json\/wp\/v2\/pages\/1885\/revisions"}],"wp:attachment":[{"href":"https:\/\/biblian.is\/1981\/wp-json\/wp\/v2\/media?parent=1885"}],"curies":[{"name":"wp","href":"https:\/\/api.w.org\/{rel}","templated":true}]}}