{"id":1884,"date":"2017-11-18T20:19:04","date_gmt":"2017-11-18T20:19:04","guid":{"rendered":"http:\/\/biblian.is\/1981\/salmarnir-59-kafli\/"},"modified":"2021-06-06T11:09:56","modified_gmt":"2021-06-06T11:09:56","slug":"salmarnir-59-kafli","status":"publish","type":"page","link":"https:\/\/biblian.is\/1981\/salmarnir-59-kafli\/","title":{"rendered":"S\u00e1lmarnir 59. kafli"},"content":{"rendered":"<p><a name=\"1\"><span class=\"versanumer\">1<\/span><\/a>Til s\u00f6ngstj\u00f3rans. Lag: Spill eigi. Miktam eftir Dav\u00ed\u00f0, \u00fe\u00e1 er S\u00e1l sendi menn og \u00feeir h\u00e9ldu v\u00f6r\u00f0 um h\u00fasi\u00f0 til \u00feess a\u00f0 drepa hann.<a name=\"2\"><span class=\"versanumer\">2<\/span><\/a>Frelsa mig fr\u00e1 \u00f3vinum m\u00ednum, Gu\u00f0 minn, bjarga m\u00e9r fr\u00e1 fjendum m\u00ednum.<a name=\"3\"><span class=\"versanumer\">3<\/span><\/a>Frelsa mig fr\u00e1 illgj\u00f6r\u00f0am\u00f6nnunum og hj\u00e1lpa m\u00e9r gegn mor\u00f0ingjunum,<a name=\"4\"><span class=\"versanumer\">4<\/span><\/a>\u00fev\u00ed sj\u00e1, \u00feeir sitja um l\u00edf mitt, hinir sterku \u00e1reita mig, \u00fe\u00f3tt \u00e9g hafi ekki broti\u00f0 e\u00f0a syndga\u00f0, Drottinn.<a name=\"5\"><span class=\"versanumer\">5<\/span><\/a>\u00de\u00f3tt \u00e9g hafi eigi misgj\u00f6rt, hlaupa \u00feeir a\u00f0 og b\u00faast til \u00e1hlaups. Vakna \u00fe\u00fa m\u00e9r til li\u00f0veislu og l\u00edt \u00e1!<a name=\"6\"><span class=\"versanumer\">6<\/span><\/a>En \u00fe\u00fa, Drottinn, Gu\u00f0 hersveitanna, \u00cdsraels Gu\u00f0, vakna \u00fe\u00fa til \u00feess a\u00f0 vitja allra \u00fej\u00f3\u00f0anna, \u00feyrm eigi neinum fr\u00e1hverfum syndara.  Sela<a name=\"7\"><span class=\"versanumer\">7<\/span><\/a>\u00c1 hverju kv\u00f6ldi koma \u00feeir aftur, \u00fdlfra eins og hundar og sveima um borgina.<a name=\"8\"><span class=\"versanumer\">8<\/span><\/a>Sj\u00e1, \u00fea\u00f0 frey\u00f0ir \u00far munni \u00feeirra, sver\u00f0 eru \u00e1 v\u00f6rum \u00feeirra, \u00fev\u00ed a\u00f0 Hver heyrir?<a name=\"9\"><span class=\"versanumer\">9<\/span><\/a>En \u00fe\u00fa, Drottinn, hl\u00e6r\u00f0 a\u00f0 \u00feeim, \u00fe\u00fa gj\u00f6rir gys a\u00f0 \u00f6llum \u00fej\u00f3\u00f0unum.<a name=\"10\"><span class=\"versanumer\">10<\/span><\/a>V\u00edgi mitt, um \u00feig vil \u00e9g kve\u00f0a, \u00fev\u00ed a\u00f0 Gu\u00f0 er h\u00e1borg m\u00edn.<a name=\"11\"><span class=\"versanumer\">11<\/span><\/a>Gu\u00f0 kemur \u00ed m\u00f3ti m\u00e9r me\u00f0 n\u00e1\u00f0 sinni, Gu\u00f0 l\u00e6tur mig sj\u00e1 \u00f3vini m\u00edna au\u00f0m\u00fdkta.<a name=\"12\"><span class=\"versanumer\">12<\/span><\/a>Drep \u00fe\u00e1 eigi, svo a\u00f0 l\u00fd\u00f0ur minn gleymi eigi, l\u00e1t \u00fe\u00e1 reika fyrir veldi \u00fe\u00ednu og steyp \u00feeim af st\u00f3li, \u00fe\u00fa Drottinn, skj\u00f6ldur vor,<a name=\"13\"><span class=\"versanumer\">13<\/span><\/a>sakir syndar munns \u00feeirra, or\u00f0sins af v\u00f6rum \u00feeirra, og l\u00e1t \u00fe\u00e1 ver\u00f0a veidda \u00ed hroka \u00feeirra, og sakir form\u00e6linga \u00feeirra og lygi, er \u00feeir tala.<a name=\"14\"><span class=\"versanumer\">14<\/span><\/a>Afm\u00e1 \u00fe\u00e1 \u00ed rei\u00f0i, afm\u00e1 \u00fe\u00e1, uns \u00feeir eru eigi framar til, og l\u00e1t \u00fe\u00e1 kenna \u00e1 \u00fev\u00ed, a\u00f0 Gu\u00f0 r\u00edkir yfir Jakobs\u00e6tt, allt til endimarka jar\u00f0ar.  Sela<a name=\"15\"><span class=\"versanumer\">15<\/span><\/a>\u00c1 hverju kveldi koma \u00feeir aftur, \u00fdlfra eins og hundar og sveima um borgina.<a name=\"16\"><span class=\"versanumer\">16<\/span><\/a>\u00deeir reika um eftir \u00e6ti og urra, ef \u00feeir ver\u00f0a eigi saddir.<a name=\"17\"><span class=\"versanumer\">17<\/span><\/a>En \u00e9g vil kve\u00f0a um m\u00e1tt \u00feinn og fagna yfir n\u00e1\u00f0 \u00feinni \u00e1 hverjum morgni, \u00fev\u00ed a\u00f0 \u00fe\u00fa hefir gj\u00f6rst h\u00e1borg m\u00edn og athvarf \u00e1 degi ney\u00f0ar minnar.<a name=\"18\"><span class=\"versanumer\">18<\/span><\/a>V\u00edgi mitt, um \u00feig vil \u00e9g kve\u00f0a, \u00fev\u00ed a\u00f0 Gu\u00f0 er h\u00e1borg m\u00edn, minn miskunnsami Gu\u00f0.<\/p>\n<div class=\"footnote1981\"><b>59.1<\/b> S\u00e1l sendir menn 1Sam 19.11-17<br \/>\n<b>59.2<\/b> Frelsa fr\u00e1 \u00f3vinum Slm 31.16<br \/>\n<b>59.3<\/b> Mor\u00f0ingjar Slm 5.7<br \/>\n<b>59.4<\/b> Sitja um Slm 10.9; Okv 1.11; Hlj 4.19<br \/>\n<b>59.5<\/b> Vakna Slm 35.23; 44.24<br \/>\n<b>59.6<\/b> \u00deyrm eigi Jes 26.10<br \/>\n<b>59.7<\/b> Eins og hundar Slm 22.17 \u2013 sveima um Slm 55.11<br \/>\n<b>59.8<\/b> Sver\u00f0 \u00e1 v\u00f6rum Slm 55.22<br \/>\n<b>59.9<\/b> Drottinn hl\u00e6r Slm 2.4; 37.13<br \/>\n<b>59.11<\/b> Hlakka yfir \u00f3vinum Slm 54.9; 112.8; 118.7<br \/>\n<b>59.12<\/b> Gleymi eigi Esk 12.16<br \/>\n<b>59.13<\/b> Fl\u00e6kjast \u00ed eigin hroka Jes 13.11; Esk 7.24<br \/>\n<b>59.14<\/b> Afm\u00e1 \u00fe\u00e1 4M\u00f3s 16.21; Jer 14.12 \u2013 Gu\u00f0 r\u00edkir yfir \u00e6tt Jakobs D\u00f3m 8.23<br \/>\n<b>59.17<\/b> \u00c1 hverjum morgni Slm 5.4; 30.6 \u2013 \u00e1 ney\u00f0ardegi Slm 77.3+<br \/>\n<b>59.18<\/b> Gu\u00f0 er v\u00edgi mitt sbr Slm 31.3+<\/div>\n","protected":false},"excerpt":{"rendered":"<p>1Til s\u00f6ngstj\u00f3rans. Lag: Spill eigi. Miktam eftir Dav\u00ed\u00f0, \u00fe\u00e1 er S\u00e1l sendi menn og \u00feeir h\u00e9ldu v\u00f6r\u00f0 um h\u00fasi\u00f0 til \u00feess a\u00f0 drepa hann.2Frelsa mig fr\u00e1 \u00f3vinum m\u00ednum, Gu\u00f0 minn, bjarga m\u00e9r fr\u00e1 fjendum m\u00ednum.3Frelsa mig fr\u00e1 illgj\u00f6r\u00f0am\u00f6nnunum og hj\u00e1lpa m\u00e9r gegn mor\u00f0ingjunum,4\u00fev\u00ed sj\u00e1, \u00feeir sitja um l\u00edf mitt, hinir sterku \u00e1reita mig, \u00fe\u00f3tt \u00e9g hafi ekki broti\u00f0 e\u00f0a syndga\u00f0, Drottinn.5\u00de\u00f3tt \u00e9g hafi eigi misgj\u00f6rt, hlaupa \u00feeir a\u00f0 og b\u00faast til \u00e1hlaups. Vakna \u00fe\u00fa m\u00e9r til li\u00f0veislu og l\u00edt \u00e1!6En \u00fe\u00fa, Drottinn, Gu\u00f0 hersveitanna, \u00cdsraels Gu\u00f0, vakna \u00fe\u00fa til \u00feess a\u00f0 vitja allra \u00fej\u00f3\u00f0anna, \u00feyrm eigi neinum fr\u00e1hverfum syndara. Sela7\u00c1 <a href=\"https:\/\/biblian.is\/1981\/salmarnir-59-kafli\/\"> [&#8230;]<\/a><\/p>\n","protected":false},"author":1,"featured_media":0,"parent":0,"menu_order":0,"comment_status":"open","ping_status":"open","template":"bibliukaflar.php","meta":{"footnotes":""},"class_list":["post-1884","page","type-page","status-publish","hentry"],"_links":{"self":[{"href":"https:\/\/biblian.is\/1981\/wp-json\/wp\/v2\/pages\/1884","targetHints":{"allow":["GET"]}}],"collection":[{"href":"https:\/\/biblian.is\/1981\/wp-json\/wp\/v2\/pages"}],"about":[{"href":"https:\/\/biblian.is\/1981\/wp-json\/wp\/v2\/types\/page"}],"author":[{"embeddable":true,"href":"https:\/\/biblian.is\/1981\/wp-json\/wp\/v2\/users\/1"}],"replies":[{"embeddable":true,"href":"https:\/\/biblian.is\/1981\/wp-json\/wp\/v2\/comments?post=1884"}],"version-history":[{"count":0,"href":"https:\/\/biblian.is\/1981\/wp-json\/wp\/v2\/pages\/1884\/revisions"}],"wp:attachment":[{"href":"https:\/\/biblian.is\/1981\/wp-json\/wp\/v2\/media?parent=1884"}],"curies":[{"name":"wp","href":"https:\/\/api.w.org\/{rel}","templated":true}]}}