{"id":1883,"date":"2017-11-18T20:19:04","date_gmt":"2017-11-18T20:19:04","guid":{"rendered":"http:\/\/biblian.is\/1981\/salmarnir-58-kafli\/"},"modified":"2021-06-06T11:09:55","modified_gmt":"2021-06-06T11:09:55","slug":"salmarnir-58-kafli","status":"publish","type":"page","link":"https:\/\/biblian.is\/1981\/salmarnir-58-kafli\/","title":{"rendered":"S\u00e1lmarnir 58. kafli"},"content":{"rendered":"<p><a name=\"1\"><span class=\"versanumer\">1<\/span><\/a>Til s\u00f6ngstj\u00f3rans. Lag: Spill eigi. Dav\u00ed\u00f0s-miktam.<a name=\"2\"><span class=\"versanumer\">2<\/span><\/a>Tali\u00f0 \u00fe\u00e9r \u00ed sannleika \u00fea\u00f0 sem r\u00e9tt er, \u00fe\u00e9r gu\u00f0ir? D\u00e6mi\u00f0 \u00fe\u00e9r mennina me\u00f0 sanngirni?<a name=\"3\"><span class=\"versanumer\">3<\/span><\/a>Nei, allir a\u00f0hafist \u00fe\u00e9r rangl\u00e6ti \u00e1 j\u00f6r\u00f0u, hendur y\u00f0ar vega \u00fat ofbeldi.<a name=\"4\"><span class=\"versanumer\">4<\/span><\/a>Hinir illu eru fr\u00e1 m\u00f3\u00f0url\u00edfi viknir af lei\u00f0, lygarar fara villir vegar fr\u00e1 m\u00f3\u00f0urskauti.<a name=\"5\"><span class=\"versanumer\">5<\/span><\/a>Eitur \u00feeirra er eins og h\u00f6ggormseitur, \u00feeir eru eins og dauf na\u00f0ra, sem lokar eyrunum<a name=\"6\"><span class=\"versanumer\">6<\/span><\/a>til \u00feess a\u00f0 heyra ekki raust s\u00e6ringamannsins n\u00e9 hins slungna t\u00f6framanns.<a name=\"7\"><span class=\"versanumer\">7<\/span><\/a>Gu\u00f0, brj\u00f3t sundur tennurnar \u00ed munni \u00feeirra, m\u00f6lva jaxlana \u00far lj\u00f3nunum, Drottinn!<a name=\"8\"><span class=\"versanumer\">8<\/span><\/a>&#8222;L\u00e1t \u00fe\u00e1 hverfa eins og vatn, sem rennur burt; mi\u00f0i hann \u00f6rvum s\u00ednum \u00e1 \u00fe\u00e1, \u00fe\u00e1 hn\u00edga \u00feeir,&#8220;<a name=\"9\"><span class=\"versanumer\">9<\/span><\/a>eins og snigillinn, sem rennur \u00ed sundur og hverfur, \u00f3t\u00edmabur\u00f0ur konunnar, er eigi s\u00e1 s\u00f3lina.<a name=\"10\"><span class=\"versanumer\">10<\/span><\/a>\u00c1\u00f0ur en pottar y\u00f0ar kenna hitans af \u00feyrnunum, hvort sem \u00feyrnarnir eru gr\u00e6nir e\u00f0a gl\u00f3andi, feykir hann hinum illa burt.<a name=\"11\"><span class=\"versanumer\">11<\/span><\/a>\u00de\u00e1 mun hinn r\u00e9ttl\u00e1ti fagna, af \u00fev\u00ed a\u00f0 hann hefir fengi\u00f0 a\u00f0 sj\u00e1 hefndina, hann mun lauga f\u00e6tur s\u00edna \u00ed bl\u00f3\u00f0i hinna \u00f3gu\u00f0legu.<a name=\"12\"><span class=\"versanumer\">12<\/span><\/a>&#8222;\u00de\u00e1 munu menn segja: Hinn r\u00e9ttl\u00e1ti hl\u00fdtur \u00fe\u00f3 \u00e1v\u00f6xt; \u00fea\u00f0 er \u00fe\u00f3 til Gu\u00f0, sem d\u00e6mir \u00e1 j\u00f6r\u00f0unni.&#8220;<\/p>\n<div class=\"footnote1981\"><b>58.2<\/b> Rangir d\u00f3mar Slm 82.2<br \/>\n<b>58.5<\/b> Eitru\u00f0 na\u00f0ra 5M\u00f3s 32.33; Slm 140.4<br \/>\n<b>58.6<\/b> R\u00f6dd Sl\u00f6ngutemjarans Pr\u00e9d 10.11<br \/>\n<b>58.7<\/b> Brj\u00f3ttu tennurnar Slm 3.8 \u2013 v\u00edgtennur lj\u00f3nanna Slm 57.5<br \/>\n<b>58.8<\/b> Renna \u00ed sundur eins og vatn Job 11.16<br \/>\n<b>58.9<\/b> Andvana f\u00e6\u00f0ing Job 3.16<br \/>\n<b>58.11<\/b> Hinn r\u00e9ttl\u00e1ti fagnar Slm 35.27 \u2013 s\u00e9r hefndina Jer 11.20; Esk 25.17<br \/>\n<b>58.12<\/b> Hl\u00fdtur umbun Slm 1.3 \u2013 Gu\u00f0, sem d\u00e6mir Mal 2.17; Job 19.29<\/div>\n","protected":false},"excerpt":{"rendered":"<p>1Til s\u00f6ngstj\u00f3rans. Lag: Spill eigi. Dav\u00ed\u00f0s-miktam.2Tali\u00f0 \u00fe\u00e9r \u00ed sannleika \u00fea\u00f0 sem r\u00e9tt er, \u00fe\u00e9r gu\u00f0ir? D\u00e6mi\u00f0 \u00fe\u00e9r mennina me\u00f0 sanngirni?3Nei, allir a\u00f0hafist \u00fe\u00e9r rangl\u00e6ti \u00e1 j\u00f6r\u00f0u, hendur y\u00f0ar vega \u00fat ofbeldi.4Hinir illu eru fr\u00e1 m\u00f3\u00f0url\u00edfi viknir af lei\u00f0, lygarar fara villir vegar fr\u00e1 m\u00f3\u00f0urskauti.5Eitur \u00feeirra er eins og h\u00f6ggormseitur, \u00feeir eru eins og dauf na\u00f0ra, sem lokar eyrunum6til \u00feess a\u00f0 heyra ekki raust s\u00e6ringamannsins n\u00e9 hins slungna t\u00f6framanns.7Gu\u00f0, brj\u00f3t sundur tennurnar \u00ed munni \u00feeirra, m\u00f6lva jaxlana \u00far lj\u00f3nunum, Drottinn!8&#8222;L\u00e1t \u00fe\u00e1 hverfa eins og vatn, sem rennur burt; mi\u00f0i hann \u00f6rvum s\u00ednum \u00e1 \u00fe\u00e1, \u00fe\u00e1 hn\u00edga \u00feeir,&#8220;9eins og snigillinn, sem rennur <a href=\"https:\/\/biblian.is\/1981\/salmarnir-58-kafli\/\"> [&#8230;]<\/a><\/p>\n","protected":false},"author":1,"featured_media":0,"parent":0,"menu_order":0,"comment_status":"open","ping_status":"open","template":"bibliukaflar.php","meta":{"footnotes":""},"class_list":["post-1883","page","type-page","status-publish","hentry"],"_links":{"self":[{"href":"https:\/\/biblian.is\/1981\/wp-json\/wp\/v2\/pages\/1883","targetHints":{"allow":["GET"]}}],"collection":[{"href":"https:\/\/biblian.is\/1981\/wp-json\/wp\/v2\/pages"}],"about":[{"href":"https:\/\/biblian.is\/1981\/wp-json\/wp\/v2\/types\/page"}],"author":[{"embeddable":true,"href":"https:\/\/biblian.is\/1981\/wp-json\/wp\/v2\/users\/1"}],"replies":[{"embeddable":true,"href":"https:\/\/biblian.is\/1981\/wp-json\/wp\/v2\/comments?post=1883"}],"version-history":[{"count":0,"href":"https:\/\/biblian.is\/1981\/wp-json\/wp\/v2\/pages\/1883\/revisions"}],"wp:attachment":[{"href":"https:\/\/biblian.is\/1981\/wp-json\/wp\/v2\/media?parent=1883"}],"curies":[{"name":"wp","href":"https:\/\/api.w.org\/{rel}","templated":true}]}}