{"id":1882,"date":"2017-11-18T20:19:04","date_gmt":"2017-11-18T20:19:04","guid":{"rendered":"http:\/\/biblian.is\/1981\/salmarnir-57-kafli\/"},"modified":"2021-06-06T11:09:55","modified_gmt":"2021-06-06T11:09:55","slug":"salmarnir-57-kafli","status":"publish","type":"page","link":"https:\/\/biblian.is\/1981\/salmarnir-57-kafli\/","title":{"rendered":"S\u00e1lmarnir 57. kafli"},"content":{"rendered":"<p><a name=\"1\"><span class=\"versanumer\">1<\/span><\/a>Til s\u00f6ngstj\u00f3rans. Lag: Spill eigi. Miktam eftir Dav\u00ed\u00f0, \u00fe\u00e1 er hann fl\u00fd\u00f0i inn \u00ed hellinn fyrir S\u00e1l.<a name=\"2\"><span class=\"versanumer\">2<\/span><\/a>Ver m\u00e9r n\u00e1\u00f0ugur, \u00f3 Gu\u00f0, ver m\u00e9r n\u00e1\u00f0ugur! \u00dev\u00ed a\u00f0 hj\u00e1 \u00fe\u00e9r leitar s\u00e1l m\u00edn h\u00e6lis, og \u00ed skugga v\u00e6ngja \u00feinna vil \u00e9g h\u00e6lis leita, uns vo\u00f0inn er li\u00f0inn hj\u00e1.<a name=\"3\"><span class=\"versanumer\">3<\/span><\/a>\u00c9g hr\u00f3pa til Gu\u00f0s, hins h\u00e6sta, \u00feess Gu\u00f0s, er kemur \u00f6llu vel til vegar fyrir mig.<a name=\"4\"><span class=\"versanumer\">4<\/span><\/a>Hann sendir af himni og hj\u00e1lpar m\u00e9r, \u00feegar s\u00e1 er kremur mig spottar.  Sela  Gu\u00f0 sendir n\u00e1\u00f0 s\u00edna og tr\u00fafesti.<a name=\"5\"><span class=\"versanumer\">5<\/span><\/a>\u00c9g ver\u00f0 a\u00f0 liggja me\u00f0al lj\u00f3na, er eldi fn\u00e6sa. Tennur \u00feeirra eru spj\u00f3t og \u00f6rvar, og tungur \u00feeirra eru bitur sver\u00f0.<a name=\"6\"><span class=\"versanumer\">6<\/span><\/a>S\u00fdn \u00feig himnum h\u00e6rri, \u00f3 Gu\u00f0, d\u00fdr\u00f0 \u00fe\u00edn brei\u00f0ist yfir gj\u00f6rvalla j\u00f6r\u00f0ina!<a name=\"7\"><span class=\"versanumer\">7<\/span><\/a>\u00deeir hafa lagt net fyrir f\u00e6tur m\u00edna, s\u00e1l m\u00edn er beyg\u00f0. \u00deeir hafa grafi\u00f0 gryfju fyrir framan mig, sj\u00e1lfir falla \u00feeir \u00ed hana.  Sela<a name=\"8\"><span class=\"versanumer\">8<\/span><\/a>Hjarta mitt er st\u00f6\u00f0ugt, \u00f3 Gu\u00f0, hjarta mitt er st\u00f6\u00f0ugt, \u00e9g vil syngja og leika.<a name=\"9\"><span class=\"versanumer\">9<\/span><\/a>Vakna \u00fe\u00fa, s\u00e1l m\u00edn, vakna \u00fe\u00fa, harpa og g\u00edgja, \u00e9g vil vekja morgunro\u00f0ann.<a name=\"10\"><span class=\"versanumer\">10<\/span><\/a>\u00c9g vil lofa \u00feig me\u00f0al l\u00fd\u00f0anna, Drottinn, vegsama \u00feig me\u00f0al \u00fej\u00f3\u00f0anna,<a name=\"11\"><span class=\"versanumer\">11<\/span><\/a>\u00fev\u00ed a\u00f0 miskunn \u00fe\u00edn n\u00e6r til himna og tr\u00fafesti \u00fe\u00edn til sk\u00fdjanna.<a name=\"12\"><span class=\"versanumer\">12<\/span><\/a>S\u00fdn \u00feig himnum h\u00e6rri, \u00f3 Gu\u00f0, d\u00fdr\u00f0 \u00fe\u00edn brei\u00f0ist yfir gj\u00f6rvalla j\u00f6r\u00f0ina.<\/p>\n<div class=\"footnote1981\"><b>57.1<\/b> Dav\u00ed\u00f0 \u00ed hellinum 1Sam 22.1-2; 24.1-9; sbr Slm 142.1<br \/>\n<b>57.2<\/b> \u00cd Skugga v\u00e6ngja \u00feinna Slm 17.8+<br \/>\n<b>57.3<\/b> Hr\u00f3pa tilGu\u00f0s Slm 3.5+ &#8211; reynist vel Slm 138.8<br \/>\n<b>57.4<\/b> Ofs\u00e6kir mig Slm 56.3; sbr 5.9 \u2013 Gu\u00f0 sendir Slm 43.3 \u2013 n\u00e1\u00f0 og tr\u00fafesti Slm 25.10+<br \/>\n<b>57.5<\/b> Innan um lj\u00f3n Slm 17.12; Dan 6.17 \u2013 hr\u00e6sni Slm 55.22; 64.4<br \/>\n<b>57.6<\/b> H\u00e1tt upp yfir himininn Slm 57.12; 108.6<br \/>\n<b>57.7<\/b> Net Slm 9.16+ &#8211; gryfja sbr Slm 7.16+ &#8211; \u00ed eigin gryfju Slm 9.16; 64.9<br \/>\n<b>57.8<\/b> St\u00f6\u00f0ugt hjarta Slm 108.2<br \/>\n<b>57.9<\/b> Vekja morgunro\u00f0ann Slm 119.62,147<br \/>\n<b>57.10<\/b> Me\u00f0al \u00fej\u00f3\u00f0anna Slm 18.50<br \/>\n<b>57.11<\/b> Til himna Slm 36.6; 103.11 \u2013 miskunn og tr\u00fafesti Slm 57.4; 25.10+<br \/>\n<b>57.12<\/b> H\u00e1tt upp yfir himininn Slm 8.2; 113.4; sbr Jes 2.11<\/div>\n","protected":false},"excerpt":{"rendered":"<p>1Til s\u00f6ngstj\u00f3rans. Lag: Spill eigi. Miktam eftir Dav\u00ed\u00f0, \u00fe\u00e1 er hann fl\u00fd\u00f0i inn \u00ed hellinn fyrir S\u00e1l.2Ver m\u00e9r n\u00e1\u00f0ugur, \u00f3 Gu\u00f0, ver m\u00e9r n\u00e1\u00f0ugur! \u00dev\u00ed a\u00f0 hj\u00e1 \u00fe\u00e9r leitar s\u00e1l m\u00edn h\u00e6lis, og \u00ed skugga v\u00e6ngja \u00feinna vil \u00e9g h\u00e6lis leita, uns vo\u00f0inn er li\u00f0inn hj\u00e1.3\u00c9g hr\u00f3pa til Gu\u00f0s, hins h\u00e6sta, \u00feess Gu\u00f0s, er kemur \u00f6llu vel til vegar fyrir mig.4Hann sendir af himni og hj\u00e1lpar m\u00e9r, \u00feegar s\u00e1 er kremur mig spottar. Sela Gu\u00f0 sendir n\u00e1\u00f0 s\u00edna og tr\u00fafesti.5\u00c9g ver\u00f0 a\u00f0 liggja me\u00f0al lj\u00f3na, er eldi fn\u00e6sa. Tennur \u00feeirra eru spj\u00f3t og \u00f6rvar, og tungur \u00feeirra eru bitur sver\u00f0.6S\u00fdn <a href=\"https:\/\/biblian.is\/1981\/salmarnir-57-kafli\/\"> [&#8230;]<\/a><\/p>\n","protected":false},"author":1,"featured_media":0,"parent":0,"menu_order":0,"comment_status":"open","ping_status":"open","template":"bibliukaflar.php","meta":{"footnotes":""},"class_list":["post-1882","page","type-page","status-publish","hentry"],"_links":{"self":[{"href":"https:\/\/biblian.is\/1981\/wp-json\/wp\/v2\/pages\/1882","targetHints":{"allow":["GET"]}}],"collection":[{"href":"https:\/\/biblian.is\/1981\/wp-json\/wp\/v2\/pages"}],"about":[{"href":"https:\/\/biblian.is\/1981\/wp-json\/wp\/v2\/types\/page"}],"author":[{"embeddable":true,"href":"https:\/\/biblian.is\/1981\/wp-json\/wp\/v2\/users\/1"}],"replies":[{"embeddable":true,"href":"https:\/\/biblian.is\/1981\/wp-json\/wp\/v2\/comments?post=1882"}],"version-history":[{"count":0,"href":"https:\/\/biblian.is\/1981\/wp-json\/wp\/v2\/pages\/1882\/revisions"}],"wp:attachment":[{"href":"https:\/\/biblian.is\/1981\/wp-json\/wp\/v2\/media?parent=1882"}],"curies":[{"name":"wp","href":"https:\/\/api.w.org\/{rel}","templated":true}]}}