{"id":1881,"date":"2017-11-18T20:19:04","date_gmt":"2017-11-18T20:19:04","guid":{"rendered":"http:\/\/biblian.is\/1981\/salmarnir-56-kafli\/"},"modified":"2021-06-06T11:09:55","modified_gmt":"2021-06-06T11:09:55","slug":"salmarnir-56-kafli","status":"publish","type":"page","link":"https:\/\/biblian.is\/1981\/salmarnir-56-kafli\/","title":{"rendered":"S\u00e1lmarnir 56. kafli"},"content":{"rendered":"<p><a name=\"1\"><span class=\"versanumer\">1<\/span><\/a>Til s\u00f6ngstj\u00f3rans. Lag: D\u00fafan \u00ed fjarl\u00e6gum eikilundi. Miktam eftir Dav\u00ed\u00f0, \u00fe\u00e1 er Filistar gripu hann \u00ed Gat.<a name=\"2\"><span class=\"versanumer\">2<\/span><\/a>Ver m\u00e9r n\u00e1\u00f0ugur, Gu\u00f0, \u00fev\u00ed a\u00f0 menn kremja mig, li\u00f0langan daginn kreppa bardagamenn a\u00f0 m\u00e9r.<a name=\"3\"><span class=\"versanumer\">3<\/span><\/a>Fjandmenn m\u00ednir kremja mig li\u00f0langan daginn, \u00fev\u00ed a\u00f0 margir eru \u00feeir, sem berjast gegn m\u00e9r.<a name=\"4\"><span class=\"versanumer\">4<\/span><\/a>\u00deegar \u00e9g er hr\u00e6ddur, treysti \u00e9g \u00fe\u00e9r.<a name=\"5\"><span class=\"versanumer\">5<\/span><\/a>Me\u00f0 Gu\u00f0s hj\u00e1lp mun \u00e9g lofa or\u00f0 hans, Gu\u00f0i treysti \u00e9g, \u00e9g \u00f3ttast eigi. Hva\u00f0 getur hold gj\u00f6rt m\u00e9r?<a name=\"6\"><span class=\"versanumer\">6<\/span><\/a>\u00deeir spilla m\u00e1lefnum m\u00ednum \u00e1n afl\u00e1ts, allt \u00fea\u00f0 er \u00feeir hafa hugsa\u00f0 \u00ed gegn m\u00e9r, er til ills.<a name=\"7\"><span class=\"versanumer\">7<\/span><\/a>\u00deeir \u00e1reita mig, \u00feeir sitja um mig, \u00feeir gefa g\u00e6tur a\u00f0 fer\u00f0um m\u00ednum, eins og \u00feeir v\u00e6ntu eftir a\u00f0 n\u00e1 l\u00edfi m\u00ednu.<a name=\"8\"><span class=\"versanumer\">8<\/span><\/a>Sakir rangl\u00e6tis \u00feeirra ver\u00f0ur \u00feeim engrar undankomu au\u00f0i\u00f0, steyp \u00fej\u00f3\u00f0unum \u00ed rei\u00f0i \u00feinni, \u00f3 Gu\u00f0.<a name=\"9\"><span class=\"versanumer\">9<\/span><\/a>\u00de\u00fa hefir tali\u00f0 hrakninga m\u00edna, t\u00e1rum m\u00ednum er safna\u00f0 \u00ed sj\u00f3\u00f0 \u00feinn, j\u00e1, ritu\u00f0 \u00ed b\u00f3k \u00fe\u00edna.<a name=\"10\"><span class=\"versanumer\">10<\/span><\/a>Fyrir \u00fev\u00ed skulu \u00f3vinir m\u00ednir h\u00f6rfa undan, er \u00e9g hr\u00f3pa, \u00fea\u00f0 veit \u00e9g, a\u00f0 Gu\u00f0 li\u00f0sinnir m\u00e9r.<a name=\"11\"><span class=\"versanumer\">11<\/span><\/a>Me\u00f0 Gu\u00f0s hj\u00e1lp mun \u00e9g lofa or\u00f0 hans, me\u00f0 hj\u00e1lp Drottins mun \u00e9g lofa or\u00f0 hans.<a name=\"12\"><span class=\"versanumer\">12<\/span><\/a>Gu\u00f0i treysti \u00e9g, \u00e9g \u00f3ttast eigi, hva\u00f0 geta menn gj\u00f6rt m\u00e9r?<a name=\"13\"><span class=\"versanumer\">13<\/span><\/a>\u00c1 m\u00e9r hv\u00edla, \u00f3 Gu\u00f0, heit vi\u00f0 \u00feig, \u00e9g vil gjalda \u00fe\u00e9r \u00feakkarf\u00f3rnir,<a name=\"14\"><span class=\"versanumer\">14<\/span><\/a>af \u00fev\u00ed \u00fe\u00fa hefir frelsa\u00f0 s\u00e1l m\u00edna fr\u00e1 dau\u00f0a og f\u00e6tur m\u00edna fr\u00e1 hr\u00f6sun, svo a\u00f0 \u00e9g megi ganga frammi fyrir Gu\u00f0i \u00ed lj\u00f3si l\u00edfsins.<\/p>\n<div class=\"footnote1981\"><b>56.1<\/b> Dav\u00ed\u00f0 \u00ed Gat 1Sam 21.11-13<br \/>\n<b>56.3<\/b> Ofs\u00e6kja Slm 57.4; sbr 5.9<br \/>\n<b>56.5<\/b> Hj\u00e1lp manna er \u00f3n\u00fdt Slm 60.13 \u2013 treysta Gu\u00f0i Slm 9.11+ ; 55.24+<br \/>\n<b>56.8<\/b> Steyp \u00fej\u00f3\u00f0unum Jer 18.23<br \/>\n<b>56.9<\/b> T\u00e1r Jes 38.5 \u2013 \u00ed b\u00f3k Gu\u00f0s sbr Slm 69.29; Opb 3.5+<br \/>\n<b>56.10<\/b> \u00d3vinir h\u00f6rfa Slm 9.4 \u2013 Gu\u00f0 li\u00f0sinnir m\u00e9r Slm 118.7; 124.1-2<br \/>\n<b>56.14<\/b> Frelsa fr\u00e1 dau\u00f0a Slm 33.19; 116.8 \u2013 lj\u00f3s l\u00edfsins Slm 36.10<\/div>\n","protected":false},"excerpt":{"rendered":"<p>1Til s\u00f6ngstj\u00f3rans. Lag: D\u00fafan \u00ed fjarl\u00e6gum eikilundi. Miktam eftir Dav\u00ed\u00f0, \u00fe\u00e1 er Filistar gripu hann \u00ed Gat.2Ver m\u00e9r n\u00e1\u00f0ugur, Gu\u00f0, \u00fev\u00ed a\u00f0 menn kremja mig, li\u00f0langan daginn kreppa bardagamenn a\u00f0 m\u00e9r.3Fjandmenn m\u00ednir kremja mig li\u00f0langan daginn, \u00fev\u00ed a\u00f0 margir eru \u00feeir, sem berjast gegn m\u00e9r.4\u00deegar \u00e9g er hr\u00e6ddur, treysti \u00e9g \u00fe\u00e9r.5Me\u00f0 Gu\u00f0s hj\u00e1lp mun \u00e9g lofa or\u00f0 hans, Gu\u00f0i treysti \u00e9g, \u00e9g \u00f3ttast eigi. Hva\u00f0 getur hold gj\u00f6rt m\u00e9r?6\u00deeir spilla m\u00e1lefnum m\u00ednum \u00e1n afl\u00e1ts, allt \u00fea\u00f0 er \u00feeir hafa hugsa\u00f0 \u00ed gegn m\u00e9r, er til ills.7\u00deeir \u00e1reita mig, \u00feeir sitja um mig, \u00feeir gefa g\u00e6tur a\u00f0 fer\u00f0um m\u00ednum, eins og <a href=\"https:\/\/biblian.is\/1981\/salmarnir-56-kafli\/\"> [&#8230;]<\/a><\/p>\n","protected":false},"author":1,"featured_media":0,"parent":0,"menu_order":0,"comment_status":"open","ping_status":"open","template":"bibliukaflar.php","meta":{"footnotes":""},"class_list":["post-1881","page","type-page","status-publish","hentry"],"_links":{"self":[{"href":"https:\/\/biblian.is\/1981\/wp-json\/wp\/v2\/pages\/1881","targetHints":{"allow":["GET"]}}],"collection":[{"href":"https:\/\/biblian.is\/1981\/wp-json\/wp\/v2\/pages"}],"about":[{"href":"https:\/\/biblian.is\/1981\/wp-json\/wp\/v2\/types\/page"}],"author":[{"embeddable":true,"href":"https:\/\/biblian.is\/1981\/wp-json\/wp\/v2\/users\/1"}],"replies":[{"embeddable":true,"href":"https:\/\/biblian.is\/1981\/wp-json\/wp\/v2\/comments?post=1881"}],"version-history":[{"count":0,"href":"https:\/\/biblian.is\/1981\/wp-json\/wp\/v2\/pages\/1881\/revisions"}],"wp:attachment":[{"href":"https:\/\/biblian.is\/1981\/wp-json\/wp\/v2\/media?parent=1881"}],"curies":[{"name":"wp","href":"https:\/\/api.w.org\/{rel}","templated":true}]}}