{"id":1880,"date":"2017-11-18T20:19:04","date_gmt":"2017-11-18T20:19:04","guid":{"rendered":"http:\/\/biblian.is\/1981\/salmarnir-55-kafli\/"},"modified":"2021-06-06T11:09:55","modified_gmt":"2021-06-06T11:09:55","slug":"salmarnir-55-kafli","status":"publish","type":"page","link":"https:\/\/biblian.is\/1981\/salmarnir-55-kafli\/","title":{"rendered":"S\u00e1lmarnir 55. kafli"},"content":{"rendered":"<p><a name=\"1\"><span class=\"versanumer\">1<\/span><\/a>Til s\u00f6ngstj\u00f3rans. Me\u00f0 strengjaleik. Dav\u00ed\u00f0s-mask\u00edl.<a name=\"2\"><span class=\"versanumer\">2<\/span><\/a>Hl\u00fd\u00f0, \u00f3 Gu\u00f0, \u00e1 b\u00e6n m\u00edna, fel \u00feig eigi fyrir gr\u00e1tbei\u00f0ni minni.<a name=\"3\"><span class=\"versanumer\">3<\/span><\/a>Veit m\u00e9r athygli og svara m\u00e9r. \u00c9g kveina \u00ed harmi m\u00ednum og styn<a name=\"4\"><span class=\"versanumer\">4<\/span><\/a>sakir h\u00e1reysti \u00f3vinarins, sakir hr\u00f3ps hins \u00f3gu\u00f0lega, \u00fev\u00ed a\u00f0 \u00feeir steypa yfir mig \u00f3g\u00e6fu og ofs\u00e6kja mig grimmilega.<a name=\"5\"><span class=\"versanumer\">5<\/span><\/a>Hjarta\u00f0 berst \u00e1kaft \u00ed brj\u00f3sti m\u00e9r, \u00f3gnir dau\u00f0ans falla yfir mig,<a name=\"6\"><span class=\"versanumer\">6<\/span><\/a>\u00f3tti og skelfing er yfir mig komin, og hryllingur fer um mig allan,<a name=\"7\"><span class=\"versanumer\">7<\/span><\/a>svo a\u00f0 \u00e9g segi: \u00d3 a\u00f0 \u00e9g hef\u00f0i v\u00e6ngi eins og d\u00fafan, \u00fe\u00e1 skyldi \u00e9g flj\u00faga burt og finna hv\u00edldarsta\u00f0,<a name=\"8\"><span class=\"versanumer\">8<\/span><\/a>j\u00e1, \u00e9g skyldi sv\u00edfa langt burt, \u00e9g skyldi gista \u00ed ey\u00f0im\u00f6rkinni.  Sela<a name=\"9\"><span class=\"versanumer\">9<\/span><\/a>\u00c9g skyldi fl\u00fdta m\u00e9r a\u00f0 leita m\u00e9r h\u00e6lis fyrir \u00fej\u00f3tandi vindum og ve\u00f0ri.<a name=\"10\"><span class=\"versanumer\">10<\/span><\/a>Rugla, Drottinn, sundra tungum \u00feeirra, \u00fev\u00ed a\u00f0 \u00e9g s\u00e9 k\u00fagun og deilur \u00ed borginni.<a name=\"11\"><span class=\"versanumer\">11<\/span><\/a>Dag og n\u00f3tt ganga \u00fe\u00e6r um \u00e1 m\u00farum hennar, en \u00f3g\u00e6fa og arm\u00e6\u00f0a eru \u00fear inni fyrir.<a name=\"12\"><span class=\"versanumer\">12<\/span><\/a>Gl\u00f6tun er inni \u00ed henni, ofbeldi og svik v\u00edkja eigi burt fr\u00e1 torgi hennar.<a name=\"13\"><span class=\"versanumer\">13<\/span><\/a>\u00dev\u00ed a\u00f0 \u00fea\u00f0 er eigi \u00f3vinur sem h\u00e6\u00f0ir mig \u00fea\u00f0 g\u00e6ti \u00e9g \u00feola\u00f0, og eigi hatursma\u00f0ur minn er hreykir s\u00e9r yfir mig fyrir honum g\u00e6ti \u00e9g fari\u00f0 \u00ed felur,<a name=\"14\"><span class=\"versanumer\">14<\/span><\/a>heldur \u00fe\u00fa, jafningi minn, vinur minn og kunningi,<a name=\"15\"><span class=\"versanumer\">15<\/span><\/a>vi\u00f0 sem vorum \u00e1st\u00fa\u00f0arvinir, sem gengum \u00ed eindr\u00e6gni saman \u00ed Gu\u00f0s h\u00fas.<a name=\"16\"><span class=\"versanumer\">16<\/span><\/a>&#8222;Dau\u00f0inn komi yfir \u00fe\u00e1; st\u00edgi \u00feeir lifandi ni\u00f0ur til Heljar, \u00fev\u00ed a\u00f0 illska er \u00ed b\u00fast\u00f6\u00f0um \u00feeirra, \u00ed hj\u00f6rtum \u00feeirra.&#8220;<a name=\"17\"><span class=\"versanumer\">17<\/span><\/a>En \u00e9g hr\u00f3pa til Gu\u00f0s, og Drottinn mun hj\u00e1lpa m\u00e9r.<a name=\"18\"><span class=\"versanumer\">18<\/span><\/a>Kv\u00f6ld og morgna og um mi\u00f0jan dag harma \u00e9g og styn, og hann heyrir raust m\u00edna.<a name=\"19\"><span class=\"versanumer\">19<\/span><\/a>Hann endurleysir s\u00e1l m\u00edna og gefur m\u00e9r fri\u00f0, svo a\u00f0 \u00feeir geta eigi n\u00e1lgast mig, \u00fev\u00ed a\u00f0 m\u00f3tst\u00f6\u00f0umenn m\u00ednir eru margir.<a name=\"20\"><span class=\"versanumer\">20<\/span><\/a>Gu\u00f0 mun heyra, og hann er r\u00edkir fr\u00e1 eil\u00edf\u00f0 mun l\u00e6gja \u00fe\u00e1.  Sela  \u00deeir breytast ekki og \u00f3ttast eigi Gu\u00f0.<a name=\"21\"><span class=\"versanumer\">21<\/span><\/a>Vinur minn lag\u00f0i hendur \u00e1 \u00feann er lif\u00f0i \u00ed s\u00e1tt vi\u00f0 hann, hann rauf s\u00e1ttm\u00e1l sitt.<a name=\"22\"><span class=\"versanumer\">22<\/span><\/a>H\u00e1lli en smj\u00f6r er tunga hans, en \u00f3fri\u00f0ur er \u00ed hjarta hans, m\u00fdkri en ol\u00eda eru or\u00f0 hans, og \u00fe\u00f3 brug\u00f0in sver\u00f0.<a name=\"23\"><span class=\"versanumer\">23<\/span><\/a>Varpa \u00e1hyggjum \u00fe\u00ednum \u00e1 Drottin, hann mun bera umhyggju fyrir \u00fe\u00e9r, hann mun eigi a\u00f0 eil\u00edfu l\u00e1ta r\u00e9ttl\u00e1tan mann ver\u00f0a valtan \u00e1 f\u00f3tum.<a name=\"24\"><span class=\"versanumer\">24<\/span><\/a>Og \u00fe\u00fa, \u00f3 Gu\u00f0, munt steypa \u00feeim ni\u00f0ur \u00ed grafardj\u00fapi\u00f0. Mor\u00f0ingjar og svikarar munu eigi n\u00e1 h\u00e1lfum aldri, en \u00e9g treysti \u00fe\u00e9r.<\/p>\n<div class=\"footnote1981\"><b>55.2<\/b> Hl\u00fd\u00f0 \u00e1 Slm 17.1; 71.2+ ; 86.6<br \/>\n<b>55.6<\/b> \u00d3tti og skelfing Job 4.14<br \/>\n<b>55.7<\/b> Hef\u00f0i \u00e9g v\u00e6ngi Slm 139.9<br \/>\n<b>55.8<\/b> \u00cd ey\u00f0im\u00f6rkinni Jer 9.1<br \/>\n<b>55.10<\/b> Tungum rugla\u00f0 1M\u00f3s 11.1-9<br \/>\n<b>55.11<\/b> Ganga Slm 59.7<br \/>\n<b>55.14<\/b> Vinur minn Slm 41.10; Jer 9.4; M\u00edk 7.6<br \/>\n<b>55.16<\/b> Lifandi til Heljar 4M\u00f3s 16.33<br \/>\n<b>55.17<\/b> Hr\u00f3pa til Gu\u00f0s Slm 3.5+<br \/>\n<b>55.18<\/b> Kv\u00f6ld, morgna, um mi\u00f0jan dag Dan 6.11<br \/>\n<b>55.20<\/b> R\u00edkir fr\u00e1 upphafi Slm 29.10<br \/>\n<b>55.22<\/b> Hr\u00e6sni Slm 5.10; 12.3+ &#8211; or\u00f0 sem sver\u00f0 Slm 57.5; 59.8; 64.4<br \/>\n<b>55.23<\/b> Varpa \u00e1hyggjum burt Slm 37.5; 1P\u00e9t 5.7<br \/>\n<b>55.24<\/b> Mi\u00f0ur aldur Slm 102.25 \u2013 treysta Drottni Slm 9.11+ ; 56.4-5; 62.6,9; 71.5; 84.13; 86.2; 91.2; 104.27; 112.7; 115.9-11; 125.1; 143.8; Jes 26.4; Jer 17.7<\/div>\n","protected":false},"excerpt":{"rendered":"<p>1Til s\u00f6ngstj\u00f3rans. Me\u00f0 strengjaleik. Dav\u00ed\u00f0s-mask\u00edl.2Hl\u00fd\u00f0, \u00f3 Gu\u00f0, \u00e1 b\u00e6n m\u00edna, fel \u00feig eigi fyrir gr\u00e1tbei\u00f0ni minni.3Veit m\u00e9r athygli og svara m\u00e9r. \u00c9g kveina \u00ed harmi m\u00ednum og styn4sakir h\u00e1reysti \u00f3vinarins, sakir hr\u00f3ps hins \u00f3gu\u00f0lega, \u00fev\u00ed a\u00f0 \u00feeir steypa yfir mig \u00f3g\u00e6fu og ofs\u00e6kja mig grimmilega.5Hjarta\u00f0 berst \u00e1kaft \u00ed brj\u00f3sti m\u00e9r, \u00f3gnir dau\u00f0ans falla yfir mig,6\u00f3tti og skelfing er yfir mig komin, og hryllingur fer um mig allan,7svo a\u00f0 \u00e9g segi: \u00d3 a\u00f0 \u00e9g hef\u00f0i v\u00e6ngi eins og d\u00fafan, \u00fe\u00e1 skyldi \u00e9g flj\u00faga burt og finna hv\u00edldarsta\u00f0,8j\u00e1, \u00e9g skyldi sv\u00edfa langt burt, \u00e9g skyldi gista \u00ed ey\u00f0im\u00f6rkinni. Sela9\u00c9g skyldi fl\u00fdta m\u00e9r <a href=\"https:\/\/biblian.is\/1981\/salmarnir-55-kafli\/\"> [&#8230;]<\/a><\/p>\n","protected":false},"author":1,"featured_media":0,"parent":0,"menu_order":0,"comment_status":"open","ping_status":"open","template":"bibliukaflar.php","meta":{"footnotes":""},"class_list":["post-1880","page","type-page","status-publish","hentry"],"_links":{"self":[{"href":"https:\/\/biblian.is\/1981\/wp-json\/wp\/v2\/pages\/1880","targetHints":{"allow":["GET"]}}],"collection":[{"href":"https:\/\/biblian.is\/1981\/wp-json\/wp\/v2\/pages"}],"about":[{"href":"https:\/\/biblian.is\/1981\/wp-json\/wp\/v2\/types\/page"}],"author":[{"embeddable":true,"href":"https:\/\/biblian.is\/1981\/wp-json\/wp\/v2\/users\/1"}],"replies":[{"embeddable":true,"href":"https:\/\/biblian.is\/1981\/wp-json\/wp\/v2\/comments?post=1880"}],"version-history":[{"count":0,"href":"https:\/\/biblian.is\/1981\/wp-json\/wp\/v2\/pages\/1880\/revisions"}],"wp:attachment":[{"href":"https:\/\/biblian.is\/1981\/wp-json\/wp\/v2\/media?parent=1880"}],"curies":[{"name":"wp","href":"https:\/\/api.w.org\/{rel}","templated":true}]}}