{"id":1879,"date":"2017-11-18T20:19:04","date_gmt":"2017-11-18T20:19:04","guid":{"rendered":"http:\/\/biblian.is\/1981\/salmarnir-54-kafli\/"},"modified":"2021-06-06T11:09:54","modified_gmt":"2021-06-06T11:09:54","slug":"salmarnir-54-kafli","status":"publish","type":"page","link":"https:\/\/biblian.is\/1981\/salmarnir-54-kafli\/","title":{"rendered":"S\u00e1lmarnir 54. kafli"},"content":{"rendered":"<p><a name=\"1\"><span class=\"versanumer\">1<\/span><\/a>Til s\u00f6ngstj\u00f3rans. Me\u00f0 strengjaleik. Mask\u00edl eftir Dav\u00ed\u00f0,<a name=\"2\"><span class=\"versanumer\">2<\/span><\/a>\u00fe\u00e1 er Sif\u00edtar komu og s\u00f6g\u00f0u vi\u00f0 S\u00e1l: Veistu a\u00f0 Dav\u00ed\u00f0 felur sig hj\u00e1 oss?<a name=\"3\"><span class=\"versanumer\">3<\/span><\/a>Hj\u00e1lpa m\u00e9r, Gu\u00f0, me\u00f0 nafni \u00fe\u00ednu, r\u00e9tt hlut minn me\u00f0 m\u00e6tti \u00fe\u00ednum.<a name=\"4\"><span class=\"versanumer\">4<\/span><\/a>Gu\u00f0, heyr \u00fe\u00fa b\u00e6n m\u00edna, lj\u00e1 eyra or\u00f0um munns m\u00edns.<a name=\"5\"><span class=\"versanumer\">5<\/span><\/a>\u00dev\u00ed a\u00f0 erlendir fjandmenn hefjast gegn m\u00e9r og ofr\u00edkismenn s\u00e6kjast eftir l\u00edfi m\u00ednu, eigi hafa \u00feeir Gu\u00f0 fyrir augum.  Sela<a name=\"6\"><span class=\"versanumer\">6<\/span><\/a>Sj\u00e1, Gu\u00f0 er m\u00e9r hj\u00e1lpari, \u00fea\u00f0 er Drottinn er sty\u00f0ur mig.<a name=\"7\"><span class=\"versanumer\">7<\/span><\/a>Hi\u00f0 illa mun fjandm\u00f6nnum m\u00ednum \u00ed koll koma, l\u00e1t \u00fe\u00e1 hverfa af tr\u00fafesti \u00feinni.<a name=\"8\"><span class=\"versanumer\">8<\/span><\/a>\u00de\u00e1 vil \u00e9g f\u00e6ra \u00fe\u00e9r sj\u00e1lfviljaf\u00f3rnir, lofa nafn \u00feitt, Drottinn, a\u00f0 \u00fea\u00f0 s\u00e9 gott,<a name=\"9\"><span class=\"versanumer\">9<\/span><\/a>\u00fev\u00ed a\u00f0 \u00fea\u00f0 hefir frelsa\u00f0 mig \u00far hverri ney\u00f0, og auga mitt hefir svala\u00f0 s\u00e9r \u00e1 a\u00f0 horfa \u00e1 \u00f3vini m\u00edna.<\/p>\n<div class=\"footnote1981\"><b>54.5<\/b> R\u00e1\u00f0ist gegn m\u00e9r Slm 86.14<br \/>\n<b>54.8<\/b> Nafn \u00feitt Slm 52.11<br \/>\n<b>54.9<\/b> Hlakka yfir Slm 59.11; 112.8; 118.7<\/div>\n","protected":false},"excerpt":{"rendered":"<p>1Til s\u00f6ngstj\u00f3rans. Me\u00f0 strengjaleik. Mask\u00edl eftir Dav\u00ed\u00f0,2\u00fe\u00e1 er Sif\u00edtar komu og s\u00f6g\u00f0u vi\u00f0 S\u00e1l: Veistu a\u00f0 Dav\u00ed\u00f0 felur sig hj\u00e1 oss?3Hj\u00e1lpa m\u00e9r, Gu\u00f0, me\u00f0 nafni \u00fe\u00ednu, r\u00e9tt hlut minn me\u00f0 m\u00e6tti \u00fe\u00ednum.4Gu\u00f0, heyr \u00fe\u00fa b\u00e6n m\u00edna, lj\u00e1 eyra or\u00f0um munns m\u00edns.5\u00dev\u00ed a\u00f0 erlendir fjandmenn hefjast gegn m\u00e9r og ofr\u00edkismenn s\u00e6kjast eftir l\u00edfi m\u00ednu, eigi hafa \u00feeir Gu\u00f0 fyrir augum. Sela6Sj\u00e1, Gu\u00f0 er m\u00e9r hj\u00e1lpari, \u00fea\u00f0 er Drottinn er sty\u00f0ur mig.7Hi\u00f0 illa mun fjandm\u00f6nnum m\u00ednum \u00ed koll koma, l\u00e1t \u00fe\u00e1 hverfa af tr\u00fafesti \u00feinni.8\u00de\u00e1 vil \u00e9g f\u00e6ra \u00fe\u00e9r sj\u00e1lfviljaf\u00f3rnir, lofa nafn \u00feitt, Drottinn, a\u00f0 \u00fea\u00f0 s\u00e9 gott,9\u00fev\u00ed a\u00f0 \u00fea\u00f0 hefir frelsa\u00f0 <a href=\"https:\/\/biblian.is\/1981\/salmarnir-54-kafli\/\"> [&#8230;]<\/a><\/p>\n","protected":false},"author":1,"featured_media":0,"parent":0,"menu_order":0,"comment_status":"open","ping_status":"open","template":"bibliukaflar.php","meta":{"footnotes":""},"class_list":["post-1879","page","type-page","status-publish","hentry"],"_links":{"self":[{"href":"https:\/\/biblian.is\/1981\/wp-json\/wp\/v2\/pages\/1879","targetHints":{"allow":["GET"]}}],"collection":[{"href":"https:\/\/biblian.is\/1981\/wp-json\/wp\/v2\/pages"}],"about":[{"href":"https:\/\/biblian.is\/1981\/wp-json\/wp\/v2\/types\/page"}],"author":[{"embeddable":true,"href":"https:\/\/biblian.is\/1981\/wp-json\/wp\/v2\/users\/1"}],"replies":[{"embeddable":true,"href":"https:\/\/biblian.is\/1981\/wp-json\/wp\/v2\/comments?post=1879"}],"version-history":[{"count":0,"href":"https:\/\/biblian.is\/1981\/wp-json\/wp\/v2\/pages\/1879\/revisions"}],"wp:attachment":[{"href":"https:\/\/biblian.is\/1981\/wp-json\/wp\/v2\/media?parent=1879"}],"curies":[{"name":"wp","href":"https:\/\/api.w.org\/{rel}","templated":true}]}}