{"id":1878,"date":"2017-11-18T20:19:04","date_gmt":"2017-11-18T20:19:04","guid":{"rendered":"http:\/\/biblian.is\/1981\/salmarnir-53-kafli\/"},"modified":"2021-06-06T11:09:54","modified_gmt":"2021-06-06T11:09:54","slug":"salmarnir-53-kafli","status":"publish","type":"page","link":"https:\/\/biblian.is\/1981\/salmarnir-53-kafli\/","title":{"rendered":"S\u00e1lmarnir 53. kafli"},"content":{"rendered":"<p><a name=\"1\"><span class=\"versanumer\">1<\/span><\/a>Til s\u00f6ngstj\u00f3rans. Me\u00f0 makalatlagi. Dav\u00ed\u00f0s-mask\u00edl.<a name=\"2\"><span class=\"versanumer\">2<\/span><\/a>Heimskinginn segir \u00ed hjarta s\u00ednu: Enginn Gu\u00f0 er til! Ill og andstyggileg er breytni \u00feeirra, enginn gj\u00f6rir \u00fea\u00f0 sem gott er.<a name=\"3\"><span class=\"versanumer\">3<\/span><\/a>Gu\u00f0 l\u00edtur af himni ni\u00f0ur \u00e1 mennina til \u00feess a\u00f0 sj\u00e1, hvort nokkur s\u00e9 hygginn, nokkur sem leiti Gu\u00f0s.<a name=\"4\"><span class=\"versanumer\">4<\/span><\/a>Allir eru viknir af lei\u00f0, allir spilltir, enginn gj\u00f6rir \u00fea\u00f0 sem gott er, ekki einn.<a name=\"5\"><span class=\"versanumer\">5<\/span><\/a>Skyldu \u00feeir ekki f\u00e1 a\u00f0 kenna \u00e1 \u00fev\u00ed, illgj\u00f6r\u00f0amennirnir, \u00feeir er eta l\u00fd\u00f0 minn sem brau\u00f0 v\u00e6ri og \u00e1kalla eigi Gu\u00f0?<a name=\"6\"><span class=\"versanumer\">6<\/span><\/a>\u00de\u00e1 skulu \u00feeir ver\u00f0a mj\u00f6g \u00f3ttaslegnir, \u00fear sem ekkert er a\u00f0 \u00f3ttast, \u00fev\u00ed a\u00f0 Gu\u00f0 tv\u00edstrar beinum \u00feeirra, er setja herb\u00fa\u00f0ir m\u00f3ti \u00fe\u00e9r. \u00de\u00fa l\u00e6tur \u00fe\u00e1 ver\u00f0a til skammar, \u00fev\u00ed a\u00f0 Gu\u00f0 hefir hafna\u00f0 \u00feeim.<a name=\"7\"><span class=\"versanumer\">7<\/span><\/a>\u00d3 a\u00f0 hj\u00e1lpr\u00e6\u00f0i \u00cdsraels komi fr\u00e1 S\u00edon! \u00deegar Gu\u00f0 sn\u00fdr vi\u00f0 hag l\u00fd\u00f0s s\u00edns, skal Jakob fagna, \u00cdsrael gle\u00f0jast.<\/p>\n<div class=\"footnote1981\"><b>53.2<\/b> Enginn Gu\u00f0 Slm 14.1; 10.4+, 11,13<br \/>\n<b>53.3<\/b> Gu\u00f0 horfir af himni ofan Slm 11.4; 14.2; 102.20; 1M\u00f3s 11.5<br \/>\n<b>53.4<\/b> Ekki neinn R\u00f3m 3.10-12<br \/>\n<b>53.5<\/b> Eta \u00fej\u00f3\u00f0 m\u00edna Slm 79.7; M\u00edk 3.3<br \/>\n<b>53.7<\/b> Sn\u00fdr vi\u00f0 Slm 14.7+<\/div>\n","protected":false},"excerpt":{"rendered":"<p>1Til s\u00f6ngstj\u00f3rans. Me\u00f0 makalatlagi. Dav\u00ed\u00f0s-mask\u00edl.2Heimskinginn segir \u00ed hjarta s\u00ednu: Enginn Gu\u00f0 er til! Ill og andstyggileg er breytni \u00feeirra, enginn gj\u00f6rir \u00fea\u00f0 sem gott er.3Gu\u00f0 l\u00edtur af himni ni\u00f0ur \u00e1 mennina til \u00feess a\u00f0 sj\u00e1, hvort nokkur s\u00e9 hygginn, nokkur sem leiti Gu\u00f0s.4Allir eru viknir af lei\u00f0, allir spilltir, enginn gj\u00f6rir \u00fea\u00f0 sem gott er, ekki einn.5Skyldu \u00feeir ekki f\u00e1 a\u00f0 kenna \u00e1 \u00fev\u00ed, illgj\u00f6r\u00f0amennirnir, \u00feeir er eta l\u00fd\u00f0 minn sem brau\u00f0 v\u00e6ri og \u00e1kalla eigi Gu\u00f0?6\u00de\u00e1 skulu \u00feeir ver\u00f0a mj\u00f6g \u00f3ttaslegnir, \u00fear sem ekkert er a\u00f0 \u00f3ttast, \u00fev\u00ed a\u00f0 Gu\u00f0 tv\u00edstrar beinum \u00feeirra, er setja herb\u00fa\u00f0ir m\u00f3ti \u00fe\u00e9r. \u00de\u00fa <a href=\"https:\/\/biblian.is\/1981\/salmarnir-53-kafli\/\"> [&#8230;]<\/a><\/p>\n","protected":false},"author":1,"featured_media":0,"parent":0,"menu_order":0,"comment_status":"open","ping_status":"open","template":"bibliukaflar.php","meta":{"footnotes":""},"class_list":["post-1878","page","type-page","status-publish","hentry"],"_links":{"self":[{"href":"https:\/\/biblian.is\/1981\/wp-json\/wp\/v2\/pages\/1878","targetHints":{"allow":["GET"]}}],"collection":[{"href":"https:\/\/biblian.is\/1981\/wp-json\/wp\/v2\/pages"}],"about":[{"href":"https:\/\/biblian.is\/1981\/wp-json\/wp\/v2\/types\/page"}],"author":[{"embeddable":true,"href":"https:\/\/biblian.is\/1981\/wp-json\/wp\/v2\/users\/1"}],"replies":[{"embeddable":true,"href":"https:\/\/biblian.is\/1981\/wp-json\/wp\/v2\/comments?post=1878"}],"version-history":[{"count":0,"href":"https:\/\/biblian.is\/1981\/wp-json\/wp\/v2\/pages\/1878\/revisions"}],"wp:attachment":[{"href":"https:\/\/biblian.is\/1981\/wp-json\/wp\/v2\/media?parent=1878"}],"curies":[{"name":"wp","href":"https:\/\/api.w.org\/{rel}","templated":true}]}}