{"id":1877,"date":"2017-11-18T20:19:04","date_gmt":"2017-11-18T20:19:04","guid":{"rendered":"http:\/\/biblian.is\/1981\/salmarnir-52-kafli\/"},"modified":"2021-06-06T11:09:54","modified_gmt":"2021-06-06T11:09:54","slug":"salmarnir-52-kafli","status":"publish","type":"page","link":"https:\/\/biblian.is\/1981\/salmarnir-52-kafli\/","title":{"rendered":"S\u00e1lmarnir 52. kafli"},"content":{"rendered":"<p><a name=\"1\"><span class=\"versanumer\">1<\/span><\/a>Til s\u00f6ngstj\u00f3rans. Mask\u00edl eftir Dav\u00ed\u00f0,<a name=\"2\"><span class=\"versanumer\">2<\/span><\/a>\u00fe\u00e1 er D\u00f3eg Ed\u00f3m\u00edti kom og sag\u00f0i S\u00e1l fr\u00e1 og m\u00e6lti til hans: Dav\u00ed\u00f0 er kominn \u00ed h\u00fas Ah\u00edmeleks.<a name=\"3\"><span class=\"versanumer\">3<\/span><\/a>Hv\u00ed st\u00e6rir \u00fe\u00fa \u00feig af vonskunni, har\u00f0stj\u00f3ri? Miskunn Gu\u00f0s varir alla daga!<a name=\"4\"><span class=\"versanumer\">4<\/span><\/a>Tunga \u00fe\u00edn b\u00fdr yfir ska\u00f0r\u00e6\u00f0i, eins og beittur rakhn\u00edfur, \u00fe\u00fa svikaforkur!<a name=\"5\"><span class=\"versanumer\">5<\/span><\/a>\u00de\u00fa elskar illt meir en gott, lygi fremur en sanns\u00f6gli.  Sela<a name=\"6\"><span class=\"versanumer\">6<\/span><\/a>\u00de\u00fa elskar hvert ska\u00f0r\u00e6\u00f0isor\u00f0, \u00fe\u00fa fl\u00e1r\u00e1\u00f0a tunga!<a name=\"7\"><span class=\"versanumer\">7<\/span><\/a>\u00dev\u00ed mun og Gu\u00f0 brj\u00f3ta \u00feig ni\u00f0ur fyrir fullt og allt, hr\u00edfa \u00feig burt og draga \u00feig \u00fat \u00far tjaldi \u00fe\u00ednu og uppr\u00e6ta \u00feig \u00far landi lifenda.  Sela<a name=\"8\"><span class=\"versanumer\">8<\/span><\/a>Hinir r\u00e9ttl\u00e1tu munu sj\u00e1 \u00fea\u00f0 og \u00f3ttast, og \u00feeir munu hl\u00e6ja a\u00f0 honum:<a name=\"9\"><span class=\"versanumer\">9<\/span><\/a>\u00deetta er ma\u00f0urinn, sem ekki gj\u00f6r\u00f0i Gu\u00f0 a\u00f0 vernd sinni, heldur treysti \u00e1 hin miklu au\u00f0\u00e6fi s\u00edn og \u00ferj\u00f3ska\u00f0ist \u00ed illsku sinni.<a name=\"10\"><span class=\"versanumer\">10<\/span><\/a>En \u00e9g er sem gr\u00e6nt ol\u00edutr\u00e9 \u00ed h\u00fasi Gu\u00f0s, treysti \u00e1 Gu\u00f0s n\u00e1\u00f0 um aldur og \u00e6vi.<a name=\"11\"><span class=\"versanumer\">11<\/span><\/a>\u00c9g vil vegsama \u00feig a\u00f0 eil\u00edfu, \u00fev\u00ed a\u00f0 \u00fe\u00fa hefir \u00fev\u00ed til vegar komi\u00f0, kunngj\u00f6ra fyrir augum \u00feinna tr\u00fau\u00f0u, a\u00f0 nafn \u00feitt s\u00e9 gott.<\/p>\n<div class=\"footnote1981\"><b>52.2<\/b> D\u00f3eg Ed\u00f3m\u00edti 1Sam 21.8; 22.9-10<br \/>\n<b>52.4<\/b> Illkvittin tunga Slm 5.10+ &#8211; kl\u00e6kjarefur M\u00edk 6.12; Job 27.4<br \/>\n<b>52.5<\/b> Elska illt Jer 4.22<br \/>\n<b>52.7<\/b> Burt \u00far tjaldi Job 18.14 \u2013 uppr\u00e6ta Okv 2.22<br \/>\n<b>52.8<\/b> Sj\u00e1 og skelfast Slm 40.4<br \/>\n<b>52.9<\/b> Gu\u00f0 veitir h\u00e6li Slm 27.1; 28.7; 31.3-4; sbr 9.10+ &#8211; treysta \u00e1 au\u00f0\u00e6fi Okv 11.28<br \/>\n<b>52.10<\/b> Gr\u00e6nt tr\u00e9 Slm 1.3 \u2013 \u00ed h\u00fasi Gu\u00f0s Slm 92.13-14 \u2013 treysta Gu\u00f0i Slm 9.11+<br \/>\n<b>52.11<\/b> \u00de\u00fa ger\u00f0ir &#8230; 1Kon 8.32<\/div>\n","protected":false},"excerpt":{"rendered":"<p>1Til s\u00f6ngstj\u00f3rans. Mask\u00edl eftir Dav\u00ed\u00f0,2\u00fe\u00e1 er D\u00f3eg Ed\u00f3m\u00edti kom og sag\u00f0i S\u00e1l fr\u00e1 og m\u00e6lti til hans: Dav\u00ed\u00f0 er kominn \u00ed h\u00fas Ah\u00edmeleks.3Hv\u00ed st\u00e6rir \u00fe\u00fa \u00feig af vonskunni, har\u00f0stj\u00f3ri? Miskunn Gu\u00f0s varir alla daga!4Tunga \u00fe\u00edn b\u00fdr yfir ska\u00f0r\u00e6\u00f0i, eins og beittur rakhn\u00edfur, \u00fe\u00fa svikaforkur!5\u00de\u00fa elskar illt meir en gott, lygi fremur en sanns\u00f6gli. Sela6\u00de\u00fa elskar hvert ska\u00f0r\u00e6\u00f0isor\u00f0, \u00fe\u00fa fl\u00e1r\u00e1\u00f0a tunga!7\u00dev\u00ed mun og Gu\u00f0 brj\u00f3ta \u00feig ni\u00f0ur fyrir fullt og allt, hr\u00edfa \u00feig burt og draga \u00feig \u00fat \u00far tjaldi \u00fe\u00ednu og uppr\u00e6ta \u00feig \u00far landi lifenda. Sela8Hinir r\u00e9ttl\u00e1tu munu sj\u00e1 \u00fea\u00f0 og \u00f3ttast, og \u00feeir munu hl\u00e6ja a\u00f0 honum:9\u00deetta er <a href=\"https:\/\/biblian.is\/1981\/salmarnir-52-kafli\/\"> [&#8230;]<\/a><\/p>\n","protected":false},"author":1,"featured_media":0,"parent":0,"menu_order":0,"comment_status":"open","ping_status":"open","template":"bibliukaflar.php","meta":{"footnotes":""},"class_list":["post-1877","page","type-page","status-publish","hentry"],"_links":{"self":[{"href":"https:\/\/biblian.is\/1981\/wp-json\/wp\/v2\/pages\/1877","targetHints":{"allow":["GET"]}}],"collection":[{"href":"https:\/\/biblian.is\/1981\/wp-json\/wp\/v2\/pages"}],"about":[{"href":"https:\/\/biblian.is\/1981\/wp-json\/wp\/v2\/types\/page"}],"author":[{"embeddable":true,"href":"https:\/\/biblian.is\/1981\/wp-json\/wp\/v2\/users\/1"}],"replies":[{"embeddable":true,"href":"https:\/\/biblian.is\/1981\/wp-json\/wp\/v2\/comments?post=1877"}],"version-history":[{"count":0,"href":"https:\/\/biblian.is\/1981\/wp-json\/wp\/v2\/pages\/1877\/revisions"}],"wp:attachment":[{"href":"https:\/\/biblian.is\/1981\/wp-json\/wp\/v2\/media?parent=1877"}],"curies":[{"name":"wp","href":"https:\/\/api.w.org\/{rel}","templated":true}]}}