{"id":1875,"date":"2017-11-18T20:19:04","date_gmt":"2017-11-18T20:19:04","guid":{"rendered":"http:\/\/biblian.is\/1981\/salmarnir-50-kafli\/"},"modified":"2021-06-06T11:09:53","modified_gmt":"2021-06-06T11:09:53","slug":"salmarnir-50-kafli","status":"publish","type":"page","link":"https:\/\/biblian.is\/1981\/salmarnir-50-kafli\/","title":{"rendered":"S\u00e1lmarnir 50. kafli"},"content":{"rendered":"<p><a name=\"1\"><span class=\"versanumer\">1<\/span><\/a>Asafs-s\u00e1lmur. Drottinn er alvaldur Gu\u00f0, hann talar og kallar \u00e1 j\u00f6r\u00f0ina fr\u00e1 uppr\u00e1s s\u00f3lar til ni\u00f0urg\u00f6ngu hennar.<a name=\"2\"><span class=\"versanumer\">2<\/span><\/a>Fr\u00e1 S\u00edon, \u00edmynd fegur\u00f0arinnar, birtist Gu\u00f0 \u00ed geislad\u00fdr\u00f0.<a name=\"3\"><span class=\"versanumer\">3<\/span><\/a>Gu\u00f0 vor kemur og \u00feegir ekki. Ey\u00f0andi eldur fer fyrir honum, og \u00ed kringum hann geisar stormurinn.<a name=\"4\"><span class=\"versanumer\">4<\/span><\/a>Hann kallar \u00e1 himininn uppi og \u00e1 j\u00f6r\u00f0ina, til \u00feess a\u00f0 d\u00e6ma l\u00fd\u00f0 sinn:<a name=\"5\"><span class=\"versanumer\">5<\/span><\/a>Safni\u00f0 saman d\u00fdrkendum m\u00ednum, \u00feeim er gj\u00f6rt hafa s\u00e1ttm\u00e1la vi\u00f0 mig me\u00f0 f\u00f3rnum.<a name=\"6\"><span class=\"versanumer\">6<\/span><\/a>\u00de\u00e1 kunngj\u00f6r\u00f0u himnarnir r\u00e9ttl\u00e6ti hans, \u00fev\u00ed a\u00f0 Gu\u00f0 er s\u00e1 sem d\u00e6mir.  Sela<a name=\"7\"><span class=\"versanumer\">7<\/span><\/a>Heyr, \u00fej\u00f3\u00f0 m\u00edn, og l\u00e1t mig tala, \u00cdsrael, og l\u00e1t mig \u00e1minna \u00feig, \u00e9g er Drottinn, Gu\u00f0 \u00feinn!<a name=\"8\"><span class=\"versanumer\">8<\/span><\/a>Eigi er \u00fea\u00f0 vegna f\u00f3rna \u00feinna, a\u00f0 \u00e9g \u00e1v\u00edta \u00feig, brennif\u00f3rnir \u00fe\u00ednar eru st\u00f6\u00f0uglega frammi fyrir m\u00e9r.<a name=\"9\"><span class=\"versanumer\">9<\/span><\/a>\u00c9g \u00fearf ekki a\u00f0 taka uxa \u00far h\u00fasi \u00fe\u00ednu n\u00e9 geithafra \u00far st\u00edu \u00feinni,<a name=\"10\"><span class=\"versanumer\">10<\/span><\/a>\u00fev\u00ed a\u00f0 m\u00edn eru \u00f6ll sk\u00f3gard\u00fdrin og skepnurnar \u00e1 fj\u00f6llum \u00fe\u00fasundanna.<a name=\"11\"><span class=\"versanumer\">11<\/span><\/a>\u00c9g \u00feekki alla fugla \u00e1 fj\u00f6llunum, og m\u00e9r er kunnugt um allt \u00fea\u00f0 sem hr\u00e6rist \u00e1 m\u00f6rkinni.<a name=\"12\"><span class=\"versanumer\">12<\/span><\/a>V\u00e6ri \u00e9g hungra\u00f0ur, mundi \u00e9g ekki segja \u00fe\u00e9r fr\u00e1 \u00fev\u00ed, \u00fev\u00ed a\u00f0 j\u00f6r\u00f0in er m\u00edn og allt sem \u00e1 henni er.<a name=\"13\"><span class=\"versanumer\">13<\/span><\/a>Et \u00e9g nauta kj\u00f6t, e\u00f0a drekk \u00e9g hafra bl\u00f3\u00f0?<a name=\"14\"><span class=\"versanumer\">14<\/span><\/a>F\u00e6r Gu\u00f0i \u00feakkargj\u00f6r\u00f0 a\u00f0 f\u00f3rn og gjald Hinum h\u00e6sta \u00feannig heit \u00fe\u00edn.<a name=\"15\"><span class=\"versanumer\">15<\/span><\/a>\u00c1kalla mig \u00e1 degi ney\u00f0arinnar, og \u00e9g mun frelsa \u00feig, og \u00fe\u00fa skalt vegsama mig.<a name=\"16\"><span class=\"versanumer\">16<\/span><\/a>En vi\u00f0 hinn \u00f3gu\u00f0lega segir Gu\u00f0: Hvernig dirfist \u00fe\u00fa a\u00f0 telja upp bo\u00f0or\u00f0 m\u00edn og taka s\u00e1ttm\u00e1la minn \u00fe\u00e9r \u00ed munn,<a name=\"17\"><span class=\"versanumer\">17<\/span><\/a>\u00fear sem \u00fe\u00fa \u00fe\u00f3 hatar aga og varpar or\u00f0um m\u00ednum a\u00f0 baki \u00fe\u00e9r?<a name=\"18\"><span class=\"versanumer\">18<\/span><\/a>Sj\u00e1ir \u00fe\u00fa \u00fej\u00f3f, leggur \u00fe\u00fa lag \u00feitt vi\u00f0 hann, og vi\u00f0 h\u00f3rkarla hefir \u00fe\u00fa samf\u00e9lag.<a name=\"19\"><span class=\"versanumer\">19<\/span><\/a>\u00de\u00fa hleypir munni \u00fe\u00ednum \u00fat \u00ed illsku, og tunga \u00fe\u00edn bruggar svik.<a name=\"20\"><span class=\"versanumer\">20<\/span><\/a>\u00de\u00fa situr og bakm\u00e6lir br\u00f3\u00f0ur \u00fe\u00ednum og \u00f3fr\u00e6gir son m\u00f3\u00f0ur \u00feinnar.<a name=\"21\"><span class=\"versanumer\">21<\/span><\/a>Sl\u00edkt hefir \u00fe\u00fa gj\u00f6rt, og \u00e9g \u00e6tti a\u00f0 \u00feegja? \u00de\u00fa heldur, a\u00f0 \u00e9g s\u00e9 l\u00edkur \u00fe\u00e9r! \u00c9g mun hegna \u00fe\u00e9r og endurgjalda \u00fe\u00e9r auglj\u00f3slega.<a name=\"22\"><span class=\"versanumer\">22<\/span><\/a>Hyggi\u00f0 a\u00f0 \u00feessu, \u00fe\u00e9r sem gleymi\u00f0 Gu\u00f0i, til \u00feess a\u00f0 \u00e9g sundurr\u00edfi ekki og enginn f\u00e1i bjarga\u00f0.<a name=\"23\"><span class=\"versanumer\">23<\/span><\/a>S\u00e1 sem f\u00e6rir \u00feakkargj\u00f6r\u00f0 a\u00f0 f\u00f3rn, hei\u00f0rar mig, og \u00feann sem breytir grandvarlega, vil \u00e9g l\u00e1ta sj\u00e1 hj\u00e1lpr\u00e6\u00f0i Gu\u00f0s.<\/p>\n<div class=\"footnote1981\"><b>50.1<\/b> Fegur\u00f0 S\u00edonar Slm 48.3 \u2013 \u00ed d\u00fdr\u00f0 5M\u00f3s 33.2<br \/>\n<b>50.3<\/b> Gu\u00f0 kemur Jes 59.20; 64.1 \u2013 \u00feegir ekki Slm 83.2 \u2013 eldur Slm 97.3; 5M\u00f3s 32.22; 1Kon 19.12; Dan 7.10 \u2013 stormur Job 38.1; 40.6<br \/>\n<b>50.5<\/b> S\u00e1ttm\u00e1li me\u00f0 f\u00f3rnum 2M\u00f3s 24.4-8<br \/>\n<b>50.6<\/b> Himininn bo\u00f0ar Slm 19.2 \u2013 Gu\u00f0 d\u00e6mir Slm 7.12; 94.2, Jes 33.22; Jer 11.20; Job 9.15; 23.7<br \/>\n<b>50.7<\/b> Heyr, \u00fej\u00f3\u00f0 m\u00edn Slm 78.1; 81.9<br \/>\n<b>50.8-11<\/b> F\u00f3rnir gagnr\u00fdndar Slm 40.7; 51.18-19; 1Sam 15.22; Jes 1.11-17; Jer 6.20; 7.21-23; H\u00f3s 6.6; Am 5.21-25; M\u00edk 6.6-8<br \/>\n<b>50.12<\/b> J\u00f6r\u00f0in er Gu\u00f0s Slm 24.1+<br \/>\n<b>50.13<\/b> Et \u00e9g kj\u00f6t? Slm 69.32<br \/>\n<b>50.14<\/b> \u00deakkarf\u00f3rn Slm 69.31; H\u00f3s 14.3; Heb 13.15 \u2013 gjald heit \u00fe\u00edn Slm 56.13; 76.12; 5M\u00f3s 23.22; Pr\u00e9d 5.3-4; Matt 5.33<br \/>\n<b>50.15<\/b> \u00c1kalla mig Jer 33.3 \u2013 \u00e1 degi ney\u00f0arinnar Slm 77.3+<br \/>\n<b>50.18<\/b> \u00dej\u00f3fur og h\u00f3rkarl R\u00f3m 2.21-22<br \/>\n<b>50.22<\/b> Enginn er til bjargar H\u00f3s 5.14; sbr 2.12+<br \/>\n<b>50.23<\/b> Sj\u00e1 hj\u00e1lpr\u00e6\u00f0i Gu\u00f0s Slm 91.16<\/div>\n","protected":false},"excerpt":{"rendered":"<p>1Asafs-s\u00e1lmur. Drottinn er alvaldur Gu\u00f0, hann talar og kallar \u00e1 j\u00f6r\u00f0ina fr\u00e1 uppr\u00e1s s\u00f3lar til ni\u00f0urg\u00f6ngu hennar.2Fr\u00e1 S\u00edon, \u00edmynd fegur\u00f0arinnar, birtist Gu\u00f0 \u00ed geislad\u00fdr\u00f0.3Gu\u00f0 vor kemur og \u00feegir ekki. Ey\u00f0andi eldur fer fyrir honum, og \u00ed kringum hann geisar stormurinn.4Hann kallar \u00e1 himininn uppi og \u00e1 j\u00f6r\u00f0ina, til \u00feess a\u00f0 d\u00e6ma l\u00fd\u00f0 sinn:5Safni\u00f0 saman d\u00fdrkendum m\u00ednum, \u00feeim er gj\u00f6rt hafa s\u00e1ttm\u00e1la vi\u00f0 mig me\u00f0 f\u00f3rnum.6\u00de\u00e1 kunngj\u00f6r\u00f0u himnarnir r\u00e9ttl\u00e6ti hans, \u00fev\u00ed a\u00f0 Gu\u00f0 er s\u00e1 sem d\u00e6mir. Sela7Heyr, \u00fej\u00f3\u00f0 m\u00edn, og l\u00e1t mig tala, \u00cdsrael, og l\u00e1t mig \u00e1minna \u00feig, \u00e9g er Drottinn, Gu\u00f0 \u00feinn!8Eigi er \u00fea\u00f0 vegna f\u00f3rna \u00feinna, a\u00f0 <a href=\"https:\/\/biblian.is\/1981\/salmarnir-50-kafli\/\"> [&#8230;]<\/a><\/p>\n","protected":false},"author":1,"featured_media":0,"parent":0,"menu_order":0,"comment_status":"open","ping_status":"open","template":"bibliukaflar.php","meta":{"footnotes":""},"class_list":["post-1875","page","type-page","status-publish","hentry"],"_links":{"self":[{"href":"https:\/\/biblian.is\/1981\/wp-json\/wp\/v2\/pages\/1875","targetHints":{"allow":["GET"]}}],"collection":[{"href":"https:\/\/biblian.is\/1981\/wp-json\/wp\/v2\/pages"}],"about":[{"href":"https:\/\/biblian.is\/1981\/wp-json\/wp\/v2\/types\/page"}],"author":[{"embeddable":true,"href":"https:\/\/biblian.is\/1981\/wp-json\/wp\/v2\/users\/1"}],"replies":[{"embeddable":true,"href":"https:\/\/biblian.is\/1981\/wp-json\/wp\/v2\/comments?post=1875"}],"version-history":[{"count":0,"href":"https:\/\/biblian.is\/1981\/wp-json\/wp\/v2\/pages\/1875\/revisions"}],"wp:attachment":[{"href":"https:\/\/biblian.is\/1981\/wp-json\/wp\/v2\/media?parent=1875"}],"curies":[{"name":"wp","href":"https:\/\/api.w.org\/{rel}","templated":true}]}}