{"id":1874,"date":"2017-11-18T20:19:04","date_gmt":"2017-11-18T20:19:04","guid":{"rendered":"http:\/\/biblian.is\/1981\/salmarnir-49-kafli\/"},"modified":"2021-06-06T11:09:53","modified_gmt":"2021-06-06T11:09:53","slug":"salmarnir-49-kafli","status":"publish","type":"page","link":"https:\/\/biblian.is\/1981\/salmarnir-49-kafli\/","title":{"rendered":"S\u00e1lmarnir 49. kafli"},"content":{"rendered":"<p><a name=\"1\"><span class=\"versanumer\">1<\/span><\/a>Fyrir kvenraddir. Til s\u00f6ngstj\u00f3rans. K\u00f3ra\u00edtas\u00e1lmur.<a name=\"2\"><span class=\"versanumer\">2<\/span><\/a>Heyri\u00f0 \u00feetta, allar \u00fej\u00f3\u00f0ir, hlusti\u00f0 \u00e1, allir heimsb\u00faar,<a name=\"3\"><span class=\"versanumer\">3<\/span><\/a>b\u00e6\u00f0i l\u00e1gir og h\u00e1ir, jafnt r\u00edkir sem f\u00e1t\u00e6kir!<a name=\"4\"><span class=\"versanumer\">4<\/span><\/a>Munnur minn talar speki, og \u00edgrundun hjarta m\u00edns er hyggindi.<a name=\"5\"><span class=\"versanumer\">5<\/span><\/a>\u00c9g hneigi eyra mitt a\u00f0 spakm\u00e6li, r\u00e6\u00f0 g\u00e1tu m\u00edna vi\u00f0 g\u00edgjuhlj\u00f3m.<a name=\"6\"><span class=\"versanumer\">6<\/span><\/a>Hv\u00ed skyldi \u00e9g \u00f3ttast \u00e1 m\u00e6\u00f0ud\u00f6gunum, \u00fe\u00e1 er hinir l\u00e6v\u00edsu \u00f3vinir m\u00ednir umkringja mig me\u00f0 illsku,<a name=\"7\"><span class=\"versanumer\">7<\/span><\/a>\u00feeir sem rei\u00f0a sig \u00e1 au\u00f0\u00e6fi s\u00edn og st\u00e6ra sig af s\u00ednu mikla r\u00edkid\u00e6mi.<a name=\"8\"><span class=\"versanumer\">8<\/span><\/a>Enginn ma\u00f0ur f\u00e6r keypt br\u00f3\u00f0ur sinn lausan n\u00e9 greitt Gu\u00f0i lausnargjald fyrir hann.<a name=\"9\"><span class=\"versanumer\">9<\/span><\/a>Lausnargjaldi\u00f0 fyrir l\u00edf \u00feeirra mundi ver\u00f0a of h\u00e1tt, svo a\u00f0 hann yr\u00f0i a\u00f0 h\u00e6tta vi\u00f0 \u00fea\u00f0 a\u00f0 fullu,<a name=\"10\"><span class=\"versanumer\">10<\/span><\/a>\u00e6tti hann a\u00f0 halda \u00e1fram a\u00f0 lifa \u00e6vinlega og l\u00edta ekki \u00ed gr\u00f6fina.<a name=\"11\"><span class=\"versanumer\">11<\/span><\/a>Nei, hann s\u00e9r, a\u00f0 vitrir menn deyja, a\u00f0 f\u00edfl og f\u00e1r\u00e1\u00f0lingar farast hver me\u00f0 \u00f6\u00f0rum og l\u00e1ta \u00f6\u00f0rum eftir au\u00f0\u00e6fi s\u00edn.<a name=\"12\"><span class=\"versanumer\">12<\/span><\/a>Grafir ver\u00f0a heimkynni \u00feeirra a\u00f0 eil\u00edfu, b\u00fasta\u00f0ir \u00feeirra fr\u00e1 kyni til kyns, jafnvel \u00fe\u00f3tt \u00feeir hafi kennt lendur vi\u00f0 nafn sitt.<a name=\"13\"><span class=\"versanumer\">13<\/span><\/a>Ma\u00f0urinn \u00ed allri sinni vegsemd stenst ekki, hann ver\u00f0ur jafn skepnunum sem farast.<a name=\"14\"><span class=\"versanumer\">14<\/span><\/a>Svo fer \u00feeim sem eru \u00fe\u00f3ttafullir, og \u00feeim sem fylgja \u00feeim og hafa \u00fe\u00f3knun \u00e1 tali \u00feeirra.  Sela<a name=\"15\"><span class=\"versanumer\">15<\/span><\/a>\u00deeir st\u00edga ni\u00f0ur til Heljar eins og sau\u00f0ahj\u00f6r\u00f0, dau\u00f0inn heldur \u00feeim \u00e1 beit, og hinir hreinskilnu drottna yfir \u00feeim, \u00fe\u00e1 er morgnar, og mynd \u00feeirra ey\u00f0ist, Hel ver\u00f0ur b\u00fasta\u00f0ur \u00feeirra.<a name=\"16\"><span class=\"versanumer\">16<\/span><\/a>En m\u00edna s\u00e1l mun Gu\u00f0 endurleysa, \u00fev\u00ed a\u00f0 hann mun hr\u00edfa mig \u00far greipum Heljar.  Sela<a name=\"17\"><span class=\"versanumer\">17<\/span><\/a>\u00d3ttast \u00fe\u00fa ekki, \u00feegar einhver ver\u00f0ur r\u00edkur, \u00feegar d\u00fdr\u00f0 h\u00fass hans ver\u00f0ur mikil,<a name=\"18\"><span class=\"versanumer\">18<\/span><\/a>\u00fev\u00ed a\u00f0 hann tekur ekkert af \u00fev\u00ed me\u00f0 s\u00e9r, \u00feegar hann deyr, au\u00f0ur hans fer ekki ni\u00f0ur \u00feanga\u00f0 \u00e1 eftir honum.<a name=\"19\"><span class=\"versanumer\">19<\/span><\/a>Hann telur sig s\u00e6lan me\u00f0an hann lifir: Menn lofa \u00feig, af \u00fev\u00ed a\u00f0 \u00fe\u00e9r farnast vel.<a name=\"20\"><span class=\"versanumer\">20<\/span><\/a>Hann ver\u00f0ur \u00fe\u00f3 a\u00f0 fara til kynsl\u00f3\u00f0ar fe\u00f0ra sinna, sem aldrei a\u00f0 eil\u00edfu sj\u00e1 lj\u00f3si\u00f0.<a name=\"21\"><span class=\"versanumer\">21<\/span><\/a>Ma\u00f0urinn \u00ed vegsemd, en hyggindalaus, ver\u00f0ur jafn skepnunum sem farast.<\/p>\n<div class=\"footnote1981\"><b>49.2<\/b> Heyri\u00f0 Okv 8.4<br \/>\n<b>49.4-5<\/b> Munnur minn Slm 45.2; 78.2<br \/>\n<b>49.6<\/b> \u00c1 ney\u00f0art\u00edmum Slm 37.19+<br \/>\n<b>49.7<\/b> Miklast af r\u00edkid\u00e6mi Jer 9.23; L\u00fak 12.16-21<br \/>\n<b>49.9<\/b> L\u00edfi\u00f0 ver\u00f0ur ekki keypt Matt 16.26; R\u00f3m 3.24<br \/>\n<b>49.11<\/b> Vitrir menn deyja Job 21.23-26; Pr\u00e9d 2.14-16; 6.8 \u2013 l\u00e1ta \u00f6\u00f0rum eftir Slm 49.18; S\u00edr 11.19<br \/>\n<b>49.13<\/b> Eins og d\u00fdrin Pr\u00e9d 3.18-21<br \/>\n<b>49.14<\/b> \u00de\u00f3knast \u00e1 Slm 73.10<br \/>\n<b>49.16<\/b> Gu\u00f0 mun leysa l\u00edf mitt 2Sam 4.9; H\u00f3s 13.14<br \/>\n<b>49.17<\/b> Au\u00f0gast Slm 73.12-20<br \/>\n<b>49.18<\/b> Ekkert me\u00f0 s\u00e9r 1T\u00edm 6.7<br \/>\n<b>49.20<\/b> Aldrei l\u00edta lj\u00f3si\u00f0 Job 10.21-22<\/div>\n","protected":false},"excerpt":{"rendered":"<p>1Fyrir kvenraddir. Til s\u00f6ngstj\u00f3rans. K\u00f3ra\u00edtas\u00e1lmur.2Heyri\u00f0 \u00feetta, allar \u00fej\u00f3\u00f0ir, hlusti\u00f0 \u00e1, allir heimsb\u00faar,3b\u00e6\u00f0i l\u00e1gir og h\u00e1ir, jafnt r\u00edkir sem f\u00e1t\u00e6kir!4Munnur minn talar speki, og \u00edgrundun hjarta m\u00edns er hyggindi.5\u00c9g hneigi eyra mitt a\u00f0 spakm\u00e6li, r\u00e6\u00f0 g\u00e1tu m\u00edna vi\u00f0 g\u00edgjuhlj\u00f3m.6Hv\u00ed skyldi \u00e9g \u00f3ttast \u00e1 m\u00e6\u00f0ud\u00f6gunum, \u00fe\u00e1 er hinir l\u00e6v\u00edsu \u00f3vinir m\u00ednir umkringja mig me\u00f0 illsku,7\u00feeir sem rei\u00f0a sig \u00e1 au\u00f0\u00e6fi s\u00edn og st\u00e6ra sig af s\u00ednu mikla r\u00edkid\u00e6mi.8Enginn ma\u00f0ur f\u00e6r keypt br\u00f3\u00f0ur sinn lausan n\u00e9 greitt Gu\u00f0i lausnargjald fyrir hann.9Lausnargjaldi\u00f0 fyrir l\u00edf \u00feeirra mundi ver\u00f0a of h\u00e1tt, svo a\u00f0 hann yr\u00f0i a\u00f0 h\u00e6tta vi\u00f0 \u00fea\u00f0 a\u00f0 fullu,10\u00e6tti hann a\u00f0 halda \u00e1fram a\u00f0 <a href=\"https:\/\/biblian.is\/1981\/salmarnir-49-kafli\/\"> [&#8230;]<\/a><\/p>\n","protected":false},"author":1,"featured_media":0,"parent":0,"menu_order":0,"comment_status":"open","ping_status":"open","template":"bibliukaflar.php","meta":{"footnotes":""},"class_list":["post-1874","page","type-page","status-publish","hentry"],"_links":{"self":[{"href":"https:\/\/biblian.is\/1981\/wp-json\/wp\/v2\/pages\/1874","targetHints":{"allow":["GET"]}}],"collection":[{"href":"https:\/\/biblian.is\/1981\/wp-json\/wp\/v2\/pages"}],"about":[{"href":"https:\/\/biblian.is\/1981\/wp-json\/wp\/v2\/types\/page"}],"author":[{"embeddable":true,"href":"https:\/\/biblian.is\/1981\/wp-json\/wp\/v2\/users\/1"}],"replies":[{"embeddable":true,"href":"https:\/\/biblian.is\/1981\/wp-json\/wp\/v2\/comments?post=1874"}],"version-history":[{"count":0,"href":"https:\/\/biblian.is\/1981\/wp-json\/wp\/v2\/pages\/1874\/revisions"}],"wp:attachment":[{"href":"https:\/\/biblian.is\/1981\/wp-json\/wp\/v2\/media?parent=1874"}],"curies":[{"name":"wp","href":"https:\/\/api.w.org\/{rel}","templated":true}]}}