{"id":1873,"date":"2017-11-18T20:19:04","date_gmt":"2017-11-18T20:19:04","guid":{"rendered":"http:\/\/biblian.is\/1981\/salmarnir-48-kafli\/"},"modified":"2021-06-06T11:09:53","modified_gmt":"2021-06-06T11:09:53","slug":"salmarnir-48-kafli","status":"publish","type":"page","link":"https:\/\/biblian.is\/1981\/salmarnir-48-kafli\/","title":{"rendered":"S\u00e1lmarnir 48. kafli"},"content":{"rendered":"<p><a name=\"1\"><span class=\"versanumer\">1<\/span><\/a>Lj\u00f3\u00f0. K\u00f3ra\u00edtas\u00e1lmur.<a name=\"2\"><span class=\"versanumer\">2<\/span><\/a>Mikill er Drottinn og mj\u00f6g vegsamlegur \u00ed borg vors Gu\u00f0s, \u00e1 s\u00ednu helga fjalli.<a name=\"3\"><span class=\"versanumer\">3<\/span><\/a>Yndisleg r\u00eds h\u00fan, gle\u00f0i alls landsins, S\u00edonarh\u00e6\u00f0, yst \u00ed nor\u00f0ri, borg hins mikla konungs.<a name=\"4\"><span class=\"versanumer\">4<\/span><\/a>Gu\u00f0 hefir \u00ed h\u00f6llum hennar kunngj\u00f6rt sig sem v\u00edgi.<a name=\"5\"><span class=\"versanumer\">5<\/span><\/a>\u00dev\u00ed sj\u00e1, konungarnir \u00e1ttu me\u00f0 s\u00e9r stefnu, h\u00e9ldu fram saman.<a name=\"6\"><span class=\"versanumer\">6<\/span><\/a>\u00d3\u00f0ara en \u00feeir s\u00e1u, ur\u00f0u \u00feeir agndofa, skelfdust, fl\u00fd\u00f0u.<a name=\"7\"><span class=\"versanumer\">7<\/span><\/a>Felmtur greip \u00fe\u00e1 samstundis, angist sem j\u00f3\u00f0sj\u00faka konu.<a name=\"8\"><span class=\"versanumer\">8<\/span><\/a>Me\u00f0 austanvindinum br\u00fdtur \u00fe\u00fa Tarsis-kn\u00f6rru.<a name=\"9\"><span class=\"versanumer\">9<\/span><\/a>Eins og v\u00e9r h\u00f6fum heyrt, svo h\u00f6fum v\u00e9r s\u00e9\u00f0 \u00ed borg Drottins hersveitanna, \u00ed borg vors Gu\u00f0s. Gu\u00f0 l\u00e6tur hana standa a\u00f0 eil\u00edfu.  Sela<a name=\"10\"><span class=\"versanumer\">10<\/span><\/a>Gu\u00f0, v\u00e9r \u00edgrundum elsku \u00fe\u00edna inni \u00ed musteri \u00fe\u00ednu.<a name=\"11\"><span class=\"versanumer\">11<\/span><\/a>Eins og nafn \u00feitt, Gu\u00f0, svo hlj\u00f3mi lofgj\u00f6r\u00f0 \u00fe\u00edn til endimarka jar\u00f0ar. H\u00e6gri h\u00f6nd \u00fe\u00edn er full r\u00e9ttl\u00e6tis.<a name=\"12\"><span class=\"versanumer\">12<\/span><\/a>S\u00edonfjall gle\u00f0st, J\u00fadad\u00e6tur fagna vegna d\u00f3ma \u00feinna.<a name=\"13\"><span class=\"versanumer\">13<\/span><\/a>Kringi\u00f0 um S\u00edon, gangi\u00f0 umhverfis hana, telji\u00f0 turna hennar.<a name=\"14\"><span class=\"versanumer\">14<\/span><\/a>Hyggi\u00f0 a\u00f0 m\u00fargir\u00f0ing hennar, sko\u00f0i\u00f0 hallir hennar, til \u00feess a\u00f0 \u00fe\u00e9r geti\u00f0 sagt komandi kynsl\u00f3\u00f0,<a name=\"15\"><span class=\"versanumer\">15<\/span><\/a>a\u00f0 sl\u00edkur s\u00e9 Drottinn, Gu\u00f0 vor. Um aldur og \u00e6vi mun hann lei\u00f0a oss.<\/p>\n<div class=\"footnote1981\"><b>48.2<\/b> Mikill og vegsamlegur Slm 96.4<br \/>\n<b>48.3<\/b> Fegur\u00f0 S\u00edonar Slm 50.2 \u2013 borg hins mikla konungs Matt 5.35<br \/>\n<b>48.4<\/b> Gu\u00f0, v\u00edgi Slm 9.10+<br \/>\n<b>48.5<\/b> Stefnum\u00f3t konunganna Slm 2.2+ &#8211; misheppnu\u00f0 \u00e1r\u00e1s Jes 36-37<br \/>\n<b>48.6<\/b> Konungar fl\u00fdja Slm 68.13<br \/>\n<b>48.7<\/b> Felmtur 2M\u00f3s 15.14<br \/>\n<b>48.8<\/b> Austanvindur Jer 18.17 \u2013 Tarsisskip 1Kon 10.22; 22.49; Jes 2.16; 23.1; 60.9; Esk 27.25; J\u00f3n 1.3<br \/>\n<b>48.9<\/b> V\u00e9r h\u00f6fum s\u00e9\u00f0 Slm 46.9 \u2013 standa a\u00f0 eil\u00edfu Slm 46.6<br \/>\n<b>48.11<\/b> Um alla j\u00f6r\u00f0ina Slm 113.3<br \/>\n<b>48.12<\/b> Gle\u00f0i \u00e1 S\u00edonfjalli Slm 97.8<br \/>\n<b>48.14<\/b> Komandi kynsl\u00f3\u00f0 Slm 78.4<br \/>\n<b>48.15<\/b> Um aldur og \u00e6vi Slm 90.2<\/div>\n","protected":false},"excerpt":{"rendered":"<p>1Lj\u00f3\u00f0. K\u00f3ra\u00edtas\u00e1lmur.2Mikill er Drottinn og mj\u00f6g vegsamlegur \u00ed borg vors Gu\u00f0s, \u00e1 s\u00ednu helga fjalli.3Yndisleg r\u00eds h\u00fan, gle\u00f0i alls landsins, S\u00edonarh\u00e6\u00f0, yst \u00ed nor\u00f0ri, borg hins mikla konungs.4Gu\u00f0 hefir \u00ed h\u00f6llum hennar kunngj\u00f6rt sig sem v\u00edgi.5\u00dev\u00ed sj\u00e1, konungarnir \u00e1ttu me\u00f0 s\u00e9r stefnu, h\u00e9ldu fram saman.6\u00d3\u00f0ara en \u00feeir s\u00e1u, ur\u00f0u \u00feeir agndofa, skelfdust, fl\u00fd\u00f0u.7Felmtur greip \u00fe\u00e1 samstundis, angist sem j\u00f3\u00f0sj\u00faka konu.8Me\u00f0 austanvindinum br\u00fdtur \u00fe\u00fa Tarsis-kn\u00f6rru.9Eins og v\u00e9r h\u00f6fum heyrt, svo h\u00f6fum v\u00e9r s\u00e9\u00f0 \u00ed borg Drottins hersveitanna, \u00ed borg vors Gu\u00f0s. Gu\u00f0 l\u00e6tur hana standa a\u00f0 eil\u00edfu. Sela10Gu\u00f0, v\u00e9r \u00edgrundum elsku \u00fe\u00edna inni \u00ed musteri \u00fe\u00ednu.11Eins og nafn \u00feitt, Gu\u00f0, svo <a href=\"https:\/\/biblian.is\/1981\/salmarnir-48-kafli\/\"> [&#8230;]<\/a><\/p>\n","protected":false},"author":1,"featured_media":0,"parent":0,"menu_order":0,"comment_status":"open","ping_status":"open","template":"bibliukaflar.php","meta":{"footnotes":""},"class_list":["post-1873","page","type-page","status-publish","hentry"],"_links":{"self":[{"href":"https:\/\/biblian.is\/1981\/wp-json\/wp\/v2\/pages\/1873","targetHints":{"allow":["GET"]}}],"collection":[{"href":"https:\/\/biblian.is\/1981\/wp-json\/wp\/v2\/pages"}],"about":[{"href":"https:\/\/biblian.is\/1981\/wp-json\/wp\/v2\/types\/page"}],"author":[{"embeddable":true,"href":"https:\/\/biblian.is\/1981\/wp-json\/wp\/v2\/users\/1"}],"replies":[{"embeddable":true,"href":"https:\/\/biblian.is\/1981\/wp-json\/wp\/v2\/comments?post=1873"}],"version-history":[{"count":0,"href":"https:\/\/biblian.is\/1981\/wp-json\/wp\/v2\/pages\/1873\/revisions"}],"wp:attachment":[{"href":"https:\/\/biblian.is\/1981\/wp-json\/wp\/v2\/media?parent=1873"}],"curies":[{"name":"wp","href":"https:\/\/api.w.org\/{rel}","templated":true}]}}